{"id":53437,"date":"2025-06-17T15:47:54","date_gmt":"2025-06-17T13:47:54","guid":{"rendered":"https:\/\/dev.institutchiaribcn.com\/mision-vision-y-valores\/"},"modified":"2026-02-20T10:13:57","modified_gmt":"2026-02-20T09:13:57","slug":"mission-vision-werte","status":"publish","type":"page","link":"https:\/\/institutchiaribcn.com\/de\/mission-vision-werte\/","title":{"rendered":"Mission, Vision, Werte"},"content":{"rendered":"\t\t<div data-elementor-type=\"wp-page\" data-elementor-id=\"53437\" class=\"elementor elementor-53437 elementor-186\" data-elementor-post-type=\"page\">\n\t\t\t\t<div class=\"elementor-element elementor-element-9578eee e-flex e-con-boxed e-con e-parent\" data-id=\"9578eee\" data-element_type=\"container\" data-e-type=\"container\">\n\t\t\t\t\t<div class=\"e-con-inner\">\n\t\t\t\t<div class=\"elementor-element elementor-element-ebc5c1d elementor-widget elementor-widget-heading\" data-id=\"ebc5c1d\" data-element_type=\"widget\" data-e-type=\"widget\" data-widget_type=\"heading.default\">\n\t\t\t\t<div class=\"elementor-widget-container\">\n\t\t\t\t\t<h1 class=\"elementor-heading-title elementor-size-default\">Mission, Vision, Werte\n<\/h1>\t\t\t\t<\/div>\n\t\t\t\t<\/div>\n\t\t\t\t<div class=\"elementor-element elementor-element-f831391 elementor-widget elementor-widget-text-editor\" data-id=\"f831391\" data-element_type=\"widget\" data-e-type=\"widget\" data-widget_type=\"text-editor.default\">\n\t\t\t\t<div class=\"elementor-widget-container\">\n\t\t\t\t\t\t\t\t\t<p>Das Institut Chiari &amp; Siringomielia &amp; Escoliosis de Barcelona wurde im Jahr 2008 gegr\u00fcndet und ist ein f\u00fcr das Filum System<sup>\u00ae\u00a0<\/sup>akkreditiertes medizinisches und neurochirurgisches Zentrum.<\/p><p>Wir behandeln Patienten mit Erkrankungen der Wirbels\u00e4ule und des Gehirns, und au\u00dferdem umfasst das Institut den Spezialisierungsbereich all der Erkrankungen, die mit der\u00a0<strong>Filum-Krankheit<\/strong>\u00a0in Verbindung stehen.<\/p>\t\t\t\t\t\t\t\t<\/div>\n\t\t\t\t<\/div>\n\t\t<div class=\"elementor-element elementor-element-2a224a3 e-con-full e-flex e-con e-child\" data-id=\"2a224a3\" data-element_type=\"container\" data-e-type=\"container\">\n\t\t<div class=\"elementor-element elementor-element-a029c5e e-con-full e-flex e-con e-child\" data-id=\"a029c5e\" data-element_type=\"container\" data-e-type=\"container\" data-settings=\"{&quot;background_background&quot;:&quot;classic&quot;}\">\n\t\t\t\t<div class=\"elementor-element elementor-element-80ef6ed elementor-widget elementor-widget-heading\" data-id=\"80ef6ed\" data-element_type=\"widget\" data-e-type=\"widget\" data-widget_type=\"heading.default\">\n\t\t\t\t<div class=\"elementor-widget-container\">\n\t\t\t\t\t<h3 class=\"elementor-heading-title elementor-size-default\">Mission\n<\/h3>\t\t\t\t<\/div>\n\t\t\t\t<\/div>\n\t\t\t\t<div class=\"elementor-element elementor-element-3b129a7 elementor-widget elementor-widget-text-editor\" data-id=\"3b129a7\" data-element_type=\"widget\" data-e-type=\"widget\" data-widget_type=\"text-editor.default\">\n\t\t\t\t<div class=\"elementor-widget-container\">\n\t\t\t\t\t\t\t\t\t<p>Eine pr\u00e4zise Diagnose und eine minimal-invasive Behandlung der Filum-Krankheit anzubieten \u2013 mit dem Ziel, die Lebensqualit\u00e4t der Patientinnen und Patienten durch Ethik, Innovation und medizinische Exzellenz zu verbessern.<\/p>\t\t\t\t\t\t\t\t<\/div>\n\t\t\t\t<\/div>\n\t\t\t\t<div class=\"elementor-element elementor-element-6494c52 elementor-widget elementor-widget-button\" data-id=\"6494c52\" data-element_type=\"widget\" data-e-type=\"widget\" data-widget_type=\"button.default\">\n\t\t\t\t<div class=\"elementor-widget-container\">\n\t\t\t\t\t\t\t\t\t<div class=\"elementor-button-wrapper\">\n\t\t\t\t\t<a class=\"elementor-button elementor-button-link elementor-size-sm\" href=\"#mision\">\n\t\t\t\t\t\t<span class=\"elementor-button-content-wrapper\">\n\t\t\t\t\t\t\t\t\t<span class=\"elementor-button-text\">Mehr erfahren <\/span>\n\t\t\t\t\t<\/span>\n\t\t\t\t\t<\/a>\n\t\t\t\t<\/div>\n\t\t\t\t\t\t\t\t<\/div>\n\t\t\t\t<\/div>\n\t\t\t\t<\/div>\n\t\t<div class=\"elementor-element elementor-element-b0aa9b7 e-con-full e-flex e-con e-child\" data-id=\"b0aa9b7\" data-element_type=\"container\" data-e-type=\"container\" data-settings=\"{&quot;background_background&quot;:&quot;classic&quot;}\">\n\t\t\t\t<div class=\"elementor-element elementor-element-6c6f6e9 elementor-widget elementor-widget-heading\" data-id=\"6c6f6e9\" data-element_type=\"widget\" data-e-type=\"widget\" data-widget_type=\"heading.default\">\n\t\t\t\t<div class=\"elementor-widget-container\">\n\t\t\t\t\t<h3 class=\"elementor-heading-title elementor-size-default\">Vision\n<\/h3>\t\t\t\t<\/div>\n\t\t\t\t<\/div>\n\t\t\t\t<div class=\"elementor-element elementor-element-d0cd181 elementor-widget elementor-widget-text-editor\" data-id=\"d0cd181\" data-element_type=\"widget\" data-e-type=\"widget\" data-widget_type=\"text-editor.default\">\n\t\t\t\t<div class=\"elementor-widget-container\">\n\t\t\t\t\t\t\t\t\t<p>Wir streben eine patientenorientierte Versorgung an, die auf klinischer Exzellenz, kontinuierlicher Verbesserung und technologischer Innovation basiert \u2013 mit einem klaren menschlichen und f\u00fcrsorglichen Engagement.<\/p>\t\t\t\t\t\t\t\t<\/div>\n\t\t\t\t<\/div>\n\t\t\t\t<div class=\"elementor-element elementor-element-eb0d50a elementor-widget elementor-widget-button\" data-id=\"eb0d50a\" data-element_type=\"widget\" data-e-type=\"widget\" data-widget_type=\"button.default\">\n\t\t\t\t<div class=\"elementor-widget-container\">\n\t\t\t\t\t\t\t\t\t<div class=\"elementor-button-wrapper\">\n\t\t\t\t\t<a class=\"elementor-button elementor-button-link elementor-size-sm\" href=\"#vision\">\n\t\t\t\t\t\t<span class=\"elementor-button-content-wrapper\">\n\t\t\t\t\t\t\t\t\t<span class=\"elementor-button-text\">Mehr erfahren <\/span>\n\t\t\t\t\t<\/span>\n\t\t\t\t\t<\/a>\n\t\t\t\t<\/div>\n\t\t\t\t\t\t\t\t<\/div>\n\t\t\t\t<\/div>\n\t\t\t\t<\/div>\n\t\t<div class=\"elementor-element elementor-element-63dfc3f e-con-full e-flex e-con e-child\" data-id=\"63dfc3f\" data-element_type=\"container\" data-e-type=\"container\" data-settings=\"{&quot;background_background&quot;:&quot;classic&quot;}\">\n\t\t\t\t<div class=\"elementor-element elementor-element-c28756b elementor-widget elementor-widget-heading\" data-id=\"c28756b\" data-element_type=\"widget\" data-e-type=\"widget\" data-widget_type=\"heading.default\">\n\t\t\t\t<div class=\"elementor-widget-container\">\n\t\t\t\t\t<h3 class=\"elementor-heading-title elementor-size-default\">Werte\n<\/h3>\t\t\t\t<\/div>\n\t\t\t\t<\/div>\n\t\t\t\t<div class=\"elementor-element elementor-element-339a8b2 elementor-widget elementor-widget-text-editor\" data-id=\"339a8b2\" data-element_type=\"widget\" data-e-type=\"widget\" data-widget_type=\"text-editor.default\">\n\t\t\t\t<div class=\"elementor-widget-container\">\n\t\t\t\t\t\t\t\t\t<p>Wir handeln mit Integrit\u00e4t, Verantwortung und Empathie und f\u00f6rdern stets Qualit\u00e4t, klinische Exzellenz und kontinuierliche Verbesserung in jedem Schritt der Behandlung.<\/p>\t\t\t\t\t\t\t\t<\/div>\n\t\t\t\t<\/div>\n\t\t\t\t<div class=\"elementor-element elementor-element-9c01b0d elementor-widget elementor-widget-button\" data-id=\"9c01b0d\" data-element_type=\"widget\" data-e-type=\"widget\" data-widget_type=\"button.default\">\n\t\t\t\t<div class=\"elementor-widget-container\">\n\t\t\t\t\t\t\t\t\t<div class=\"elementor-button-wrapper\">\n\t\t\t\t\t<a class=\"elementor-button elementor-button-link elementor-size-sm\" href=\"#valores\">\n\t\t\t\t\t\t<span class=\"elementor-button-content-wrapper\">\n\t\t\t\t\t\t\t\t\t<span class=\"elementor-button-text\">Mehr erfahren <\/span>\n\t\t\t\t\t<\/span>\n\t\t\t\t\t<\/a>\n\t\t\t\t<\/div>\n\t\t\t\t\t\t\t\t<\/div>\n\t\t\t\t<\/div>\n\t\t\t\t<\/div>\n\t\t\t\t<\/div>\n\t\t\t\t\t<\/div>\n\t\t\t\t<\/div>\n\t\t<div class=\"elementor-element elementor-element-52a2d2e e-flex e-con-boxed e-con e-parent\" data-id=\"52a2d2e\" data-element_type=\"container\" data-e-type=\"container\">\n\t\t\t\t\t<div class=\"e-con-inner\">\n\t\t<div class=\"elementor-element elementor-element-d7f226e e-con-full e-flex e-con e-child\" data-id=\"d7f226e\" data-element_type=\"container\" data-e-type=\"container\" id=\"mision\">\n\t\t\t\t<div class=\"elementor-element elementor-element-18739a7 elementor-widget elementor-widget-heading\" data-id=\"18739a7\" data-element_type=\"widget\" data-e-type=\"widget\" data-widget_type=\"heading.default\">\n\t\t\t\t<div class=\"elementor-widget-container\">\n\t\t\t\t\t<h3 class=\"elementor-heading-title elementor-size-default\">Mission<\/h3>\t\t\t\t<\/div>\n\t\t\t\t<\/div>\n\t\t\t\t<div class=\"elementor-element elementor-element-28cf8e8 elementor-widget elementor-widget-text-editor\" data-id=\"28cf8e8\" data-element_type=\"widget\" data-e-type=\"widget\" data-widget_type=\"text-editor.default\">\n\t\t\t\t<div class=\"elementor-widget-container\">\n\t\t\t\t\t\t\t\t\t<p>Das ICSEB arbeitet darauf hin, ein\u00a0<strong>Internationales Referenzzentrum<\/strong>\u00a0f\u00fcr die Filum-Krankheit zu sein, in dem es die Ergebnisse unserer Forschungsarbeit bez\u00fcglich der Ursache und der neuen Behandlung f\u00fcr all diese Krankheiten auf internationaler Ebene bekanntmacht:\u00a0<strong>Arnold Chiari I Syndrom, idiopathische Syringomyelie und idiopathische Skoliose, Basil\u00e4re Impression, Platybasie, Dorsalverlagerung des Dens Axis, Abwinklung des Hirnstamms\u00a0<\/strong>und andere vergesellschaftete Erkrankungen\u00a0<strong>wie Bandscheibenvorf\u00e4lle der Hals-, Brust- und Lendenwirbels\u00e4ule, Spinalkanalstenose und verschiedene idiopathische Abweichungen der Wirbels\u00e4ule<\/strong>.<\/p><p>Es ist unsere Mission, Krankheiten zu heilen oder zu lindern, in dem die effizienteste L\u00f6sung f\u00fcr Patienten mit Wirbels\u00e4ulen- und Gehirnerkrankungen gefunden wird. Wir suchen die L\u00f6sung mit den besten, am wenigsten invasiven chirurgischen Verfahren und der schnellsten Erholung, um diese baldm\u00f6glichst anzuwenden.<\/p><p>Wir bieten eine sehr\u00a0<strong>genaue Diagnose<\/strong>\u00a0und die Anwendung von\u00a0<strong>minimal-invasiven Verfahren\u00a0<\/strong>bei h\u00f6chster Effizienz um die\u00a0<strong>Lebensqualit\u00e4t<\/strong>\u00a0der Patienten zu verbessern und zu erhalten.<\/p><p>Au\u00dferdem ist es unser Anliegen,\u00a0<strong>ethisch gepr\u00e4gtes Handeln\u00a0<\/strong>bei der Entscheidungsfindung zu f\u00f6rdern, sowohl im Praxisalltag, als auch bei den Forschungst\u00e4tigkeiten. Hierf\u00fcr werden Handlungsprotokolle mit den wissenschaftlichen Erkenntnissen abgeglichen, optimiert und systematisch \u00fcberarbeitet.<\/p>\t\t\t\t\t\t\t\t<\/div>\n\t\t\t\t<\/div>\n\t\t\t\t<\/div>\n\t\t<div class=\"elementor-element elementor-element-826211c e-con-full e-flex e-con e-child\" data-id=\"826211c\" data-element_type=\"container\" data-e-type=\"container\">\n\t\t<div class=\"elementor-element elementor-element-f2cf416 e-con-full e-flex e-con e-child\" data-id=\"f2cf416\" data-element_type=\"container\" data-e-type=\"container\" id=\"vision\">\n\t\t\t\t<div class=\"elementor-element elementor-element-d2cda5f elementor-widget elementor-widget-heading\" data-id=\"d2cda5f\" data-element_type=\"widget\" data-e-type=\"widget\" data-widget_type=\"heading.default\">\n\t\t\t\t<div class=\"elementor-widget-container\">\n\t\t\t\t\t<h3 class=\"elementor-heading-title elementor-size-default\">Vision<\/h3>\t\t\t\t<\/div>\n\t\t\t\t<\/div>\n\t\t\t\t<div class=\"elementor-element elementor-element-b53b104 elementor-widget elementor-widget-text-editor\" data-id=\"b53b104\" data-element_type=\"widget\" data-e-type=\"widget\" data-widget_type=\"text-editor.default\">\n\t\t\t\t<div class=\"elementor-widget-container\">\n\t\t\t\t\t\t\t\t\t<p>Unsere Patientenbetreuung dreht sich um die umfassende Ber\u00fccksichtigung der Gesundheit der Patienten, und beruht immer auf ihren Bed\u00fcrfnissen und Erwartungen, und erm\u00f6glicht so eine gute Vermittlung und f\u00f6rdert die therapeutische Allianz.<\/p><p>Wir sind ergebnisorientiert und\u00a0<strong>potenzieren st\u00e4ndige Verbesserung und Effizienz<\/strong>.<\/p><p>Wir f\u00f6rdern die\u00a0<strong>Forschung und Entwicklung<\/strong>\u00a0zu neuen Verfahrenstechnologien und Strategien im Streben nach Exzellenz im Behandlungs- und Betreuungsbereich.<\/p><p>Wir hoffen, dass diese Vision zusammen mit unserem Zukunftsprojekt w\u00e4chst und unsere Technologien, Humankapital und unsere Verpflichtungen gegen\u00fcber unseren Nutzern weiter steigen.<\/p>\t\t\t\t\t\t\t\t<\/div>\n\t\t\t\t<\/div>\n\t\t\t\t<\/div>\n\t\t<div class=\"elementor-element elementor-element-e5b43ec e-con-full e-flex e-con e-child\" data-id=\"e5b43ec\" data-element_type=\"container\" data-e-type=\"container\" id=\"valores\">\n\t\t\t\t<div class=\"elementor-element elementor-element-221b749 elementor-widget elementor-widget-heading\" data-id=\"221b749\" data-element_type=\"widget\" data-e-type=\"widget\" data-widget_type=\"heading.default\">\n\t\t\t\t<div class=\"elementor-widget-container\">\n\t\t\t\t\t<h3 class=\"elementor-heading-title elementor-size-default\">Werte<\/h3>\t\t\t\t<\/div>\n\t\t\t\t<\/div>\n\t\t\t\t<div class=\"elementor-element elementor-element-d5301ef elementor-widget elementor-widget-text-editor\" data-id=\"d5301ef\" data-element_type=\"widget\" data-e-type=\"widget\" data-widget_type=\"text-editor.default\">\n\t\t\t\t<div class=\"elementor-widget-container\">\n\t\t\t\t\t\t\t\t\t<p><strong>Integrit\u00e4t und Ehrlichkeit<\/strong>: Das Interesse am Patienten und die Verbesserung seiner Gesundheit stehen an erster Stelle.<\/p><p><strong>Verantwortung<\/strong>: Bewertung und \u00dcberlegung zu den Konsequenzen unserer professionellen Aktivit\u00e4t.<\/p><p><strong>Verst\u00e4ndnis und Empathie<\/strong>: Wir setzen uns mit den Gef\u00fchlen des Patienten auseinander und respektieren sie, wir versetzen uns in ihre Position. Gleichzeitig k\u00fcmmern wir uns darum, dass Patienten und ihre Familienangeh\u00f6rige die ad\u00e4quaten Erkl\u00e4rungen \u00fcber die Krankheit erhalten, damit sie \u00fcber alle Aspekte gut informiert sind eine Entscheidung treffen k\u00f6nnen.<\/p><p><strong>Qualit\u00e4t:\u00a0<\/strong>Wir f\u00f6rdern eine st\u00e4ndige Verbesserung unserer Arbeit und F\u00e4higkeiten in der Aus\u00fcbung unserer Funktionen und Verpflichtungen.<\/p><p><strong>Therapeutische Innovation, klinische Exzellenz und kontinuierliche Verbesserung:\u00a0<\/strong>Unser Team von Fachleuten f\u00f6rdert das h\u00f6chste Ma\u00df an menschlicher, technischer und wissenschaftlicher Qualit\u00e4t.<\/p><p>\u00a0<\/p>\t\t\t\t\t\t\t\t<\/div>\n\t\t\t\t<\/div>\n\t\t\t\t<\/div>\n\t\t\t\t<\/div>\n\t\t\t\t\t<\/div>\n\t\t\t\t<\/div>\n\t\t\t\t<\/div>\n\t\t","protected":false},"excerpt":{"rendered":"<p>Mission, Vision, Werte Das Institut Chiari &amp; Siringomielia &amp; Escoliosis de Barcelona wurde im Jahr 2008 gegr\u00fcndet und ist ein f\u00fcr das Filum System\u00ae\u00a0akkreditiertes medizinisches und neurochirurgisches Zentrum. Wir behandeln Patienten mit Erkrankungen der Wirbels\u00e4ule und des Gehirns, und au\u00dferdem umfasst das Institut den Spezialisierungsbereich all der Erkrankungen, die mit der\u00a0Filum-Krankheit\u00a0in Verbindung stehen. Mission Eine [&hellip;]<\/p>\n","protected":false},"author":1,"featured_media":0,"parent":0,"menu_order":3,"comment_status":"closed","ping_status":"closed","template":"","meta":{"footnotes":""},"class_list":["post-53437","page","type-page","status-publish","hentry"],"yoast_head":"<!-- This site is optimized with the Yoast SEO plugin v27.1.1 - https:\/\/yoast.com\/product\/yoast-seo-wordpress\/ -->\n<title>Mission, Vision &amp; Werte von ICSEB | ICSEB<\/title>\n<meta name=\"description\" content=\"Einblick in die Mission, Vision und Werte des Institut Chiari &amp; Siringomyelia &amp; Escoliosis Barcelona (ICSEB).\" \/>\n<meta name=\"robots\" content=\"index, follow, max-snippet:-1, max-image-preview:large, max-video-preview:-1\" \/>\n<link rel=\"canonical\" href=\"https:\/\/institutchiaribcn.com\/de\/mission-vision-werte\/\" \/>\n<meta property=\"og:locale\" content=\"de_DE\" \/>\n<meta property=\"og:type\" content=\"article\" \/>\n<meta property=\"og:title\" content=\"Mission, Vision &amp; Werte von ICSEB | ICSEB\" \/>\n<meta property=\"og:description\" content=\"Einblick in die Mission, Vision und Werte des Institut Chiari &amp; Siringomyelia &amp; Escoliosis Barcelona (ICSEB).\" \/>\n<meta property=\"og:url\" content=\"https:\/\/institutchiaribcn.com\/de\/mission-vision-werte\/\" \/>\n<meta property=\"og:site_name\" content=\"Institut Chiari\" \/>\n<meta property=\"article:modified_time\" content=\"2026-02-20T09:13:57+00:00\" \/>\n<meta name=\"twitter:card\" content=\"summary_large_image\" \/>\n<meta name=\"twitter:label1\" content=\"Gesch\u00e4tzte Lesezeit\" \/>\n\t<meta name=\"twitter:data1\" content=\"3\u00a0Minuten\" \/>\n<script type=\"application\/ld+json\" class=\"yoast-schema-graph\">{\"@context\":\"https:\/\/schema.org\",\"@graph\":[{\"@type\":\"WebPage\",\"@id\":\"https:\/\/institutchiaribcn.com\/de\/mission-vision-werte\/\",\"url\":\"https:\/\/institutchiaribcn.com\/de\/mission-vision-werte\/\",\"name\":\"Mission, Vision & Werte von ICSEB | ICSEB\",\"isPartOf\":{\"@id\":\"https:\/\/institutchiaribcn.com\/de\/#website\"},\"datePublished\":\"2025-06-17T13:47:54+00:00\",\"dateModified\":\"2026-02-20T09:13:57+00:00\",\"description\":\"Einblick in die Mission, Vision und Werte des Institut Chiari & Siringomyelia & Escoliosis Barcelona (ICSEB).\",\"breadcrumb\":{\"@id\":\"https:\/\/institutchiaribcn.com\/de\/mission-vision-werte\/#breadcrumb\"},\"inLanguage\":\"de\",\"potentialAction\":[{\"@type\":\"ReadAction\",\"target\":[\"https:\/\/institutchiaribcn.com\/de\/mission-vision-werte\/\"]}]},{\"@type\":\"BreadcrumbList\",\"@id\":\"https:\/\/institutchiaribcn.com\/de\/mission-vision-werte\/#breadcrumb\",\"itemListElement\":[{\"@type\":\"ListItem\",\"position\":1,\"name\":\"Portada\",\"item\":\"https:\/\/institutchiaribcn.com\/de\/\"},{\"@type\":\"ListItem\",\"position\":2,\"name\":\"Mission, Vision, Werte\"}]},{\"@type\":\"WebSite\",\"@id\":\"https:\/\/institutchiaribcn.com\/de\/#website\",\"url\":\"https:\/\/institutchiaribcn.com\/de\/\",\"name\":\"Institut Chiari de Barcelona\",\"description\":\"\",\"publisher\":{\"@id\":\"https:\/\/institutchiaribcn.com\/de\/#organization\"},\"potentialAction\":[{\"@type\":\"SearchAction\",\"target\":{\"@type\":\"EntryPoint\",\"urlTemplate\":\"https:\/\/institutchiaribcn.com\/de\/?s={search_term_string}\"},\"query-input\":{\"@type\":\"PropertyValueSpecification\",\"valueRequired\":true,\"valueName\":\"search_term_string\"}}],\"inLanguage\":\"de\"},{\"@type\":\"Organization\",\"@id\":\"https:\/\/institutchiaribcn.com\/de\/#organization\",\"name\":\"Institut Chiari de Barcelona\",\"url\":\"https:\/\/institutchiaribcn.com\/de\/\",\"logo\":{\"@type\":\"ImageObject\",\"inLanguage\":\"de\",\"@id\":\"https:\/\/institutchiaribcn.com\/de\/#\/schema\/logo\/image\/\",\"url\":\"https:\/\/institutchiaribcn.com\/wp-content\/uploads\/2025\/10\/cropped-cropped-icsebNavLogo-1.png\",\"contentUrl\":\"https:\/\/institutchiaribcn.com\/wp-content\/uploads\/2025\/10\/cropped-cropped-icsebNavLogo-1.png\",\"width\":245,\"height\":99,\"caption\":\"Institut Chiari de Barcelona\"},\"image\":{\"@id\":\"https:\/\/institutchiaribcn.com\/de\/#\/schema\/logo\/image\/\"}}]}<\/script>\n<!-- \/ Yoast SEO plugin. -->","yoast_head_json":{"title":"Mission, Vision & Werte von ICSEB | ICSEB","description":"Einblick in die Mission, Vision und Werte des Institut Chiari & Siringomyelia & Escoliosis Barcelona (ICSEB).","robots":{"index":"index","follow":"follow","max-snippet":"max-snippet:-1","max-image-preview":"max-image-preview:large","max-video-preview":"max-video-preview:-1"},"canonical":"https:\/\/institutchiaribcn.com\/de\/mission-vision-werte\/","og_locale":"de_DE","og_type":"article","og_title":"Mission, Vision & Werte von ICSEB | ICSEB","og_description":"Einblick in die Mission, Vision und Werte des Institut Chiari & Siringomyelia & Escoliosis Barcelona (ICSEB).","og_url":"https:\/\/institutchiaribcn.com\/de\/mission-vision-werte\/","og_site_name":"Institut Chiari","article_modified_time":"2026-02-20T09:13:57+00:00","twitter_card":"summary_large_image","twitter_misc":{"Gesch\u00e4tzte Lesezeit":"3\u00a0Minuten"},"schema":{"@context":"https:\/\/schema.org","@graph":[{"@type":"WebPage","@id":"https:\/\/institutchiaribcn.com\/de\/mission-vision-werte\/","url":"https:\/\/institutchiaribcn.com\/de\/mission-vision-werte\/","name":"Mission, Vision & Werte von ICSEB | ICSEB","isPartOf":{"@id":"https:\/\/institutchiaribcn.com\/de\/#website"},"datePublished":"2025-06-17T13:47:54+00:00","dateModified":"2026-02-20T09:13:57+00:00","description":"Einblick in die Mission, Vision und Werte des Institut Chiari & Siringomyelia & Escoliosis Barcelona (ICSEB).","breadcrumb":{"@id":"https:\/\/institutchiaribcn.com\/de\/mission-vision-werte\/#breadcrumb"},"inLanguage":"de","potentialAction":[{"@type":"ReadAction","target":["https:\/\/institutchiaribcn.com\/de\/mission-vision-werte\/"]}]},{"@type":"BreadcrumbList","@id":"https:\/\/institutchiaribcn.com\/de\/mission-vision-werte\/#breadcrumb","itemListElement":[{"@type":"ListItem","position":1,"name":"Portada","item":"https:\/\/institutchiaribcn.com\/de\/"},{"@type":"ListItem","position":2,"name":"Mission, Vision, Werte"}]},{"@type":"WebSite","@id":"https:\/\/institutchiaribcn.com\/de\/#website","url":"https:\/\/institutchiaribcn.com\/de\/","name":"Institut Chiari de Barcelona","description":"","publisher":{"@id":"https:\/\/institutchiaribcn.com\/de\/#organization"},"potentialAction":[{"@type":"SearchAction","target":{"@type":"EntryPoint","urlTemplate":"https:\/\/institutchiaribcn.com\/de\/?s={search_term_string}"},"query-input":{"@type":"PropertyValueSpecification","valueRequired":true,"valueName":"search_term_string"}}],"inLanguage":"de"},{"@type":"Organization","@id":"https:\/\/institutchiaribcn.com\/de\/#organization","name":"Institut Chiari de Barcelona","url":"https:\/\/institutchiaribcn.com\/de\/","logo":{"@type":"ImageObject","inLanguage":"de","@id":"https:\/\/institutchiaribcn.com\/de\/#\/schema\/logo\/image\/","url":"https:\/\/institutchiaribcn.com\/wp-content\/uploads\/2025\/10\/cropped-cropped-icsebNavLogo-1.png","contentUrl":"https:\/\/institutchiaribcn.com\/wp-content\/uploads\/2025\/10\/cropped-cropped-icsebNavLogo-1.png","width":245,"height":99,"caption":"Institut Chiari de Barcelona"},"image":{"@id":"https:\/\/institutchiaribcn.com\/de\/#\/schema\/logo\/image\/"}}]}},"_links":{"self":[{"href":"https:\/\/institutchiaribcn.com\/de\/wp-json\/wp\/v2\/pages\/53437","targetHints":{"allow":["GET"]}}],"collection":[{"href":"https:\/\/institutchiaribcn.com\/de\/wp-json\/wp\/v2\/pages"}],"about":[{"href":"https:\/\/institutchiaribcn.com\/de\/wp-json\/wp\/v2\/types\/page"}],"author":[{"embeddable":true,"href":"https:\/\/institutchiaribcn.com\/de\/wp-json\/wp\/v2\/users\/1"}],"replies":[{"embeddable":true,"href":"https:\/\/institutchiaribcn.com\/de\/wp-json\/wp\/v2\/comments?post=53437"}],"version-history":[{"count":1,"href":"https:\/\/institutchiaribcn.com\/de\/wp-json\/wp\/v2\/pages\/53437\/revisions"}],"predecessor-version":[{"id":145694,"href":"https:\/\/institutchiaribcn.com\/de\/wp-json\/wp\/v2\/pages\/53437\/revisions\/145694"}],"wp:attachment":[{"href":"https:\/\/institutchiaribcn.com\/de\/wp-json\/wp\/v2\/media?parent=53437"}],"curies":[{"name":"wp","href":"https:\/\/api.w.org\/{rel}","templated":true}]}}