{"id":46546,"date":"2025-06-18T08:47:56","date_gmt":"2025-06-18T06:47:56","guid":{"rendered":"https:\/\/dev.institutchiaribcn.com\/hoteles-recomendados\/"},"modified":"2026-03-23T09:56:29","modified_gmt":"2026-03-23T08:56:29","slug":"empfohlene-hotels","status":"publish","type":"page","link":"https:\/\/institutchiaribcn.com\/de\/empfohlene-hotels\/","title":{"rendered":"Empfohlene Hotels"},"content":{"rendered":"\t\t<div data-elementor-type=\"wp-page\" data-elementor-id=\"46546\" class=\"elementor elementor-46546 elementor-224\" data-elementor-post-type=\"page\">\n\t\t\t\t<div class=\"elementor-element elementor-element-71b19b4 e-flex e-con-boxed e-con e-parent\" data-id=\"71b19b4\" data-element_type=\"container\" data-e-type=\"container\" data-settings=\"{&quot;background_background&quot;:&quot;classic&quot;}\">\n\t\t\t\t\t<div class=\"e-con-inner\">\n\t\t<div class=\"elementor-element elementor-element-9db4200 e-con-full e-flex e-con e-child\" data-id=\"9db4200\" data-element_type=\"container\" data-e-type=\"container\">\n\t\t\t\t<div class=\"elementor-element elementor-element-4bde0b4 elementor-widget elementor-widget-heading\" data-id=\"4bde0b4\" data-element_type=\"widget\" data-e-type=\"widget\" data-widget_type=\"heading.default\">\n\t\t\t\t<div class=\"elementor-widget-container\">\n\t\t\t\t\t<h1 class=\"elementor-heading-title elementor-size-default\">Wo \u00fcbernachten?<\/h1>\t\t\t\t<\/div>\n\t\t\t\t<\/div>\n\t\t\t\t<div class=\"elementor-element elementor-element-0ceb0a4 elementor-widget elementor-widget-heading\" data-id=\"0ceb0a4\" data-element_type=\"widget\" data-e-type=\"widget\" data-widget_type=\"heading.default\">\n\t\t\t\t<div class=\"elementor-widget-container\">\n\t\t\t\t\t<h2 class=\"elementor-heading-title elementor-size-default\">Empfohlene Hotels<\/h2>\t\t\t\t<\/div>\n\t\t\t\t<\/div>\n\t\t\t\t<div class=\"elementor-element elementor-element-61a7acd elementor-widget elementor-widget-text-editor\" data-id=\"61a7acd\" data-element_type=\"widget\" data-e-type=\"widget\" data-widget_type=\"text-editor.default\">\n\t\t\t\t<div class=\"elementor-widget-container\">\n\t\t\t\t\t\t\t\t\t<p>In diesem Abschnitt gibt das ICSEB Hinweise auf nahegelegene Hotels, die grundlegende Komfortstandards erf\u00fcllen und f\u00fcr Patientinnen und Patienten von Nutzen sein k\u00f6nnen. F\u00fcr diese Empfehlungen wurden zu keinem Zeitpunkt Provisionen angenommen.<\/p><p>Das Betreuungsteam des ICSEB besteht aus mehrsprachigen Mitarbeitenden aus verschiedenen L\u00e4ndern. Es \u00fcbernimmt nicht die Rolle von Reiseleitungen; bei Bedarf k\u00f6nnen jedoch Informationen zu spezialisierten Agenturen bereitgestellt werden.<\/p>\t\t\t\t\t\t\t\t<\/div>\n\t\t\t\t<\/div>\n\t\t<div class=\"elementor-element elementor-element-033b3bb e-con-full e-flex e-con e-child\" data-id=\"033b3bb\" data-element_type=\"container\" data-e-type=\"container\">\n\t\t\t\t<div class=\"elementor-element elementor-element-a57d3b9 elementor-widget elementor-widget-button\" data-id=\"a57d3b9\" data-element_type=\"widget\" data-e-type=\"widget\" data-widget_type=\"button.default\">\n\t\t\t\t<div class=\"elementor-widget-container\">\n\t\t\t\t\t\t\t\t\t<div class=\"elementor-button-wrapper\">\n\t\t\t\t\t<a class=\"elementor-button elementor-button-link elementor-size-sm\" href=\"#hoteles\">\n\t\t\t\t\t\t<span class=\"elementor-button-content-wrapper\">\n\t\t\t\t\t\t\t\t\t<span class=\"elementor-button-text\">Hotels ansehen<\/span>\n\t\t\t\t\t<\/span>\n\t\t\t\t\t<\/a>\n\t\t\t\t<\/div>\n\t\t\t\t\t\t\t\t<\/div>\n\t\t\t\t<\/div>\n\t\t\t\t<\/div>\n\t\t\t\t<\/div>\n\t\t\t\t\t<\/div>\n\t\t\t\t<\/div>\n\t\t<div class=\"elementor-element elementor-element-0c4533d e-flex e-con-boxed e-con e-parent\" data-id=\"0c4533d\" data-element_type=\"container\" data-e-type=\"container\" id=\"hoteles\">\n\t\t\t\t\t<div class=\"e-con-inner\">\n\t\t<div class=\"elementor-element elementor-element-d8574e9 e-con-full e-flex e-con e-child\" data-id=\"d8574e9\" data-element_type=\"container\" data-e-type=\"container\">\n\t\t<div class=\"elementor-element elementor-element-afdc96c e-con-full e-flex e-con e-child\" data-id=\"afdc96c\" data-element_type=\"container\" data-e-type=\"container\">\n\t\t\t\t<div class=\"elementor-element elementor-element-52fba2c elementor-widget elementor-widget-heading\" data-id=\"52fba2c\" data-element_type=\"widget\" data-e-type=\"widget\" data-widget_type=\"heading.default\">\n\t\t\t\t<div class=\"elementor-widget-container\">\n\t\t\t\t\t<h2 class=\"elementor-heading-title elementor-size-default\">ARENAS ATIRAM HOTEL<\/h2>\t\t\t\t<\/div>\n\t\t\t\t<\/div>\n\t\t\t\t<div class=\"elementor-element elementor-element-eb597ce elementor-widget elementor-widget-text-editor\" data-id=\"eb597ce\" data-element_type=\"widget\" data-e-type=\"widget\" data-widget_type=\"text-editor.default\">\n\t\t\t\t<div class=\"elementor-widget-container\">\n\t\t\t\t\t\t\t\t\t<p>Das Arenas Atiram ist ein 4-Sterne-Hotel im Les Corts-Viertel, in der N\u00e4he von Camp Nou. Es liegt 10 Minuten vom Stadtzentrum und 5 Minuten vom Einkaufs- und Unterhaltungsviertel von Diagonal entfernt, das f\u00fcr verschiedene akademischen und medizinische Institutionen und Museen, wie das Textil-, Keramik- oder das des FC -Barcelona, bekannt ist.<\/p><p>Das Hotel befindet sich in der N\u00e4he der U-Bahn-Station Maria Cristina und bietet Bus- und Stra\u00dfenbahnverbindungen, mit denen Sie jeden Winkel der Stadt erkunden k\u00f6nnen.<\/p>\t\t\t\t\t\t\t\t<\/div>\n\t\t\t\t<\/div>\n\t\t\t\t<\/div>\n\t\t<div class=\"elementor-element elementor-element-586ff69 e-con-full e-flex e-con e-child\" data-id=\"586ff69\" data-element_type=\"container\" data-e-type=\"container\">\n\t\t\t\t<div class=\"elementor-element elementor-element-d238c0e elementor-widget elementor-widget-google_maps\" data-id=\"d238c0e\" data-element_type=\"widget\" data-e-type=\"widget\" data-widget_type=\"google_maps.default\">\n\t\t\t\t<div class=\"elementor-widget-container\">\n\t\t\t\t\t\t\t<div class=\"elementor-custom-embed\">\n\t\t\t<iframe loading=\"lazy\"\n\t\t\t\t\tsrc=\"https:\/\/maps.google.com\/maps?q=Carrer%20del%20Capit%C3%A0%20Arenas%2C%2020%2C%2008034%20Barcelona&#038;t=m&#038;z=15&#038;output=embed&#038;iwloc=near\"\n\t\t\t\t\ttitle=\"Carrer del Capit\u00e0 Arenas, 20, 08034 Barcelona\"\n\t\t\t\t\taria-label=\"Carrer del Capit\u00e0 Arenas, 20, 08034 Barcelona\"\n\t\t\t><\/iframe>\n\t\t<\/div>\n\t\t\t\t\t\t<\/div>\n\t\t\t\t<\/div>\n\t\t\t\t<\/div>\n\t\t\t\t<\/div>\n\t\t<div class=\"elementor-element elementor-element-a021e64 e-con-full e-flex e-con e-child\" data-id=\"a021e64\" data-element_type=\"container\" data-e-type=\"container\">\n\t\t\t\t<div class=\"elementor-element elementor-element-05b78dc elementor-widget elementor-widget-text-editor\" data-id=\"05b78dc\" data-element_type=\"widget\" data-e-type=\"widget\" data-widget_type=\"text-editor.default\">\n\t\t\t\t<div class=\"elementor-widget-container\">\n\t\t\t\t\t\t\t\t\t<p>Das Arenas Atiram Hotel verf\u00fcgt \u00fcber 61 moderne und komfortable Zimmer mit Tageslicht. Alle von ihnen sind gut ausgestattet und wurden vor kurzem renoviert. Das Hotel verf\u00fcgt \u00fcber verschiedene Zimmertypen, die an die jeweiligen Bed\u00fcrfnisse angepasst werden k\u00f6nnen: von sehr gem\u00fctlichen Einzelzimmern bis hin zu Executive-Zimmern, in denen Sie exklusiven Service genie\u00dfen k\u00f6nnen. Im selben Hotel wird t\u00e4glich von 7.00 bis 11.00 Uhr ein reichhaltiges Fr\u00fchst\u00fccksbuffet angeboten. Zweifellos zeichnet sich das Hotel durch einen pers\u00f6nlichen Service auf hohem Niveau und elegante und gem\u00fctliche Einrichtungen aus, so dass sich die G\u00e4ste besser f\u00fchlen k\u00f6nnen als zu Hause.<\/p>\t\t\t\t\t\t\t\t<\/div>\n\t\t\t\t<\/div>\n\t\t\t\t<div class=\"elementor-element elementor-element-9b2c0cc elementor-widget elementor-widget-text-editor\" data-id=\"9b2c0cc\" data-element_type=\"widget\" data-e-type=\"widget\" data-widget_type=\"text-editor.default\">\n\t\t\t\t<div class=\"elementor-widget-container\">\n\t\t\t\t\t\t\t\t\t<p><strong>Das Hotel bietet ICSEB-Patienten 10% Erm\u00e4\u00dfigung auf den besten Tarif zum Zeitpunkt der Buchung. Patienten k\u00f6nnen von dieser Bedingung nur profitieren, wenn die Reservierung \u00fcber die Webseite des Hotel selbst erfolgt und Sie den Aktionscode\u00a0<u>CHIARI<\/u>\u00a0angeben. Im Falle einer Buchung \u00fcber eine andere Website oder eines nicht erstattbaren Tarifs kann weder der Rabatt angewendet noch die Differenz erstattet werden.<\/strong><\/p>\t\t\t\t\t\t\t\t<\/div>\n\t\t\t\t<\/div>\n\t\t\t\t<div class=\"elementor-element elementor-element-fe79ba4 elementor-widget elementor-widget-button\" data-id=\"fe79ba4\" data-element_type=\"widget\" data-e-type=\"widget\" data-widget_type=\"button.default\">\n\t\t\t\t<div class=\"elementor-widget-container\">\n\t\t\t\t\t\t\t\t\t<div class=\"elementor-button-wrapper\">\n\t\t\t\t\t<a class=\"elementor-button elementor-button-link elementor-size-sm\" href=\"https:\/\/arenas.atiramhotels.com\/en\/\">\n\t\t\t\t\t\t<span class=\"elementor-button-content-wrapper\">\n\t\t\t\t\t\t\t\t\t<span class=\"elementor-button-text\">Mehr Informationen<\/span>\n\t\t\t\t\t<\/span>\n\t\t\t\t\t<\/a>\n\t\t\t\t<\/div>\n\t\t\t\t\t\t\t\t<\/div>\n\t\t\t\t<\/div>\n\t\t\t\t<\/div>\n\t\t\t\t\t<\/div>\n\t\t\t\t<\/div>\n\t\t<div class=\"elementor-element elementor-element-eb18570 e-flex e-con-boxed e-con e-parent\" data-id=\"eb18570\" data-element_type=\"container\" data-e-type=\"container\">\n\t\t\t\t\t<div class=\"e-con-inner\">\n\t\t<div class=\"elementor-element elementor-element-19b76d7 e-con-full e-flex e-con e-child\" data-id=\"19b76d7\" data-element_type=\"container\" data-e-type=\"container\">\n\t\t<div class=\"elementor-element elementor-element-9cf974d e-con-full e-flex e-con e-child\" data-id=\"9cf974d\" data-element_type=\"container\" data-e-type=\"container\">\n\t\t\t\t<div class=\"elementor-element elementor-element-99dbc23 elementor-widget elementor-widget-heading\" data-id=\"99dbc23\" data-element_type=\"widget\" data-e-type=\"widget\" data-widget_type=\"heading.default\">\n\t\t\t\t<div class=\"elementor-widget-container\">\n\t\t\t\t\t<h2 class=\"elementor-heading-title elementor-size-default\">HOTEL AC VICTORIA SUITES<\/h2>\t\t\t\t<\/div>\n\t\t\t\t<\/div>\n\t\t\t\t<div class=\"elementor-element elementor-element-2a2c365 elementor-widget elementor-widget-text-editor\" data-id=\"2a2c365\" data-element_type=\"widget\" data-e-type=\"widget\" data-widget_type=\"text-editor.default\">\n\t\t\t\t<div class=\"elementor-widget-container\">\n\t\t\t\t\t\t\t\t\t<p>Dieses neue Hotel verf\u00fcgt \u00fcber 50 wundersch\u00f6ne Suites und nimmt eine privilegierte Stellung ein: Mitten in der Wohngegend von Pedralbes und ganz in der N\u00e4he der Messe- und Handelszentrum, ist es mit seinem ansehlichen Swimmingpool, einer gro\u00dfen Terasse und vielen weiteren ausgefallenen Details der perfekte Ort, um im oberen Teil von Barcelona den besten AC-Hotelstil zu genie\u00dfen.<\/p>\t\t\t\t\t\t\t\t<\/div>\n\t\t\t\t<\/div>\n\t\t\t\t<\/div>\n\t\t<div class=\"elementor-element elementor-element-f1bf590 e-con-full e-flex e-con e-child\" data-id=\"f1bf590\" data-element_type=\"container\" data-e-type=\"container\">\n\t\t\t\t<div class=\"elementor-element elementor-element-1e89656 elementor-widget elementor-widget-google_maps\" data-id=\"1e89656\" data-element_type=\"widget\" data-e-type=\"widget\" data-widget_type=\"google_maps.default\">\n\t\t\t\t<div class=\"elementor-widget-container\">\n\t\t\t\t\t\t\t<div class=\"elementor-custom-embed\">\n\t\t\t<iframe loading=\"lazy\"\n\t\t\t\t\tsrc=\"https:\/\/maps.google.com\/maps?q=Beltran%20i%20R%C3%B2zpide%2C%207-9%2C%20Barcelona%2C%20Espa%C3%B1a%2C%2008034&#038;t=m&#038;z=15&#038;output=embed&#038;iwloc=near\"\n\t\t\t\t\ttitle=\"Beltran i R\u00f2zpide, 7-9, Barcelona, Espa\u00f1a, 08034\"\n\t\t\t\t\taria-label=\"Beltran i R\u00f2zpide, 7-9, Barcelona, Espa\u00f1a, 08034\"\n\t\t\t><\/iframe>\n\t\t<\/div>\n\t\t\t\t\t\t<\/div>\n\t\t\t\t<\/div>\n\t\t\t\t<\/div>\n\t\t\t\t<\/div>\n\t\t<div class=\"elementor-element elementor-element-9449e4f e-con-full elementor-hidden-desktop elementor-hidden-tablet elementor-hidden-mobile e-flex e-con e-child\" data-id=\"9449e4f\" data-element_type=\"container\" data-e-type=\"container\">\n\t\t\t\t<div class=\"elementor-element elementor-element-edc0be8 elementor-widget elementor-widget-text-editor\" data-id=\"edc0be8\" data-element_type=\"widget\" data-e-type=\"widget\" data-widget_type=\"text-editor.default\">\n\t\t\t\t<div class=\"elementor-widget-container\">\n\t\t\t\t\t\t\t\t\t<ul data-start=\"43\" data-end=\"472\"><li data-start=\"43\" data-end=\"472\"><p><strong>Das Hotel bietet ICSEB-Patienten 10% Erm\u00e4\u00dfigung auf den besten Tarif zum Zeitpunkt der Buchung. Patienten k\u00f6nnen von dieser Bedingung nur profitieren, wenn die Reservierung \u00fcber die Webseite des Hotel selbst erfolgt und Sie den Aktionscode\u00a0<u>T3210<\/u>\u00a0angeben. Im Falle einer Buchung \u00fcber eine andere Website oder eines nicht erstattbaren Tarifs kann weder der Rabatt angewendet noch die Differenz erstattet werden.<\/strong><\/p><\/li><\/ul>\t\t\t\t\t\t\t\t<\/div>\n\t\t\t\t<\/div>\n\t\t\t\t<div class=\"elementor-element elementor-element-5f0bd5d elementor-widget elementor-widget-button\" data-id=\"5f0bd5d\" data-element_type=\"widget\" data-e-type=\"widget\" data-widget_type=\"button.default\">\n\t\t\t\t<div class=\"elementor-widget-container\">\n\t\t\t\t\t\t\t\t\t<div class=\"elementor-button-wrapper\">\n\t\t\t\t\t<a class=\"elementor-button elementor-button-link elementor-size-sm\" href=\"https:\/\/www.marriott.com\/en-us\/hotels\/bcnsu-ac-hotel-victoria-suites\/overview\/\">\n\t\t\t\t\t\t<span class=\"elementor-button-content-wrapper\">\n\t\t\t\t\t\t\t\t\t<span class=\"elementor-button-text\">Mehr Informationen<\/span>\n\t\t\t\t\t<\/span>\n\t\t\t\t\t<\/a>\n\t\t\t\t<\/div>\n\t\t\t\t\t\t\t\t<\/div>\n\t\t\t\t<\/div>\n\t\t\t\t<\/div>\n\t\t\t\t\t<\/div>\n\t\t\t\t<\/div>\n\t\t<div class=\"elementor-element elementor-element-7ddfe13 e-flex e-con-boxed e-con e-parent\" data-id=\"7ddfe13\" data-element_type=\"container\" data-e-type=\"container\" data-settings=\"{&quot;background_background&quot;:&quot;classic&quot;}\">\n\t\t\t\t\t<div class=\"e-con-inner\">\n\t\t<div class=\"elementor-element elementor-element-c61a22d e-con-full e-flex e-con e-child\" data-id=\"c61a22d\" data-element_type=\"container\" data-e-type=\"container\">\n\t\t<div class=\"elementor-element elementor-element-07ff297 e-con-full e-flex e-con e-child\" data-id=\"07ff297\" data-element_type=\"container\" data-e-type=\"container\">\n\t\t\t\t<div class=\"elementor-element elementor-element-2caf4bd elementor-widget elementor-widget-heading\" data-id=\"2caf4bd\" data-element_type=\"widget\" data-e-type=\"widget\" data-widget_type=\"heading.default\">\n\t\t\t\t<div class=\"elementor-widget-container\">\n\t\t\t\t\t<h2 class=\"elementor-heading-title elementor-size-default\">HOTEL UPPER DIAGONAL<\/h2>\t\t\t\t<\/div>\n\t\t\t\t<\/div>\n\t\t\t\t<div class=\"elementor-element elementor-element-c91649c elementor-widget elementor-widget-text-editor\" data-id=\"c91649c\" data-element_type=\"widget\" data-e-type=\"widget\" data-widget_type=\"text-editor.default\">\n\t\t\t\t<div class=\"elementor-widget-container\">\n\t\t\t\t\t\t\t\t\t<p>Es gibt eine Unterkunftsm\u00f6glichkeit direkt gegen\u00fcber des Instituts Chiari de Barcelona, die Spezialpreise f\u00fcr unsere Patienten anbietet. Geben beim Buchen an, dass Sie Patient des Institut Chiaris sind.<\/p><p>Das neue Upper Diagonal Hotel hat 40 moderne Zimmer. Es liegt in dem exklusiven und ruhigen Viertel Pedralbes, nut wenige Minuten von der Avenida Diagonal entfernt, eine der gr\u00f6\u00dften und wichtigsten Alleen der Stadt. Das Hotel bietet seinen G\u00e4sten eine einzigartige Erfahrung mit pers\u00f6nlicher Behandlung in einer komfortablen Design-Umgebung.<\/p>\t\t\t\t\t\t\t\t<\/div>\n\t\t\t\t<\/div>\n\t\t\t\t<\/div>\n\t\t<div class=\"elementor-element elementor-element-c572f66 e-con-full e-flex e-con e-child\" data-id=\"c572f66\" data-element_type=\"container\" data-e-type=\"container\">\n\t\t\t\t<div class=\"elementor-element elementor-element-ef11d82 elementor-widget elementor-widget-google_maps\" data-id=\"ef11d82\" data-element_type=\"widget\" data-e-type=\"widget\" data-widget_type=\"google_maps.default\">\n\t\t\t\t<div class=\"elementor-widget-container\">\n\t\t\t\t\t\t\t<div class=\"elementor-custom-embed\">\n\t\t\t<iframe loading=\"lazy\"\n\t\t\t\t\tsrc=\"https:\/\/maps.google.com\/maps?q=Passeig%20Manuel%20Girona%2C%207-21%2008034%2C%20Barcelona&#038;t=m&#038;z=15&#038;output=embed&#038;iwloc=near\"\n\t\t\t\t\ttitle=\"Passeig Manuel Girona, 7-21 08034, Barcelona\"\n\t\t\t\t\taria-label=\"Passeig Manuel Girona, 7-21 08034, Barcelona\"\n\t\t\t><\/iframe>\n\t\t<\/div>\n\t\t\t\t\t\t<\/div>\n\t\t\t\t<\/div>\n\t\t\t\t<\/div>\n\t\t\t\t<\/div>\n\t\t<div class=\"elementor-element elementor-element-32da063 e-con-full e-flex e-con e-child\" data-id=\"32da063\" data-element_type=\"container\" data-e-type=\"container\">\n\t\t\t\t<div class=\"elementor-element elementor-element-ce4abb4 elementor-widget elementor-widget-text-editor\" data-id=\"ce4abb4\" data-element_type=\"widget\" data-e-type=\"widget\" data-widget_type=\"text-editor.default\">\n\t\t\t\t<div class=\"elementor-widget-container\">\n\t\t\t\t\t\t\t\t\t<ul data-start=\"43\" data-end=\"476\"><li data-start=\"43\" data-end=\"476\"><p><strong>Das Hotel bietet ICSEB-Patienten 15% Erm\u00e4\u00dfigung auf den besten Tarif zum Zeitpunkt der Buchung. Patienten k\u00f6nnen von dieser Bedingung nur profitieren, wenn die Reservierung \u00fcber die Webseite des Hotel selbst erfolgt und Sie den Aktionscode\u00a0<u>CLUBUPPER<\/u>\u00a0angeben. Im Falle einer Buchung \u00fcber eine andere Website oder eines nicht erstattbaren Tarifs kann weder der Rabatt angewendet noch die Differenz erstattet werden.<\/strong><\/p><\/li><\/ul>\t\t\t\t\t\t\t\t<\/div>\n\t\t\t\t<\/div>\n\t\t\t\t<div class=\"elementor-element elementor-element-3da41bb elementor-widget elementor-widget-button\" data-id=\"3da41bb\" data-element_type=\"widget\" data-e-type=\"widget\" data-widget_type=\"button.default\">\n\t\t\t\t<div class=\"elementor-widget-container\">\n\t\t\t\t\t\t\t\t\t<div class=\"elementor-button-wrapper\">\n\t\t\t\t\t<a class=\"elementor-button elementor-button-link elementor-size-sm\" href=\"https:\/\/www.hotel-upperdiagonal.com\/rooms\">\n\t\t\t\t\t\t<span class=\"elementor-button-content-wrapper\">\n\t\t\t\t\t\t\t\t\t<span class=\"elementor-button-text\">Mehr Informationen<\/span>\n\t\t\t\t\t<\/span>\n\t\t\t\t\t<\/a>\n\t\t\t\t<\/div>\n\t\t\t\t\t\t\t\t<\/div>\n\t\t\t\t<\/div>\n\t\t\t\t<\/div>\n\t\t\t\t\t<\/div>\n\t\t\t\t<\/div>\n\t\t\t\t<\/div>\n\t\t","protected":false},"excerpt":{"rendered":"<p>Wo \u00fcbernachten? Empfohlene Hotels In diesem Abschnitt gibt das ICSEB Hinweise auf nahegelegene Hotels, die grundlegende Komfortstandards erf\u00fcllen und f\u00fcr Patientinnen und Patienten von Nutzen sein k\u00f6nnen. F\u00fcr diese Empfehlungen wurden zu keinem Zeitpunkt Provisionen angenommen. Das Betreuungsteam des ICSEB besteht aus mehrsprachigen Mitarbeitenden aus verschiedenen L\u00e4ndern. Es \u00fcbernimmt nicht die Rolle von Reiseleitungen; bei [&hellip;]<\/p>\n","protected":false},"author":1,"featured_media":0,"parent":0,"menu_order":15,"comment_status":"closed","ping_status":"closed","template":"","meta":{"footnotes":""},"class_list":["post-46546","page","type-page","status-publish","hentry"],"yoast_head":"<!-- This site is optimized with the Yoast SEO plugin v27.1.1 - https:\/\/yoast.com\/product\/yoast-seo-wordpress\/ -->\n<title>Empfohlene Hotels \u2013 Unterkunft f\u00fcr Patienten | ICSEB<\/title>\n<meta name=\"description\" content=\"ICSEB empfiehlt Hotels nahe dem Institut Chiari de Barcelona, wie das Hotel Upper Diagonal direkt gegen\u00fcber mit speziellen Patiententarifen.\" \/>\n<meta name=\"robots\" content=\"index, follow, max-snippet:-1, max-image-preview:large, max-video-preview:-1\" \/>\n<link rel=\"canonical\" href=\"https:\/\/institutchiaribcn.com\/de\/empfohlene-hotels\/\" \/>\n<meta property=\"og:locale\" content=\"de_DE\" \/>\n<meta property=\"og:type\" content=\"article\" \/>\n<meta property=\"og:title\" content=\"Empfohlene Hotels \u2013 Unterkunft f\u00fcr Patienten | ICSEB\" \/>\n<meta property=\"og:description\" content=\"ICSEB empfiehlt Hotels nahe dem Institut Chiari de Barcelona, wie das Hotel Upper Diagonal direkt gegen\u00fcber mit speziellen Patiententarifen.\" \/>\n<meta property=\"og:url\" content=\"https:\/\/institutchiaribcn.com\/de\/empfohlene-hotels\/\" \/>\n<meta property=\"og:site_name\" content=\"Institut Chiari\" \/>\n<meta property=\"article:modified_time\" content=\"2026-03-23T08:56:29+00:00\" \/>\n<meta name=\"twitter:card\" content=\"summary_large_image\" \/>\n<meta name=\"twitter:label1\" content=\"Gesch\u00e4tzte Lesezeit\" \/>\n\t<meta name=\"twitter:data1\" content=\"4\u00a0Minuten\" \/>\n<script type=\"application\/ld+json\" class=\"yoast-schema-graph\">{\"@context\":\"https:\/\/schema.org\",\"@graph\":[{\"@type\":\"WebPage\",\"@id\":\"https:\/\/institutchiaribcn.com\/de\/empfohlene-hotels\/\",\"url\":\"https:\/\/institutchiaribcn.com\/de\/empfohlene-hotels\/\",\"name\":\"Empfohlene Hotels \u2013 Unterkunft f\u00fcr Patienten | ICSEB\",\"isPartOf\":{\"@id\":\"https:\/\/institutchiaribcn.com\/de\/#website\"},\"datePublished\":\"2025-06-18T06:47:56+00:00\",\"dateModified\":\"2026-03-23T08:56:29+00:00\",\"description\":\"ICSEB empfiehlt Hotels nahe dem Institut Chiari de Barcelona, wie das Hotel Upper Diagonal direkt gegen\u00fcber mit speziellen Patiententarifen.\",\"breadcrumb\":{\"@id\":\"https:\/\/institutchiaribcn.com\/de\/empfohlene-hotels\/#breadcrumb\"},\"inLanguage\":\"de\",\"potentialAction\":[{\"@type\":\"ReadAction\",\"target\":[\"https:\/\/institutchiaribcn.com\/de\/empfohlene-hotels\/\"]}]},{\"@type\":\"BreadcrumbList\",\"@id\":\"https:\/\/institutchiaribcn.com\/de\/empfohlene-hotels\/#breadcrumb\",\"itemListElement\":[{\"@type\":\"ListItem\",\"position\":1,\"name\":\"Portada\",\"item\":\"https:\/\/institutchiaribcn.com\/de\/\"},{\"@type\":\"ListItem\",\"position\":2,\"name\":\"Empfohlene Hotels\"}]},{\"@type\":\"WebSite\",\"@id\":\"https:\/\/institutchiaribcn.com\/de\/#website\",\"url\":\"https:\/\/institutchiaribcn.com\/de\/\",\"name\":\"Institut Chiari de Barcelona\",\"description\":\"\",\"publisher\":{\"@id\":\"https:\/\/institutchiaribcn.com\/de\/#organization\"},\"potentialAction\":[{\"@type\":\"SearchAction\",\"target\":{\"@type\":\"EntryPoint\",\"urlTemplate\":\"https:\/\/institutchiaribcn.com\/de\/?s={search_term_string}\"},\"query-input\":{\"@type\":\"PropertyValueSpecification\",\"valueRequired\":true,\"valueName\":\"search_term_string\"}}],\"inLanguage\":\"de\"},{\"@type\":\"Organization\",\"@id\":\"https:\/\/institutchiaribcn.com\/de\/#organization\",\"name\":\"Institut Chiari de Barcelona\",\"url\":\"https:\/\/institutchiaribcn.com\/de\/\",\"logo\":{\"@type\":\"ImageObject\",\"inLanguage\":\"de\",\"@id\":\"https:\/\/institutchiaribcn.com\/de\/#\/schema\/logo\/image\/\",\"url\":\"https:\/\/institutchiaribcn.com\/wp-content\/uploads\/2025\/10\/cropped-cropped-icsebNavLogo-1.png\",\"contentUrl\":\"https:\/\/institutchiaribcn.com\/wp-content\/uploads\/2025\/10\/cropped-cropped-icsebNavLogo-1.png\",\"width\":245,\"height\":99,\"caption\":\"Institut Chiari de Barcelona\"},\"image\":{\"@id\":\"https:\/\/institutchiaribcn.com\/de\/#\/schema\/logo\/image\/\"}}]}<\/script>\n<!-- \/ Yoast SEO plugin. -->","yoast_head_json":{"title":"Empfohlene Hotels \u2013 Unterkunft f\u00fcr Patienten | ICSEB","description":"ICSEB empfiehlt Hotels nahe dem Institut Chiari de Barcelona, wie das Hotel Upper Diagonal direkt gegen\u00fcber mit speziellen Patiententarifen.","robots":{"index":"index","follow":"follow","max-snippet":"max-snippet:-1","max-image-preview":"max-image-preview:large","max-video-preview":"max-video-preview:-1"},"canonical":"https:\/\/institutchiaribcn.com\/de\/empfohlene-hotels\/","og_locale":"de_DE","og_type":"article","og_title":"Empfohlene Hotels \u2013 Unterkunft f\u00fcr Patienten | ICSEB","og_description":"ICSEB empfiehlt Hotels nahe dem Institut Chiari de Barcelona, wie das Hotel Upper Diagonal direkt gegen\u00fcber mit speziellen Patiententarifen.","og_url":"https:\/\/institutchiaribcn.com\/de\/empfohlene-hotels\/","og_site_name":"Institut Chiari","article_modified_time":"2026-03-23T08:56:29+00:00","twitter_card":"summary_large_image","twitter_misc":{"Gesch\u00e4tzte Lesezeit":"4\u00a0Minuten"},"schema":{"@context":"https:\/\/schema.org","@graph":[{"@type":"WebPage","@id":"https:\/\/institutchiaribcn.com\/de\/empfohlene-hotels\/","url":"https:\/\/institutchiaribcn.com\/de\/empfohlene-hotels\/","name":"Empfohlene Hotels \u2013 Unterkunft f\u00fcr Patienten | ICSEB","isPartOf":{"@id":"https:\/\/institutchiaribcn.com\/de\/#website"},"datePublished":"2025-06-18T06:47:56+00:00","dateModified":"2026-03-23T08:56:29+00:00","description":"ICSEB empfiehlt Hotels nahe dem Institut Chiari de Barcelona, wie das Hotel Upper Diagonal direkt gegen\u00fcber mit speziellen Patiententarifen.","breadcrumb":{"@id":"https:\/\/institutchiaribcn.com\/de\/empfohlene-hotels\/#breadcrumb"},"inLanguage":"de","potentialAction":[{"@type":"ReadAction","target":["https:\/\/institutchiaribcn.com\/de\/empfohlene-hotels\/"]}]},{"@type":"BreadcrumbList","@id":"https:\/\/institutchiaribcn.com\/de\/empfohlene-hotels\/#breadcrumb","itemListElement":[{"@type":"ListItem","position":1,"name":"Portada","item":"https:\/\/institutchiaribcn.com\/de\/"},{"@type":"ListItem","position":2,"name":"Empfohlene Hotels"}]},{"@type":"WebSite","@id":"https:\/\/institutchiaribcn.com\/de\/#website","url":"https:\/\/institutchiaribcn.com\/de\/","name":"Institut Chiari de Barcelona","description":"","publisher":{"@id":"https:\/\/institutchiaribcn.com\/de\/#organization"},"potentialAction":[{"@type":"SearchAction","target":{"@type":"EntryPoint","urlTemplate":"https:\/\/institutchiaribcn.com\/de\/?s={search_term_string}"},"query-input":{"@type":"PropertyValueSpecification","valueRequired":true,"valueName":"search_term_string"}}],"inLanguage":"de"},{"@type":"Organization","@id":"https:\/\/institutchiaribcn.com\/de\/#organization","name":"Institut Chiari de Barcelona","url":"https:\/\/institutchiaribcn.com\/de\/","logo":{"@type":"ImageObject","inLanguage":"de","@id":"https:\/\/institutchiaribcn.com\/de\/#\/schema\/logo\/image\/","url":"https:\/\/institutchiaribcn.com\/wp-content\/uploads\/2025\/10\/cropped-cropped-icsebNavLogo-1.png","contentUrl":"https:\/\/institutchiaribcn.com\/wp-content\/uploads\/2025\/10\/cropped-cropped-icsebNavLogo-1.png","width":245,"height":99,"caption":"Institut Chiari de Barcelona"},"image":{"@id":"https:\/\/institutchiaribcn.com\/de\/#\/schema\/logo\/image\/"}}]}},"_links":{"self":[{"href":"https:\/\/institutchiaribcn.com\/de\/wp-json\/wp\/v2\/pages\/46546","targetHints":{"allow":["GET"]}}],"collection":[{"href":"https:\/\/institutchiaribcn.com\/de\/wp-json\/wp\/v2\/pages"}],"about":[{"href":"https:\/\/institutchiaribcn.com\/de\/wp-json\/wp\/v2\/types\/page"}],"author":[{"embeddable":true,"href":"https:\/\/institutchiaribcn.com\/de\/wp-json\/wp\/v2\/users\/1"}],"replies":[{"embeddable":true,"href":"https:\/\/institutchiaribcn.com\/de\/wp-json\/wp\/v2\/comments?post=46546"}],"version-history":[{"count":4,"href":"https:\/\/institutchiaribcn.com\/de\/wp-json\/wp\/v2\/pages\/46546\/revisions"}],"predecessor-version":[{"id":148127,"href":"https:\/\/institutchiaribcn.com\/de\/wp-json\/wp\/v2\/pages\/46546\/revisions\/148127"}],"wp:attachment":[{"href":"https:\/\/institutchiaribcn.com\/de\/wp-json\/wp\/v2\/media?parent=46546"}],"curies":[{"name":"wp","href":"https:\/\/api.w.org\/{rel}","templated":true}]}}