{"id":41646,"date":"2025-06-18T08:54:45","date_gmt":"2025-06-18T06:54:45","guid":{"rendered":"https:\/\/dev.institutchiaribcn.com\/centri-accreditati\/"},"modified":"2026-02-20T10:35:33","modified_gmt":"2026-02-20T09:35:33","slug":"akkreditierte-zentren","status":"publish","type":"page","link":"https:\/\/institutchiaribcn.com\/de\/akkreditierte-zentren\/","title":{"rendered":"Akkreditierte Zentren"},"content":{"rendered":"\t\t<div data-elementor-type=\"wp-page\" data-elementor-id=\"41646\" class=\"elementor elementor-41646 elementor-242\" data-elementor-post-type=\"page\">\n\t\t\t\t<div class=\"elementor-element elementor-element-1367932 e-flex e-con-boxed e-con e-parent\" data-id=\"1367932\" data-element_type=\"container\" data-e-type=\"container\">\n\t\t\t\t\t<div class=\"e-con-inner\">\n\t\t<div class=\"elementor-element elementor-element-07272b0 e-con-full e-flex e-con e-child\" data-id=\"07272b0\" data-element_type=\"container\" data-e-type=\"container\">\n\t\t\t\t<div class=\"elementor-element elementor-element-e1612a0 elementor-widget elementor-widget-heading\" data-id=\"e1612a0\" data-element_type=\"widget\" data-e-type=\"widget\" data-widget_type=\"heading.default\">\n\t\t\t\t<div class=\"elementor-widget-container\">\n\t\t\t\t\t<h1 class=\"elementor-heading-title elementor-size-default\">Akkreditierte Zentren<\/h1>\t\t\t\t<\/div>\n\t\t\t\t<\/div>\n\t\t\t\t<div class=\"elementor-element elementor-element-70a7ae2 elementor-widget elementor-widget-text-editor\" data-id=\"70a7ae2\" data-element_type=\"widget\" data-e-type=\"widget\" data-widget_type=\"text-editor.default\">\n\t\t\t\t<div class=\"elementor-widget-container\">\n\t\t\t\t\t\t\t\t\t<p><strong>Was bedeutet es, ein Akkreditiertes Zentrum zu sein?<\/strong><\/p><p>Die Akkreditierung ist ein Qualit\u00e4tssiegel, der best\u00e4tigt, dass die Einrichtung, das Zentrum oder die Fachperson, die sich um diese Anerkennung bewirbt, die technischen, wissenschaftlichen und pers\u00f6nlichen Konditionen erf\u00fcllt, welche die\u00a0<a href=\"https:\/\/institutchiaribcn.com\/de\/prasentation-filum-academy-barcelona\/\" target=\"_blank\" rel=\"noopener\"><strong>Filum System<sup>\u00ae<\/sup>\u00a0Methode<\/strong><\/a>\u00a0erf\u00fcllt.<\/p><p>Dieser Garantiesiegel wird von der\u00a0<a href=\"https:\/\/institutchiaribcn.com\/de\/prasentation-filum-academy-barcelona\/\" target=\"_blank\" rel=\"noopener\"><strong>Filum Academy Barcelona<sup>\u00ae<\/sup><\/strong><\/a>\u00a0verliehen, einem K\u00f6rper, der dem \u201c<strong>Institut Chiari &amp; Siringomielia &amp; Escoliosis de Barcelona (ICSEB)<\/strong>\u201d untersteht. Es ist die Aufgabe der Akademie, die Theorie und die Behandlungen zu der Filum Krankheit bekannt zu machen, zu f\u00f6rdern und Ausbildungen dar\u00fcber anzubieten.<\/p>\t\t\t\t\t\t\t\t<\/div>\n\t\t\t\t<\/div>\n\t\t\t\t<\/div>\n\t\t<div class=\"elementor-element elementor-element-3459904 e-con-full e-flex e-con e-child\" data-id=\"3459904\" data-element_type=\"container\" data-e-type=\"container\">\n\t\t<div class=\"elementor-element elementor-element-919675b e-con-full e-flex e-con e-child\" data-id=\"919675b\" data-element_type=\"container\" data-e-type=\"container\" data-settings=\"{&quot;background_background&quot;:&quot;classic&quot;}\">\n\t\t\t\t<div class=\"elementor-element elementor-element-d4e763a elementor-widget elementor-widget-image\" data-id=\"d4e763a\" data-element_type=\"widget\" data-e-type=\"widget\" data-widget_type=\"image.default\">\n\t\t\t\t<div class=\"elementor-widget-container\">\n\t\t\t\t\t\t\t\t\t\t\t\t\t\t\t<img fetchpriority=\"high\" decoding=\"async\" width=\"237\" height=\"213\" src=\"https:\/\/institutchiaribcn.com\/wp-content\/uploads\/2025\/06\/logo-centrum-amg-finanse.jpg\" class=\"attachment-large size-large wp-image-2286\" alt=\"logo centrum amg finanse\" \/>\t\t\t\t\t\t\t\t\t\t\t\t\t\t\t<\/div>\n\t\t\t\t<\/div>\n\t\t\t\t<div class=\"elementor-element elementor-element-9365284 elementor-widget elementor-widget-heading\" data-id=\"9365284\" data-element_type=\"widget\" data-e-type=\"widget\" data-widget_type=\"heading.default\">\n\t\t\t\t<div class=\"elementor-widget-container\">\n\t\t\t\t\t<h3 class=\"elementor-heading-title elementor-size-default\">Centrum Medyczne AMG<\/h3>\t\t\t\t<\/div>\n\t\t\t\t<\/div>\n\t\t\t\t<div class=\"elementor-element elementor-element-1c6f6aa elementor-widget elementor-widget-text-editor\" data-id=\"1c6f6aa\" data-element_type=\"widget\" data-e-type=\"widget\" data-widget_type=\"text-editor.default\">\n\t\t\t\t<div class=\"elementor-widget-container\">\n\t\t\t\t\t\t\t\t\tJedes anerkannte Zentrum erf\u00fcllt strenge wissenschaftliche und technische Standards und gew\u00e4hrleistet eine sichere und moderne Behandlung nach der Filum System<sup>\u00ae<\/sup>-Methode.\t\t\t\t\t\t\t\t<\/div>\n\t\t\t\t<\/div>\n\t\t\t\t<div class=\"elementor-element elementor-element-dcab314 elementor-widget elementor-widget-button\" data-id=\"dcab314\" data-element_type=\"widget\" data-e-type=\"widget\" data-widget_type=\"button.default\">\n\t\t\t\t<div class=\"elementor-widget-container\">\n\t\t\t\t\t\t\t\t\t<div class=\"elementor-button-wrapper\">\n\t\t\t\t\t<a class=\"elementor-button elementor-button-link elementor-size-sm\" href=\"#hospital\">\n\t\t\t\t\t\t<span class=\"elementor-button-content-wrapper\">\n\t\t\t\t\t\t\t\t\t<span class=\"elementor-button-text\">Mehr<\/span>\n\t\t\t\t\t<\/span>\n\t\t\t\t\t<\/a>\n\t\t\t\t<\/div>\n\t\t\t\t\t\t\t\t<\/div>\n\t\t\t\t<\/div>\n\t\t\t\t<\/div>\n\t\t\t\t<\/div>\n\t\t\t\t\t<\/div>\n\t\t\t\t<\/div>\n\t\t<div class=\"elementor-element elementor-element-a625abf e-flex e-con-boxed e-con e-parent\" data-id=\"a625abf\" data-element_type=\"container\" data-e-type=\"container\" id=\"hospital\" data-settings=\"{&quot;background_background&quot;:&quot;classic&quot;}\">\n\t\t\t\t\t<div class=\"e-con-inner\">\n\t\t<div class=\"elementor-element elementor-element-60c5662 e-con-full e-flex e-con e-child\" data-id=\"60c5662\" data-element_type=\"container\" data-e-type=\"container\">\n\t\t\t\t<div class=\"elementor-element elementor-element-5b7a131 elementor-widget elementor-widget-heading\" data-id=\"5b7a131\" data-element_type=\"widget\" data-e-type=\"widget\" data-widget_type=\"heading.default\">\n\t\t\t\t<div class=\"elementor-widget-container\">\n\t\t\t\t\t<h2 class=\"elementor-heading-title elementor-size-default\">Regionales Krankenhaus AMG Centrum Medyczne, Ryki, Kreis Lublin, Polen\n<\/h2>\t\t\t\t<\/div>\n\t\t\t\t<\/div>\n\t\t\t\t<div class=\"elementor-element elementor-element-e335207 elementor-widget elementor-widget-text-editor\" data-id=\"e335207\" data-element_type=\"widget\" data-e-type=\"widget\" data-widget_type=\"text-editor.default\">\n\t\t\t\t<div class=\"elementor-widget-container\">\n\t\t\t\t\t\t\t\t\t<p><strong>GESCHICHTE DES AMG CENTRUM MEDYCZNE<\/strong><\/p><p>Das AMG Centrum Medyczne ist seit dem 1. Juni 2013 f\u00fcr das allgemeine Krankenhaus in der Stadt Ryki zust\u00e4ndig, die auf halbem Weg zwischen der polnischen Hauptstadt Warschau (90 km) und der Hauptstadt der Provinz Lublin (60 km) liegt. Das Regionalkrankenhaus AMG Centrum Medyczne verf\u00fcgt \u00fcber eine Kapazit\u00e4t von 64 Betten und setzt die Tradition und die T\u00e4tigkeit des ehemaligen nationalen (ZOZ Ryki) und dann regionalen Krankenhauses (SPZOZ Ryki) fort, das hier 1957 gegr\u00fcndet wurde.<\/p><p>In den 4 Abteilungen (Innere Medizin, Gyn\u00e4kologie, Allgemein- und Unfallchirurgie) werden durchschnittlich 9.000 Patienten pro Jahr behandelt und durchschnittlich 1.050 Eingriffe pro Jahr durchgef\u00fchrt (Eingriffe, gro\u00dfe und laparoskopische Operationen), einschlie\u00dflich Wirbels\u00e4ulenoperationen (Prof. Krzysztof Turowski). Die pr\u00e4- und postoperative Diagnose und Behandlung erfolgt in spezialisierten Sprechstunden und Diagnoselabors (Endoskopie, Ultraschall, Echokardiographie, Spirometrie, R\u00f6ntgen, CT usw.), die die integrierte Struktur des Krankenhauses mit 25 000 behandelten Patienten pro Jahr bilden.<\/p><p>Dank der st\u00e4ndigen Zusammenarbeit mit Fach\u00e4rzten verschiedener medizinischer Fachrichtungen (Kardiologie, Neurochirurgie, Neurologie, Endokrinologie, Traumatologie, Orthop\u00e4die, Urologie, Pulmologie, onkologische Chirurgie) bietet das Krankenhaus Dienstleistungen an, die \u00fcber die vier im ersten Absatz genannten grundlegenden Fachrichtungen hinausgehen, und deckt so den medizinischen Bedarf der Bev\u00f6lkerung des Kreises Ryki sowie anderer polnischer Regionen und St\u00e4dte.<br \/>Die Leistungen werden dank des Vertrags mit der Sozialversicherung (Narodowy Fundusz Zdrowia \u2013 NFZ) erbracht, und falls die Leistungen nicht im Vertrag mit der NFZ enthalten sind, werden sie auf Kosten des Patienten erbracht.<\/p>\t\t\t\t\t\t\t\t<\/div>\n\t\t\t\t<\/div>\n\t\t\t\t<\/div>\n\t\t<div class=\"elementor-element elementor-element-152a7da e-con-full e-flex e-con e-child\" data-id=\"152a7da\" data-element_type=\"container\" data-e-type=\"container\">\n\t\t<div class=\"elementor-element elementor-element-c6307c9 e-con-full e-flex e-con e-child\" data-id=\"c6307c9\" data-element_type=\"container\" data-e-type=\"container\" data-settings=\"{&quot;sticky&quot;:&quot;top&quot;,&quot;sticky_on&quot;:[&quot;desktop&quot;,&quot;tablet&quot;],&quot;sticky_offset&quot;:140,&quot;sticky_parent&quot;:&quot;yes&quot;,&quot;sticky_effects_offset&quot;:0,&quot;sticky_anchor_link_offset&quot;:0}\">\n\t\t\t\t<div class=\"elementor-element elementor-element-50164a3 elementor-widget elementor-widget-image\" data-id=\"50164a3\" data-element_type=\"widget\" data-e-type=\"widget\" data-widget_type=\"image.default\">\n\t\t\t\t<div class=\"elementor-widget-container\">\n\t\t\t\t\t\t\t\t\t\t\t\t\t\t\t<img decoding=\"async\" width=\"200\" height=\"300\" src=\"https:\/\/institutchiaribcn.com\/wp-content\/uploads\/2025\/06\/Lek_med_Marek_Wojtowicz.png\" class=\"attachment-large size-large wp-image-2321\" alt=\"Lek med Marek Wojtowicz\" \/>\t\t\t\t\t\t\t\t\t\t\t\t\t\t\t<\/div>\n\t\t\t\t<\/div>\n\t\t\t\t<div class=\"elementor-element elementor-element-002c115 elementor-widget elementor-widget-heading\" data-id=\"002c115\" data-element_type=\"widget\" data-e-type=\"widget\" data-widget_type=\"heading.default\">\n\t\t\t\t<div class=\"elementor-widget-container\">\n\t\t\t\t\t<h3 class=\"elementor-heading-title elementor-size-default\">Dr. Marek W\u00f3jtowicz<\/h3>\t\t\t\t<\/div>\n\t\t\t\t<\/div>\n\t\t\t\t<div class=\"elementor-element elementor-element-89cde3b elementor-widget elementor-widget-text-editor\" data-id=\"89cde3b\" data-element_type=\"widget\" data-e-type=\"widget\" data-widget_type=\"text-editor.default\">\n\t\t\t\t<div class=\"elementor-widget-container\">\n\t\t\t\t\t\t\t\t\t<p>AMG CENTRUM MEDYCZNE<\/p>\t\t\t\t\t\t\t\t<\/div>\n\t\t\t\t<\/div>\n\t\t\t\t<div class=\"elementor-element elementor-element-0d3ec30 elementor-widget elementor-widget-button\" data-id=\"0d3ec30\" data-element_type=\"widget\" data-e-type=\"widget\" data-widget_type=\"button.default\">\n\t\t\t\t<div class=\"elementor-widget-container\">\n\t\t\t\t\t\t\t\t\t<div class=\"elementor-button-wrapper\">\n\t\t\t\t\t<a class=\"elementor-button elementor-button-link elementor-size-sm\" href=\"https:\/\/institutchiaribcn.com\/wp-content\/uploads\/2025\/06\/Marek_Wojtowicz_CV_en_Jan_2016.pdf\" target=\"_blank\">\n\t\t\t\t\t\t<span class=\"elementor-button-content-wrapper\">\n\t\t\t\t\t\t\t\t\t<span class=\"elementor-button-text\">Curr\u00edculum vitae<\/span>\n\t\t\t\t\t<\/span>\n\t\t\t\t\t<\/a>\n\t\t\t\t<\/div>\n\t\t\t\t\t\t\t\t<\/div>\n\t\t\t\t<\/div>\n\t\t\t\t<\/div>\n\t\t\t\t<\/div>\n\t\t\t\t\t<\/div>\n\t\t\t\t<\/div>\n\t\t<div class=\"elementor-element elementor-element-f02b35b e-con-full e-flex e-con e-parent\" data-id=\"f02b35b\" data-element_type=\"container\" data-e-type=\"container\">\n\t\t<div class=\"elementor-element elementor-element-35d9ce1 e-con-full e-flex e-con e-child\" data-id=\"35d9ce1\" data-element_type=\"container\" data-e-type=\"container\" data-settings=\"{&quot;background_background&quot;:&quot;classic&quot;}\">\n\t\t\t\t<div class=\"elementor-element elementor-element-c2c39de elementor-widget elementor-widget-heading\" data-id=\"c2c39de\" data-element_type=\"widget\" data-e-type=\"widget\" data-widget_type=\"heading.default\">\n\t\t\t\t<div class=\"elementor-widget-container\">\n\t\t\t\t\t<h2 class=\"elementor-heading-title elementor-size-default\">Szpital Powiatowy AMG Centrum Medyczne\n<\/h2>\t\t\t\t<\/div>\n\t\t\t\t<\/div>\n\t\t\t\t<div class=\"elementor-element elementor-element-7e6b03a elementor-widget elementor-widget-text-editor\" data-id=\"7e6b03a\" data-element_type=\"widget\" data-e-type=\"widget\" data-widget_type=\"text-editor.default\">\n\t\t\t\t<div class=\"elementor-widget-container\">\n\t\t\t\t\t\t\t\t\t<p>Seit 2013 betreibt das AMG Centrum Medyczne das Krankenhaus der Stadt und bietet multidisziplin\u00e4re medizinische Versorgung mit fortschrittlicher Diagnosetechnologie.<\/p>\t\t\t\t\t\t\t\t<\/div>\n\t\t\t\t<\/div>\n\t\t\t\t<div class=\"elementor-element elementor-element-b7b36a1 elementor-icon-list--layout-traditional elementor-list-item-link-full_width elementor-widget elementor-widget-icon-list\" data-id=\"b7b36a1\" data-element_type=\"widget\" data-e-type=\"widget\" data-widget_type=\"icon-list.default\">\n\t\t\t\t<div class=\"elementor-widget-container\">\n\t\t\t\t\t\t\t<ul class=\"elementor-icon-list-items\">\n\t\t\t\t\t\t\t<li class=\"elementor-icon-list-item\">\n\t\t\t\t\t\t\t\t\t\t\t<span class=\"elementor-icon-list-icon\">\n\t\t\t\t\t\t\t<svg aria-hidden=\"true\" class=\"e-font-icon-svg e-far-hospital\" viewBox=\"0 0 448 512\" xmlns=\"http:\/\/www.w3.org\/2000\/svg\"><path d=\"M128 244v-40c0-6.627 5.373-12 12-12h40c6.627 0 12 5.373 12 12v40c0 6.627-5.373 12-12 12h-40c-6.627 0-12-5.373-12-12zm140 12h40c6.627 0 12-5.373 12-12v-40c0-6.627-5.373-12-12-12h-40c-6.627 0-12 5.373-12 12v40c0 6.627 5.373 12 12 12zm-76 84v-40c0-6.627-5.373-12-12-12h-40c-6.627 0-12 5.373-12 12v40c0 6.627 5.373 12 12 12h40c6.627 0 12-5.373 12-12zm76 12h40c6.627 0 12-5.373 12-12v-40c0-6.627-5.373-12-12-12h-40c-6.627 0-12 5.373-12 12v40c0 6.627 5.373 12 12 12zm180 124v36H0v-36c0-6.627 5.373-12 12-12h19.5V85.035C31.5 73.418 42.245 64 55.5 64H144V24c0-13.255 10.745-24 24-24h112c13.255 0 24 10.745 24 24v40h88.5c13.255 0 24 9.418 24 21.035V464H436c6.627 0 12 5.373 12 12zM79.5 463H192v-67c0-6.627 5.373-12 12-12h40c6.627 0 12 5.373 12 12v67h112.5V112H304v24c0 13.255-10.745 24-24 24H168c-13.255 0-24-10.745-24-24v-24H79.5v351zM266 64h-26V38a6 6 0 0 0-6-6h-20a6 6 0 0 0-6 6v26h-26a6 6 0 0 0-6 6v20a6 6 0 0 0 6 6h26v26a6 6 0 0 0 6 6h20a6 6 0 0 0 6-6V96h26a6 6 0 0 0 6-6V70a6 6 0 0 0-6-6z\"><\/path><\/svg>\t\t\t\t\t\t<\/span>\n\t\t\t\t\t\t\t\t\t\t<span class=\"elementor-icon-list-text\">Szpital Powiatowy AMG Centrum Medyczne<\/span>\n\t\t\t\t\t\t\t\t\t<\/li>\n\t\t\t\t\t\t\t\t<li class=\"elementor-icon-list-item\">\n\t\t\t\t\t\t\t\t\t\t\t<a href=\"https:\/\/www.google.com\/maps\/place\/Amg+Centrum+Medyczne+Sp.+Z+O.o.\/@51.766104,20.259456,1357m\/data=!3m1!1e3!4m6!3m5!1s0x47197051f9f1ecc1:0xfafe080455845174!8m2!3d51.7661035!4d20.2594557!16s%2Fg%2F11hzwbqfsb?hl=es&#038;entry=ttu&#038;g_ep=EgoyMDI1MDYxNi4wIKXMDSoASAFQAw%3D%3D\">\n\n\t\t\t\t\t\t\t\t\t\t\t\t<span class=\"elementor-icon-list-icon\">\n\t\t\t\t\t\t\t<svg aria-hidden=\"true\" class=\"e-font-icon-svg e-fas-map-marker-alt\" viewBox=\"0 0 384 512\" xmlns=\"http:\/\/www.w3.org\/2000\/svg\"><path d=\"M172.268 501.67C26.97 291.031 0 269.413 0 192 0 85.961 85.961 0 192 0s192 85.961 192 192c0 77.413-26.97 99.031-172.268 309.67-9.535 13.774-29.93 13.773-39.464 0zM192 272c44.183 0 80-35.817 80-80s-35.817-80-80-80-80 35.817-80 80 35.817 80 80 80z\"><\/path><\/svg>\t\t\t\t\t\t<\/span>\n\t\t\t\t\t\t\t\t\t\t<span class=\"elementor-icon-list-text\">Ryki 08-500 ul. \u017bytnia 23, Polen<\/span>\n\t\t\t\t\t\t\t\t\t\t\t<\/a>\n\t\t\t\t\t\t\t\t\t<\/li>\n\t\t\t\t\t\t<\/ul>\n\t\t\t\t\t\t<\/div>\n\t\t\t\t<\/div>\n\t\t\t\t<\/div>\n\t\t<div class=\"elementor-element elementor-element-17c367a e-con-full e-flex e-con e-child\" data-id=\"17c367a\" data-element_type=\"container\" data-e-type=\"container\">\n\t\t\t\t<div class=\"elementor-element elementor-element-9ad9239 elementor-widget elementor-widget-google_maps\" data-id=\"9ad9239\" data-element_type=\"widget\" data-e-type=\"widget\" data-widget_type=\"google_maps.default\">\n\t\t\t\t<div class=\"elementor-widget-container\">\n\t\t\t\t\t\t\t<div class=\"elementor-custom-embed\">\n\t\t\t<iframe loading=\"lazy\"\n\t\t\t\t\tsrc=\"https:\/\/maps.google.com\/maps?q=Ryki%2008-500%20ul.%20%C5%BBytnia%2023%2C%20Polska&#038;t=m&#038;z=15&#038;output=embed&#038;iwloc=near\"\n\t\t\t\t\ttitle=\"Ryki 08-500 ul. \u017bytnia 23, Polska\"\n\t\t\t\t\taria-label=\"Ryki 08-500 ul. \u017bytnia 23, Polska\"\n\t\t\t><\/iframe>\n\t\t<\/div>\n\t\t\t\t\t\t<\/div>\n\t\t\t\t<\/div>\n\t\t\t\t<\/div>\n\t\t\t\t<\/div>\n\t\t\t\t<\/div>\n\t\t","protected":false},"excerpt":{"rendered":"<p>Akkreditierte Zentren Was bedeutet es, ein Akkreditiertes Zentrum zu sein? Die Akkreditierung ist ein Qualit\u00e4tssiegel, der best\u00e4tigt, dass die Einrichtung, das Zentrum oder die Fachperson, die sich um diese Anerkennung bewirbt, die technischen, wissenschaftlichen und pers\u00f6nlichen Konditionen erf\u00fcllt, welche die\u00a0Filum System\u00ae\u00a0Methode\u00a0erf\u00fcllt. Dieser Garantiesiegel wird von der\u00a0Filum Academy Barcelona\u00ae\u00a0verliehen, einem K\u00f6rper, der dem \u201cInstitut Chiari &amp; [&hellip;]<\/p>\n","protected":false},"author":1,"featured_media":0,"parent":0,"menu_order":24,"comment_status":"closed","ping_status":"closed","template":"","meta":{"footnotes":""},"class_list":["post-41646","page","type-page","status-publish","hentry"],"yoast_head":"<!-- This site is optimized with the Yoast SEO plugin v27.4 - https:\/\/yoast.com\/product\/yoast-seo-wordpress\/ -->\n<title>Akkreditierte ICSEB-Zentren weltweit | ICSEB<\/title>\n<meta name=\"description\" content=\"Liste der akkreditierten ICSEB-Zentren weltweit f\u00fcr Diagnose und Behandlung der Filum-Krankheit und des Arnold-Chiari-Syndroms.\" \/>\n<meta name=\"robots\" content=\"index, follow, max-snippet:-1, max-image-preview:large, max-video-preview:-1\" \/>\n<link rel=\"canonical\" href=\"https:\/\/institutchiaribcn.com\/de\/akkreditierte-zentren\/\" \/>\n<meta property=\"og:locale\" content=\"de_DE\" \/>\n<meta property=\"og:type\" content=\"article\" \/>\n<meta property=\"og:title\" content=\"Akkreditierte ICSEB-Zentren weltweit | ICSEB\" \/>\n<meta property=\"og:description\" content=\"Liste der akkreditierten ICSEB-Zentren weltweit f\u00fcr Diagnose und Behandlung der Filum-Krankheit und des Arnold-Chiari-Syndroms.\" \/>\n<meta property=\"og:url\" content=\"https:\/\/institutchiaribcn.com\/de\/akkreditierte-zentren\/\" \/>\n<meta property=\"og:site_name\" content=\"Institut Chiari\" \/>\n<meta property=\"article:modified_time\" content=\"2026-02-20T09:35:33+00:00\" \/>\n<meta property=\"og:image\" content=\"https:\/\/institutchiaribcn.com\/wp-content\/uploads\/2025\/06\/logo-centrum-amg-finanse.jpg\" \/>\n<meta name=\"twitter:card\" content=\"summary_large_image\" \/>\n<meta name=\"twitter:label1\" content=\"Gesch\u00e4tzte Lesezeit\" \/>\n\t<meta name=\"twitter:data1\" content=\"3\u00a0Minuten\" \/>\n<script type=\"application\/ld+json\" class=\"yoast-schema-graph\">{\"@context\":\"https:\\\/\\\/schema.org\",\"@graph\":[{\"@type\":\"WebPage\",\"@id\":\"https:\\\/\\\/institutchiaribcn.com\\\/de\\\/akkreditierte-zentren\\\/\",\"url\":\"https:\\\/\\\/institutchiaribcn.com\\\/de\\\/akkreditierte-zentren\\\/\",\"name\":\"Akkreditierte ICSEB-Zentren weltweit | ICSEB\",\"isPartOf\":{\"@id\":\"https:\\\/\\\/institutchiaribcn.com\\\/de\\\/#website\"},\"primaryImageOfPage\":{\"@id\":\"https:\\\/\\\/institutchiaribcn.com\\\/de\\\/akkreditierte-zentren\\\/#primaryimage\"},\"image\":{\"@id\":\"https:\\\/\\\/institutchiaribcn.com\\\/de\\\/akkreditierte-zentren\\\/#primaryimage\"},\"thumbnailUrl\":\"https:\\\/\\\/institutchiaribcn.com\\\/wp-content\\\/uploads\\\/2025\\\/06\\\/logo-centrum-amg-finanse.jpg\",\"datePublished\":\"2025-06-18T06:54:45+00:00\",\"dateModified\":\"2026-02-20T09:35:33+00:00\",\"description\":\"Liste der akkreditierten ICSEB-Zentren weltweit f\u00fcr Diagnose und Behandlung der Filum-Krankheit und des Arnold-Chiari-Syndroms.\",\"breadcrumb\":{\"@id\":\"https:\\\/\\\/institutchiaribcn.com\\\/de\\\/akkreditierte-zentren\\\/#breadcrumb\"},\"inLanguage\":\"de\",\"potentialAction\":[{\"@type\":\"ReadAction\",\"target\":[\"https:\\\/\\\/institutchiaribcn.com\\\/de\\\/akkreditierte-zentren\\\/\"]}]},{\"@type\":\"ImageObject\",\"inLanguage\":\"de\",\"@id\":\"https:\\\/\\\/institutchiaribcn.com\\\/de\\\/akkreditierte-zentren\\\/#primaryimage\",\"url\":\"https:\\\/\\\/institutchiaribcn.com\\\/wp-content\\\/uploads\\\/2025\\\/06\\\/logo-centrum-amg-finanse.jpg\",\"contentUrl\":\"https:\\\/\\\/institutchiaribcn.com\\\/wp-content\\\/uploads\\\/2025\\\/06\\\/logo-centrum-amg-finanse.jpg\"},{\"@type\":\"BreadcrumbList\",\"@id\":\"https:\\\/\\\/institutchiaribcn.com\\\/de\\\/akkreditierte-zentren\\\/#breadcrumb\",\"itemListElement\":[{\"@type\":\"ListItem\",\"position\":1,\"name\":\"Portada\",\"item\":\"https:\\\/\\\/institutchiaribcn.com\\\/de\\\/\"},{\"@type\":\"ListItem\",\"position\":2,\"name\":\"Akkreditierte Zentren\"}]},{\"@type\":\"WebSite\",\"@id\":\"https:\\\/\\\/institutchiaribcn.com\\\/de\\\/#website\",\"url\":\"https:\\\/\\\/institutchiaribcn.com\\\/de\\\/\",\"name\":\"Institut Chiari de Barcelona\",\"description\":\"\",\"publisher\":{\"@id\":\"https:\\\/\\\/institutchiaribcn.com\\\/de\\\/#organization\"},\"potentialAction\":[{\"@type\":\"SearchAction\",\"target\":{\"@type\":\"EntryPoint\",\"urlTemplate\":\"https:\\\/\\\/institutchiaribcn.com\\\/de\\\/?s={search_term_string}\"},\"query-input\":{\"@type\":\"PropertyValueSpecification\",\"valueRequired\":true,\"valueName\":\"search_term_string\"}}],\"inLanguage\":\"de\"},{\"@type\":\"Organization\",\"@id\":\"https:\\\/\\\/institutchiaribcn.com\\\/de\\\/#organization\",\"name\":\"Institut Chiari de Barcelona\",\"url\":\"https:\\\/\\\/institutchiaribcn.com\\\/de\\\/\",\"logo\":{\"@type\":\"ImageObject\",\"inLanguage\":\"de\",\"@id\":\"https:\\\/\\\/institutchiaribcn.com\\\/de\\\/#\\\/schema\\\/logo\\\/image\\\/\",\"url\":\"https:\\\/\\\/institutchiaribcn.com\\\/wp-content\\\/uploads\\\/2025\\\/10\\\/cropped-cropped-icsebNavLogo-1.png\",\"contentUrl\":\"https:\\\/\\\/institutchiaribcn.com\\\/wp-content\\\/uploads\\\/2025\\\/10\\\/cropped-cropped-icsebNavLogo-1.png\",\"width\":245,\"height\":99,\"caption\":\"Institut Chiari de Barcelona\"},\"image\":{\"@id\":\"https:\\\/\\\/institutchiaribcn.com\\\/de\\\/#\\\/schema\\\/logo\\\/image\\\/\"}}]}<\/script>\n<!-- \/ Yoast SEO plugin. -->","yoast_head_json":{"title":"Akkreditierte ICSEB-Zentren weltweit | ICSEB","description":"Liste der akkreditierten ICSEB-Zentren weltweit f\u00fcr Diagnose und Behandlung der Filum-Krankheit und des Arnold-Chiari-Syndroms.","robots":{"index":"index","follow":"follow","max-snippet":"max-snippet:-1","max-image-preview":"max-image-preview:large","max-video-preview":"max-video-preview:-1"},"canonical":"https:\/\/institutchiaribcn.com\/de\/akkreditierte-zentren\/","og_locale":"de_DE","og_type":"article","og_title":"Akkreditierte ICSEB-Zentren weltweit | ICSEB","og_description":"Liste der akkreditierten ICSEB-Zentren weltweit f\u00fcr Diagnose und Behandlung der Filum-Krankheit und des Arnold-Chiari-Syndroms.","og_url":"https:\/\/institutchiaribcn.com\/de\/akkreditierte-zentren\/","og_site_name":"Institut Chiari","article_modified_time":"2026-02-20T09:35:33+00:00","og_image":[{"url":"https:\/\/institutchiaribcn.com\/wp-content\/uploads\/2025\/06\/logo-centrum-amg-finanse.jpg","type":"","width":"","height":""}],"twitter_card":"summary_large_image","twitter_misc":{"Gesch\u00e4tzte Lesezeit":"3\u00a0Minuten"},"schema":{"@context":"https:\/\/schema.org","@graph":[{"@type":"WebPage","@id":"https:\/\/institutchiaribcn.com\/de\/akkreditierte-zentren\/","url":"https:\/\/institutchiaribcn.com\/de\/akkreditierte-zentren\/","name":"Akkreditierte ICSEB-Zentren weltweit | ICSEB","isPartOf":{"@id":"https:\/\/institutchiaribcn.com\/de\/#website"},"primaryImageOfPage":{"@id":"https:\/\/institutchiaribcn.com\/de\/akkreditierte-zentren\/#primaryimage"},"image":{"@id":"https:\/\/institutchiaribcn.com\/de\/akkreditierte-zentren\/#primaryimage"},"thumbnailUrl":"https:\/\/institutchiaribcn.com\/wp-content\/uploads\/2025\/06\/logo-centrum-amg-finanse.jpg","datePublished":"2025-06-18T06:54:45+00:00","dateModified":"2026-02-20T09:35:33+00:00","description":"Liste der akkreditierten ICSEB-Zentren weltweit f\u00fcr Diagnose und Behandlung der Filum-Krankheit und des Arnold-Chiari-Syndroms.","breadcrumb":{"@id":"https:\/\/institutchiaribcn.com\/de\/akkreditierte-zentren\/#breadcrumb"},"inLanguage":"de","potentialAction":[{"@type":"ReadAction","target":["https:\/\/institutchiaribcn.com\/de\/akkreditierte-zentren\/"]}]},{"@type":"ImageObject","inLanguage":"de","@id":"https:\/\/institutchiaribcn.com\/de\/akkreditierte-zentren\/#primaryimage","url":"https:\/\/institutchiaribcn.com\/wp-content\/uploads\/2025\/06\/logo-centrum-amg-finanse.jpg","contentUrl":"https:\/\/institutchiaribcn.com\/wp-content\/uploads\/2025\/06\/logo-centrum-amg-finanse.jpg"},{"@type":"BreadcrumbList","@id":"https:\/\/institutchiaribcn.com\/de\/akkreditierte-zentren\/#breadcrumb","itemListElement":[{"@type":"ListItem","position":1,"name":"Portada","item":"https:\/\/institutchiaribcn.com\/de\/"},{"@type":"ListItem","position":2,"name":"Akkreditierte Zentren"}]},{"@type":"WebSite","@id":"https:\/\/institutchiaribcn.com\/de\/#website","url":"https:\/\/institutchiaribcn.com\/de\/","name":"Institut Chiari de Barcelona","description":"","publisher":{"@id":"https:\/\/institutchiaribcn.com\/de\/#organization"},"potentialAction":[{"@type":"SearchAction","target":{"@type":"EntryPoint","urlTemplate":"https:\/\/institutchiaribcn.com\/de\/?s={search_term_string}"},"query-input":{"@type":"PropertyValueSpecification","valueRequired":true,"valueName":"search_term_string"}}],"inLanguage":"de"},{"@type":"Organization","@id":"https:\/\/institutchiaribcn.com\/de\/#organization","name":"Institut Chiari de Barcelona","url":"https:\/\/institutchiaribcn.com\/de\/","logo":{"@type":"ImageObject","inLanguage":"de","@id":"https:\/\/institutchiaribcn.com\/de\/#\/schema\/logo\/image\/","url":"https:\/\/institutchiaribcn.com\/wp-content\/uploads\/2025\/10\/cropped-cropped-icsebNavLogo-1.png","contentUrl":"https:\/\/institutchiaribcn.com\/wp-content\/uploads\/2025\/10\/cropped-cropped-icsebNavLogo-1.png","width":245,"height":99,"caption":"Institut Chiari de Barcelona"},"image":{"@id":"https:\/\/institutchiaribcn.com\/de\/#\/schema\/logo\/image\/"}}]}},"_links":{"self":[{"href":"https:\/\/institutchiaribcn.com\/de\/wp-json\/wp\/v2\/pages\/41646","targetHints":{"allow":["GET"]}}],"collection":[{"href":"https:\/\/institutchiaribcn.com\/de\/wp-json\/wp\/v2\/pages"}],"about":[{"href":"https:\/\/institutchiaribcn.com\/de\/wp-json\/wp\/v2\/types\/page"}],"author":[{"embeddable":true,"href":"https:\/\/institutchiaribcn.com\/de\/wp-json\/wp\/v2\/users\/1"}],"replies":[{"embeddable":true,"href":"https:\/\/institutchiaribcn.com\/de\/wp-json\/wp\/v2\/comments?post=41646"}],"version-history":[{"count":1,"href":"https:\/\/institutchiaribcn.com\/de\/wp-json\/wp\/v2\/pages\/41646\/revisions"}],"predecessor-version":[{"id":145721,"href":"https:\/\/institutchiaribcn.com\/de\/wp-json\/wp\/v2\/pages\/41646\/revisions\/145721"}],"wp:attachment":[{"href":"https:\/\/institutchiaribcn.com\/de\/wp-json\/wp\/v2\/media?parent=41646"}],"curies":[{"name":"wp","href":"https:\/\/api.w.org\/{rel}","templated":true}]}}