{"id":142515,"date":"2025-12-10T08:46:36","date_gmt":"2025-12-10T07:46:36","guid":{"rendered":"https:\/\/institutchiaribcn.com\/resultados-test-automatico-de-la-enfermedad-del-filum\/"},"modified":"2026-02-13T09:53:15","modified_gmt":"2026-02-13T08:53:15","slug":"ergebnisse-des-automatischen-filum-krankheitstests","status":"publish","type":"page","link":"https:\/\/institutchiaribcn.com\/de\/ergebnisse-des-automatischen-filum-krankheitstests\/","title":{"rendered":"Ergebnisse des automatischen Filum-Krankheitstests"},"content":{"rendered":"\t\t<div data-elementor-type=\"wp-page\" data-elementor-id=\"142515\" class=\"elementor elementor-142515 elementor-142472\" data-elementor-post-type=\"page\">\n\t\t\t\t<div class=\"elementor-element elementor-element-ca9c607 e-flex e-con-boxed e-con e-parent\" data-id=\"ca9c607\" data-element_type=\"container\" data-e-type=\"container\">\n\t\t\t\t\t<div class=\"e-con-inner\">\n\t\t\t\t<div class=\"elementor-element elementor-element-ccc4349 elementor-widget elementor-widget-shortcode\" data-id=\"ccc4349\" data-element_type=\"widget\" data-e-type=\"widget\" data-widget_type=\"shortcode.default\">\n\t\t\t\t<div class=\"elementor-widget-container\">\n\t\t\t\t\t\t\t<div class=\"elementor-shortcode\"><div class=\"alert alert-warning\">No se ha recibido ning\u00fan resultado.<\/div><\/div>\n\t\t\t\t\t\t<\/div>\n\t\t\t\t<\/div>\n\t\t\t\t<div class=\"elementor-element elementor-element-d9d3f98 elementor-widget elementor-widget-text-editor\" data-id=\"d9d3f98\" data-element_type=\"widget\" data-e-type=\"widget\" data-widget_type=\"text-editor.default\">\n\t\t\t\t<div class=\"elementor-widget-container\">\n\t\t\t\t\t\t\t\t\t<p style=\"font-size: 18px; font-style: italic;\">Den Forschungen des ICSEB zufolge liegt die Ursache f\u00fcr die Filum-Krankheit (FK), einem neuen Krankheitskonzept, in einer anormalen kaudalen (\u201czum Steissbein hin\u201d) Zugkraft, die auf das ganze Nervensystem wirkt und alle menschlichen Wesen betrifft. Dieses Krankheitskonzept beinhaltet Krankheiten mit unbekannten Ursachen so wie Skoliose, Kyphose, Hyperlordose, Verlust der physiologischen Kr\u00fcmmungen der Wirbels\u00e4ule sowie idiopathische Syringomyelie, das Arnold-Chiari Syndrome Typ I, Platybasie, Basil\u00e4re Invagination, Dorsalverlagerung des Dens Axis, Abwinklung (Kinking) des Hirnstamms, Enuresis nocturna und verl\u00e4ngertes Wasserlassen, sowie einige F\u00e4lle von Fibromyalgie und chronischem Ersch\u00f6pfungssyndrom, einige hormonelle St\u00f6rungen, depressive Syndrome und andere.  <\/p>\t\t\t\t\t\t\t\t<\/div>\n\t\t\t\t<\/div>\n\t\t<div class=\"elementor-element elementor-element-109c9c1 e-con-full e-flex e-con e-child\" data-id=\"109c9c1\" data-element_type=\"container\" data-e-type=\"container\">\n\t\t\t\t<div class=\"elementor-element elementor-element-82bcc8a elementor-widget elementor-widget-heading\" data-id=\"82bcc8a\" data-element_type=\"widget\" data-e-type=\"widget\" data-widget_type=\"heading.default\">\n\t\t\t\t<div class=\"elementor-widget-container\">\n\t\t\t\t\t<h2 class=\"elementor-heading-title elementor-size-default\"><span>Ben\u00f6tigen Sie Hilfe?<\/span> Wir sind f\u00fcr Sie da.<\/h2>\t\t\t\t<\/div>\n\t\t\t\t<\/div>\n\t\t\t\t<div class=\"elementor-element elementor-element-cab1f0b elementor-widget elementor-widget-text-editor\" data-id=\"cab1f0b\" data-element_type=\"widget\" data-e-type=\"widget\" data-widget_type=\"text-editor.default\">\n\t\t\t\t<div class=\"elementor-widget-container\">\n\t\t\t\t\t\t\t\t\t<p data-start=\"283\" data-end=\"477\">Alle Anfragen, die wir \u00fcber dieses Formular oder per E-Mail erhalten, werden direkt von unserem \u00c4rzteteam unter der Leitung von Dr. med. Miguel B. Royo- Salvador gepr\u00fcft.<\/p>\n<p data-start=\"479\" data-end=\"544\">Die Antwort ist kostenlos und Sie erhalten sie in Ihrer Sprache oder auf Englisch.<\/p>\t\t\t\t\t\t\t\t<\/div>\n\t\t\t\t<\/div>\n\t\t\t\t<div class=\"elementor-element elementor-element-395953d elementor-widget elementor-widget-shortcode\" data-id=\"395953d\" data-element_type=\"widget\" data-e-type=\"widget\" data-widget_type=\"shortcode.default\">\n\t\t\t\t<div class=\"elementor-widget-container\">\n\t\t\t\t\t\t\t<div class=\"elementor-shortcode\">\t\t<div data-elementor-type=\"container\" data-elementor-id=\"114822\" class=\"elementor elementor-114822 elementor-114786 elementor-114786\" data-elementor-post-type=\"elementor_library\">\n\t\t\t\t<div class=\"elementor-element elementor-element-4fdff23 e-con-full e-flex e-con e-child\" data-id=\"4fdff23\" data-element_type=\"container\" data-e-type=\"container\">\n\t\t\t\t<div class=\"elementor-element elementor-element-28f0279 elementor-button-align-center elementor-widget__width-initial elementor-tablet-button-align-stretch elementor-mobile-button-align-stretch elementor-widget elementor-widget-form\" data-id=\"28f0279\" data-element_type=\"widget\" data-e-type=\"widget\" data-settings=\"{&quot;step_next_label&quot;:&quot;Next&quot;,&quot;step_previous_label&quot;:&quot;Previous&quot;,&quot;step_type&quot;:&quot;number_text&quot;,&quot;step_icon_shape&quot;:&quot;circle&quot;}\" data-widget_type=\"form.default\">\n\t\t\t\t<div class=\"elementor-widget-container\">\n\t\t\t\t\t\t\t<form class=\"elementor-form\" method=\"post\" name=\"New Form\" aria-label=\"New Form\">\n\t\t\t<input type=\"hidden\" name=\"post_id\" value=\"114822\"\/>\n\t\t\t<input type=\"hidden\" name=\"form_id\" value=\"28f0279\"\/>\n\t\t\t<input type=\"hidden\" name=\"referer_title\" value=\"Institut Chiari\" \/>\n\n\t\t\t\n\t\t\t<div class=\"elementor-form-fields-wrapper elementor-labels-\">\n\t\t\t\t\t\t\t\t<div class=\"elementor-field-type-text elementor-field-group elementor-column elementor-field-group-name elementor-col-50\">\n\t\t\t\t\t\t\t\t\t\t\t\t<label for=\"form-field-name\" class=\"elementor-field-label elementor-screen-only\">\n\t\t\t\t\t\t\t\tVor- und Nachname Patient\/in\t\t\t\t\t\t\t<\/label>\n\t\t\t\t\t\t\t\t\t\t\t\t\t\t<input size=\"1\" type=\"text\" name=\"form_fields[name]\" id=\"form-field-name\" class=\"elementor-field elementor-size-sm  elementor-field-textual\" placeholder=\"Vor- und Nachname Patient\/in\">\n\t\t\t\t\t\t\t\t\t\t\t<\/div>\n\t\t\t\t\t\t\t\t<div class=\"elementor-field-type-text elementor-field-group elementor-column elementor-field-group-consultor elementor-col-50\">\n\t\t\t\t\t\t\t\t\t\t\t\t<label for=\"form-field-consultor\" class=\"elementor-field-label elementor-screen-only\">\n\t\t\t\t\t\t\t\tVor- und Nachname Kontaktperson (falls nicht der\/die Patient\/in selbst)\t\t\t\t\t\t\t<\/label>\n\t\t\t\t\t\t\t\t\t\t\t\t\t\t<input size=\"1\" type=\"text\" name=\"form_fields[consultor]\" id=\"form-field-consultor\" class=\"elementor-field elementor-size-sm  elementor-field-textual\" placeholder=\"Vor- und Nachname Kontaktperson (falls nicht der\/die Patient\/in selbst)\">\n\t\t\t\t\t\t\t\t\t\t\t<\/div>\n\t\t\t\t\t\t\t\t<div class=\"elementor-field-type-tel elementor-field-group elementor-column elementor-field-group-message elementor-col-50\">\n\t\t\t\t\t\t\t\t\t\t\t\t<label for=\"form-field-message\" class=\"elementor-field-label elementor-screen-only\">\n\t\t\t\t\t\t\t\tTelefonnummer\t\t\t\t\t\t\t<\/label>\n\t\t\t\t\t\t\t\t<input size=\"1\" type=\"tel\" name=\"form_fields[message]\" id=\"form-field-message\" class=\"elementor-field elementor-size-sm  elementor-field-textual\" placeholder=\"Telefonnummer\" pattern=\"[0-9()#&amp;+*-=.]+\" title=\"Only numbers and phone characters (#, -, *, etc) are accepted.\">\n\n\t\t\t\t\t\t<\/div>\n\t\t\t\t\t\t\t\t<div class=\"elementor-field-type-email elementor-field-group elementor-column elementor-field-group-field_856733b elementor-col-50 elementor-field-required\">\n\t\t\t\t\t\t\t\t\t\t\t\t<label for=\"form-field-field_856733b\" class=\"elementor-field-label elementor-screen-only\">\n\t\t\t\t\t\t\t\tE-mail.\t\t\t\t\t\t\t<\/label>\n\t\t\t\t\t\t\t\t\t\t\t\t\t\t<input size=\"1\" type=\"email\" name=\"form_fields[field_856733b]\" id=\"form-field-field_856733b\" class=\"elementor-field elementor-size-sm  elementor-field-textual\" placeholder=\"E-mail. Bitte \u00fcberpr\u00fcfen Sie richtige Angabe Ihrer E-Mail Adresse.\" required=\"required\">\n\t\t\t\t\t\t\t\t\t\t\t<\/div>\n\t\t\t\t\t\t\t\t<div class=\"elementor-field-type-select elementor-field-group elementor-column elementor-field-group-field_a251d38 elementor-col-100\">\n\t\t\t\t\t\t\t\t\t\t\t\t<label for=\"form-field-field_a251d38\" class=\"elementor-field-label elementor-screen-only\">\n\t\t\t\t\t\t\t\tDeutsch\t\t\t\t\t\t\t<\/label>\n\t\t\t\t\t\t\t\t<div class=\"elementor-field elementor-select-wrapper remove-before \">\n\t\t\t<div class=\"select-caret-down-wrapper\">\n\t\t\t\t<svg aria-hidden=\"true\" class=\"e-font-icon-svg e-eicon-caret-down\" viewBox=\"0 0 571.4 571.4\" xmlns=\"http:\/\/www.w3.org\/2000\/svg\"><path d=\"M571 393Q571 407 561 418L311 668Q300 679 286 679T261 668L11 418Q0 407 0 393T11 368 36 357H536Q550 357 561 368T571 393Z\"><\/path><\/svg>\t\t\t<\/div>\n\t\t\t<select name=\"form_fields[field_a251d38]\" id=\"form-field-field_a251d38\" class=\"elementor-field-textual elementor-size-sm\">\n\t\t\t\t\t\t\t\t\t<option value=\"deutsch\" selected=\"selected\">Deutsch<\/option>\n\t\t\t\t\t\t\t\t\t<option value=\"espa\u00f1ol\">Espa\u00f1ol<\/option>\n\t\t\t\t\t\t\t\t\t<option value=\"catala\">Catal\u00e0<\/option>\n\t\t\t\t\t\t\t\t\t<option value=\"Fran\u00e7ais\">Fran\u00e7ais<\/option>\n\t\t\t\t\t\t\t\t\t<option value=\" \u0627\u0644\u0639\u0631\u0628\u064a\u0629\"> \u0627\u0644\u0639\u0631\u0628\u064a\u0629<\/option>\n\t\t\t\t\t\t\t\t\t<option value=\"english\">English<\/option>\n\t\t\t\t\t\t\t\t\t<option value=\"italiano\">Italiano<\/option>\n\t\t\t\t\t\t\t\t\t<option value=\"\u0420\u0443\u0441\u0441\u043a\u0438\u0439\">\u0420\u0443\u0441\u0441\u043a\u0438\u0439<\/option>\n\t\t\t\t\t\t\t\t\t<option value=\"deutsch\" selected=\"selected\">Deutsch<\/option>\n\t\t\t\t\t\t\t\t\t<option value=\"\u4e2d\u6587 (\u7e41\u9ad4)\">\u4e2d\u6587 (\u7e41\u9ad4)<\/option>\n\t\t\t\t\t\t\t\t\t<option value=\"\u4e2d\u6587 (\u7b80\u4f53)\">\u4e2d\u6587 (\u7b80\u4f53)<\/option>\n\t\t\t\t\t\t\t\t\t<option value=\"Polski\">Polski<\/option>\n\t\t\t\t\t\t\t\t\t<option value=\"Portugu\u00eas\">Portugu\u00eas<\/option>\n\t\t\t\t\t\t\t\t\t<option value=\"\u65e5\u672c\u8a9e\">\u65e5\u672c\u8a9e<\/option>\n\t\t\t\t\t\t\t\t\t<option value=\"\ud55c\uad6d\uc5b4\">\ud55c\uad6d\uc5b4<\/option>\n\t\t\t\t\t\t\t\t\t<option value=\"\"><\/option>\n\t\t\t\t\t\t\t<\/select>\n\t\t<\/div>\n\t\t\t\t\t\t<\/div>\n\t\t\t\t\t\t\t\t<div class=\"elementor-field-type-text elementor-field-group elementor-column elementor-field-group-field_fdb645f elementor-col-50\">\n\t\t\t\t\t\t\t\t\t\t\t\t<label for=\"form-field-field_fdb645f\" class=\"elementor-field-label elementor-screen-only\">\n\t\t\t\t\t\t\t\tStadt und Land\t\t\t\t\t\t\t<\/label>\n\t\t\t\t\t\t\t\t\t\t\t\t\t\t<input size=\"1\" type=\"text\" name=\"form_fields[field_fdb645f]\" id=\"form-field-field_fdb645f\" class=\"elementor-field elementor-size-sm  elementor-field-textual\" placeholder=\"Stadt und Land\">\n\t\t\t\t\t\t\t\t\t\t\t<\/div>\n\t\t\t\t\t\t\t\t<div class=\"elementor-field-type-text elementor-field-group elementor-column elementor-field-group-field_1e2241c elementor-col-50\">\n\t\t\t\t\t\t\t\t\t\t\t\t<label for=\"form-field-field_1e2241c\" class=\"elementor-field-label elementor-screen-only\">\n\t\t\t\t\t\t\t\tAlter\t\t\t\t\t\t\t<\/label>\n\t\t\t\t\t\t\t\t\t\t\t\t\t\t<input size=\"1\" type=\"text\" name=\"form_fields[field_1e2241c]\" id=\"form-field-field_1e2241c\" class=\"elementor-field elementor-size-sm  elementor-field-textual\" placeholder=\"Alter\">\n\t\t\t\t\t\t\t\t\t\t\t<\/div>\n\t\t\t\t\t\t\t\t<div class=\"elementor-field-type-text elementor-field-group elementor-column elementor-field-group-field_d641f26 elementor-col-100\">\n\t\t\t\t\t\t\t\t\t\t\t\t<label for=\"form-field-field_d641f26\" class=\"elementor-field-label elementor-screen-only\">\n\t\t\t\t\t\t\t\tDiagnose\t\t\t\t\t\t\t<\/label>\n\t\t\t\t\t\t\t\t\t\t\t\t\t\t<input size=\"1\" type=\"text\" name=\"form_fields[field_d641f26]\" id=\"form-field-field_d641f26\" class=\"elementor-field elementor-size-sm  elementor-field-textual\" placeholder=\"Diagnose\">\n\t\t\t\t\t\t\t\t\t\t\t<\/div>\n\t\t\t\t\t\t\t\t<div class=\"elementor-field-type-textarea elementor-field-group elementor-column elementor-field-group-field_517ccd3 elementor-col-100\">\n\t\t\t\t\t\t\t\t\t\t\t\t<label for=\"form-field-field_517ccd3\" class=\"elementor-field-label elementor-screen-only\">\n\t\t\t\t\t\t\t\tIhre Anfrage\t\t\t\t\t\t\t<\/label>\n\t\t\t\t\t\t<textarea class=\"elementor-field-textual elementor-field  elementor-size-sm\" name=\"form_fields[field_517ccd3]\" id=\"form-field-field_517ccd3\" rows=\"4\" placeholder=\"Ihre Anfrage\"><\/textarea>\t\t\t\t<\/div>\n\t\t\t\t\t\t\t\t<div class=\"elementor-field-type-acceptance elementor-field-group elementor-column elementor-field-group-field_1d6fb15 elementor-col-100 elementor-field-required\">\n\t\t\t\t\t\t\t\t\t\t\t\t<label for=\"form-field-field_1d6fb15\" class=\"elementor-field-label elementor-screen-only\">\n\t\t\t\t\t\t\t\tPol\u00edtica de privacidad\t\t\t\t\t\t\t<\/label>\n\t\t\t\t\t\t\t\t<div class=\"elementor-field-subgroup\">\n\t\t\t<span class=\"elementor-field-option\">\n\t\t\t\t<input type=\"checkbox\" name=\"form_fields[field_1d6fb15]\" id=\"form-field-field_1d6fb15\" class=\"elementor-field elementor-size-sm  elementor-acceptance-field\" required=\"required\">\n\t\t\t\t<label for=\"form-field-field_1d6fb15\"><a href=\"\/de\/impressum\/\">Ich akzeptiere die rechtlichen Bedingungen und stimme der Behandlung meiner <br>pers\u00f6nlichen Daten gem\u00e4ss EU Verordnung 2016\/679 ausdr\u00fccklich zu.<br>              Verwendungszweck: erforderlich, um Ihre Anfrage beantworten zu k\u00f6nnen.<\/a><\/label>\t\t\t<\/span>\n\t\t<\/div>\n\t\t\t\t\t\t<\/div>\n\t\t\t\t\t\t\t\t<div class=\"elementor-field-type-recaptcha_v3 elementor-field-group elementor-column elementor-field-group-field_8f3e6a1 elementor-col-100 recaptcha_v3-bottomright\">\n\t\t\t\t\t<div class=\"elementor-field\" id=\"form-field-field_8f3e6a1\"><div class=\"elementor-g-recaptcha\" data-sitekey=\"6LfKPPwrAAAAADQG2azuG7c6dwP67noUhSeWb4wS\" data-type=\"v3\" data-action=\"Form\" data-badge=\"bottomright\" data-size=\"invisible\"><\/div><\/div>\t\t\t\t<\/div>\n\t\t\t\t\t\t\t\t<div class=\"elementor-field-type-text\">\n\t\t\t\t\t<input size=\"1\" type=\"text\" name=\"form_fields[field_2c9e7e8]\" id=\"form-field-field_2c9e7e8\" class=\"elementor-field elementor-size-sm \" style=\"display:none !important;\">\t\t\t\t<\/div>\n\t\t\t\t\t\t\t\t<div class=\"elementor-field-type-hidden elementor-field-group elementor-column elementor-field-group-page_title elementor-col-100\">\n\t\t\t\t\t\t\t\t\t\t\t\t\t<input size=\"1\" type=\"hidden\" name=\"form_fields[page_title]\" id=\"form-field-page_title\" class=\"elementor-field elementor-size-sm  elementor-field-textual\">\n\t\t\t\t\t\t\t\t\t\t\t<\/div>\n\t\t\t\t\t\t\t\t<div class=\"elementor-field-type-hidden elementor-field-group elementor-column elementor-field-group-gclid elementor-col-100\">\n\t\t\t\t\t\t\t\t\t\t\t\t\t<input size=\"1\" type=\"hidden\" name=\"form_fields[gclid]\" id=\"form-field-gclid\" class=\"elementor-field elementor-size-sm  elementor-field-textual\">\n\t\t\t\t\t\t\t\t\t\t\t<\/div>\n\t\t\t\t\t\t\t\t<div class=\"elementor-field-type-hidden elementor-field-group elementor-column elementor-field-group-gad_source elementor-col-100\">\n\t\t\t\t\t\t\t\t\t\t\t\t\t<input size=\"1\" type=\"hidden\" name=\"form_fields[gad_source]\" id=\"form-field-gad_source\" class=\"elementor-field elementor-size-sm  elementor-field-textual\">\n\t\t\t\t\t\t\t\t\t\t\t<\/div>\n\t\t\t\t\t\t\t\t<div class=\"elementor-field-type-hidden elementor-field-group elementor-column elementor-field-group-gad_campaignid elementor-col-100\">\n\t\t\t\t\t\t\t\t\t\t\t\t\t<input size=\"1\" type=\"hidden\" name=\"form_fields[gad_campaignid]\" id=\"form-field-gad_campaignid\" class=\"elementor-field elementor-size-sm  elementor-field-textual\">\n\t\t\t\t\t\t\t\t\t\t\t<\/div>\n\t\t\t\t\t\t\t\t<div class=\"elementor-field-group elementor-column elementor-field-type-submit elementor-col-100 e-form__buttons\">\n\t\t\t\t\t<button class=\"elementor-button elementor-size-xs\" type=\"submit\">\n\t\t\t\t\t\t<span class=\"elementor-button-content-wrapper\">\n\t\t\t\t\t\t\t\t\t\t\t\t\t\t\t<span class=\"elementor-button-icon\">\n\t\t\t\t\t\t\t\t\t<svg aria-hidden=\"true\" class=\"e-font-icon-svg e-fas-paper-plane\" viewBox=\"0 0 512 512\" xmlns=\"http:\/\/www.w3.org\/2000\/svg\"><path d=\"M476 3.2L12.5 270.6c-18.1 10.4-15.8 35.6 2.2 43.2L121 358.4l287.3-253.2c5.5-4.9 13.3 2.6 8.6 8.3L176 407v80.5c0 23.6 28.5 32.9 42.5 15.8L282 426l124.6 52.2c14.2 6 30.4-2.9 33-18.2l72-432C515 7.8 493.3-6.8 476 3.2z\"><\/path><\/svg>\t\t\t\t\t\t\t\t\t\t\t\t\t\t\t\t\t<\/span>\n\t\t\t\t\t\t\t\t\t\t\t\t\t\t\t\t\t\t\t\t\t\t<span class=\"elementor-button-text\"> Absenden<\/span>\n\t\t\t\t\t\t\t\t\t\t\t\t\t<\/span>\n\t\t\t\t\t<\/button>\n\t\t\t\t<\/div>\n\t\t\t<\/div>\n\t\t<\/form>\n\t\t\t\t\t\t<\/div>\n\t\t\t\t<\/div>\n\t\t\t\t<\/div>\n\t\t\t\t<\/div>\n\t\t<\/div>\n\t\t\t\t\t\t<\/div>\n\t\t\t\t<\/div>\n\t\t\t\t<\/div>\n\t\t\t\t\t<\/div>\n\t\t\t\t<\/div>\n\t\t\t\t<\/div>\n\t\t","protected":false},"excerpt":{"rendered":"<p>Den Forschungen des ICSEB zufolge liegt die Ursache f\u00fcr die Filum-Krankheit (FK), einem neuen Krankheitskonzept, in einer anormalen kaudalen (\u201czum Steissbein hin\u201d) Zugkraft, die auf das ganze Nervensystem wirkt und alle menschlichen Wesen betrifft. Dieses Krankheitskonzept beinhaltet Krankheiten mit unbekannten Ursachen so wie Skoliose, Kyphose, Hyperlordose, Verlust der physiologischen Kr\u00fcmmungen der Wirbels\u00e4ule sowie idiopathische Syringomyelie, [&hellip;]<\/p>\n","protected":false},"author":1,"featured_media":0,"parent":0,"menu_order":0,"comment_status":"closed","ping_status":"closed","template":"","meta":{"footnotes":""},"class_list":["post-142515","page","type-page","status-publish","hentry"],"yoast_head":"<!-- This site is optimized with the Yoast SEO plugin v27.1.1 - https:\/\/yoast.com\/product\/yoast-seo-wordpress\/ -->\n<title>Ergebnisse des automatischen Filum-Krankheitstests | ICSEB<\/title>\n<meta name=\"description\" content=\"Ergebnisse des automatischen Filum-Tests beim ICSEB mit erster Orientierung zu Symptomen sowie Zusammenh\u00e4ngen mit Chiari und Syringomyelie.\" \/>\n<meta name=\"robots\" content=\"index, follow, max-snippet:-1, max-image-preview:large, max-video-preview:-1\" \/>\n<link rel=\"canonical\" href=\"https:\/\/institutchiaribcn.com\/de\/ergebnisse-des-automatischen-filum-krankheitstests\/\" \/>\n<meta property=\"og:locale\" content=\"de_DE\" \/>\n<meta property=\"og:type\" content=\"article\" \/>\n<meta property=\"og:title\" content=\"Ergebnisse des automatischen Filum-Krankheitstests | ICSEB\" \/>\n<meta property=\"og:description\" content=\"Ergebnisse des automatischen Filum-Tests beim ICSEB mit erster Orientierung zu Symptomen sowie Zusammenh\u00e4ngen mit Chiari und Syringomyelie.\" \/>\n<meta property=\"og:url\" content=\"https:\/\/institutchiaribcn.com\/de\/ergebnisse-des-automatischen-filum-krankheitstests\/\" \/>\n<meta property=\"og:site_name\" content=\"Institut Chiari\" \/>\n<meta property=\"article:modified_time\" content=\"2026-02-13T08:53:15+00:00\" \/>\n<meta name=\"twitter:card\" content=\"summary_large_image\" \/>\n<meta name=\"twitter:label1\" content=\"Gesch\u00e4tzte Lesezeit\" \/>\n\t<meta name=\"twitter:data1\" content=\"1\u00a0Minute\" \/>\n<script type=\"application\/ld+json\" class=\"yoast-schema-graph\">{\"@context\":\"https:\/\/schema.org\",\"@graph\":[{\"@type\":\"WebPage\",\"@id\":\"https:\/\/institutchiaribcn.com\/de\/ergebnisse-des-automatischen-filum-krankheitstests\/\",\"url\":\"https:\/\/institutchiaribcn.com\/de\/ergebnisse-des-automatischen-filum-krankheitstests\/\",\"name\":\"Ergebnisse des automatischen Filum-Krankheitstests | ICSEB\",\"isPartOf\":{\"@id\":\"https:\/\/institutchiaribcn.com\/de\/#website\"},\"datePublished\":\"2025-12-10T07:46:36+00:00\",\"dateModified\":\"2026-02-13T08:53:15+00:00\",\"description\":\"Ergebnisse des automatischen Filum-Tests beim ICSEB mit erster Orientierung zu Symptomen sowie Zusammenh\u00e4ngen mit Chiari und Syringomyelie.\",\"breadcrumb\":{\"@id\":\"https:\/\/institutchiaribcn.com\/de\/ergebnisse-des-automatischen-filum-krankheitstests\/#breadcrumb\"},\"inLanguage\":\"de\",\"potentialAction\":[{\"@type\":\"ReadAction\",\"target\":[\"https:\/\/institutchiaribcn.com\/de\/ergebnisse-des-automatischen-filum-krankheitstests\/\"]}]},{\"@type\":\"BreadcrumbList\",\"@id\":\"https:\/\/institutchiaribcn.com\/de\/ergebnisse-des-automatischen-filum-krankheitstests\/#breadcrumb\",\"itemListElement\":[{\"@type\":\"ListItem\",\"position\":1,\"name\":\"Portada\",\"item\":\"https:\/\/institutchiaribcn.com\/de\/\"},{\"@type\":\"ListItem\",\"position\":2,\"name\":\"Ergebnisse des automatischen Filum-Krankheitstests\"}]},{\"@type\":\"WebSite\",\"@id\":\"https:\/\/institutchiaribcn.com\/de\/#website\",\"url\":\"https:\/\/institutchiaribcn.com\/de\/\",\"name\":\"Institut Chiari de Barcelona\",\"description\":\"\",\"publisher\":{\"@id\":\"https:\/\/institutchiaribcn.com\/de\/#organization\"},\"potentialAction\":[{\"@type\":\"SearchAction\",\"target\":{\"@type\":\"EntryPoint\",\"urlTemplate\":\"https:\/\/institutchiaribcn.com\/de\/?s={search_term_string}\"},\"query-input\":{\"@type\":\"PropertyValueSpecification\",\"valueRequired\":true,\"valueName\":\"search_term_string\"}}],\"inLanguage\":\"de\"},{\"@type\":\"Organization\",\"@id\":\"https:\/\/institutchiaribcn.com\/de\/#organization\",\"name\":\"Institut Chiari de Barcelona\",\"url\":\"https:\/\/institutchiaribcn.com\/de\/\",\"logo\":{\"@type\":\"ImageObject\",\"inLanguage\":\"de\",\"@id\":\"https:\/\/institutchiaribcn.com\/de\/#\/schema\/logo\/image\/\",\"url\":\"https:\/\/institutchiaribcn.com\/wp-content\/uploads\/2025\/10\/cropped-cropped-icsebNavLogo-1.png\",\"contentUrl\":\"https:\/\/institutchiaribcn.com\/wp-content\/uploads\/2025\/10\/cropped-cropped-icsebNavLogo-1.png\",\"width\":245,\"height\":99,\"caption\":\"Institut Chiari de Barcelona\"},\"image\":{\"@id\":\"https:\/\/institutchiaribcn.com\/de\/#\/schema\/logo\/image\/\"}}]}<\/script>\n<!-- \/ Yoast SEO plugin. -->","yoast_head_json":{"title":"Ergebnisse des automatischen Filum-Krankheitstests | ICSEB","description":"Ergebnisse des automatischen Filum-Tests beim ICSEB mit erster Orientierung zu Symptomen sowie Zusammenh\u00e4ngen mit Chiari und Syringomyelie.","robots":{"index":"index","follow":"follow","max-snippet":"max-snippet:-1","max-image-preview":"max-image-preview:large","max-video-preview":"max-video-preview:-1"},"canonical":"https:\/\/institutchiaribcn.com\/de\/ergebnisse-des-automatischen-filum-krankheitstests\/","og_locale":"de_DE","og_type":"article","og_title":"Ergebnisse des automatischen Filum-Krankheitstests | ICSEB","og_description":"Ergebnisse des automatischen Filum-Tests beim ICSEB mit erster Orientierung zu Symptomen sowie Zusammenh\u00e4ngen mit Chiari und Syringomyelie.","og_url":"https:\/\/institutchiaribcn.com\/de\/ergebnisse-des-automatischen-filum-krankheitstests\/","og_site_name":"Institut Chiari","article_modified_time":"2026-02-13T08:53:15+00:00","twitter_card":"summary_large_image","twitter_misc":{"Gesch\u00e4tzte Lesezeit":"1\u00a0Minute"},"schema":{"@context":"https:\/\/schema.org","@graph":[{"@type":"WebPage","@id":"https:\/\/institutchiaribcn.com\/de\/ergebnisse-des-automatischen-filum-krankheitstests\/","url":"https:\/\/institutchiaribcn.com\/de\/ergebnisse-des-automatischen-filum-krankheitstests\/","name":"Ergebnisse des automatischen Filum-Krankheitstests | ICSEB","isPartOf":{"@id":"https:\/\/institutchiaribcn.com\/de\/#website"},"datePublished":"2025-12-10T07:46:36+00:00","dateModified":"2026-02-13T08:53:15+00:00","description":"Ergebnisse des automatischen Filum-Tests beim ICSEB mit erster Orientierung zu Symptomen sowie Zusammenh\u00e4ngen mit Chiari und Syringomyelie.","breadcrumb":{"@id":"https:\/\/institutchiaribcn.com\/de\/ergebnisse-des-automatischen-filum-krankheitstests\/#breadcrumb"},"inLanguage":"de","potentialAction":[{"@type":"ReadAction","target":["https:\/\/institutchiaribcn.com\/de\/ergebnisse-des-automatischen-filum-krankheitstests\/"]}]},{"@type":"BreadcrumbList","@id":"https:\/\/institutchiaribcn.com\/de\/ergebnisse-des-automatischen-filum-krankheitstests\/#breadcrumb","itemListElement":[{"@type":"ListItem","position":1,"name":"Portada","item":"https:\/\/institutchiaribcn.com\/de\/"},{"@type":"ListItem","position":2,"name":"Ergebnisse des automatischen Filum-Krankheitstests"}]},{"@type":"WebSite","@id":"https:\/\/institutchiaribcn.com\/de\/#website","url":"https:\/\/institutchiaribcn.com\/de\/","name":"Institut Chiari de Barcelona","description":"","publisher":{"@id":"https:\/\/institutchiaribcn.com\/de\/#organization"},"potentialAction":[{"@type":"SearchAction","target":{"@type":"EntryPoint","urlTemplate":"https:\/\/institutchiaribcn.com\/de\/?s={search_term_string}"},"query-input":{"@type":"PropertyValueSpecification","valueRequired":true,"valueName":"search_term_string"}}],"inLanguage":"de"},{"@type":"Organization","@id":"https:\/\/institutchiaribcn.com\/de\/#organization","name":"Institut Chiari de Barcelona","url":"https:\/\/institutchiaribcn.com\/de\/","logo":{"@type":"ImageObject","inLanguage":"de","@id":"https:\/\/institutchiaribcn.com\/de\/#\/schema\/logo\/image\/","url":"https:\/\/institutchiaribcn.com\/wp-content\/uploads\/2025\/10\/cropped-cropped-icsebNavLogo-1.png","contentUrl":"https:\/\/institutchiaribcn.com\/wp-content\/uploads\/2025\/10\/cropped-cropped-icsebNavLogo-1.png","width":245,"height":99,"caption":"Institut Chiari de Barcelona"},"image":{"@id":"https:\/\/institutchiaribcn.com\/de\/#\/schema\/logo\/image\/"}}]}},"_links":{"self":[{"href":"https:\/\/institutchiaribcn.com\/de\/wp-json\/wp\/v2\/pages\/142515","targetHints":{"allow":["GET"]}}],"collection":[{"href":"https:\/\/institutchiaribcn.com\/de\/wp-json\/wp\/v2\/pages"}],"about":[{"href":"https:\/\/institutchiaribcn.com\/de\/wp-json\/wp\/v2\/types\/page"}],"author":[{"embeddable":true,"href":"https:\/\/institutchiaribcn.com\/de\/wp-json\/wp\/v2\/users\/1"}],"replies":[{"embeddable":true,"href":"https:\/\/institutchiaribcn.com\/de\/wp-json\/wp\/v2\/comments?post=142515"}],"version-history":[{"count":8,"href":"https:\/\/institutchiaribcn.com\/de\/wp-json\/wp\/v2\/pages\/142515\/revisions"}],"predecessor-version":[{"id":145058,"href":"https:\/\/institutchiaribcn.com\/de\/wp-json\/wp\/v2\/pages\/142515\/revisions\/145058"}],"wp:attachment":[{"href":"https:\/\/institutchiaribcn.com\/de\/wp-json\/wp\/v2\/media?parent=142515"}],"curies":[{"name":"wp","href":"https:\/\/api.w.org\/{rel}","templated":true}]}}