{"id":115920,"date":"2025-10-10T21:35:15","date_gmt":"2025-10-10T19:35:15","guid":{"rendered":"https:\/\/dev.institutchiaribcn.com\/testimonios-escoliosis-idiopatica\/"},"modified":"2026-04-02T10:10:08","modified_gmt":"2026-04-02T08:10:08","slug":"idiopatische-skoliose","status":"publish","type":"page","link":"https:\/\/institutchiaribcn.com\/de\/idiopatische-skoliose\/","title":{"rendered":"Idiopatische Skoliose"},"content":{"rendered":"\t\t<div data-elementor-type=\"wp-page\" data-elementor-id=\"115920\" class=\"elementor elementor-115920 elementor-115414\" data-elementor-post-type=\"page\">\n\t\t\t\t<div class=\"elementor-element elementor-element-e25b956 e-flex e-con-boxed e-con e-parent\" data-id=\"e25b956\" data-element_type=\"container\" data-e-type=\"container\" data-settings=\"{&quot;background_background&quot;:&quot;classic&quot;}\">\n\t\t\t\t\t<div class=\"e-con-inner\">\n\t\t<div class=\"elementor-element elementor-element-c81c448 e-con-full e-flex e-con e-child\" data-id=\"c81c448\" data-element_type=\"container\" data-e-type=\"container\">\n\t\t\t\t<div class=\"elementor-element elementor-element-ef13ef8 elementor-widget elementor-widget-heading\" data-id=\"ef13ef8\" data-element_type=\"widget\" data-e-type=\"widget\" data-widget_type=\"heading.default\">\n\t\t\t\t<div class=\"elementor-widget-container\">\n\t\t\t\t\t<h1 class=\"elementor-heading-title elementor-size-default\">Idiopatische Skoliose\n<\/h1>\t\t\t\t<\/div>\n\t\t\t\t<\/div>\n\t\t\t\t<div class=\"elementor-element elementor-element-96514d6 elementor-widget elementor-widget-heading\" data-id=\"96514d6\" data-element_type=\"widget\" data-e-type=\"widget\" data-widget_type=\"heading.default\">\n\t\t\t\t<div class=\"elementor-widget-container\">\n\t\t\t\t\t<h2 class=\"elementor-heading-title elementor-size-default\">Institut Chiari &amp; Siringomielia &amp; Escoliosis de Barcelona<\/h2>\t\t\t\t<\/div>\n\t\t\t\t<\/div>\n\t\t\t\t<\/div>\n\t\t\t\t\t<\/div>\n\t\t\t\t<\/div>\n\t\t<div class=\"elementor-element elementor-element-07e24f8 e-flex e-con-boxed e-con e-parent\" data-id=\"07e24f8\" data-element_type=\"container\" data-e-type=\"container\">\n\t\t\t\t\t<div class=\"e-con-inner\">\n\t\t\t\t<div class=\"elementor-element elementor-element-9ce11b8 elementor-widget elementor-widget-text-editor\" data-id=\"9ce11b8\" data-element_type=\"widget\" data-e-type=\"widget\" data-widget_type=\"text-editor.default\">\n\t\t\t\t<div class=\"elementor-widget-container\">\n\t\t\t\t\t\t\t\t\t<p>Zwischen Oktober 1993 und Juli 2017 wurden mehr als 1000 von dem Neuro-Kranio-Vertebralen Syndrom und\/oder der Filum-Krankheit mit Arnold-Chiari I, Syringomyelie und Skoliose (in untereinander verschiedenen diagnostischen Kombinationen) betroffene Patienten und Patientinnen nach den Richtlinien des\u00a0<strong>FILUM-SYSTEM<sup>\u00ae<\/sup><\/strong>\u00a0behandelt.<\/p><p>In der Mehrheit der F\u00e4lle ist die Entwicklung gut verlaufen, und die Zufriedenheitsquote der Patienten ist hoch.<\/p><p>Seit einigen Jahren werden Patienten, die sich in der postoperativen Nachsorgephase befinden, dazu eingeladen f\u00fcr unsere Webseite einen Patientenbericht \u00fcber ihre Krankengeschichte zu schreiben. Wir sind ihnen sehr dankbar f\u00fcr ihre aufrichtige und uneigenn\u00fctzige Mitwirkung, in dem sie ihre Ansichten \u00fcber unsere exklusiven Behandlungsmethoden zum Ausdruck zu bringen.<\/p><p><strong>ANMERKUNG:\u00a0<\/strong><i>Die in den Patientenberichten zum Ausdruck gebrachten Ansichten sind ausschliesslich die der Verfasser und spiegeln nicht zwangsl\u00e4ufig den Standpunkt des Institut Chiari &amp; Siringomielia &amp; Escoliosis de Barcelona wider.<\/i><\/p>\t\t\t\t\t\t\t\t<\/div>\n\t\t\t\t<\/div>\n\t\t\t\t\t<\/div>\n\t\t\t\t<\/div>\n\t\t\t\t<\/div>\n\t\t","protected":false},"excerpt":{"rendered":"<p>Idiopatische Skoliose Institut Chiari &amp; Siringomielia &amp; Escoliosis de Barcelona Zwischen Oktober 1993 und Juli 2017 wurden mehr als 1000 von dem Neuro-Kranio-Vertebralen Syndrom und\/oder der Filum-Krankheit mit Arnold-Chiari I, Syringomyelie und Skoliose (in untereinander verschiedenen diagnostischen Kombinationen) betroffene Patienten und Patientinnen nach den Richtlinien des\u00a0FILUM-SYSTEM\u00ae\u00a0behandelt. In der Mehrheit der F\u00e4lle ist die Entwicklung gut [&hellip;]<\/p>\n","protected":false},"author":1,"featured_media":0,"parent":0,"menu_order":0,"comment_status":"closed","ping_status":"closed","template":"","meta":{"footnotes":""},"class_list":["post-115920","page","type-page","status-publish","hentry"],"yoast_head":"<!-- This site is optimized with the Yoast SEO plugin v27.4 - https:\/\/yoast.com\/product\/yoast-seo-wordpress\/ -->\n<title>Idiopathische Skoliose Behandlung | Institut Chiari Barcelona<\/title>\n<meta name=\"description\" content=\"Sammlung von Erfahrungsberichten von Patientinnen und Patienten mit idiopathischer Skoliose, betreut am Institut Chiari Barcelona.\" \/>\n<meta name=\"robots\" content=\"index, follow, max-snippet:-1, max-image-preview:large, max-video-preview:-1\" \/>\n<link rel=\"canonical\" href=\"https:\/\/institutchiaribcn.com\/de\/idiopatische-skoliose\/\" \/>\n<meta property=\"og:locale\" content=\"de_DE\" \/>\n<meta property=\"og:type\" content=\"article\" \/>\n<meta property=\"og:title\" content=\"Idiopathische Skoliose Behandlung | Institut Chiari Barcelona\" \/>\n<meta property=\"og:description\" content=\"Sammlung von Erfahrungsberichten von Patientinnen und Patienten mit idiopathischer Skoliose, betreut am Institut Chiari Barcelona.\" \/>\n<meta property=\"og:url\" content=\"https:\/\/institutchiaribcn.com\/de\/idiopatische-skoliose\/\" \/>\n<meta property=\"og:site_name\" content=\"Institut Chiari\" \/>\n<meta property=\"article:modified_time\" content=\"2026-04-02T08:10:08+00:00\" \/>\n<meta name=\"twitter:card\" content=\"summary_large_image\" \/>\n<meta name=\"twitter:label1\" content=\"Gesch\u00e4tzte Lesezeit\" \/>\n\t<meta name=\"twitter:data1\" content=\"1\u00a0Minute\" \/>\n<script type=\"application\/ld+json\" class=\"yoast-schema-graph\">{\"@context\":\"https:\\\/\\\/schema.org\",\"@graph\":[{\"@type\":\"WebPage\",\"@id\":\"https:\\\/\\\/institutchiaribcn.com\\\/de\\\/idiopatische-skoliose\\\/\",\"url\":\"https:\\\/\\\/institutchiaribcn.com\\\/de\\\/idiopatische-skoliose\\\/\",\"name\":\"Idiopathische Skoliose Behandlung | Institut Chiari Barcelona\",\"isPartOf\":{\"@id\":\"https:\\\/\\\/institutchiaribcn.com\\\/de\\\/#website\"},\"datePublished\":\"2025-10-10T19:35:15+00:00\",\"dateModified\":\"2026-04-02T08:10:08+00:00\",\"description\":\"Sammlung von Erfahrungsberichten von Patientinnen und Patienten mit idiopathischer Skoliose, betreut am Institut Chiari Barcelona.\",\"breadcrumb\":{\"@id\":\"https:\\\/\\\/institutchiaribcn.com\\\/de\\\/idiopatische-skoliose\\\/#breadcrumb\"},\"inLanguage\":\"de\",\"potentialAction\":[{\"@type\":\"ReadAction\",\"target\":[\"https:\\\/\\\/institutchiaribcn.com\\\/de\\\/idiopatische-skoliose\\\/\"]}]},{\"@type\":\"BreadcrumbList\",\"@id\":\"https:\\\/\\\/institutchiaribcn.com\\\/de\\\/idiopatische-skoliose\\\/#breadcrumb\",\"itemListElement\":[{\"@type\":\"ListItem\",\"position\":1,\"name\":\"Portada\",\"item\":\"https:\\\/\\\/institutchiaribcn.com\\\/de\\\/\"},{\"@type\":\"ListItem\",\"position\":2,\"name\":\"Idiopatische Skoliose\"}]},{\"@type\":\"WebSite\",\"@id\":\"https:\\\/\\\/institutchiaribcn.com\\\/de\\\/#website\",\"url\":\"https:\\\/\\\/institutchiaribcn.com\\\/de\\\/\",\"name\":\"Institut Chiari de Barcelona\",\"description\":\"\",\"publisher\":{\"@id\":\"https:\\\/\\\/institutchiaribcn.com\\\/de\\\/#organization\"},\"potentialAction\":[{\"@type\":\"SearchAction\",\"target\":{\"@type\":\"EntryPoint\",\"urlTemplate\":\"https:\\\/\\\/institutchiaribcn.com\\\/de\\\/?s={search_term_string}\"},\"query-input\":{\"@type\":\"PropertyValueSpecification\",\"valueRequired\":true,\"valueName\":\"search_term_string\"}}],\"inLanguage\":\"de\"},{\"@type\":\"Organization\",\"@id\":\"https:\\\/\\\/institutchiaribcn.com\\\/de\\\/#organization\",\"name\":\"Institut Chiari de Barcelona\",\"url\":\"https:\\\/\\\/institutchiaribcn.com\\\/de\\\/\",\"logo\":{\"@type\":\"ImageObject\",\"inLanguage\":\"de\",\"@id\":\"https:\\\/\\\/institutchiaribcn.com\\\/de\\\/#\\\/schema\\\/logo\\\/image\\\/\",\"url\":\"https:\\\/\\\/institutchiaribcn.com\\\/wp-content\\\/uploads\\\/2025\\\/10\\\/cropped-cropped-icsebNavLogo-1.png\",\"contentUrl\":\"https:\\\/\\\/institutchiaribcn.com\\\/wp-content\\\/uploads\\\/2025\\\/10\\\/cropped-cropped-icsebNavLogo-1.png\",\"width\":245,\"height\":99,\"caption\":\"Institut Chiari de Barcelona\"},\"image\":{\"@id\":\"https:\\\/\\\/institutchiaribcn.com\\\/de\\\/#\\\/schema\\\/logo\\\/image\\\/\"}}]}<\/script>\n<!-- \/ Yoast SEO plugin. -->","yoast_head_json":{"title":"Idiopathische Skoliose Behandlung | Institut Chiari Barcelona","description":"Sammlung von Erfahrungsberichten von Patientinnen und Patienten mit idiopathischer Skoliose, betreut am Institut Chiari Barcelona.","robots":{"index":"index","follow":"follow","max-snippet":"max-snippet:-1","max-image-preview":"max-image-preview:large","max-video-preview":"max-video-preview:-1"},"canonical":"https:\/\/institutchiaribcn.com\/de\/idiopatische-skoliose\/","og_locale":"de_DE","og_type":"article","og_title":"Idiopathische Skoliose Behandlung | Institut Chiari Barcelona","og_description":"Sammlung von Erfahrungsberichten von Patientinnen und Patienten mit idiopathischer Skoliose, betreut am Institut Chiari Barcelona.","og_url":"https:\/\/institutchiaribcn.com\/de\/idiopatische-skoliose\/","og_site_name":"Institut Chiari","article_modified_time":"2026-04-02T08:10:08+00:00","twitter_card":"summary_large_image","twitter_misc":{"Gesch\u00e4tzte Lesezeit":"1\u00a0Minute"},"schema":{"@context":"https:\/\/schema.org","@graph":[{"@type":"WebPage","@id":"https:\/\/institutchiaribcn.com\/de\/idiopatische-skoliose\/","url":"https:\/\/institutchiaribcn.com\/de\/idiopatische-skoliose\/","name":"Idiopathische Skoliose Behandlung | Institut Chiari Barcelona","isPartOf":{"@id":"https:\/\/institutchiaribcn.com\/de\/#website"},"datePublished":"2025-10-10T19:35:15+00:00","dateModified":"2026-04-02T08:10:08+00:00","description":"Sammlung von Erfahrungsberichten von Patientinnen und Patienten mit idiopathischer Skoliose, betreut am Institut Chiari Barcelona.","breadcrumb":{"@id":"https:\/\/institutchiaribcn.com\/de\/idiopatische-skoliose\/#breadcrumb"},"inLanguage":"de","potentialAction":[{"@type":"ReadAction","target":["https:\/\/institutchiaribcn.com\/de\/idiopatische-skoliose\/"]}]},{"@type":"BreadcrumbList","@id":"https:\/\/institutchiaribcn.com\/de\/idiopatische-skoliose\/#breadcrumb","itemListElement":[{"@type":"ListItem","position":1,"name":"Portada","item":"https:\/\/institutchiaribcn.com\/de\/"},{"@type":"ListItem","position":2,"name":"Idiopatische Skoliose"}]},{"@type":"WebSite","@id":"https:\/\/institutchiaribcn.com\/de\/#website","url":"https:\/\/institutchiaribcn.com\/de\/","name":"Institut Chiari de Barcelona","description":"","publisher":{"@id":"https:\/\/institutchiaribcn.com\/de\/#organization"},"potentialAction":[{"@type":"SearchAction","target":{"@type":"EntryPoint","urlTemplate":"https:\/\/institutchiaribcn.com\/de\/?s={search_term_string}"},"query-input":{"@type":"PropertyValueSpecification","valueRequired":true,"valueName":"search_term_string"}}],"inLanguage":"de"},{"@type":"Organization","@id":"https:\/\/institutchiaribcn.com\/de\/#organization","name":"Institut Chiari de Barcelona","url":"https:\/\/institutchiaribcn.com\/de\/","logo":{"@type":"ImageObject","inLanguage":"de","@id":"https:\/\/institutchiaribcn.com\/de\/#\/schema\/logo\/image\/","url":"https:\/\/institutchiaribcn.com\/wp-content\/uploads\/2025\/10\/cropped-cropped-icsebNavLogo-1.png","contentUrl":"https:\/\/institutchiaribcn.com\/wp-content\/uploads\/2025\/10\/cropped-cropped-icsebNavLogo-1.png","width":245,"height":99,"caption":"Institut Chiari de Barcelona"},"image":{"@id":"https:\/\/institutchiaribcn.com\/de\/#\/schema\/logo\/image\/"}}]}},"_links":{"self":[{"href":"https:\/\/institutchiaribcn.com\/de\/wp-json\/wp\/v2\/pages\/115920","targetHints":{"allow":["GET"]}}],"collection":[{"href":"https:\/\/institutchiaribcn.com\/de\/wp-json\/wp\/v2\/pages"}],"about":[{"href":"https:\/\/institutchiaribcn.com\/de\/wp-json\/wp\/v2\/types\/page"}],"author":[{"embeddable":true,"href":"https:\/\/institutchiaribcn.com\/de\/wp-json\/wp\/v2\/users\/1"}],"replies":[{"embeddable":true,"href":"https:\/\/institutchiaribcn.com\/de\/wp-json\/wp\/v2\/comments?post=115920"}],"version-history":[{"count":1,"href":"https:\/\/institutchiaribcn.com\/de\/wp-json\/wp\/v2\/pages\/115920\/revisions"}],"predecessor-version":[{"id":144361,"href":"https:\/\/institutchiaribcn.com\/de\/wp-json\/wp\/v2\/pages\/115920\/revisions\/144361"}],"wp:attachment":[{"href":"https:\/\/institutchiaribcn.com\/de\/wp-json\/wp\/v2\/media?parent=115920"}],"curies":[{"name":"wp","href":"https:\/\/api.w.org\/{rel}","templated":true}]}}