{"id":115899,"date":"2025-10-10T21:22:56","date_gmt":"2025-10-10T19:22:56","guid":{"rendered":"https:\/\/dev.institutchiaribcn.com\/testimonios-seccion-filum-terminale\/"},"modified":"2026-03-23T11:09:42","modified_gmt":"2026-03-23T10:09:42","slug":"sft-nach-subokzipitaler-kraniektomie","status":"publish","type":"page","link":"https:\/\/institutchiaribcn.com\/de\/sft-nach-subokzipitaler-kraniektomie\/","title":{"rendered":"SFT nach subokzipitaler Kraniektomie (SOK)"},"content":{"rendered":"\t\t<div data-elementor-type=\"wp-page\" data-elementor-id=\"115899\" class=\"elementor elementor-115899 elementor-115393\" data-elementor-post-type=\"page\">\n\t\t\t\t<div class=\"elementor-element elementor-element-eae3a2b e-flex e-con-boxed e-con e-parent\" data-id=\"eae3a2b\" data-element_type=\"container\" data-e-type=\"container\" data-settings=\"{&quot;background_background&quot;:&quot;classic&quot;}\">\n\t\t\t\t\t<div class=\"e-con-inner\">\n\t\t<div class=\"elementor-element elementor-element-774b64c e-con-full e-flex e-con e-child\" data-id=\"774b64c\" data-element_type=\"container\" data-e-type=\"container\">\n\t\t\t\t<div class=\"elementor-element elementor-element-60bd8ff elementor-widget elementor-widget-heading\" data-id=\"60bd8ff\" data-element_type=\"widget\" data-e-type=\"widget\" data-widget_type=\"heading.default\">\n\t\t\t\t<div class=\"elementor-widget-container\">\n\t\t\t\t\t<h1 class=\"elementor-heading-title elementor-size-default\">SFT nach subokzipitaler Kraniektomie (SOK)\n<\/h1>\t\t\t\t<\/div>\n\t\t\t\t<\/div>\n\t\t\t\t<div class=\"elementor-element elementor-element-b712614 elementor-widget elementor-widget-heading\" data-id=\"b712614\" data-element_type=\"widget\" data-e-type=\"widget\" data-widget_type=\"heading.default\">\n\t\t\t\t<div class=\"elementor-widget-container\">\n\t\t\t\t\t<h2 class=\"elementor-heading-title elementor-size-default\">Institut Chiari &amp; Siringomielia &amp; Escoliosis de Barcelona<\/h2>\t\t\t\t<\/div>\n\t\t\t\t<\/div>\n\t\t\t\t<\/div>\n\t\t\t\t\t<\/div>\n\t\t\t\t<\/div>\n\t\t<div class=\"elementor-element elementor-element-8147740 e-flex e-con-boxed e-con e-parent\" data-id=\"8147740\" data-element_type=\"container\" data-e-type=\"container\">\n\t\t\t\t\t<div class=\"e-con-inner\">\n\t\t\t\t<div class=\"elementor-element elementor-element-08c3e10 elementor-widget elementor-widget-text-editor\" data-id=\"08c3e10\" data-element_type=\"widget\" data-e-type=\"widget\" data-widget_type=\"text-editor.default\">\n\t\t\t\t<div class=\"elementor-widget-container\">\n\t\t\t\t\t\t\t\t\t<p>Zwischen Oktober 1993 und Juli 2017 wurden mehr als 1000 von dem Neuro-Kranio-Vertebralen Syndrom und\/oder der Filum-Krankheit mit Arnold-Chiari I, Syringomyelie und Skoliose (in untereinander verschiedenen diagnostischen Kombinationen) betroffene Patienten und Patientinnen nach den Richtlinien des\u00a0<strong>FILUM-SYSTEM<sup>\u00ae<\/sup><\/strong>\u00a0behandelt.<\/p><p>In der Mehrheit der F\u00e4lle ist die Entwicklung gut verlaufen, und die Zufriedenheitsquote der Patienten ist hoch.<\/p><p>Seit einigen Jahren werden Patienten, die sich in der postoperativen Nachsorgephase befinden, dazu eingeladen f\u00fcr unsere Webseite einen Patientenbericht \u00fcber ihre Krankengeschichte zu schreiben. Wir sind ihnen sehr dankbar f\u00fcr ihre aufrichtige und uneigenn\u00fctzige Mitwirkung, in dem sie ihre Ansichten \u00fcber unsere exklusiven Behandlungsmethoden zum Ausdruck zu bringen.<\/p><p><strong>ANMERKUNG:\u00a0<\/strong><i>Die in den Patientenberichten zum Ausdruck gebrachten Ansichten sind ausschliesslich die der Verfasser und spiegeln nicht zwangsl\u00e4ufig den Standpunkt des Institut Chiari &amp; Siringomielia &amp; Escoliosis de Barcelona wider.<\/i><\/p>\t\t\t\t\t\t\t\t<\/div>\n\t\t\t\t<\/div>\n\t\t\t\t\t<\/div>\n\t\t\t\t<\/div>\n\t\t\t\t<\/div>\n\t\t","protected":false},"excerpt":{"rendered":"<p>SFT nach subokzipitaler Kraniektomie (SOK) Institut Chiari &amp; Siringomielia &amp; Escoliosis de Barcelona Zwischen Oktober 1993 und Juli 2017 wurden mehr als 1000 von dem Neuro-Kranio-Vertebralen Syndrom und\/oder der Filum-Krankheit mit Arnold-Chiari I, Syringomyelie und Skoliose (in untereinander verschiedenen diagnostischen Kombinationen) betroffene Patienten und Patientinnen nach den Richtlinien des\u00a0FILUM-SYSTEM\u00ae\u00a0behandelt. In der Mehrheit der F\u00e4lle ist [&hellip;]<\/p>\n","protected":false},"author":1,"featured_media":0,"parent":0,"menu_order":0,"comment_status":"closed","ping_status":"closed","template":"","meta":{"footnotes":""},"class_list":["post-115899","page","type-page","status-publish","hentry"],"yoast_head":"<!-- This site is optimized with the Yoast SEO plugin v27.1.1 - https:\/\/yoast.com\/product\/yoast-seo-wordpress\/ -->\n<title>SFT nach subokzipitaler Kraniektomie | ICSEB<\/title>\n<meta name=\"description\" content=\"Erfahrungen von Patienten mit SFT nach subokzipitaler Kraniektomie: Symptome, Diagnose, Therapie und Erholung mit ICSEB\u2011Unterst\u00fctzung.\" \/>\n<meta name=\"robots\" content=\"index, follow, max-snippet:-1, max-image-preview:large, max-video-preview:-1\" \/>\n<link rel=\"canonical\" href=\"https:\/\/institutchiaribcn.com\/de\/sft-nach-subokzipitaler-kraniektomie\/\" \/>\n<meta property=\"og:locale\" content=\"de_DE\" \/>\n<meta property=\"og:type\" content=\"article\" \/>\n<meta property=\"og:title\" content=\"SFT nach subokzipitaler Kraniektomie | ICSEB\" \/>\n<meta property=\"og:description\" content=\"Erfahrungen von Patienten mit SFT nach subokzipitaler Kraniektomie: Symptome, Diagnose, Therapie und Erholung mit ICSEB\u2011Unterst\u00fctzung.\" \/>\n<meta property=\"og:url\" content=\"https:\/\/institutchiaribcn.com\/de\/sft-nach-subokzipitaler-kraniektomie\/\" \/>\n<meta property=\"og:site_name\" content=\"Institut Chiari\" \/>\n<meta property=\"article:modified_time\" content=\"2026-03-23T10:09:42+00:00\" \/>\n<meta name=\"twitter:card\" content=\"summary_large_image\" \/>\n<meta name=\"twitter:label1\" content=\"Gesch\u00e4tzte Lesezeit\" \/>\n\t<meta name=\"twitter:data1\" content=\"1\u00a0Minute\" \/>\n<script type=\"application\/ld+json\" class=\"yoast-schema-graph\">{\"@context\":\"https:\/\/schema.org\",\"@graph\":[{\"@type\":\"WebPage\",\"@id\":\"https:\/\/institutchiaribcn.com\/de\/sft-nach-subokzipitaler-kraniektomie\/\",\"url\":\"https:\/\/institutchiaribcn.com\/de\/sft-nach-subokzipitaler-kraniektomie\/\",\"name\":\"SFT nach subokzipitaler Kraniektomie | ICSEB\",\"isPartOf\":{\"@id\":\"https:\/\/institutchiaribcn.com\/de\/#website\"},\"datePublished\":\"2025-10-10T19:22:56+00:00\",\"dateModified\":\"2026-03-23T10:09:42+00:00\",\"description\":\"Erfahrungen von Patienten mit SFT nach subokzipitaler Kraniektomie: Symptome, Diagnose, Therapie und Erholung mit ICSEB\u2011Unterst\u00fctzung.\",\"breadcrumb\":{\"@id\":\"https:\/\/institutchiaribcn.com\/de\/sft-nach-subokzipitaler-kraniektomie\/#breadcrumb\"},\"inLanguage\":\"de\",\"potentialAction\":[{\"@type\":\"ReadAction\",\"target\":[\"https:\/\/institutchiaribcn.com\/de\/sft-nach-subokzipitaler-kraniektomie\/\"]}]},{\"@type\":\"BreadcrumbList\",\"@id\":\"https:\/\/institutchiaribcn.com\/de\/sft-nach-subokzipitaler-kraniektomie\/#breadcrumb\",\"itemListElement\":[{\"@type\":\"ListItem\",\"position\":1,\"name\":\"Portada\",\"item\":\"https:\/\/institutchiaribcn.com\/de\/\"},{\"@type\":\"ListItem\",\"position\":2,\"name\":\"SFT nach subokzipitaler Kraniektomie (SOK)\"}]},{\"@type\":\"WebSite\",\"@id\":\"https:\/\/institutchiaribcn.com\/de\/#website\",\"url\":\"https:\/\/institutchiaribcn.com\/de\/\",\"name\":\"Institut Chiari de Barcelona\",\"description\":\"\",\"publisher\":{\"@id\":\"https:\/\/institutchiaribcn.com\/de\/#organization\"},\"potentialAction\":[{\"@type\":\"SearchAction\",\"target\":{\"@type\":\"EntryPoint\",\"urlTemplate\":\"https:\/\/institutchiaribcn.com\/de\/?s={search_term_string}\"},\"query-input\":{\"@type\":\"PropertyValueSpecification\",\"valueRequired\":true,\"valueName\":\"search_term_string\"}}],\"inLanguage\":\"de\"},{\"@type\":\"Organization\",\"@id\":\"https:\/\/institutchiaribcn.com\/de\/#organization\",\"name\":\"Institut Chiari de Barcelona\",\"url\":\"https:\/\/institutchiaribcn.com\/de\/\",\"logo\":{\"@type\":\"ImageObject\",\"inLanguage\":\"de\",\"@id\":\"https:\/\/institutchiaribcn.com\/de\/#\/schema\/logo\/image\/\",\"url\":\"https:\/\/institutchiaribcn.com\/wp-content\/uploads\/2025\/10\/cropped-cropped-icsebNavLogo-1.png\",\"contentUrl\":\"https:\/\/institutchiaribcn.com\/wp-content\/uploads\/2025\/10\/cropped-cropped-icsebNavLogo-1.png\",\"width\":245,\"height\":99,\"caption\":\"Institut Chiari de Barcelona\"},\"image\":{\"@id\":\"https:\/\/institutchiaribcn.com\/de\/#\/schema\/logo\/image\/\"}}]}<\/script>\n<!-- \/ Yoast SEO plugin. -->","yoast_head_json":{"title":"SFT nach subokzipitaler Kraniektomie | ICSEB","description":"Erfahrungen von Patienten mit SFT nach subokzipitaler Kraniektomie: Symptome, Diagnose, Therapie und Erholung mit ICSEB\u2011Unterst\u00fctzung.","robots":{"index":"index","follow":"follow","max-snippet":"max-snippet:-1","max-image-preview":"max-image-preview:large","max-video-preview":"max-video-preview:-1"},"canonical":"https:\/\/institutchiaribcn.com\/de\/sft-nach-subokzipitaler-kraniektomie\/","og_locale":"de_DE","og_type":"article","og_title":"SFT nach subokzipitaler Kraniektomie | ICSEB","og_description":"Erfahrungen von Patienten mit SFT nach subokzipitaler Kraniektomie: Symptome, Diagnose, Therapie und Erholung mit ICSEB\u2011Unterst\u00fctzung.","og_url":"https:\/\/institutchiaribcn.com\/de\/sft-nach-subokzipitaler-kraniektomie\/","og_site_name":"Institut Chiari","article_modified_time":"2026-03-23T10:09:42+00:00","twitter_card":"summary_large_image","twitter_misc":{"Gesch\u00e4tzte Lesezeit":"1\u00a0Minute"},"schema":{"@context":"https:\/\/schema.org","@graph":[{"@type":"WebPage","@id":"https:\/\/institutchiaribcn.com\/de\/sft-nach-subokzipitaler-kraniektomie\/","url":"https:\/\/institutchiaribcn.com\/de\/sft-nach-subokzipitaler-kraniektomie\/","name":"SFT nach subokzipitaler Kraniektomie | ICSEB","isPartOf":{"@id":"https:\/\/institutchiaribcn.com\/de\/#website"},"datePublished":"2025-10-10T19:22:56+00:00","dateModified":"2026-03-23T10:09:42+00:00","description":"Erfahrungen von Patienten mit SFT nach subokzipitaler Kraniektomie: Symptome, Diagnose, Therapie und Erholung mit ICSEB\u2011Unterst\u00fctzung.","breadcrumb":{"@id":"https:\/\/institutchiaribcn.com\/de\/sft-nach-subokzipitaler-kraniektomie\/#breadcrumb"},"inLanguage":"de","potentialAction":[{"@type":"ReadAction","target":["https:\/\/institutchiaribcn.com\/de\/sft-nach-subokzipitaler-kraniektomie\/"]}]},{"@type":"BreadcrumbList","@id":"https:\/\/institutchiaribcn.com\/de\/sft-nach-subokzipitaler-kraniektomie\/#breadcrumb","itemListElement":[{"@type":"ListItem","position":1,"name":"Portada","item":"https:\/\/institutchiaribcn.com\/de\/"},{"@type":"ListItem","position":2,"name":"SFT nach subokzipitaler Kraniektomie (SOK)"}]},{"@type":"WebSite","@id":"https:\/\/institutchiaribcn.com\/de\/#website","url":"https:\/\/institutchiaribcn.com\/de\/","name":"Institut Chiari de Barcelona","description":"","publisher":{"@id":"https:\/\/institutchiaribcn.com\/de\/#organization"},"potentialAction":[{"@type":"SearchAction","target":{"@type":"EntryPoint","urlTemplate":"https:\/\/institutchiaribcn.com\/de\/?s={search_term_string}"},"query-input":{"@type":"PropertyValueSpecification","valueRequired":true,"valueName":"search_term_string"}}],"inLanguage":"de"},{"@type":"Organization","@id":"https:\/\/institutchiaribcn.com\/de\/#organization","name":"Institut Chiari de Barcelona","url":"https:\/\/institutchiaribcn.com\/de\/","logo":{"@type":"ImageObject","inLanguage":"de","@id":"https:\/\/institutchiaribcn.com\/de\/#\/schema\/logo\/image\/","url":"https:\/\/institutchiaribcn.com\/wp-content\/uploads\/2025\/10\/cropped-cropped-icsebNavLogo-1.png","contentUrl":"https:\/\/institutchiaribcn.com\/wp-content\/uploads\/2025\/10\/cropped-cropped-icsebNavLogo-1.png","width":245,"height":99,"caption":"Institut Chiari de Barcelona"},"image":{"@id":"https:\/\/institutchiaribcn.com\/de\/#\/schema\/logo\/image\/"}}]}},"_links":{"self":[{"href":"https:\/\/institutchiaribcn.com\/de\/wp-json\/wp\/v2\/pages\/115899","targetHints":{"allow":["GET"]}}],"collection":[{"href":"https:\/\/institutchiaribcn.com\/de\/wp-json\/wp\/v2\/pages"}],"about":[{"href":"https:\/\/institutchiaribcn.com\/de\/wp-json\/wp\/v2\/types\/page"}],"author":[{"embeddable":true,"href":"https:\/\/institutchiaribcn.com\/de\/wp-json\/wp\/v2\/users\/1"}],"replies":[{"embeddable":true,"href":"https:\/\/institutchiaribcn.com\/de\/wp-json\/wp\/v2\/comments?post=115899"}],"version-history":[{"count":1,"href":"https:\/\/institutchiaribcn.com\/de\/wp-json\/wp\/v2\/pages\/115899\/revisions"}],"predecessor-version":[{"id":145094,"href":"https:\/\/institutchiaribcn.com\/de\/wp-json\/wp\/v2\/pages\/115899\/revisions\/145094"}],"wp:attachment":[{"href":"https:\/\/institutchiaribcn.com\/de\/wp-json\/wp\/v2\/media?parent=115899"}],"curies":[{"name":"wp","href":"https:\/\/api.w.org\/{rel}","templated":true}]}}