{"id":111468,"date":"2025-06-18T08:47:29","date_gmt":"2025-06-18T06:47:29","guid":{"rendered":"https:\/\/dev.institutchiaribcn.com\/?page_id=111468"},"modified":"2026-03-09T15:50:02","modified_gmt":"2026-03-09T14:50:02","slug":"vereinbarungen-und-vorteile","status":"publish","type":"page","link":"https:\/\/institutchiaribcn.com\/de\/vereinbarungen-und-vorteile\/","title":{"rendered":"Vereinbarungen und Vorteile"},"content":{"rendered":"\t\t<div data-elementor-type=\"wp-page\" data-elementor-id=\"111468\" class=\"elementor elementor-111468 elementor-222\" data-elementor-post-type=\"page\">\n\t\t\t\t<div class=\"elementor-element elementor-element-50d44a3 e-flex e-con-boxed e-con e-parent\" data-id=\"50d44a3\" data-element_type=\"container\" data-e-type=\"container\" data-settings=\"{&quot;background_background&quot;:&quot;classic&quot;}\">\n\t\t\t\t\t<div class=\"e-con-inner\">\n\t\t<div class=\"elementor-element elementor-element-d55d0c9 e-con-full e-flex e-con e-child\" data-id=\"d55d0c9\" data-element_type=\"container\" data-e-type=\"container\">\n\t\t\t\t<div class=\"elementor-element elementor-element-405cc57 elementor-widget elementor-widget-heading\" data-id=\"405cc57\" data-element_type=\"widget\" data-e-type=\"widget\" data-widget_type=\"heading.default\">\n\t\t\t\t<div class=\"elementor-widget-container\">\n\t\t\t\t\t<h2 class=\"elementor-heading-title elementor-size-default\">Vereinbarungen und Vorteile<\/h2>\t\t\t\t<\/div>\n\t\t\t\t<\/div>\n\t\t\t\t<\/div>\n\t\t\t\t\t<\/div>\n\t\t\t\t<\/div>\n\t\t<div class=\"elementor-element elementor-element-cd1d3d3 e-flex e-con-boxed e-con e-parent\" data-id=\"cd1d3d3\" data-element_type=\"container\" data-e-type=\"container\">\n\t\t\t\t\t<div class=\"e-con-inner\">\n\t\t<div class=\"elementor-element elementor-element-d3292e9 e-con-full e-flex e-con e-child\" data-id=\"d3292e9\" data-element_type=\"container\" data-e-type=\"container\">\n\t\t\t\t<div class=\"elementor-element elementor-element-ca8a1da elementor-grid-1 elementor-grid-tablet-2 elementor-grid-mobile-1 elementor-widget elementor-widget-loop-grid\" data-id=\"ca8a1da\" data-element_type=\"widget\" data-e-type=\"widget\" data-settings=\"{&quot;template_id&quot;:147260,&quot;columns&quot;:1,&quot;_skin&quot;:&quot;post&quot;,&quot;columns_tablet&quot;:&quot;2&quot;,&quot;columns_mobile&quot;:&quot;1&quot;,&quot;edit_handle_selector&quot;:&quot;[data-elementor-type=\\&quot;loop-item\\&quot;]&quot;,&quot;row_gap&quot;:{&quot;unit&quot;:&quot;px&quot;,&quot;size&quot;:&quot;&quot;,&quot;sizes&quot;:[]},&quot;row_gap_tablet&quot;:{&quot;unit&quot;:&quot;px&quot;,&quot;size&quot;:&quot;&quot;,&quot;sizes&quot;:[]},&quot;row_gap_mobile&quot;:{&quot;unit&quot;:&quot;px&quot;,&quot;size&quot;:&quot;&quot;,&quot;sizes&quot;:[]}}\" data-widget_type=\"loop-grid.post\">\n\t\t\t\t<div class=\"elementor-widget-container\">\n\t\t\t\t\t\t\t<div class=\"elementor-loop-container elementor-grid\" role=\"list\">\n\t\t<style id=\"loop-147260\">.elementor-147260 .elementor-element.elementor-element-fba21cc{--display:flex;}.elementor-widget-call-to-action .elementor-cta__title{font-family:var( --e-global-typography-primary-font-family ), Sans-serif;font-weight:var( --e-global-typography-primary-font-weight );}.elementor-widget-call-to-action .elementor-cta__description{font-family:var( --e-global-typography-text-font-family ), Sans-serif;font-weight:var( --e-global-typography-text-font-weight );}.elementor-widget-call-to-action .elementor-cta__button{font-family:var( --e-global-typography-accent-font-family ), Sans-serif;font-weight:var( --e-global-typography-accent-font-weight );}.elementor-widget-call-to-action .elementor-ribbon-inner{background-color:var( --e-global-color-accent );font-family:var( --e-global-typography-accent-font-family ), Sans-serif;font-weight:var( --e-global-typography-accent-font-weight );}.elementor-147260 .elementor-element.elementor-element-1ea751c .elementor-cta__content{text-align:start;padding:40px 40px 40px 40px;}.elementor-147260 .elementor-element.elementor-element-1ea751c .elementor-cta__title{font-family:\"Work Sans\", Sans-serif;font-size:22px;font-weight:600;color:#000000;}.elementor-147260 .elementor-element.elementor-element-1ea751c .elementor-cta__button{color:#000000;border-color:var( --e-global-color-primary );background-color:var( --e-global-color-0744a55 );border-width:0px;border-radius:0px;}.elementor-147260 .elementor-element.elementor-element-1ea751c .elementor-cta:hover .elementor-cta__button{color:var( --e-global-color-primary );border-color:var( --e-global-color-primary );}.elementor-147260 .elementor-element.elementor-element-1ea751c .elementor-cta .elementor-cta__bg, .elementor-147260 .elementor-element.elementor-element-1ea751c .elementor-cta .elementor-cta__bg-overlay{transition-duration:1500ms;}.elementor-147260 .elementor-element.elementor-element-1ea751c > .elementor-widget-container{border-style:solid;border-width:1px 1px 1px 1px;}@media(max-width:767px){.elementor-147260 .elementor-element.elementor-element-1ea751c .elementor-cta__title{font-size:18px;}}<\/style>\t\t<div data-elementor-type=\"loop-item\" data-elementor-id=\"147260\" class=\"elementor elementor-147260 elementor-147173 elementor-147173 e-loop-item e-loop-item-147295 post-147295 post type-post status-publish format-standard hentry category-vereinbarungen-vorteile\" data-elementor-post-type=\"elementor_library\" data-custom-edit-handle=\"1\">\n\t\t\t<div class=\"elementor-element elementor-element-fba21cc e-flex e-con-boxed e-con e-parent\" data-id=\"fba21cc\" data-element_type=\"container\" data-e-type=\"container\">\n\t\t\t\t\t<div class=\"e-con-inner\">\n\t\t\t\t<div class=\"elementor-element elementor-element-1ea751c elementor-cta--skin-classic elementor-animated-content elementor-bg-transform elementor-bg-transform-zoom-in elementor-widget elementor-widget-call-to-action\" data-id=\"1ea751c\" data-element_type=\"widget\" data-e-type=\"widget\" data-widget_type=\"call-to-action.default\">\n\t\t\t\t<div class=\"elementor-widget-container\">\n\t\t\t\t\t\t\t<div class=\"elementor-cta\">\n\t\t\t\t\t\t\t<div class=\"elementor-cta__content\">\n\t\t\t\t\n\t\t\t\t\t\t\t\t\t<h2 class=\"elementor-cta__title elementor-cta__content-item elementor-content-item\">\n\t\t\t\t\t\tInstitut Chiari de Barcelona \u2013 AI.SAC.SI.SCO ODV Internationale Vereinigung VEREINBARUNG\t\t\t\t\t<\/h2>\n\t\t\t\t\n\t\t\t\t\n\t\t\t\t\t\t\t\t\t<div class=\"elementor-cta__button-wrapper elementor-cta__content-item elementor-content-item \">\n\t\t\t\t\t<a class=\"elementor-cta__button elementor-button elementor-size-\" href=\"https:\/\/institutchiaribcn.com\/de\/institut-chiari-de-barcelona-ai-sac-si-sco-odv-internationale-vereinigung-vereinbarung\/\">\n\t\t\t\t\t\tMehr lesen\t\t\t\t\t<\/a>\n\t\t\t\t\t<\/div>\n\t\t\t\t\t\t\t<\/div>\n\t\t\t\t\t\t<\/div>\n\t\t\t\t\t\t<\/div>\n\t\t\t\t<\/div>\n\t\t\t\t\t<\/div>\n\t\t\t\t<\/div>\n\t\t\t\t<\/div>\n\t\t\t\t<\/div>\n\t\t\n\t\t\t\t\t\t<\/div>\n\t\t\t\t<\/div>\n\t\t\t\t<\/div>\n\t\t\t\t\t<\/div>\n\t\t\t\t<\/div>\n\t\t\t\t<\/div>\n\t\t","protected":false},"excerpt":{"rendered":"<p>Vereinbarungen und Vorteile<\/p>\n","protected":false},"author":1,"featured_media":0,"parent":0,"menu_order":14,"comment_status":"closed","ping_status":"closed","template":"","meta":{"footnotes":""},"class_list":["post-111468","page","type-page","status-publish","hentry"],"yoast_head":"<!-- This site is optimized with the Yoast SEO plugin v27.1.1 - https:\/\/yoast.com\/product\/yoast-seo-wordpress\/ -->\n<title>Vereinbarungen und Vorteile f\u00fcr Patienten | ICSEB<\/title>\n<meta name=\"description\" content=\"Informationen zu Vereinbarungen, Kooperationen und Vorteilen f\u00fcr Patienten des ICSEB sowie unterst\u00fctzenden Services und Angeboten.\" \/>\n<meta name=\"robots\" content=\"index, follow, max-snippet:-1, max-image-preview:large, max-video-preview:-1\" \/>\n<link rel=\"canonical\" href=\"https:\/\/institutchiaribcn.com\/de\/vereinbarungen-und-vorteile\/\" \/>\n<meta property=\"og:locale\" content=\"de_DE\" \/>\n<meta property=\"og:type\" content=\"article\" \/>\n<meta property=\"og:title\" content=\"Vereinbarungen und Vorteile f\u00fcr Patienten | ICSEB\" \/>\n<meta property=\"og:description\" content=\"Informationen zu Vereinbarungen, Kooperationen und Vorteilen f\u00fcr Patienten des ICSEB sowie unterst\u00fctzenden Services und Angeboten.\" \/>\n<meta property=\"og:url\" content=\"https:\/\/institutchiaribcn.com\/de\/vereinbarungen-und-vorteile\/\" \/>\n<meta property=\"og:site_name\" content=\"Institut Chiari\" \/>\n<meta property=\"article:modified_time\" content=\"2026-03-09T14:50:02+00:00\" \/>\n<meta name=\"twitter:card\" content=\"summary_large_image\" \/>\n<meta name=\"twitter:label1\" content=\"Gesch\u00e4tzte Lesezeit\" \/>\n\t<meta name=\"twitter:data1\" content=\"1\u00a0Minute\" \/>\n<script type=\"application\/ld+json\" class=\"yoast-schema-graph\">{\"@context\":\"https:\/\/schema.org\",\"@graph\":[{\"@type\":\"WebPage\",\"@id\":\"https:\/\/institutchiaribcn.com\/de\/vereinbarungen-und-vorteile\/\",\"url\":\"https:\/\/institutchiaribcn.com\/de\/vereinbarungen-und-vorteile\/\",\"name\":\"Vereinbarungen und Vorteile f\u00fcr Patienten | ICSEB\",\"isPartOf\":{\"@id\":\"https:\/\/institutchiaribcn.com\/de\/#website\"},\"datePublished\":\"2025-06-18T06:47:29+00:00\",\"dateModified\":\"2026-03-09T14:50:02+00:00\",\"description\":\"Informationen zu Vereinbarungen, Kooperationen und Vorteilen f\u00fcr Patienten des ICSEB sowie unterst\u00fctzenden Services und Angeboten.\",\"breadcrumb\":{\"@id\":\"https:\/\/institutchiaribcn.com\/de\/vereinbarungen-und-vorteile\/#breadcrumb\"},\"inLanguage\":\"de\",\"potentialAction\":[{\"@type\":\"ReadAction\",\"target\":[\"https:\/\/institutchiaribcn.com\/de\/vereinbarungen-und-vorteile\/\"]}]},{\"@type\":\"BreadcrumbList\",\"@id\":\"https:\/\/institutchiaribcn.com\/de\/vereinbarungen-und-vorteile\/#breadcrumb\",\"itemListElement\":[{\"@type\":\"ListItem\",\"position\":1,\"name\":\"Portada\",\"item\":\"https:\/\/institutchiaribcn.com\/de\/\"},{\"@type\":\"ListItem\",\"position\":2,\"name\":\"Vereinbarungen und Vorteile\"}]},{\"@type\":\"WebSite\",\"@id\":\"https:\/\/institutchiaribcn.com\/de\/#website\",\"url\":\"https:\/\/institutchiaribcn.com\/de\/\",\"name\":\"Institut Chiari de Barcelona\",\"description\":\"\",\"publisher\":{\"@id\":\"https:\/\/institutchiaribcn.com\/de\/#organization\"},\"potentialAction\":[{\"@type\":\"SearchAction\",\"target\":{\"@type\":\"EntryPoint\",\"urlTemplate\":\"https:\/\/institutchiaribcn.com\/de\/?s={search_term_string}\"},\"query-input\":{\"@type\":\"PropertyValueSpecification\",\"valueRequired\":true,\"valueName\":\"search_term_string\"}}],\"inLanguage\":\"de\"},{\"@type\":\"Organization\",\"@id\":\"https:\/\/institutchiaribcn.com\/de\/#organization\",\"name\":\"Institut Chiari de Barcelona\",\"url\":\"https:\/\/institutchiaribcn.com\/de\/\",\"logo\":{\"@type\":\"ImageObject\",\"inLanguage\":\"de\",\"@id\":\"https:\/\/institutchiaribcn.com\/de\/#\/schema\/logo\/image\/\",\"url\":\"https:\/\/institutchiaribcn.com\/wp-content\/uploads\/2025\/10\/cropped-cropped-icsebNavLogo-1.png\",\"contentUrl\":\"https:\/\/institutchiaribcn.com\/wp-content\/uploads\/2025\/10\/cropped-cropped-icsebNavLogo-1.png\",\"width\":245,\"height\":99,\"caption\":\"Institut Chiari de Barcelona\"},\"image\":{\"@id\":\"https:\/\/institutchiaribcn.com\/de\/#\/schema\/logo\/image\/\"}}]}<\/script>\n<!-- \/ Yoast SEO plugin. -->","yoast_head_json":{"title":"Vereinbarungen und Vorteile f\u00fcr Patienten | ICSEB","description":"Informationen zu Vereinbarungen, Kooperationen und Vorteilen f\u00fcr Patienten des ICSEB sowie unterst\u00fctzenden Services und Angeboten.","robots":{"index":"index","follow":"follow","max-snippet":"max-snippet:-1","max-image-preview":"max-image-preview:large","max-video-preview":"max-video-preview:-1"},"canonical":"https:\/\/institutchiaribcn.com\/de\/vereinbarungen-und-vorteile\/","og_locale":"de_DE","og_type":"article","og_title":"Vereinbarungen und Vorteile f\u00fcr Patienten | ICSEB","og_description":"Informationen zu Vereinbarungen, Kooperationen und Vorteilen f\u00fcr Patienten des ICSEB sowie unterst\u00fctzenden Services und Angeboten.","og_url":"https:\/\/institutchiaribcn.com\/de\/vereinbarungen-und-vorteile\/","og_site_name":"Institut Chiari","article_modified_time":"2026-03-09T14:50:02+00:00","twitter_card":"summary_large_image","twitter_misc":{"Gesch\u00e4tzte Lesezeit":"1\u00a0Minute"},"schema":{"@context":"https:\/\/schema.org","@graph":[{"@type":"WebPage","@id":"https:\/\/institutchiaribcn.com\/de\/vereinbarungen-und-vorteile\/","url":"https:\/\/institutchiaribcn.com\/de\/vereinbarungen-und-vorteile\/","name":"Vereinbarungen und Vorteile f\u00fcr Patienten | ICSEB","isPartOf":{"@id":"https:\/\/institutchiaribcn.com\/de\/#website"},"datePublished":"2025-06-18T06:47:29+00:00","dateModified":"2026-03-09T14:50:02+00:00","description":"Informationen zu Vereinbarungen, Kooperationen und Vorteilen f\u00fcr Patienten des ICSEB sowie unterst\u00fctzenden Services und Angeboten.","breadcrumb":{"@id":"https:\/\/institutchiaribcn.com\/de\/vereinbarungen-und-vorteile\/#breadcrumb"},"inLanguage":"de","potentialAction":[{"@type":"ReadAction","target":["https:\/\/institutchiaribcn.com\/de\/vereinbarungen-und-vorteile\/"]}]},{"@type":"BreadcrumbList","@id":"https:\/\/institutchiaribcn.com\/de\/vereinbarungen-und-vorteile\/#breadcrumb","itemListElement":[{"@type":"ListItem","position":1,"name":"Portada","item":"https:\/\/institutchiaribcn.com\/de\/"},{"@type":"ListItem","position":2,"name":"Vereinbarungen und Vorteile"}]},{"@type":"WebSite","@id":"https:\/\/institutchiaribcn.com\/de\/#website","url":"https:\/\/institutchiaribcn.com\/de\/","name":"Institut Chiari de Barcelona","description":"","publisher":{"@id":"https:\/\/institutchiaribcn.com\/de\/#organization"},"potentialAction":[{"@type":"SearchAction","target":{"@type":"EntryPoint","urlTemplate":"https:\/\/institutchiaribcn.com\/de\/?s={search_term_string}"},"query-input":{"@type":"PropertyValueSpecification","valueRequired":true,"valueName":"search_term_string"}}],"inLanguage":"de"},{"@type":"Organization","@id":"https:\/\/institutchiaribcn.com\/de\/#organization","name":"Institut Chiari de Barcelona","url":"https:\/\/institutchiaribcn.com\/de\/","logo":{"@type":"ImageObject","inLanguage":"de","@id":"https:\/\/institutchiaribcn.com\/de\/#\/schema\/logo\/image\/","url":"https:\/\/institutchiaribcn.com\/wp-content\/uploads\/2025\/10\/cropped-cropped-icsebNavLogo-1.png","contentUrl":"https:\/\/institutchiaribcn.com\/wp-content\/uploads\/2025\/10\/cropped-cropped-icsebNavLogo-1.png","width":245,"height":99,"caption":"Institut Chiari de Barcelona"},"image":{"@id":"https:\/\/institutchiaribcn.com\/de\/#\/schema\/logo\/image\/"}}]}},"_links":{"self":[{"href":"https:\/\/institutchiaribcn.com\/de\/wp-json\/wp\/v2\/pages\/111468","targetHints":{"allow":["GET"]}}],"collection":[{"href":"https:\/\/institutchiaribcn.com\/de\/wp-json\/wp\/v2\/pages"}],"about":[{"href":"https:\/\/institutchiaribcn.com\/de\/wp-json\/wp\/v2\/types\/page"}],"author":[{"embeddable":true,"href":"https:\/\/institutchiaribcn.com\/de\/wp-json\/wp\/v2\/users\/1"}],"replies":[{"embeddable":true,"href":"https:\/\/institutchiaribcn.com\/de\/wp-json\/wp\/v2\/comments?post=111468"}],"version-history":[{"count":7,"href":"https:\/\/institutchiaribcn.com\/de\/wp-json\/wp\/v2\/pages\/111468\/revisions"}],"predecessor-version":[{"id":147347,"href":"https:\/\/institutchiaribcn.com\/de\/wp-json\/wp\/v2\/pages\/111468\/revisions\/147347"}],"wp:attachment":[{"href":"https:\/\/institutchiaribcn.com\/de\/wp-json\/wp\/v2\/media?parent=111468"}],"curies":[{"name":"wp","href":"https:\/\/api.w.org\/{rel}","templated":true}]}}