{"id":64544,"date":"2025-06-17T16:54:11","date_gmt":"2025-06-17T14:54:11","guid":{"rendered":"https:\/\/dev.institutchiaribcn.com\/tasas-exito-icseb\/"},"modified":"2026-04-02T10:11:14","modified_gmt":"2026-04-02T08:11:14","slug":"sucess-rates","status":"publish","type":"page","link":"https:\/\/institutchiaribcn.com\/cn\/sucess-rates\/","title":{"rendered":"\u6210\u529f\u7387"},"content":{"rendered":"\t\t<div data-elementor-type=\"wp-page\" data-elementor-id=\"64544\" class=\"elementor elementor-64544 elementor-202\" data-elementor-post-type=\"page\">\n\t\t\t\t<div class=\"elementor-element elementor-element-80f53d4 e-flex e-con-boxed e-con e-parent\" data-id=\"80f53d4\" data-element_type=\"container\" data-e-type=\"container\">\n\t\t\t\t\t<div class=\"e-con-inner\">\n\t\t<div class=\"elementor-element elementor-element-75b05ed e-con-full e-flex e-con e-child\" data-id=\"75b05ed\" data-element_type=\"container\" data-e-type=\"container\">\n\t\t\t\t<div class=\"elementor-element elementor-element-6fd43a8 elementor-widget elementor-widget-heading\" data-id=\"6fd43a8\" data-element_type=\"widget\" data-e-type=\"widget\" data-widget_type=\"heading.default\">\n\t\t\t\t<div class=\"elementor-widget-container\">\n\t\t\t\t\t<h1 class=\"elementor-heading-title elementor-size-default\">\u6210\u529f\u7387\n<\/h1>\t\t\t\t<\/div>\n\t\t\t\t<\/div>\n\t\t\t\t<div class=\"elementor-element elementor-element-be9add3 elementor-widget elementor-widget-text-editor\" data-id=\"be9add3\" data-element_type=\"widget\" data-e-type=\"widget\" data-widget_type=\"text-editor.default\">\n\t\t\t\t<div class=\"elementor-widget-container\">\n\t\t\t\t\t\t\t\t\t<p>\u4e0e\u533b\u5b66\u6587\u732e\u7eaa\u8f7d\u7684\u5176\u5b83\u624b\u672f\u6210\u679c\u6bd4\u8f83\uff0c\u6240\u6709\u56e0\u4e3a\u4e0d\u540c\u810a\u67f1\u95ee\u9898\u800c\u63a5\u53d7\u6211\u4eec\u624b\u672f\u6cbb\u7597\u7684\u75c5\u60a3\uff0c\u5176\u624b\u672f\u6210\u679c\u5168\u662f\u4f18\u4e8e\u533b\u5b66\u6587\u732e\u6240\u8bb0\u8f7d\u7684\u624b\u672f\u6210\u679c\u3002\u6211\u4eec\u5728\u5de5\u4f5c\u9020\u6210\u7684\u8170\u690e\u75c5\u75c7\u65b9\u9762\u624b\u672f\u4e0a\u4e5f\u90fd\u83b7\u5f97\u76f8\u5f53\u4f18\u79c0\u7684\u6210\u679c\u3002\u5728<strong>\u5c0f\u8111\u6241\u6843\u4f53\u4e0b\u759d\u7b2c\u4e00\u578b\u3001\u810a\u9ad3\u7a7a\u6d1e\u75c7\u3001\u810a\u67f1\u4fa7\u5f2f\u3001\u9885\u5e95\u51f9\u9677\u75c7\u3001 \u9f7f\u72b6\u7a81\u6076\u5316\u3001\u8111\u5e72\u626d\u7ed3\u75c7<\/strong>\u65b9\u9762\uff0c1000\u591a\u4e2a\u63a5\u53d7\u6211\u4eec\u201d<strong>\u7ec8\u4e1d\u5207\u65ad<\/strong>\u201c\u5916\u79d1\u624b\u672f\u6cbb\u7597\u7684\u75c5\u60a3\uff0c\u4ed6\u4eec\u7684\u624b\u672f\u6210\u679c\u4e5f\u90fd\u76f8\u5f53\u4f18\u79c0\u3002<\/p><p>\u6211\u4eec\u6240\u6709\u7684\u624b\u672f\u6210\u679c\u90fd\u5df2\u4ee5\u897f\u73ed\u7259\u6587\u3001\u82f1\u6587\u548c\u6cd5\u6587\uff0c\u53d1\u8868\u516c\u5e03\u5728\u8bb8\u591a\u77e5\u540d\u7684\u533b\u7597\u3001\u795e\u7ecf\u53ca\u795e\u7ecf\u5916\u79d1\u520a\u7269\u4e0a\u3002<\/p><p>\u00a0<\/p><p>\u75c5\u60a3\u6ee1\u610f\u5ea6\u8c03\u67e5<\/p>\t\t\t\t\t\t\t\t<\/div>\n\t\t\t\t<\/div>\n\t\t\t\t<\/div>\n\t\t<div class=\"elementor-element elementor-element-54b6414 e-con-full e-flex e-con e-child\" data-id=\"54b6414\" data-element_type=\"container\" data-e-type=\"container\">\n\t\t\t\t<div class=\"elementor-element elementor-element-b5460ef elementor-widget elementor-widget-html\" data-id=\"b5460ef\" data-element_type=\"widget\" data-e-type=\"widget\" data-widget_type=\"html.default\">\n\t\t\t\t<div class=\"elementor-widget-container\">\n\t\t\t\t\t<iframe loading=\"lazy\" class=\"hidden-col-xs hidden-sm visible-md visible-lg\" src=\"https:\/\/institutchiaribcn.com\/success-rates.htm\" width=\"600\" height=\"400\" frameborder=\"0\" scrolling=\"no\"><\/iframe>\t\t\t\t<\/div>\n\t\t\t\t<\/div>\n\t\t\t\t<\/div>\n\t\t\t\t\t<\/div>\n\t\t\t\t<\/div>\n\t\t<div class=\"elementor-element elementor-element-9e15a43 e-flex e-con-boxed e-con e-parent\" data-id=\"9e15a43\" data-element_type=\"container\" data-e-type=\"container\" data-settings=\"{&quot;background_background&quot;:&quot;classic&quot;}\">\n\t\t\t\t\t<div class=\"e-con-inner\">\n\t\t\t\t<div class=\"elementor-element elementor-element-af4925f elementor-widget elementor-widget-text-editor\" data-id=\"af4925f\" data-element_type=\"widget\" data-e-type=\"widget\" data-widget_type=\"text-editor.default\">\n\t\t\t\t<div class=\"elementor-widget-container\">\n\t\t\t\t\t\t\t\t\t<p>\u4ee5\u4e0b\u6211\u4eec\u53ef\u4ee5\u770b\u5230\u7ec8\u4e1d\u75be\u75c5\u75c5\u4eba\u5e38\u89c1\u7684\u75c7\u72b6\u548c\u4f53\u5f81\uff0c\u4ee5\u53ca\u7ec8\u4e1d\u5207\u65ad\u624b\u672f\u540e\u5e38\u89c1\u7684\u5eb7\u590d\u3002\u7ec8\u4e1d\u75be\u75c5\u5305\u542b\u5c0f\u8111\u6241\u6843\u4f53\u4e0b\u759d\u7b2c\u4e00\u578b\uff0c\u539f\u53d1\u6027\u810a\u9ad3\u7a7a\u6d1e\u75c7\u548c\u810a\u67f1\u4fa7\u5f2f\u7b49\u3002<\/p>\t\t\t\t\t\t\t\t<\/div>\n\t\t\t\t<\/div>\n\t\t<div class=\"elementor-element elementor-element-041475b e-con-full e-flex e-con e-child\" data-id=\"041475b\" data-element_type=\"container\" data-e-type=\"container\">\n\t\t\t\t<div class=\"elementor-element elementor-element-7448aaf elementor-widget elementor-widget-image\" data-id=\"7448aaf\" data-element_type=\"widget\" data-e-type=\"widget\" data-widget_type=\"image.default\">\n\t\t\t\t<div class=\"elementor-widget-container\">\n\t\t\t\t\t\t\t\t\t\t\t\t<figure class=\"wp-caption\">\n\t\t\t\t\t\t\t\t\t\t<img fetchpriority=\"high\" decoding=\"async\" width=\"800\" height=\"317\" src=\"https:\/\/institutchiaribcn.com\/wp-content\/uploads\/2025\/09\/Grafico-I-Sintomas-mas-frecuentes-en-pacientes-con-Enfermedad-del-Filum-chino-simplificado-1024x406.png\" class=\"attachment-large size-large wp-image-63581\" alt=\"Gr\u00e1fico I S\u00edntomas m\u00e1s frecuentes en pacientes con Enfermedad del Filum chino simplificado\" srcset=\"https:\/\/institutchiaribcn.com\/wp-content\/uploads\/2025\/09\/Grafico-I-Sintomas-mas-frecuentes-en-pacientes-con-Enfermedad-del-Filum-chino-simplificado-1024x406.png 1024w, https:\/\/institutchiaribcn.com\/wp-content\/uploads\/2025\/09\/Grafico-I-Sintomas-mas-frecuentes-en-pacientes-con-Enfermedad-del-Filum-chino-simplificado-300x119.png 300w, https:\/\/institutchiaribcn.com\/wp-content\/uploads\/2025\/09\/Grafico-I-Sintomas-mas-frecuentes-en-pacientes-con-Enfermedad-del-Filum-chino-simplificado-768x304.png 768w, https:\/\/institutchiaribcn.com\/wp-content\/uploads\/2025\/09\/Grafico-I-Sintomas-mas-frecuentes-en-pacientes-con-Enfermedad-del-Filum-chino-simplificado-1536x609.png 1536w, https:\/\/institutchiaribcn.com\/wp-content\/uploads\/2025\/09\/Grafico-I-Sintomas-mas-frecuentes-en-pacientes-con-Enfermedad-del-Filum-chino-simplificado.png 1955w\" sizes=\"(max-width: 800px) 100vw, 800px\" \/>\t\t\t\t\t\t\t\t\t\t\t<figcaption class=\"widget-image-caption wp-caption-text\"><\/figcaption>\n\t\t\t\t\t\t\t\t\t\t<\/figure>\n\t\t\t\t\t\t\t\t\t<\/div>\n\t\t\t\t<\/div>\n\t\t\t\t<div class=\"elementor-element elementor-element-447f779 elementor-widget elementor-widget-image\" data-id=\"447f779\" data-element_type=\"widget\" data-e-type=\"widget\" data-widget_type=\"image.default\">\n\t\t\t\t<div class=\"elementor-widget-container\">\n\t\t\t\t\t\t\t\t\t\t\t\t<figure class=\"wp-caption\">\n\t\t\t\t\t\t\t\t\t\t<img decoding=\"async\" width=\"800\" height=\"316\" src=\"https:\/\/institutchiaribcn.com\/wp-content\/uploads\/2025\/09\/Grafico-2-chino-simplificado-1024x404.png\" class=\"attachment-large size-large wp-image-63595\" alt=\"Gr\u00e1fico 2 chino simplificado\" srcset=\"https:\/\/institutchiaribcn.com\/wp-content\/uploads\/2025\/09\/Grafico-2-chino-simplificado-1024x404.png 1024w, https:\/\/institutchiaribcn.com\/wp-content\/uploads\/2025\/09\/Grafico-2-chino-simplificado-300x118.png 300w, https:\/\/institutchiaribcn.com\/wp-content\/uploads\/2025\/09\/Grafico-2-chino-simplificado-768x303.png 768w, https:\/\/institutchiaribcn.com\/wp-content\/uploads\/2025\/09\/Grafico-2-chino-simplificado-1536x606.png 1536w, https:\/\/institutchiaribcn.com\/wp-content\/uploads\/2025\/09\/Grafico-2-chino-simplificado.png 1966w\" sizes=\"(max-width: 800px) 100vw, 800px\" \/>\t\t\t\t\t\t\t\t\t\t\t<figcaption class=\"widget-image-caption wp-caption-text\"><\/figcaption>\n\t\t\t\t\t\t\t\t\t\t<\/figure>\n\t\t\t\t\t\t\t\t\t<\/div>\n\t\t\t\t<\/div>\n\t\t\t\t<\/div>\n\t\t\t\t\t<\/div>\n\t\t\t\t<\/div>\n\t\t<div class=\"elementor-element elementor-element-7f00dc9 e-flex e-con-boxed e-con e-parent\" data-id=\"7f00dc9\" data-element_type=\"container\" data-e-type=\"container\" data-settings=\"{&quot;background_background&quot;:&quot;classic&quot;}\">\n\t\t\t\t\t<div class=\"e-con-inner\">\n\t\t<div class=\"elementor-element elementor-element-4e681a9 e-con-full e-flex e-con e-child\" data-id=\"4e681a9\" data-element_type=\"container\" data-e-type=\"container\">\n\t\t\t\t<div class=\"elementor-element elementor-element-e46339a elementor-widget elementor-widget-image\" data-id=\"e46339a\" data-element_type=\"widget\" data-e-type=\"widget\" data-widget_type=\"image.default\">\n\t\t\t\t<div class=\"elementor-widget-container\">\n\t\t\t\t\t\t\t\t\t\t\t\t<figure class=\"wp-caption\">\n\t\t\t\t\t\t\t\t\t\t<img decoding=\"async\" width=\"800\" height=\"480\" src=\"https:\/\/institutchiaribcn.com\/wp-content\/uploads\/2025\/09\/grafico-3-chino-simplicado-1024x615.png\" class=\"attachment-large size-large wp-image-63655\" alt=\"gr\u00e1fico 3 chino simplicado\" srcset=\"https:\/\/institutchiaribcn.com\/wp-content\/uploads\/2025\/09\/grafico-3-chino-simplicado-1024x615.png 1024w, https:\/\/institutchiaribcn.com\/wp-content\/uploads\/2025\/09\/grafico-3-chino-simplicado-300x180.png 300w, https:\/\/institutchiaribcn.com\/wp-content\/uploads\/2025\/09\/grafico-3-chino-simplicado-768x461.png 768w, https:\/\/institutchiaribcn.com\/wp-content\/uploads\/2025\/09\/grafico-3-chino-simplicado.png 1520w\" sizes=\"(max-width: 800px) 100vw, 800px\" \/>\t\t\t\t\t\t\t\t\t\t\t<figcaption class=\"widget-image-caption wp-caption-text\"><\/figcaption>\n\t\t\t\t\t\t\t\t\t\t<\/figure>\n\t\t\t\t\t\t\t\t\t<\/div>\n\t\t\t\t<\/div>\n\t\t\t\t<div class=\"elementor-element elementor-element-bf7c6e2 elementor-widget elementor-widget-image\" data-id=\"bf7c6e2\" data-element_type=\"widget\" data-e-type=\"widget\" data-widget_type=\"image.default\">\n\t\t\t\t<div class=\"elementor-widget-container\">\n\t\t\t\t\t\t\t\t\t\t\t\t<figure class=\"wp-caption\">\n\t\t\t\t\t\t\t\t\t\t<img loading=\"lazy\" decoding=\"async\" width=\"800\" height=\"455\" src=\"https:\/\/institutchiaribcn.com\/wp-content\/uploads\/2025\/09\/grafico-4-chino-simplificado-1024x582.png\" class=\"attachment-large size-large wp-image-63669\" alt=\"grafico 4 chino simplificado\" srcset=\"https:\/\/institutchiaribcn.com\/wp-content\/uploads\/2025\/09\/grafico-4-chino-simplificado-1024x582.png 1024w, https:\/\/institutchiaribcn.com\/wp-content\/uploads\/2025\/09\/grafico-4-chino-simplificado-300x170.png 300w, https:\/\/institutchiaribcn.com\/wp-content\/uploads\/2025\/09\/grafico-4-chino-simplificado-768x436.png 768w, https:\/\/institutchiaribcn.com\/wp-content\/uploads\/2025\/09\/grafico-4-chino-simplificado-1536x872.png 1536w, https:\/\/institutchiaribcn.com\/wp-content\/uploads\/2025\/09\/grafico-4-chino-simplificado.png 1569w\" sizes=\"(max-width: 800px) 100vw, 800px\" \/>\t\t\t\t\t\t\t\t\t\t\t<figcaption class=\"widget-image-caption wp-caption-text\"><\/figcaption>\n\t\t\t\t\t\t\t\t\t\t<\/figure>\n\t\t\t\t\t\t\t\t\t<\/div>\n\t\t\t\t<\/div>\n\t\t\t\t<\/div>\n\t\t\t\t\t<\/div>\n\t\t\t\t<\/div>\n\t\t<div class=\"elementor-element elementor-element-3336d4a e-flex e-con-boxed e-con e-parent\" data-id=\"3336d4a\" data-element_type=\"container\" data-e-type=\"container\">\n\t\t\t\t\t<div class=\"e-con-inner\">\n\t\t\t\t<div class=\"elementor-element elementor-element-a220e9b elementor-widget elementor-widget-text-editor\" data-id=\"a220e9b\" data-element_type=\"widget\" data-e-type=\"widget\" data-widget_type=\"text-editor.default\">\n\t\t\t\t<div class=\"elementor-widget-container\">\n\t\t\t\t\t\t\t\t\t<p>\u76ee\u524d\u7814\u7a76\u6240\u5df2\u7ecf\u63a5\u5f85\u8fc7\u6765\u81ea\u5168\u4e16\u754c79\u4e2a\u56fd\u5bb6\u7684\u75c5\u4eba\uff0c\u8fd9\u90fd\u8981\u611f\u8c22\u7814\u7a76\u6240\u7684\u7814\u7a76\u548c\u624b\u672f\u6210\u679c\uff0c\u624d\u80fd\u9020\u798f\u548c\u5e2e\u52a9\u8d8a\u6765\u8d8a\u591a\u7684\u75c5\u4eba\u3002\u6211\u4eec\u5e0c\u671b\u65e5\u540e\u80fd\u6709\u66f4\u591a\u7684\u75c5\u4eba\u80fd\u524d\u6765\u5df4\u585e\u7f57\u90a3\u6cbb\u7597\uff0c\u5e0c\u671b\u4e5f\u80fd\u5728\u4ed6\u4eec\u8138\u4e0a\u770b\u5230\u6ee1\u610f\u548c\u5feb\u4e50\u7684\u7b11\u5bb9\u3002<\/p>\t\t\t\t\t\t\t\t<\/div>\n\t\t\t\t<\/div>\n\t\t\t\t\t<\/div>\n\t\t\t\t<\/div>\n\t\t<div class=\"elementor-element elementor-element-28f0c9b e-flex e-con-boxed e-con e-parent\" data-id=\"28f0c9b\" data-element_type=\"container\" data-e-type=\"container\">\n\t\t\t\t\t<div class=\"e-con-inner\">\n\t\t\t\t<div class=\"elementor-element elementor-element-e17467a elementor-widget elementor-widget-html\" data-id=\"e17467a\" data-element_type=\"widget\" data-e-type=\"widget\" data-widget_type=\"html.default\">\n\t\t\t\t<div class=\"elementor-widget-container\">\n\t\t\t\t\t<iframe loading=\"lazy\" style=\"pointer-event: none;\" src=\"https:\/\/www.google.com\/maps\/d\/embed?mid=1hau40Eyt4VBA5Rmuzmk85LU--pE\" height=\"580\" frameborder=\"0\"><\/iframe>\t\t\t\t<\/div>\n\t\t\t\t<\/div>\n\t\t\t\t\t<\/div>\n\t\t\t\t<\/div>\n\t\t\t\t<\/div>\n\t\t","protected":false},"excerpt":{"rendered":"<p>\u6210\u529f\u7387 \u4e0e\u533b\u5b66\u6587\u732e\u7eaa\u8f7d\u7684\u5176\u5b83\u624b\u672f\u6210\u679c\u6bd4\u8f83\uff0c\u6240\u6709\u56e0\u4e3a\u4e0d\u540c\u810a\u67f1\u95ee\u9898\u800c\u63a5\u53d7\u6211\u4eec\u624b\u672f\u6cbb\u7597\u7684\u75c5\u60a3\uff0c\u5176\u624b\u672f\u6210\u679c\u5168\u662f\u4f18\u4e8e\u533b\u5b66 [&hellip;]<\/p>\n","protected":false},"author":1,"featured_media":0,"parent":0,"menu_order":8,"comment_status":"closed","ping_status":"closed","template":"","meta":{"footnotes":""},"class_list":["post-64544","page","type-page","status-publish","hentry"],"yoast_head":"<!-- This site is optimized with the Yoast SEO plugin v27.4 - https:\/\/yoast.com\/product\/yoast-seo-wordpress\/ -->\n<title>Chiari\u624b\u672f\u6210\u529f\u7387\u4e0e\u6cbb\u7597\u6548\u679c\u5206\u6790 | \u5df4\u585eChiari\u7814\u7a76\u6240<\/title>\n<meta name=\"description\" content=\"\u67e5\u770b ICSEB \u91c7\u7528 Filum System\u00ae \u624b\u672f\u65b9\u6cd5\u5728 Chiari I\u3001\u810a\u9ad3\u7a7a\u6d1e\u75c7\u3001\u4fa7\u5f2f\u53ca\u76f8\u5173\u75c5\u53d8\u60a3\u8005\u4e2d\u7684\u4e34\u5e8a\u6210\u529f\u7387\u4e0e\u6ee1\u610f\u5ea6\u7edf\u8ba1\u6570\u636e\u3002\" \/>\n<meta name=\"robots\" content=\"index, follow, max-snippet:-1, max-image-preview:large, max-video-preview:-1\" \/>\n<link rel=\"canonical\" href=\"https:\/\/institutchiaribcn.com\/cn\/sucess-rates\/\" \/>\n<meta property=\"og:locale\" content=\"zh_CN\" \/>\n<meta property=\"og:type\" content=\"article\" \/>\n<meta property=\"og:title\" content=\"Chiari\u624b\u672f\u6210\u529f\u7387\u4e0e\u6cbb\u7597\u6548\u679c\u5206\u6790 | \u5df4\u585eChiari\u7814\u7a76\u6240\" \/>\n<meta property=\"og:description\" content=\"\u67e5\u770b ICSEB \u91c7\u7528 Filum System\u00ae \u624b\u672f\u65b9\u6cd5\u5728 Chiari I\u3001\u810a\u9ad3\u7a7a\u6d1e\u75c7\u3001\u4fa7\u5f2f\u53ca\u76f8\u5173\u75c5\u53d8\u60a3\u8005\u4e2d\u7684\u4e34\u5e8a\u6210\u529f\u7387\u4e0e\u6ee1\u610f\u5ea6\u7edf\u8ba1\u6570\u636e\u3002\" \/>\n<meta property=\"og:url\" content=\"https:\/\/institutchiaribcn.com\/cn\/sucess-rates\/\" \/>\n<meta property=\"og:site_name\" content=\"\u5df4\u585eChiari\u7814\u7a76\u6240\" \/>\n<meta property=\"article:modified_time\" content=\"2026-04-02T08:11:14+00:00\" \/>\n<meta property=\"og:image\" content=\"https:\/\/institutchiaribcn.com\/wp-content\/uploads\/2025\/09\/Grafico-I-Sintomas-mas-frecuentes-en-pacientes-con-Enfermedad-del-Filum-chino-simplificado-1024x406.png\" \/>\n<meta name=\"twitter:card\" content=\"summary_large_image\" \/>\n<meta name=\"twitter:label1\" content=\"\u9884\u8ba1\u9605\u8bfb\u65f6\u95f4\" \/>\n\t<meta name=\"twitter:data1\" content=\"1 \u5206\" \/>\n<script type=\"application\/ld+json\" class=\"yoast-schema-graph\">{\"@context\":\"https:\\\/\\\/schema.org\",\"@graph\":[{\"@type\":\"WebPage\",\"@id\":\"https:\\\/\\\/institutchiaribcn.com\\\/cn\\\/sucess-rates\\\/\",\"url\":\"https:\\\/\\\/institutchiaribcn.com\\\/cn\\\/sucess-rates\\\/\",\"name\":\"Chiari\u624b\u672f\u6210\u529f\u7387\u4e0e\u6cbb\u7597\u6548\u679c\u5206\u6790 | \u5df4\u585eChiari\u7814\u7a76\u6240\",\"isPartOf\":{\"@id\":\"https:\\\/\\\/institutchiaribcn.com\\\/cn\\\/#website\"},\"primaryImageOfPage\":{\"@id\":\"https:\\\/\\\/institutchiaribcn.com\\\/cn\\\/sucess-rates\\\/#primaryimage\"},\"image\":{\"@id\":\"https:\\\/\\\/institutchiaribcn.com\\\/cn\\\/sucess-rates\\\/#primaryimage\"},\"thumbnailUrl\":\"https:\\\/\\\/institutchiaribcn.com\\\/wp-content\\\/uploads\\\/2025\\\/09\\\/Grafico-I-Sintomas-mas-frecuentes-en-pacientes-con-Enfermedad-del-Filum-chino-simplificado-1024x406.png\",\"datePublished\":\"2025-06-17T14:54:11+00:00\",\"dateModified\":\"2026-04-02T08:11:14+00:00\",\"description\":\"\u67e5\u770b ICSEB \u91c7\u7528 Filum System\u00ae \u624b\u672f\u65b9\u6cd5\u5728 Chiari I\u3001\u810a\u9ad3\u7a7a\u6d1e\u75c7\u3001\u4fa7\u5f2f\u53ca\u76f8\u5173\u75c5\u53d8\u60a3\u8005\u4e2d\u7684\u4e34\u5e8a\u6210\u529f\u7387\u4e0e\u6ee1\u610f\u5ea6\u7edf\u8ba1\u6570\u636e\u3002\",\"breadcrumb\":{\"@id\":\"https:\\\/\\\/institutchiaribcn.com\\\/cn\\\/sucess-rates\\\/#breadcrumb\"},\"inLanguage\":\"zh-Hans\",\"potentialAction\":[{\"@type\":\"ReadAction\",\"target\":[\"https:\\\/\\\/institutchiaribcn.com\\\/cn\\\/sucess-rates\\\/\"]}]},{\"@type\":\"ImageObject\",\"inLanguage\":\"zh-Hans\",\"@id\":\"https:\\\/\\\/institutchiaribcn.com\\\/cn\\\/sucess-rates\\\/#primaryimage\",\"url\":\"https:\\\/\\\/institutchiaribcn.com\\\/wp-content\\\/uploads\\\/2025\\\/09\\\/Grafico-I-Sintomas-mas-frecuentes-en-pacientes-con-Enfermedad-del-Filum-chino-simplificado-1024x406.png\",\"contentUrl\":\"https:\\\/\\\/institutchiaribcn.com\\\/wp-content\\\/uploads\\\/2025\\\/09\\\/Grafico-I-Sintomas-mas-frecuentes-en-pacientes-con-Enfermedad-del-Filum-chino-simplificado-1024x406.png\"},{\"@type\":\"BreadcrumbList\",\"@id\":\"https:\\\/\\\/institutchiaribcn.com\\\/cn\\\/sucess-rates\\\/#breadcrumb\",\"itemListElement\":[{\"@type\":\"ListItem\",\"position\":1,\"name\":\"Portada\",\"item\":\"https:\\\/\\\/institutchiaribcn.com\\\/cn\\\/\"},{\"@type\":\"ListItem\",\"position\":2,\"name\":\"\u6210\u529f\u7387\"}]},{\"@type\":\"WebSite\",\"@id\":\"https:\\\/\\\/institutchiaribcn.com\\\/cn\\\/#website\",\"url\":\"https:\\\/\\\/institutchiaribcn.com\\\/cn\\\/\",\"name\":\"Institut Chiari de Barcelona\",\"description\":\"\",\"publisher\":{\"@id\":\"https:\\\/\\\/institutchiaribcn.com\\\/cn\\\/#organization\"},\"potentialAction\":[{\"@type\":\"SearchAction\",\"target\":{\"@type\":\"EntryPoint\",\"urlTemplate\":\"https:\\\/\\\/institutchiaribcn.com\\\/cn\\\/?s={search_term_string}\"},\"query-input\":{\"@type\":\"PropertyValueSpecification\",\"valueRequired\":true,\"valueName\":\"search_term_string\"}}],\"inLanguage\":\"zh-Hans\"},{\"@type\":\"Organization\",\"@id\":\"https:\\\/\\\/institutchiaribcn.com\\\/cn\\\/#organization\",\"name\":\"Institut Chiari de Barcelona\",\"url\":\"https:\\\/\\\/institutchiaribcn.com\\\/cn\\\/\",\"logo\":{\"@type\":\"ImageObject\",\"inLanguage\":\"zh-Hans\",\"@id\":\"https:\\\/\\\/institutchiaribcn.com\\\/cn\\\/#\\\/schema\\\/logo\\\/image\\\/\",\"url\":\"https:\\\/\\\/institutchiaribcn.com\\\/wp-content\\\/uploads\\\/2025\\\/10\\\/cropped-cropped-icsebNavLogo-1.png\",\"contentUrl\":\"https:\\\/\\\/institutchiaribcn.com\\\/wp-content\\\/uploads\\\/2025\\\/10\\\/cropped-cropped-icsebNavLogo-1.png\",\"width\":245,\"height\":99,\"caption\":\"Institut Chiari de Barcelona\"},\"image\":{\"@id\":\"https:\\\/\\\/institutchiaribcn.com\\\/cn\\\/#\\\/schema\\\/logo\\\/image\\\/\"}}]}<\/script>\n<!-- \/ Yoast SEO plugin. -->","yoast_head_json":{"title":"Chiari\u624b\u672f\u6210\u529f\u7387\u4e0e\u6cbb\u7597\u6548\u679c\u5206\u6790 | \u5df4\u585eChiari\u7814\u7a76\u6240","description":"\u67e5\u770b ICSEB \u91c7\u7528 Filum System\u00ae \u624b\u672f\u65b9\u6cd5\u5728 Chiari I\u3001\u810a\u9ad3\u7a7a\u6d1e\u75c7\u3001\u4fa7\u5f2f\u53ca\u76f8\u5173\u75c5\u53d8\u60a3\u8005\u4e2d\u7684\u4e34\u5e8a\u6210\u529f\u7387\u4e0e\u6ee1\u610f\u5ea6\u7edf\u8ba1\u6570\u636e\u3002","robots":{"index":"index","follow":"follow","max-snippet":"max-snippet:-1","max-image-preview":"max-image-preview:large","max-video-preview":"max-video-preview:-1"},"canonical":"https:\/\/institutchiaribcn.com\/cn\/sucess-rates\/","og_locale":"zh_CN","og_type":"article","og_title":"Chiari\u624b\u672f\u6210\u529f\u7387\u4e0e\u6cbb\u7597\u6548\u679c\u5206\u6790 | \u5df4\u585eChiari\u7814\u7a76\u6240","og_description":"\u67e5\u770b ICSEB \u91c7\u7528 Filum System\u00ae \u624b\u672f\u65b9\u6cd5\u5728 Chiari I\u3001\u810a\u9ad3\u7a7a\u6d1e\u75c7\u3001\u4fa7\u5f2f\u53ca\u76f8\u5173\u75c5\u53d8\u60a3\u8005\u4e2d\u7684\u4e34\u5e8a\u6210\u529f\u7387\u4e0e\u6ee1\u610f\u5ea6\u7edf\u8ba1\u6570\u636e\u3002","og_url":"https:\/\/institutchiaribcn.com\/cn\/sucess-rates\/","og_site_name":"\u5df4\u585eChiari\u7814\u7a76\u6240","article_modified_time":"2026-04-02T08:11:14+00:00","og_image":[{"url":"https:\/\/institutchiaribcn.com\/wp-content\/uploads\/2025\/09\/Grafico-I-Sintomas-mas-frecuentes-en-pacientes-con-Enfermedad-del-Filum-chino-simplificado-1024x406.png","type":"","width":"","height":""}],"twitter_card":"summary_large_image","twitter_misc":{"\u9884\u8ba1\u9605\u8bfb\u65f6\u95f4":"1 \u5206"},"schema":{"@context":"https:\/\/schema.org","@graph":[{"@type":"WebPage","@id":"https:\/\/institutchiaribcn.com\/cn\/sucess-rates\/","url":"https:\/\/institutchiaribcn.com\/cn\/sucess-rates\/","name":"Chiari\u624b\u672f\u6210\u529f\u7387\u4e0e\u6cbb\u7597\u6548\u679c\u5206\u6790 | \u5df4\u585eChiari\u7814\u7a76\u6240","isPartOf":{"@id":"https:\/\/institutchiaribcn.com\/cn\/#website"},"primaryImageOfPage":{"@id":"https:\/\/institutchiaribcn.com\/cn\/sucess-rates\/#primaryimage"},"image":{"@id":"https:\/\/institutchiaribcn.com\/cn\/sucess-rates\/#primaryimage"},"thumbnailUrl":"https:\/\/institutchiaribcn.com\/wp-content\/uploads\/2025\/09\/Grafico-I-Sintomas-mas-frecuentes-en-pacientes-con-Enfermedad-del-Filum-chino-simplificado-1024x406.png","datePublished":"2025-06-17T14:54:11+00:00","dateModified":"2026-04-02T08:11:14+00:00","description":"\u67e5\u770b ICSEB \u91c7\u7528 Filum System\u00ae \u624b\u672f\u65b9\u6cd5\u5728 Chiari I\u3001\u810a\u9ad3\u7a7a\u6d1e\u75c7\u3001\u4fa7\u5f2f\u53ca\u76f8\u5173\u75c5\u53d8\u60a3\u8005\u4e2d\u7684\u4e34\u5e8a\u6210\u529f\u7387\u4e0e\u6ee1\u610f\u5ea6\u7edf\u8ba1\u6570\u636e\u3002","breadcrumb":{"@id":"https:\/\/institutchiaribcn.com\/cn\/sucess-rates\/#breadcrumb"},"inLanguage":"zh-Hans","potentialAction":[{"@type":"ReadAction","target":["https:\/\/institutchiaribcn.com\/cn\/sucess-rates\/"]}]},{"@type":"ImageObject","inLanguage":"zh-Hans","@id":"https:\/\/institutchiaribcn.com\/cn\/sucess-rates\/#primaryimage","url":"https:\/\/institutchiaribcn.com\/wp-content\/uploads\/2025\/09\/Grafico-I-Sintomas-mas-frecuentes-en-pacientes-con-Enfermedad-del-Filum-chino-simplificado-1024x406.png","contentUrl":"https:\/\/institutchiaribcn.com\/wp-content\/uploads\/2025\/09\/Grafico-I-Sintomas-mas-frecuentes-en-pacientes-con-Enfermedad-del-Filum-chino-simplificado-1024x406.png"},{"@type":"BreadcrumbList","@id":"https:\/\/institutchiaribcn.com\/cn\/sucess-rates\/#breadcrumb","itemListElement":[{"@type":"ListItem","position":1,"name":"Portada","item":"https:\/\/institutchiaribcn.com\/cn\/"},{"@type":"ListItem","position":2,"name":"\u6210\u529f\u7387"}]},{"@type":"WebSite","@id":"https:\/\/institutchiaribcn.com\/cn\/#website","url":"https:\/\/institutchiaribcn.com\/cn\/","name":"Institut Chiari de Barcelona","description":"","publisher":{"@id":"https:\/\/institutchiaribcn.com\/cn\/#organization"},"potentialAction":[{"@type":"SearchAction","target":{"@type":"EntryPoint","urlTemplate":"https:\/\/institutchiaribcn.com\/cn\/?s={search_term_string}"},"query-input":{"@type":"PropertyValueSpecification","valueRequired":true,"valueName":"search_term_string"}}],"inLanguage":"zh-Hans"},{"@type":"Organization","@id":"https:\/\/institutchiaribcn.com\/cn\/#organization","name":"Institut Chiari de Barcelona","url":"https:\/\/institutchiaribcn.com\/cn\/","logo":{"@type":"ImageObject","inLanguage":"zh-Hans","@id":"https:\/\/institutchiaribcn.com\/cn\/#\/schema\/logo\/image\/","url":"https:\/\/institutchiaribcn.com\/wp-content\/uploads\/2025\/10\/cropped-cropped-icsebNavLogo-1.png","contentUrl":"https:\/\/institutchiaribcn.com\/wp-content\/uploads\/2025\/10\/cropped-cropped-icsebNavLogo-1.png","width":245,"height":99,"caption":"Institut Chiari de Barcelona"},"image":{"@id":"https:\/\/institutchiaribcn.com\/cn\/#\/schema\/logo\/image\/"}}]}},"_links":{"self":[{"href":"https:\/\/institutchiaribcn.com\/cn\/wp-json\/wp\/v2\/pages\/64544","targetHints":{"allow":["GET"]}}],"collection":[{"href":"https:\/\/institutchiaribcn.com\/cn\/wp-json\/wp\/v2\/pages"}],"about":[{"href":"https:\/\/institutchiaribcn.com\/cn\/wp-json\/wp\/v2\/types\/page"}],"author":[{"embeddable":true,"href":"https:\/\/institutchiaribcn.com\/cn\/wp-json\/wp\/v2\/users\/1"}],"replies":[{"embeddable":true,"href":"https:\/\/institutchiaribcn.com\/cn\/wp-json\/wp\/v2\/comments?post=64544"}],"version-history":[{"count":1,"href":"https:\/\/institutchiaribcn.com\/cn\/wp-json\/wp\/v2\/pages\/64544\/revisions"}],"predecessor-version":[{"id":145765,"href":"https:\/\/institutchiaribcn.com\/cn\/wp-json\/wp\/v2\/pages\/64544\/revisions\/145765"}],"wp:attachment":[{"href":"https:\/\/institutchiaribcn.com\/cn\/wp-json\/wp\/v2\/media?parent=64544"}],"curies":[{"name":"wp","href":"https:\/\/api.w.org\/{rel}","templated":true}]}}