{"id":74530,"date":"2025-06-18T08:47:29","date_gmt":"2025-06-18T06:47:29","guid":{"rendered":"https:\/\/dev.institutchiaribcn.com\/convenios-y-ventajas\/"},"modified":"2026-03-09T15:47:35","modified_gmt":"2026-03-09T14:47:35","slug":"convenis-i-avantatges","status":"publish","type":"page","link":"https:\/\/institutchiaribcn.com\/ca\/convenis-i-avantatges\/","title":{"rendered":"Convenis i Avantatges"},"content":{"rendered":"\t\t<div data-elementor-type=\"wp-page\" data-elementor-id=\"74530\" class=\"elementor elementor-74530 elementor-222\" data-elementor-post-type=\"page\">\n\t\t\t\t<div class=\"elementor-element elementor-element-06d12d7 e-flex e-con-boxed e-con e-parent\" data-id=\"06d12d7\" data-element_type=\"container\" data-e-type=\"container\" data-settings=\"{&quot;background_background&quot;:&quot;classic&quot;}\">\n\t\t\t\t\t<div class=\"e-con-inner\">\n\t\t<div class=\"elementor-element elementor-element-191904b e-con-full e-flex e-con e-child\" data-id=\"191904b\" data-element_type=\"container\" data-e-type=\"container\">\n\t\t\t\t<div class=\"elementor-element elementor-element-ce8e30a elementor-widget elementor-widget-heading\" data-id=\"ce8e30a\" data-element_type=\"widget\" data-e-type=\"widget\" data-widget_type=\"heading.default\">\n\t\t\t\t<div class=\"elementor-widget-container\">\n\t\t\t\t\t<h2 class=\"elementor-heading-title elementor-size-default\">Convenis i avantatges<\/h2>\t\t\t\t<\/div>\n\t\t\t\t<\/div>\n\t\t\t\t<\/div>\n\t\t\t\t\t<\/div>\n\t\t\t\t<\/div>\n\t\t<div class=\"elementor-element elementor-element-c233279 e-flex e-con-boxed e-con e-parent\" data-id=\"c233279\" data-element_type=\"container\" data-e-type=\"container\">\n\t\t\t\t\t<div class=\"e-con-inner\">\n\t\t<div class=\"elementor-element elementor-element-36eb378 e-con-full e-flex e-con e-child\" data-id=\"36eb378\" data-element_type=\"container\" data-e-type=\"container\">\n\t\t\t\t<div class=\"elementor-element elementor-element-9320811 elementor-grid-1 elementor-grid-tablet-2 elementor-grid-mobile-1 elementor-widget elementor-widget-loop-grid\" data-id=\"9320811\" data-element_type=\"widget\" data-e-type=\"widget\" data-settings=\"{&quot;template_id&quot;:147248,&quot;columns&quot;:1,&quot;_skin&quot;:&quot;post&quot;,&quot;columns_tablet&quot;:&quot;2&quot;,&quot;columns_mobile&quot;:&quot;1&quot;,&quot;edit_handle_selector&quot;:&quot;[data-elementor-type=\\&quot;loop-item\\&quot;]&quot;,&quot;row_gap&quot;:{&quot;unit&quot;:&quot;px&quot;,&quot;size&quot;:&quot;&quot;,&quot;sizes&quot;:[]},&quot;row_gap_tablet&quot;:{&quot;unit&quot;:&quot;px&quot;,&quot;size&quot;:&quot;&quot;,&quot;sizes&quot;:[]},&quot;row_gap_mobile&quot;:{&quot;unit&quot;:&quot;px&quot;,&quot;size&quot;:&quot;&quot;,&quot;sizes&quot;:[]}}\" data-widget_type=\"loop-grid.post\">\n\t\t\t\t<div class=\"elementor-widget-container\">\n\t\t\t\t\t\t\t<div class=\"elementor-loop-container elementor-grid\" role=\"list\">\n\t\t<style id=\"loop-147248\">.elementor-147248 .elementor-element.elementor-element-fba21cc{--display:flex;}.elementor-widget-call-to-action .elementor-cta__title{font-family:var( --e-global-typography-primary-font-family ), Sans-serif;font-weight:var( --e-global-typography-primary-font-weight );}.elementor-widget-call-to-action .elementor-cta__description{font-family:var( --e-global-typography-text-font-family ), Sans-serif;font-weight:var( --e-global-typography-text-font-weight );}.elementor-widget-call-to-action .elementor-cta__button{font-family:var( --e-global-typography-accent-font-family ), Sans-serif;font-weight:var( --e-global-typography-accent-font-weight );}.elementor-widget-call-to-action .elementor-ribbon-inner{background-color:var( --e-global-color-accent );font-family:var( --e-global-typography-accent-font-family ), Sans-serif;font-weight:var( --e-global-typography-accent-font-weight );}.elementor-147248 .elementor-element.elementor-element-1ea751c .elementor-cta__content{text-align:start;padding:40px 40px 40px 40px;}.elementor-147248 .elementor-element.elementor-element-1ea751c .elementor-cta__title{font-family:\"Work Sans\", Sans-serif;font-size:22px;font-weight:600;color:#000000;}.elementor-147248 .elementor-element.elementor-element-1ea751c .elementor-cta__button{color:#000000;border-color:var( --e-global-color-primary );background-color:var( --e-global-color-0744a55 );border-width:0px;border-radius:0px;}.elementor-147248 .elementor-element.elementor-element-1ea751c .elementor-cta:hover .elementor-cta__button{color:var( --e-global-color-primary );border-color:var( --e-global-color-primary );}.elementor-147248 .elementor-element.elementor-element-1ea751c .elementor-cta .elementor-cta__bg, .elementor-147248 .elementor-element.elementor-element-1ea751c .elementor-cta .elementor-cta__bg-overlay{transition-duration:1500ms;}.elementor-147248 .elementor-element.elementor-element-1ea751c > .elementor-widget-container{border-style:solid;border-width:1px 1px 1px 1px;}@media(max-width:767px){.elementor-147248 .elementor-element.elementor-element-1ea751c .elementor-cta__title{font-size:18px;}}<\/style>\t\t<div data-elementor-type=\"loop-item\" data-elementor-id=\"147248\" class=\"elementor elementor-147248 elementor-147173 elementor-147173 e-loop-item e-loop-item-147203 post-147203 post type-post status-publish format-standard hentry category-convenis-avantatges\" data-elementor-post-type=\"elementor_library\" data-custom-edit-handle=\"1\">\n\t\t\t<div class=\"elementor-element elementor-element-fba21cc e-flex e-con-boxed e-con e-parent\" data-id=\"fba21cc\" data-element_type=\"container\" data-e-type=\"container\">\n\t\t\t\t\t<div class=\"e-con-inner\">\n\t\t\t\t<div class=\"elementor-element elementor-element-1ea751c elementor-cta--skin-classic elementor-animated-content elementor-bg-transform elementor-bg-transform-zoom-in elementor-widget elementor-widget-call-to-action\" data-id=\"1ea751c\" data-element_type=\"widget\" data-e-type=\"widget\" data-widget_type=\"call-to-action.default\">\n\t\t\t\t<div class=\"elementor-widget-container\">\n\t\t\t\t\t\t\t<div class=\"elementor-cta\">\n\t\t\t\t\t\t\t<div class=\"elementor-cta__content\">\n\t\t\t\t\n\t\t\t\t\t\t\t\t\t<h2 class=\"elementor-cta__title elementor-cta__content-item elementor-content-item\">\n\t\t\t\t\t\tConveni de cooperaci\u00f3 educativa de pr\u00e0ctiques acad\u00e8miques externes entre la Universitat de Barcelona (UB) i Institut Chiari &#038; Siringomielia &#038; Escoliosis de Barcelona (ICSEB)\t\t\t\t\t<\/h2>\n\t\t\t\t\n\t\t\t\t\n\t\t\t\t\t\t\t\t\t<div class=\"elementor-cta__button-wrapper elementor-cta__content-item elementor-content-item \">\n\t\t\t\t\t<a class=\"elementor-cta__button elementor-button elementor-size-\" href=\"https:\/\/institutchiaribcn.com\/ca\/conveni-de-cooperacio-educativa-de-practiques-academiques-externes-entre-la-universitat-de-barcelona-ub-i-institut-chiari-siringomielia-escoliosis-de-barcelona-icseb\/\">\n\t\t\t\t\t\tLlegir m\u00e9s\t\t\t\t\t<\/a>\n\t\t\t\t\t<\/div>\n\t\t\t\t\t\t\t<\/div>\n\t\t\t\t\t\t<\/div>\n\t\t\t\t\t\t<\/div>\n\t\t\t\t<\/div>\n\t\t\t\t\t<\/div>\n\t\t\t\t<\/div>\n\t\t\t\t<\/div>\n\t\t\t\t<div data-elementor-type=\"loop-item\" data-elementor-id=\"147248\" class=\"elementor elementor-147248 elementor-147173 elementor-147173 e-loop-item e-loop-item-147282 post-147282 post type-post status-publish format-standard hentry category-convenis-avantatges\" data-elementor-post-type=\"elementor_library\" data-custom-edit-handle=\"1\">\n\t\t\t<div class=\"elementor-element elementor-element-fba21cc e-flex e-con-boxed e-con e-parent\" data-id=\"fba21cc\" data-element_type=\"container\" data-e-type=\"container\">\n\t\t\t\t\t<div class=\"e-con-inner\">\n\t\t\t\t<div class=\"elementor-element elementor-element-1ea751c elementor-cta--skin-classic elementor-animated-content elementor-bg-transform elementor-bg-transform-zoom-in elementor-widget elementor-widget-call-to-action\" data-id=\"1ea751c\" data-element_type=\"widget\" data-e-type=\"widget\" data-widget_type=\"call-to-action.default\">\n\t\t\t\t<div class=\"elementor-widget-container\">\n\t\t\t\t\t\t\t<div class=\"elementor-cta\">\n\t\t\t\t\t\t\t<div class=\"elementor-cta__content\">\n\t\t\t\t\n\t\t\t\t\t\t\t\t\t<h2 class=\"elementor-cta__title elementor-cta__content-item elementor-content-item\">\n\t\t\t\t\t\tConveni de l\u2019Institut Chiari de Barcelona \u2013 Associaci\u00f3 Internacional AI.SAC.SI.SCO ODV\t\t\t\t\t<\/h2>\n\t\t\t\t\n\t\t\t\t\n\t\t\t\t\t\t\t\t\t<div class=\"elementor-cta__button-wrapper elementor-cta__content-item elementor-content-item \">\n\t\t\t\t\t<a class=\"elementor-cta__button elementor-button elementor-size-\" href=\"https:\/\/institutchiaribcn.com\/ca\/conveni-de-linstitut-chiari-de-barcelona-associacio-internacional-ai-sac-si-sco-odv\/\">\n\t\t\t\t\t\tLlegir m\u00e9s\t\t\t\t\t<\/a>\n\t\t\t\t\t<\/div>\n\t\t\t\t\t\t\t<\/div>\n\t\t\t\t\t\t<\/div>\n\t\t\t\t\t\t<\/div>\n\t\t\t\t<\/div>\n\t\t\t\t\t<\/div>\n\t\t\t\t<\/div>\n\t\t\t\t<\/div>\n\t\t\t\t<\/div>\n\t\t\n\t\t\t\t\t\t<\/div>\n\t\t\t\t<\/div>\n\t\t\t\t<\/div>\n\t\t\t\t\t<\/div>\n\t\t\t\t<\/div>\n\t\t\t\t<\/div>\n\t\t","protected":false},"excerpt":{"rendered":"<p>Convenis i avantatges<\/p>\n","protected":false},"author":1,"featured_media":0,"parent":0,"menu_order":14,"comment_status":"closed","ping_status":"closed","template":"","meta":{"footnotes":""},"class_list":["post-74530","page","type-page","status-publish","hentry"],"yoast_head":"<!-- This site is optimized with the Yoast SEO plugin v27.1.1 - https:\/\/yoast.com\/product\/yoast-seo-wordpress\/ -->\n<title>Convenis i avantatges per als pacients | ICSEB<\/title>\n<meta name=\"description\" content=\"Informaci\u00f3 sobre convenis, acords i avantatges de l\u2019ICSEB per facilitar l\u2019atenci\u00f3, el tractament i l\u2019estada dels pacients.\" \/>\n<meta name=\"robots\" content=\"index, follow, max-snippet:-1, max-image-preview:large, max-video-preview:-1\" \/>\n<link rel=\"canonical\" href=\"https:\/\/institutchiaribcn.com\/ca\/convenis-i-avantatges\/\" \/>\n<meta property=\"og:locale\" content=\"ca_ES\" \/>\n<meta property=\"og:type\" content=\"article\" \/>\n<meta property=\"og:title\" content=\"Convenis i avantatges per als pacients | ICSEB\" \/>\n<meta property=\"og:description\" content=\"Informaci\u00f3 sobre convenis, acords i avantatges de l\u2019ICSEB per facilitar l\u2019atenci\u00f3, el tractament i l\u2019estada dels pacients.\" \/>\n<meta property=\"og:url\" content=\"https:\/\/institutchiaribcn.com\/ca\/convenis-i-avantatges\/\" \/>\n<meta property=\"og:site_name\" content=\"Institut Chiari\" \/>\n<meta property=\"article:modified_time\" content=\"2026-03-09T14:47:35+00:00\" \/>\n<meta name=\"twitter:card\" content=\"summary_large_image\" \/>\n<meta name=\"twitter:label1\" content=\"Temps estimat de lectura\" \/>\n\t<meta name=\"twitter:data1\" content=\"1 minut\" \/>\n<script type=\"application\/ld+json\" class=\"yoast-schema-graph\">{\"@context\":\"https:\/\/schema.org\",\"@graph\":[{\"@type\":\"WebPage\",\"@id\":\"https:\/\/institutchiaribcn.com\/ca\/convenis-i-avantatges\/\",\"url\":\"https:\/\/institutchiaribcn.com\/ca\/convenis-i-avantatges\/\",\"name\":\"Convenis i avantatges per als pacients | ICSEB\",\"isPartOf\":{\"@id\":\"https:\/\/institutchiaribcn.com\/ca\/#website\"},\"datePublished\":\"2025-06-18T06:47:29+00:00\",\"dateModified\":\"2026-03-09T14:47:35+00:00\",\"description\":\"Informaci\u00f3 sobre convenis, acords i avantatges de l\u2019ICSEB per facilitar l\u2019atenci\u00f3, el tractament i l\u2019estada dels pacients.\",\"breadcrumb\":{\"@id\":\"https:\/\/institutchiaribcn.com\/ca\/convenis-i-avantatges\/#breadcrumb\"},\"inLanguage\":\"ca\",\"potentialAction\":[{\"@type\":\"ReadAction\",\"target\":[\"https:\/\/institutchiaribcn.com\/ca\/convenis-i-avantatges\/\"]}]},{\"@type\":\"BreadcrumbList\",\"@id\":\"https:\/\/institutchiaribcn.com\/ca\/convenis-i-avantatges\/#breadcrumb\",\"itemListElement\":[{\"@type\":\"ListItem\",\"position\":1,\"name\":\"Portada\",\"item\":\"https:\/\/institutchiaribcn.com\/ca\/\"},{\"@type\":\"ListItem\",\"position\":2,\"name\":\"Convenis i Avantatges\"}]},{\"@type\":\"WebSite\",\"@id\":\"https:\/\/institutchiaribcn.com\/ca\/#website\",\"url\":\"https:\/\/institutchiaribcn.com\/ca\/\",\"name\":\"Institut Chiari de Barcelona\",\"description\":\"\",\"publisher\":{\"@id\":\"https:\/\/institutchiaribcn.com\/ca\/#organization\"},\"potentialAction\":[{\"@type\":\"SearchAction\",\"target\":{\"@type\":\"EntryPoint\",\"urlTemplate\":\"https:\/\/institutchiaribcn.com\/ca\/?s={search_term_string}\"},\"query-input\":{\"@type\":\"PropertyValueSpecification\",\"valueRequired\":true,\"valueName\":\"search_term_string\"}}],\"inLanguage\":\"ca\"},{\"@type\":\"Organization\",\"@id\":\"https:\/\/institutchiaribcn.com\/ca\/#organization\",\"name\":\"Institut Chiari de Barcelona\",\"url\":\"https:\/\/institutchiaribcn.com\/ca\/\",\"logo\":{\"@type\":\"ImageObject\",\"inLanguage\":\"ca\",\"@id\":\"https:\/\/institutchiaribcn.com\/ca\/#\/schema\/logo\/image\/\",\"url\":\"https:\/\/institutchiaribcn.com\/wp-content\/uploads\/2025\/10\/cropped-cropped-icsebNavLogo-1.png\",\"contentUrl\":\"https:\/\/institutchiaribcn.com\/wp-content\/uploads\/2025\/10\/cropped-cropped-icsebNavLogo-1.png\",\"width\":245,\"height\":99,\"caption\":\"Institut Chiari de Barcelona\"},\"image\":{\"@id\":\"https:\/\/institutchiaribcn.com\/ca\/#\/schema\/logo\/image\/\"}}]}<\/script>\n<!-- \/ Yoast SEO plugin. -->","yoast_head_json":{"title":"Convenis i avantatges per als pacients | ICSEB","description":"Informaci\u00f3 sobre convenis, acords i avantatges de l\u2019ICSEB per facilitar l\u2019atenci\u00f3, el tractament i l\u2019estada dels pacients.","robots":{"index":"index","follow":"follow","max-snippet":"max-snippet:-1","max-image-preview":"max-image-preview:large","max-video-preview":"max-video-preview:-1"},"canonical":"https:\/\/institutchiaribcn.com\/ca\/convenis-i-avantatges\/","og_locale":"ca_ES","og_type":"article","og_title":"Convenis i avantatges per als pacients | ICSEB","og_description":"Informaci\u00f3 sobre convenis, acords i avantatges de l\u2019ICSEB per facilitar l\u2019atenci\u00f3, el tractament i l\u2019estada dels pacients.","og_url":"https:\/\/institutchiaribcn.com\/ca\/convenis-i-avantatges\/","og_site_name":"Institut Chiari","article_modified_time":"2026-03-09T14:47:35+00:00","twitter_card":"summary_large_image","twitter_misc":{"Temps estimat de lectura":"1 minut"},"schema":{"@context":"https:\/\/schema.org","@graph":[{"@type":"WebPage","@id":"https:\/\/institutchiaribcn.com\/ca\/convenis-i-avantatges\/","url":"https:\/\/institutchiaribcn.com\/ca\/convenis-i-avantatges\/","name":"Convenis i avantatges per als pacients | ICSEB","isPartOf":{"@id":"https:\/\/institutchiaribcn.com\/ca\/#website"},"datePublished":"2025-06-18T06:47:29+00:00","dateModified":"2026-03-09T14:47:35+00:00","description":"Informaci\u00f3 sobre convenis, acords i avantatges de l\u2019ICSEB per facilitar l\u2019atenci\u00f3, el tractament i l\u2019estada dels pacients.","breadcrumb":{"@id":"https:\/\/institutchiaribcn.com\/ca\/convenis-i-avantatges\/#breadcrumb"},"inLanguage":"ca","potentialAction":[{"@type":"ReadAction","target":["https:\/\/institutchiaribcn.com\/ca\/convenis-i-avantatges\/"]}]},{"@type":"BreadcrumbList","@id":"https:\/\/institutchiaribcn.com\/ca\/convenis-i-avantatges\/#breadcrumb","itemListElement":[{"@type":"ListItem","position":1,"name":"Portada","item":"https:\/\/institutchiaribcn.com\/ca\/"},{"@type":"ListItem","position":2,"name":"Convenis i Avantatges"}]},{"@type":"WebSite","@id":"https:\/\/institutchiaribcn.com\/ca\/#website","url":"https:\/\/institutchiaribcn.com\/ca\/","name":"Institut Chiari de Barcelona","description":"","publisher":{"@id":"https:\/\/institutchiaribcn.com\/ca\/#organization"},"potentialAction":[{"@type":"SearchAction","target":{"@type":"EntryPoint","urlTemplate":"https:\/\/institutchiaribcn.com\/ca\/?s={search_term_string}"},"query-input":{"@type":"PropertyValueSpecification","valueRequired":true,"valueName":"search_term_string"}}],"inLanguage":"ca"},{"@type":"Organization","@id":"https:\/\/institutchiaribcn.com\/ca\/#organization","name":"Institut Chiari de Barcelona","url":"https:\/\/institutchiaribcn.com\/ca\/","logo":{"@type":"ImageObject","inLanguage":"ca","@id":"https:\/\/institutchiaribcn.com\/ca\/#\/schema\/logo\/image\/","url":"https:\/\/institutchiaribcn.com\/wp-content\/uploads\/2025\/10\/cropped-cropped-icsebNavLogo-1.png","contentUrl":"https:\/\/institutchiaribcn.com\/wp-content\/uploads\/2025\/10\/cropped-cropped-icsebNavLogo-1.png","width":245,"height":99,"caption":"Institut Chiari de Barcelona"},"image":{"@id":"https:\/\/institutchiaribcn.com\/ca\/#\/schema\/logo\/image\/"}}]}},"_links":{"self":[{"href":"https:\/\/institutchiaribcn.com\/ca\/wp-json\/wp\/v2\/pages\/74530","targetHints":{"allow":["GET"]}}],"collection":[{"href":"https:\/\/institutchiaribcn.com\/ca\/wp-json\/wp\/v2\/pages"}],"about":[{"href":"https:\/\/institutchiaribcn.com\/ca\/wp-json\/wp\/v2\/types\/page"}],"author":[{"embeddable":true,"href":"https:\/\/institutchiaribcn.com\/ca\/wp-json\/wp\/v2\/users\/1"}],"replies":[{"embeddable":true,"href":"https:\/\/institutchiaribcn.com\/ca\/wp-json\/wp\/v2\/comments?post=74530"}],"version-history":[{"count":10,"href":"https:\/\/institutchiaribcn.com\/ca\/wp-json\/wp\/v2\/pages\/74530\/revisions"}],"predecessor-version":[{"id":147338,"href":"https:\/\/institutchiaribcn.com\/ca\/wp-json\/wp\/v2\/pages\/74530\/revisions\/147338"}],"wp:attachment":[{"href":"https:\/\/institutchiaribcn.com\/ca\/wp-json\/wp\/v2\/media?parent=74530"}],"curies":[{"name":"wp","href":"https:\/\/api.w.org\/{rel}","templated":true}]}}