{"id":61224,"date":"2025-06-17T16:54:11","date_gmt":"2025-06-17T14:54:11","guid":{"rendered":"https:\/\/dev.institutchiaribcn.com\/tasas-exito-icseb\/"},"modified":"2026-02-19T12:12:22","modified_gmt":"2026-02-19T11:12:22","slug":"index-exit-icseb","status":"publish","type":"page","link":"https:\/\/institutchiaribcn.com\/ca\/index-exit-icseb\/","title":{"rendered":"\u00cdndex d\u2019\u00c8xit ICSEB"},"content":{"rendered":"\t\t<div data-elementor-type=\"wp-page\" data-elementor-id=\"61224\" class=\"elementor elementor-61224 elementor-202\" data-elementor-post-type=\"page\">\n\t\t\t\t<div class=\"elementor-element elementor-element-80f53d4 e-flex e-con-boxed e-con e-parent\" data-id=\"80f53d4\" data-element_type=\"container\" data-e-type=\"container\">\n\t\t\t\t\t<div class=\"e-con-inner\">\n\t\t<div class=\"elementor-element elementor-element-75b05ed e-con-full e-flex e-con e-child\" data-id=\"75b05ed\" data-element_type=\"container\" data-e-type=\"container\">\n\t\t\t\t<div class=\"elementor-element elementor-element-6fd43a8 elementor-widget elementor-widget-heading\" data-id=\"6fd43a8\" data-element_type=\"widget\" data-e-type=\"widget\" data-widget_type=\"heading.default\">\n\t\t\t\t<div class=\"elementor-widget-container\">\n\t\t\t\t\t<h1 class=\"elementor-heading-title elementor-size-default\">L\u2019estimaci\u00f3 d\u2019\u00e8xit de l\u2019ICSEB\n<\/h1>\t\t\t\t<\/div>\n\t\t\t\t<\/div>\n\t\t\t\t<div class=\"elementor-element elementor-element-be9add3 elementor-widget elementor-widget-text-editor\" data-id=\"be9add3\" data-element_type=\"widget\" data-e-type=\"widget\" data-widget_type=\"text-editor.default\">\n\t\t\t\t<div class=\"elementor-widget-container\">\n\t\t\t\t\t\t\t\t\t<p>Comparant la bibliografia consultada, els resultats recollits dels nostres pacients intervinguts per diferents patologies vertebrals s\u00f3n dels m\u00e9s destacats. De la mateixa manera, tamb\u00e9 s\u2019han consultat estad\u00edstiques sobre la patologia vertebral lumbar en l\u2019\u00e0mbit laboral.<\/p>\n<p><span style=\"font-size: 1rem;\">Tot aix\u00f2 ha estat publicat en prestigioses revistes m\u00e8diques especialitzades en neurologia i neurocirurgia, en diferents idiomes: catal\u00e0, espanyol, angl\u00e8s i franc\u00e8s.<\/span><\/p>\n<p>Consulti l\u2019\u00edndex de satisfacci\u00f3 de m\u00e9s de 900 pacients intervinguts mitjan\u00e7ant el nostre m\u00e8tode sanitari Filum<span style=\"font-size: 1rem;\">&nbsp;<\/span><span style=\"font-size: 1rem;\">System<\/span><sup>\u00ae<\/sup><span style=\"font-size: 1rem;\">&nbsp;,&nbsp;<\/span>que inclou dotze protocols, essent el quart la nostra t\u00e8cnica quir\u00fargica exclusiva de secci\u00f3 del filum terminale, aplicada en les patologies seg\u00fcents: s\u00edndrome d\u2019Arnold Chiari I, siringomi\u00e8lia, escoliosi, impressi\u00f3 basilar, platib\u00e0sia, retroc\u00e9s odonto\u00efdal i angulaci\u00f3 (kinking) del tronc cerebral.<\/p>\t\t\t\t\t\t\t\t<\/div>\n\t\t\t\t<\/div>\n\t\t\t\t<\/div>\n\t\t<div class=\"elementor-element elementor-element-54b6414 e-con-full e-flex e-con e-child\" data-id=\"54b6414\" data-element_type=\"container\" data-e-type=\"container\">\n\t\t\t\t<div class=\"elementor-element elementor-element-b5460ef elementor-widget elementor-widget-html\" data-id=\"b5460ef\" data-element_type=\"widget\" data-e-type=\"widget\" data-widget_type=\"html.default\">\n\t\t\t\t<div class=\"elementor-widget-container\">\n\t\t\t\t\t<iframe loading=\"lazy\" class=\"hidden-col-xs hidden-sm visible-md visible-lg\" src=\"https:\/\/institutchiaribcn.com\/casos-de-exito\/chiari-tasas-exito.htm\" width=\"600\" height=\"400\" frameborder=\"0\" scrolling=\"no\"><\/iframe>\t\t\t\t<\/div>\n\t\t\t\t<\/div>\n\t\t\t\t<\/div>\n\t\t\t\t\t<\/div>\n\t\t\t\t<\/div>\n\t\t<div class=\"elementor-element elementor-element-9e15a43 e-flex e-con-boxed e-con e-parent\" data-id=\"9e15a43\" data-element_type=\"container\" data-e-type=\"container\" data-settings=\"{&quot;background_background&quot;:&quot;classic&quot;}\">\n\t\t\t\t\t<div class=\"e-con-inner\">\n\t\t\t\t<div class=\"elementor-element elementor-element-af4925f elementor-widget elementor-widget-text-editor\" data-id=\"af4925f\" data-element_type=\"widget\" data-e-type=\"widget\" data-widget_type=\"text-editor.default\">\n\t\t\t\t<div class=\"elementor-widget-container\">\n\t\t\t\t\t\t\t\t\t<p>Els s\u00edmptomes i signes que afecten principalment als nostres pacients amb Arnold Chiari I, Siringomi\u00e8lia i Escoliosi idiop\u00e0tiques, es poden observar en els gr\u00e0fics I i II, que reflecteixen el quadre cl\u00ednic d\u2019una Mostra de 400 malalts.<\/p>\t\t\t\t\t\t\t\t<\/div>\n\t\t\t\t<\/div>\n\t\t<div class=\"elementor-element elementor-element-041475b e-con-full e-flex e-con e-child\" data-id=\"041475b\" data-element_type=\"container\" data-e-type=\"container\">\n\t\t\t\t<div class=\"elementor-element elementor-element-7448aaf elementor-widget elementor-widget-image\" data-id=\"7448aaf\" data-element_type=\"widget\" data-e-type=\"widget\" data-widget_type=\"image.default\">\n\t\t\t\t<div class=\"elementor-widget-container\">\n\t\t\t\t\t\t\t\t\t\t\t\t<figure class=\"wp-caption\">\n\t\t\t\t\t\t\t\t\t\t<img fetchpriority=\"high\" decoding=\"async\" width=\"800\" height=\"480\" src=\"https:\/\/institutchiaribcn.com\/wp-content\/uploads\/2025\/09\/Simptomes-mes-frequents-en-pacients-amb-la-Malaltia-del-Filum-1024x614.png\" class=\"attachment-large size-large wp-image-61227\" alt=\"S\u00edmptomes m\u00e9s freq\u00fcents en pacients amb la Malaltia del Filum\" srcset=\"https:\/\/institutchiaribcn.com\/wp-content\/uploads\/2025\/09\/Simptomes-mes-frequents-en-pacients-amb-la-Malaltia-del-Filum-1024x614.png 1024w, https:\/\/institutchiaribcn.com\/wp-content\/uploads\/2025\/09\/Simptomes-mes-frequents-en-pacients-amb-la-Malaltia-del-Filum-300x180.png 300w, https:\/\/institutchiaribcn.com\/wp-content\/uploads\/2025\/09\/Simptomes-mes-frequents-en-pacients-amb-la-Malaltia-del-Filum-768x460.png 768w, https:\/\/institutchiaribcn.com\/wp-content\/uploads\/2025\/09\/Simptomes-mes-frequents-en-pacients-amb-la-Malaltia-del-Filum.png 1370w\" sizes=\"(max-width: 800px) 100vw, 800px\" \/>\t\t\t\t\t\t\t\t\t\t\t<figcaption class=\"widget-image-caption wp-caption-text\">Gr\u00e0fic I: S\u00edmptomes m\u00e9s freq\u00fcents en pacients amb la Malaltia del Filum<\/figcaption>\n\t\t\t\t\t\t\t\t\t\t<\/figure>\n\t\t\t\t\t\t\t\t\t<\/div>\n\t\t\t\t<\/div>\n\t\t\t\t<div class=\"elementor-element elementor-element-447f779 elementor-widget elementor-widget-image\" data-id=\"447f779\" data-element_type=\"widget\" data-e-type=\"widget\" data-widget_type=\"image.default\">\n\t\t\t\t<div class=\"elementor-widget-container\">\n\t\t\t\t\t\t\t\t\t\t\t\t<figure class=\"wp-caption\">\n\t\t\t\t\t\t\t\t\t\t<img decoding=\"async\" width=\"800\" height=\"398\" src=\"https:\/\/institutchiaribcn.com\/wp-content\/uploads\/2025\/09\/Signes-mes-frequents-en-pacients-amb-la-Malaltia-del-Filum-1024x510.png\" class=\"attachment-large size-large wp-image-61241\" alt=\"Signes m\u00e9s freq\u00fcents en pacients amb la Malaltia del Filum\" srcset=\"https:\/\/institutchiaribcn.com\/wp-content\/uploads\/2025\/09\/Signes-mes-frequents-en-pacients-amb-la-Malaltia-del-Filum-1024x510.png 1024w, https:\/\/institutchiaribcn.com\/wp-content\/uploads\/2025\/09\/Signes-mes-frequents-en-pacients-amb-la-Malaltia-del-Filum-300x149.png 300w, https:\/\/institutchiaribcn.com\/wp-content\/uploads\/2025\/09\/Signes-mes-frequents-en-pacients-amb-la-Malaltia-del-Filum-768x382.png 768w, https:\/\/institutchiaribcn.com\/wp-content\/uploads\/2025\/09\/Signes-mes-frequents-en-pacients-amb-la-Malaltia-del-Filum.png 1537w\" sizes=\"(max-width: 800px) 100vw, 800px\" \/>\t\t\t\t\t\t\t\t\t\t\t<figcaption class=\"widget-image-caption wp-caption-text\">Gr\u00e0fic II: Signes m\u00e9s freq\u00fcents en pacients amb la Malaltia del Filum<\/figcaption>\n\t\t\t\t\t\t\t\t\t\t<\/figure>\n\t\t\t\t\t\t\t\t\t<\/div>\n\t\t\t\t<\/div>\n\t\t\t\t<\/div>\n\t\t\t\t\t<\/div>\n\t\t\t\t<\/div>\n\t\t<div class=\"elementor-element elementor-element-7f00dc9 e-flex e-con-boxed e-con e-parent\" data-id=\"7f00dc9\" data-element_type=\"container\" data-e-type=\"container\" data-settings=\"{&quot;background_background&quot;:&quot;classic&quot;}\">\n\t\t\t\t\t<div class=\"e-con-inner\">\n\t\t\t\t<div class=\"elementor-element elementor-element-7b892e7 elementor-widget elementor-widget-text-editor\" data-id=\"7b892e7\" data-element_type=\"widget\" data-e-type=\"widget\" data-widget_type=\"text-editor.default\">\n\t\t\t\t<div class=\"elementor-widget-container\">\n\t\t\t\t\t\t\t\t\t<p>Despr\u00e9s de la intervenci\u00f3, durant el seguiment postoperatori, podem observar la millora dels s\u00edmptomes i signes en la gran majoria dels pacients als quals s\u2019ha aplicat el m\u00e8tode, com es veu en una mostra de 240 controls a l\u2019any en els gr\u00e0fics III i IV.<\/p>\t\t\t\t\t\t\t\t<\/div>\n\t\t\t\t<\/div>\n\t\t<div class=\"elementor-element elementor-element-4e681a9 e-con-full e-flex e-con e-child\" data-id=\"4e681a9\" data-element_type=\"container\" data-e-type=\"container\">\n\t\t\t\t<div class=\"elementor-element elementor-element-e46339a elementor-widget elementor-widget-image\" data-id=\"e46339a\" data-element_type=\"widget\" data-e-type=\"widget\" data-widget_type=\"image.default\">\n\t\t\t\t<div class=\"elementor-widget-container\">\n\t\t\t\t\t\t\t\t\t\t\t\t<figure class=\"wp-caption\">\n\t\t\t\t\t\t\t\t\t\t<img decoding=\"async\" width=\"800\" height=\"548\" src=\"https:\/\/institutchiaribcn.com\/wp-content\/uploads\/2025\/09\/Millora-dels-simptomes-en-la-Malaltia-del-Filum-despres-de-laplicacio-del-Filum-System\u00ae-1024x701.png\" class=\"attachment-large size-large wp-image-61255\" alt=\"Millora dels s\u00edmptomes en la Malaltia del Filum despr\u00e9s de l\u2019aplicaci\u00f3 del Filum System\u00ae\" srcset=\"https:\/\/institutchiaribcn.com\/wp-content\/uploads\/2025\/09\/Millora-dels-simptomes-en-la-Malaltia-del-Filum-despres-de-laplicacio-del-Filum-System\u00ae-1024x701.png 1024w, https:\/\/institutchiaribcn.com\/wp-content\/uploads\/2025\/09\/Millora-dels-simptomes-en-la-Malaltia-del-Filum-despres-de-laplicacio-del-Filum-System\u00ae-300x205.png 300w, https:\/\/institutchiaribcn.com\/wp-content\/uploads\/2025\/09\/Millora-dels-simptomes-en-la-Malaltia-del-Filum-despres-de-laplicacio-del-Filum-System\u00ae-768x526.png 768w, https:\/\/institutchiaribcn.com\/wp-content\/uploads\/2025\/09\/Millora-dels-simptomes-en-la-Malaltia-del-Filum-despres-de-laplicacio-del-Filum-System\u00ae.png 1282w\" sizes=\"(max-width: 800px) 100vw, 800px\" \/>\t\t\t\t\t\t\t\t\t\t\t<figcaption class=\"widget-image-caption wp-caption-text\">Gr\u00e0fic III: Millora dels s\u00edmptomes en la Malaltia del Filum despr\u00e9s de l\u2019aplicaci\u00f3 del Filum System\u00ae<\/figcaption>\n\t\t\t\t\t\t\t\t\t\t<\/figure>\n\t\t\t\t\t\t\t\t\t<\/div>\n\t\t\t\t<\/div>\n\t\t\t\t<div class=\"elementor-element elementor-element-bf7c6e2 elementor-widget elementor-widget-image\" data-id=\"bf7c6e2\" data-element_type=\"widget\" data-e-type=\"widget\" data-widget_type=\"image.default\">\n\t\t\t\t<div class=\"elementor-widget-container\">\n\t\t\t\t\t\t\t\t\t\t\t\t<figure class=\"wp-caption\">\n\t\t\t\t\t\t\t\t\t\t<img loading=\"lazy\" decoding=\"async\" width=\"800\" height=\"465\" src=\"https:\/\/institutchiaribcn.com\/wp-content\/uploads\/2025\/09\/Millora-dels-signes-en-la-Malaltia-del-Filum-despres-de-laplicacio-del-Filum-System\u00ae-1024x595.png\" class=\"attachment-large size-large wp-image-61269\" alt=\"\" srcset=\"https:\/\/institutchiaribcn.com\/wp-content\/uploads\/2025\/09\/Millora-dels-signes-en-la-Malaltia-del-Filum-despres-de-laplicacio-del-Filum-System\u00ae-1024x595.png 1024w, https:\/\/institutchiaribcn.com\/wp-content\/uploads\/2025\/09\/Millora-dels-signes-en-la-Malaltia-del-Filum-despres-de-laplicacio-del-Filum-System\u00ae-300x174.png 300w, https:\/\/institutchiaribcn.com\/wp-content\/uploads\/2025\/09\/Millora-dels-signes-en-la-Malaltia-del-Filum-despres-de-laplicacio-del-Filum-System\u00ae-768x446.png 768w, https:\/\/institutchiaribcn.com\/wp-content\/uploads\/2025\/09\/Millora-dels-signes-en-la-Malaltia-del-Filum-despres-de-laplicacio-del-Filum-System\u00ae.png 1250w\" sizes=\"(max-width: 800px) 100vw, 800px\" \/>\t\t\t\t\t\t\t\t\t\t\t<figcaption class=\"widget-image-caption wp-caption-text\">Gr\u00e0fic IV: Millora dels signes en la Malaltia del Filum despr\u00e9s de l\u2019aplicaci\u00f3 del Filum System\u00ae<\/figcaption>\n\t\t\t\t\t\t\t\t\t\t<\/figure>\n\t\t\t\t\t\t\t\t\t<\/div>\n\t\t\t\t<\/div>\n\t\t\t\t<\/div>\n\t\t\t\t\t<\/div>\n\t\t\t\t<\/div>\n\t\t<div class=\"elementor-element elementor-element-3336d4a e-flex e-con-boxed e-con e-parent\" data-id=\"3336d4a\" data-element_type=\"container\" data-e-type=\"container\">\n\t\t\t\t\t<div class=\"e-con-inner\">\n\t\t\t\t<div class=\"elementor-element elementor-element-a220e9b elementor-widget elementor-widget-text-editor\" data-id=\"a220e9b\" data-element_type=\"widget\" data-e-type=\"widget\" data-widget_type=\"text-editor.default\">\n\t\t\t\t<div class=\"elementor-widget-container\">\n\t\t\t\t\t\t\t\t\t<p>Gr\u00e0cies als excel\u00b7lents resultats cl\u00ednics aconseguits, molts malalts han arribat al nostre Institut procedents de 61 pa\u00efsos d\u2019arreu del m\u00f3n.<\/p><p>Aquest \u00e8xit ens enorgulleix i ens estimula a millorar cada vegada m\u00e9s els nostres serveis, de manera que qualsevol pacient que viatgi per tractar-se amb els nostres especialistes es pugui trobar c\u00f2mode i satisfet durant la seva estada a Barcelona i despr\u00e9s durant el seguiment a dist\u00e0ncia que oferim, mantenint la relaci\u00f3 terap\u00e8utica posterior a la intervenci\u00f3 tamb\u00e9 a nivell internacional.<\/p>\t\t\t\t\t\t\t\t<\/div>\n\t\t\t\t<\/div>\n\t\t\t\t\t<\/div>\n\t\t\t\t<\/div>\n\t\t<div class=\"elementor-element elementor-element-28f0c9b e-flex e-con-boxed e-con e-parent\" data-id=\"28f0c9b\" data-element_type=\"container\" data-e-type=\"container\">\n\t\t\t\t\t<div class=\"e-con-inner\">\n\t\t\t\t<div class=\"elementor-element elementor-element-e17467a elementor-widget elementor-widget-html\" data-id=\"e17467a\" data-element_type=\"widget\" data-e-type=\"widget\" data-widget_type=\"html.default\">\n\t\t\t\t<div class=\"elementor-widget-container\">\n\t\t\t\t\t<iframe loading=\"lazy\" style=\"pointer-event: none;\" src=\"https:\/\/www.google.es\/maps\/d\/embed?mid=1AMNXkRulbVUv6wS5Qd_z6hoeBjs\" height=\"580\" frameborder=\"0\"><\/iframe>\t\t\t\t<\/div>\n\t\t\t\t<\/div>\n\t\t\t\t\t<\/div>\n\t\t\t\t<\/div>\n\t\t\t\t<\/div>\n\t\t","protected":false},"excerpt":{"rendered":"<p>L\u2019estimaci\u00f3 d\u2019\u00e8xit de l\u2019ICSEB Comparant la bibliografia consultada, els resultats recollits dels nostres pacients intervinguts per diferents patologies vertebrals s\u00f3n dels m\u00e9s destacats. De la mateixa manera, tamb\u00e9 s\u2019han consultat estad\u00edstiques sobre la patologia vertebral lumbar en l\u2019\u00e0mbit laboral. Tot aix\u00f2 ha estat publicat en prestigioses revistes m\u00e8diques especialitzades en neurologia i neurocirurgia, en diferents [&hellip;]<\/p>\n","protected":false},"author":1,"featured_media":0,"parent":0,"menu_order":8,"comment_status":"closed","ping_status":"closed","template":"","meta":{"footnotes":""},"class_list":["post-61224","page","type-page","status-publish","hentry"],"yoast_head":"<!-- This site is optimized with the Yoast SEO plugin v27.4 - https:\/\/yoast.com\/product\/yoast-seo-wordpress\/ -->\n<title>\u00cdndex d\u2019\u00e8xit de l\u2019ICSEB | ICSEB<\/title>\n<meta name=\"description\" content=\"\u00cdndex d\u2019\u00e8xit dels pacients ICSEB tractats amb Filum System\u00ae i resultats destacats en revistes m\u00e8diques.\" \/>\n<meta name=\"robots\" content=\"index, follow, max-snippet:-1, max-image-preview:large, max-video-preview:-1\" \/>\n<link rel=\"canonical\" href=\"https:\/\/institutchiaribcn.com\/ca\/index-exit-icseb\/\" \/>\n<meta property=\"og:locale\" content=\"ca_ES\" \/>\n<meta property=\"og:type\" content=\"article\" \/>\n<meta property=\"og:title\" content=\"\u00cdndex d\u2019\u00e8xit de l\u2019ICSEB | ICSEB\" \/>\n<meta property=\"og:description\" content=\"\u00cdndex d\u2019\u00e8xit dels pacients ICSEB tractats amb Filum System\u00ae i resultats destacats en revistes m\u00e8diques.\" \/>\n<meta property=\"og:url\" content=\"https:\/\/institutchiaribcn.com\/ca\/index-exit-icseb\/\" \/>\n<meta property=\"og:site_name\" content=\"Institut Chiari Barcelona\" \/>\n<meta property=\"article:modified_time\" content=\"2026-02-19T11:12:22+00:00\" \/>\n<meta property=\"og:image\" content=\"https:\/\/institutchiaribcn.com\/wp-content\/uploads\/2025\/09\/Simptomes-mes-frequents-en-pacients-amb-la-Malaltia-del-Filum-1024x614.png\" \/>\n<meta name=\"twitter:card\" content=\"summary_large_image\" \/>\n<meta name=\"twitter:label1\" content=\"Temps estimat de lectura\" \/>\n\t<meta name=\"twitter:data1\" content=\"3 minuts\" \/>\n<script type=\"application\/ld+json\" class=\"yoast-schema-graph\">{\"@context\":\"https:\\\/\\\/schema.org\",\"@graph\":[{\"@type\":\"WebPage\",\"@id\":\"https:\\\/\\\/institutchiaribcn.com\\\/ca\\\/index-exit-icseb\\\/\",\"url\":\"https:\\\/\\\/institutchiaribcn.com\\\/ca\\\/index-exit-icseb\\\/\",\"name\":\"\u00cdndex d\u2019\u00e8xit de l\u2019ICSEB | ICSEB\",\"isPartOf\":{\"@id\":\"https:\\\/\\\/institutchiaribcn.com\\\/ca\\\/#website\"},\"primaryImageOfPage\":{\"@id\":\"https:\\\/\\\/institutchiaribcn.com\\\/ca\\\/index-exit-icseb\\\/#primaryimage\"},\"image\":{\"@id\":\"https:\\\/\\\/institutchiaribcn.com\\\/ca\\\/index-exit-icseb\\\/#primaryimage\"},\"thumbnailUrl\":\"https:\\\/\\\/institutchiaribcn.com\\\/wp-content\\\/uploads\\\/2025\\\/09\\\/Simptomes-mes-frequents-en-pacients-amb-la-Malaltia-del-Filum-1024x614.png\",\"datePublished\":\"2025-06-17T14:54:11+00:00\",\"dateModified\":\"2026-02-19T11:12:22+00:00\",\"description\":\"\u00cdndex d\u2019\u00e8xit dels pacients ICSEB tractats amb Filum System\u00ae i resultats destacats en revistes m\u00e8diques.\",\"breadcrumb\":{\"@id\":\"https:\\\/\\\/institutchiaribcn.com\\\/ca\\\/index-exit-icseb\\\/#breadcrumb\"},\"inLanguage\":\"ca\",\"potentialAction\":[{\"@type\":\"ReadAction\",\"target\":[\"https:\\\/\\\/institutchiaribcn.com\\\/ca\\\/index-exit-icseb\\\/\"]}]},{\"@type\":\"ImageObject\",\"inLanguage\":\"ca\",\"@id\":\"https:\\\/\\\/institutchiaribcn.com\\\/ca\\\/index-exit-icseb\\\/#primaryimage\",\"url\":\"https:\\\/\\\/institutchiaribcn.com\\\/wp-content\\\/uploads\\\/2025\\\/09\\\/Simptomes-mes-frequents-en-pacients-amb-la-Malaltia-del-Filum-1024x614.png\",\"contentUrl\":\"https:\\\/\\\/institutchiaribcn.com\\\/wp-content\\\/uploads\\\/2025\\\/09\\\/Simptomes-mes-frequents-en-pacients-amb-la-Malaltia-del-Filum-1024x614.png\"},{\"@type\":\"BreadcrumbList\",\"@id\":\"https:\\\/\\\/institutchiaribcn.com\\\/ca\\\/index-exit-icseb\\\/#breadcrumb\",\"itemListElement\":[{\"@type\":\"ListItem\",\"position\":1,\"name\":\"Portada\",\"item\":\"https:\\\/\\\/institutchiaribcn.com\\\/ca\\\/\"},{\"@type\":\"ListItem\",\"position\":2,\"name\":\"\u00cdndex d\u2019\u00c8xit ICSEB\"}]},{\"@type\":\"WebSite\",\"@id\":\"https:\\\/\\\/institutchiaribcn.com\\\/ca\\\/#website\",\"url\":\"https:\\\/\\\/institutchiaribcn.com\\\/ca\\\/\",\"name\":\"Institut Chiari de Barcelona\",\"description\":\"\",\"publisher\":{\"@id\":\"https:\\\/\\\/institutchiaribcn.com\\\/ca\\\/#organization\"},\"potentialAction\":[{\"@type\":\"SearchAction\",\"target\":{\"@type\":\"EntryPoint\",\"urlTemplate\":\"https:\\\/\\\/institutchiaribcn.com\\\/ca\\\/?s={search_term_string}\"},\"query-input\":{\"@type\":\"PropertyValueSpecification\",\"valueRequired\":true,\"valueName\":\"search_term_string\"}}],\"inLanguage\":\"ca\"},{\"@type\":\"Organization\",\"@id\":\"https:\\\/\\\/institutchiaribcn.com\\\/ca\\\/#organization\",\"name\":\"Institut Chiari de Barcelona\",\"url\":\"https:\\\/\\\/institutchiaribcn.com\\\/ca\\\/\",\"logo\":{\"@type\":\"ImageObject\",\"inLanguage\":\"ca\",\"@id\":\"https:\\\/\\\/institutchiaribcn.com\\\/ca\\\/#\\\/schema\\\/logo\\\/image\\\/\",\"url\":\"https:\\\/\\\/institutchiaribcn.com\\\/wp-content\\\/uploads\\\/2025\\\/10\\\/cropped-cropped-icsebNavLogo-1.png\",\"contentUrl\":\"https:\\\/\\\/institutchiaribcn.com\\\/wp-content\\\/uploads\\\/2025\\\/10\\\/cropped-cropped-icsebNavLogo-1.png\",\"width\":245,\"height\":99,\"caption\":\"Institut Chiari de Barcelona\"},\"image\":{\"@id\":\"https:\\\/\\\/institutchiaribcn.com\\\/ca\\\/#\\\/schema\\\/logo\\\/image\\\/\"}}]}<\/script>\n<!-- \/ Yoast SEO plugin. -->","yoast_head_json":{"title":"\u00cdndex d\u2019\u00e8xit de l\u2019ICSEB | ICSEB","description":"\u00cdndex d\u2019\u00e8xit dels pacients ICSEB tractats amb Filum System\u00ae i resultats destacats en revistes m\u00e8diques.","robots":{"index":"index","follow":"follow","max-snippet":"max-snippet:-1","max-image-preview":"max-image-preview:large","max-video-preview":"max-video-preview:-1"},"canonical":"https:\/\/institutchiaribcn.com\/ca\/index-exit-icseb\/","og_locale":"ca_ES","og_type":"article","og_title":"\u00cdndex d\u2019\u00e8xit de l\u2019ICSEB | ICSEB","og_description":"\u00cdndex d\u2019\u00e8xit dels pacients ICSEB tractats amb Filum System\u00ae i resultats destacats en revistes m\u00e8diques.","og_url":"https:\/\/institutchiaribcn.com\/ca\/index-exit-icseb\/","og_site_name":"Institut Chiari Barcelona","article_modified_time":"2026-02-19T11:12:22+00:00","og_image":[{"url":"https:\/\/institutchiaribcn.com\/wp-content\/uploads\/2025\/09\/Simptomes-mes-frequents-en-pacients-amb-la-Malaltia-del-Filum-1024x614.png","type":"","width":"","height":""}],"twitter_card":"summary_large_image","twitter_misc":{"Temps estimat de lectura":"3 minuts"},"schema":{"@context":"https:\/\/schema.org","@graph":[{"@type":"WebPage","@id":"https:\/\/institutchiaribcn.com\/ca\/index-exit-icseb\/","url":"https:\/\/institutchiaribcn.com\/ca\/index-exit-icseb\/","name":"\u00cdndex d\u2019\u00e8xit de l\u2019ICSEB | ICSEB","isPartOf":{"@id":"https:\/\/institutchiaribcn.com\/ca\/#website"},"primaryImageOfPage":{"@id":"https:\/\/institutchiaribcn.com\/ca\/index-exit-icseb\/#primaryimage"},"image":{"@id":"https:\/\/institutchiaribcn.com\/ca\/index-exit-icseb\/#primaryimage"},"thumbnailUrl":"https:\/\/institutchiaribcn.com\/wp-content\/uploads\/2025\/09\/Simptomes-mes-frequents-en-pacients-amb-la-Malaltia-del-Filum-1024x614.png","datePublished":"2025-06-17T14:54:11+00:00","dateModified":"2026-02-19T11:12:22+00:00","description":"\u00cdndex d\u2019\u00e8xit dels pacients ICSEB tractats amb Filum System\u00ae i resultats destacats en revistes m\u00e8diques.","breadcrumb":{"@id":"https:\/\/institutchiaribcn.com\/ca\/index-exit-icseb\/#breadcrumb"},"inLanguage":"ca","potentialAction":[{"@type":"ReadAction","target":["https:\/\/institutchiaribcn.com\/ca\/index-exit-icseb\/"]}]},{"@type":"ImageObject","inLanguage":"ca","@id":"https:\/\/institutchiaribcn.com\/ca\/index-exit-icseb\/#primaryimage","url":"https:\/\/institutchiaribcn.com\/wp-content\/uploads\/2025\/09\/Simptomes-mes-frequents-en-pacients-amb-la-Malaltia-del-Filum-1024x614.png","contentUrl":"https:\/\/institutchiaribcn.com\/wp-content\/uploads\/2025\/09\/Simptomes-mes-frequents-en-pacients-amb-la-Malaltia-del-Filum-1024x614.png"},{"@type":"BreadcrumbList","@id":"https:\/\/institutchiaribcn.com\/ca\/index-exit-icseb\/#breadcrumb","itemListElement":[{"@type":"ListItem","position":1,"name":"Portada","item":"https:\/\/institutchiaribcn.com\/ca\/"},{"@type":"ListItem","position":2,"name":"\u00cdndex d\u2019\u00c8xit ICSEB"}]},{"@type":"WebSite","@id":"https:\/\/institutchiaribcn.com\/ca\/#website","url":"https:\/\/institutchiaribcn.com\/ca\/","name":"Institut Chiari de Barcelona","description":"","publisher":{"@id":"https:\/\/institutchiaribcn.com\/ca\/#organization"},"potentialAction":[{"@type":"SearchAction","target":{"@type":"EntryPoint","urlTemplate":"https:\/\/institutchiaribcn.com\/ca\/?s={search_term_string}"},"query-input":{"@type":"PropertyValueSpecification","valueRequired":true,"valueName":"search_term_string"}}],"inLanguage":"ca"},{"@type":"Organization","@id":"https:\/\/institutchiaribcn.com\/ca\/#organization","name":"Institut Chiari de Barcelona","url":"https:\/\/institutchiaribcn.com\/ca\/","logo":{"@type":"ImageObject","inLanguage":"ca","@id":"https:\/\/institutchiaribcn.com\/ca\/#\/schema\/logo\/image\/","url":"https:\/\/institutchiaribcn.com\/wp-content\/uploads\/2025\/10\/cropped-cropped-icsebNavLogo-1.png","contentUrl":"https:\/\/institutchiaribcn.com\/wp-content\/uploads\/2025\/10\/cropped-cropped-icsebNavLogo-1.png","width":245,"height":99,"caption":"Institut Chiari de Barcelona"},"image":{"@id":"https:\/\/institutchiaribcn.com\/ca\/#\/schema\/logo\/image\/"}}]}},"_links":{"self":[{"href":"https:\/\/institutchiaribcn.com\/ca\/wp-json\/wp\/v2\/pages\/61224","targetHints":{"allow":["GET"]}}],"collection":[{"href":"https:\/\/institutchiaribcn.com\/ca\/wp-json\/wp\/v2\/pages"}],"about":[{"href":"https:\/\/institutchiaribcn.com\/ca\/wp-json\/wp\/v2\/types\/page"}],"author":[{"embeddable":true,"href":"https:\/\/institutchiaribcn.com\/ca\/wp-json\/wp\/v2\/users\/1"}],"replies":[{"embeddable":true,"href":"https:\/\/institutchiaribcn.com\/ca\/wp-json\/wp\/v2\/comments?post=61224"}],"version-history":[{"count":1,"href":"https:\/\/institutchiaribcn.com\/ca\/wp-json\/wp\/v2\/pages\/61224\/revisions"}],"predecessor-version":[{"id":145566,"href":"https:\/\/institutchiaribcn.com\/ca\/wp-json\/wp\/v2\/pages\/61224\/revisions\/145566"}],"wp:attachment":[{"href":"https:\/\/institutchiaribcn.com\/ca\/wp-json\/wp\/v2\/media?parent=61224"}],"curies":[{"name":"wp","href":"https:\/\/api.w.org\/{rel}","templated":true}]}}