{"id":59960,"date":"2025-06-17T15:54:38","date_gmt":"2025-06-17T13:54:38","guid":{"rendered":"https:\/\/dev.institutchiaribcn.com\/instalaciones\/"},"modified":"2026-03-03T12:57:07","modified_gmt":"2026-03-03T11:57:07","slug":"installacions","status":"publish","type":"page","link":"https:\/\/institutchiaribcn.com\/ca\/installacions\/","title":{"rendered":"Instal\u00b7lacions"},"content":{"rendered":"\t\t<div data-elementor-type=\"wp-page\" data-elementor-id=\"59960\" class=\"elementor elementor-59960 elementor-194\" data-elementor-post-type=\"page\">\n\t\t\t\t<div class=\"elementor-element elementor-element-52a1c78 e-flex e-con-boxed e-con e-parent\" data-id=\"52a1c78\" data-element_type=\"container\" data-e-type=\"container\">\n\t\t\t\t\t<div class=\"e-con-inner\">\n\t\t<div class=\"elementor-element elementor-element-435566d e-con-full e-flex e-con e-child\" data-id=\"435566d\" data-element_type=\"container\" data-e-type=\"container\">\n\t\t\t\t<div class=\"elementor-element elementor-element-b6008ac elementor-widget elementor-widget-heading\" data-id=\"b6008ac\" data-element_type=\"widget\" data-e-type=\"widget\" data-widget_type=\"heading.default\">\n\t\t\t\t<div class=\"elementor-widget-container\">\n\t\t\t\t\t<h1 class=\"elementor-heading-title elementor-size-default\">Instal\u00b7lacions\n<\/h1>\t\t\t\t<\/div>\n\t\t\t\t<\/div>\n\t\t\t\t<div class=\"elementor-element elementor-element-98d900a elementor-widget elementor-widget-text-editor\" data-id=\"98d900a\" data-element_type=\"widget\" data-e-type=\"widget\" data-widget_type=\"text-editor.default\">\n\t\t\t\t<div class=\"elementor-widget-container\">\n\t\t\t\t\t\t\t\t\t<p>La nostra activitat cl\u00ednica i ambulat\u00f2ria es duu a terme principalment a l\u2019<strong>Institut Chiari &amp; Siringomielia &amp; Escoliosis de Barcelona (ICSEB)<\/strong>, situat al<strong>&nbsp;Passeig Manuel Girona, n\u00famero 32 de Barcelona<\/strong>.<\/p>\n<p>Els ingressos, les proves complement\u00e0ries i els tractaments quir\u00fargics s\u2019efectuen a l\u2019<strong>Hospital CIMA<\/strong>, pr\u00f2xim al nostre centre.<\/p>\t\t\t\t\t\t\t\t<\/div>\n\t\t\t\t<\/div>\n\t\t\t\t<\/div>\n\t\t<div class=\"elementor-element elementor-element-10049e0 e-con-full e-flex e-con e-child\" data-id=\"10049e0\" data-element_type=\"container\" data-e-type=\"container\">\n\t\t\t\t<div class=\"elementor-element elementor-element-b16e7c5 elementor-widget elementor-widget-html\" data-id=\"b16e7c5\" data-element_type=\"widget\" data-e-type=\"widget\" data-widget_type=\"html.default\">\n\t\t\t\t<div class=\"elementor-widget-container\">\n\t\t\t\t\t<iframe loading=\"lazy\" style=\"border: 0;\" src=\"https:\/\/www.google.com\/maps\/embed?pb=!4v1738138707719!6m8!1m7!1sCAoSLEFGMVFpcE84MFdJbmpzazhIN0M4enY0bkFTeTlhd2VMQnZTeW5KTWYwVVdM!2m2!1d41.39076065594691!2d2.123175644175172!3f251.97248453524438!4f-0.197961171016118!5f0.944496105281841\" width=\"600\" height=\"350\" allowfullscreen=\"allowfullscreen\"><\/iframe>\t\t\t\t<\/div>\n\t\t\t\t<\/div>\n\t\t\t\t<\/div>\n\t\t\t\t\t<\/div>\n\t\t\t\t<\/div>\n\t\t<div class=\"elementor-element elementor-element-a2cfff3 e-flex e-con-boxed e-con e-parent\" data-id=\"a2cfff3\" data-element_type=\"container\" data-e-type=\"container\">\n\t\t\t\t\t<div class=\"e-con-inner\">\n\t\t\t\t<div class=\"elementor-element elementor-element-031ed81 elementor-widget__width-initial elementor-widget elementor-widget-gallery\" data-id=\"031ed81\" data-element_type=\"widget\" data-e-type=\"widget\" data-settings=\"{&quot;columns&quot;:3,&quot;gap&quot;:{&quot;unit&quot;:&quot;px&quot;,&quot;size&quot;:15,&quot;sizes&quot;:[]},&quot;aspect_ratio&quot;:&quot;4:3&quot;,&quot;lazyload&quot;:&quot;yes&quot;,&quot;gallery_layout&quot;:&quot;grid&quot;,&quot;columns_tablet&quot;:2,&quot;columns_mobile&quot;:1,&quot;gap_tablet&quot;:{&quot;unit&quot;:&quot;px&quot;,&quot;size&quot;:10,&quot;sizes&quot;:[]},&quot;gap_mobile&quot;:{&quot;unit&quot;:&quot;px&quot;,&quot;size&quot;:10,&quot;sizes&quot;:[]},&quot;link_to&quot;:&quot;file&quot;,&quot;overlay_background&quot;:&quot;yes&quot;,&quot;content_hover_animation&quot;:&quot;fade-in&quot;}\" data-widget_type=\"gallery.default\">\n\t\t\t\t<div class=\"elementor-widget-container\">\n\t\t\t\t\t\t\t<div class=\"elementor-gallery__container\">\n\t\t\t\t\t\t\t<a class=\"e-gallery-item elementor-gallery-item elementor-animated-content\" href=\"https:\/\/institutchiaribcn.com\/wp-content\/uploads\/2025\/06\/fachada-ICSEB-2022-13.webp\" data-elementor-open-lightbox=\"yes\" data-elementor-lightbox-slideshow=\"031ed81\" data-elementor-lightbox-title=\"fachada ICSEB-2022-13\" data-elementor-lightbox-description=\"fachada ICSEB-2022-13\" data-e-action-hash=\"#elementor-action%3Aaction%3Dlightbox%26settings%3DeyJpZCI6MTYyNzIsInVybCI6Imh0dHBzOlwvXC9pbnN0aXR1dGNoaWFyaWJjbi5jb21cL3dwLWNvbnRlbnRcL3VwbG9hZHNcLzIwMjVcLzA2XC9mYWNoYWRhLUlDU0VCLTIwMjItMTMud2VicCIsInNsaWRlc2hvdyI6IjAzMWVkODEifQ%3D%3D\">\n\t\t\t\t\t<div class=\"e-gallery-image elementor-gallery-item__image\" data-thumbnail=\"https:\/\/institutchiaribcn.com\/wp-content\/uploads\/2025\/06\/fachada-ICSEB-2022-13.webp\" data-width=\"800\" data-height=\"600\" aria-label=\"fachada ICSEB-2022-13\" role=\"img\" ><\/div>\n\t\t\t\t\t\t\t\t\t\t\t<div class=\"elementor-gallery-item__overlay\"><\/div>\n\t\t\t\t\t\t\t\t\t\t\t\t\t\t<\/a>\n\t\t\t\t\t\t\t<a class=\"e-gallery-item elementor-gallery-item elementor-animated-content\" href=\"https:\/\/institutchiaribcn.com\/wp-content\/uploads\/2025\/06\/ICSEB-2022-3.webp\" data-elementor-open-lightbox=\"yes\" data-elementor-lightbox-slideshow=\"031ed81\" data-elementor-lightbox-title=\"ICSEB 2022-3\" data-elementor-lightbox-description=\"ICSEB 2022-3\" data-e-action-hash=\"#elementor-action%3Aaction%3Dlightbox%26settings%3DeyJpZCI6MTYxNzEsInVybCI6Imh0dHBzOlwvXC9pbnN0aXR1dGNoaWFyaWJjbi5jb21cL3dwLWNvbnRlbnRcL3VwbG9hZHNcLzIwMjVcLzA2XC9JQ1NFQi0yMDIyLTMud2VicCIsInNsaWRlc2hvdyI6IjAzMWVkODEifQ%3D%3D\">\n\t\t\t\t\t<div class=\"e-gallery-image elementor-gallery-item__image\" data-thumbnail=\"https:\/\/institutchiaribcn.com\/wp-content\/uploads\/2025\/06\/ICSEB-2022-3.webp\" data-width=\"800\" data-height=\"533\" aria-label=\"ICSEB 2022-3\" role=\"img\" ><\/div>\n\t\t\t\t\t\t\t\t\t\t\t<div class=\"elementor-gallery-item__overlay\"><\/div>\n\t\t\t\t\t\t\t\t\t\t\t\t\t\t<\/a>\n\t\t\t\t\t\t\t<a class=\"e-gallery-item elementor-gallery-item elementor-animated-content\" href=\"https:\/\/institutchiaribcn.com\/wp-content\/uploads\/2025\/06\/iCSEB-2022-5.webp\" data-elementor-open-lightbox=\"yes\" data-elementor-lightbox-slideshow=\"031ed81\" data-elementor-lightbox-title=\"iCSEB 2022-5\" data-elementor-lightbox-description=\"iCSEB 2022-5\" data-e-action-hash=\"#elementor-action%3Aaction%3Dlightbox%26settings%3DeyJpZCI6MTYxODUsInVybCI6Imh0dHBzOlwvXC9pbnN0aXR1dGNoaWFyaWJjbi5jb21cL3dwLWNvbnRlbnRcL3VwbG9hZHNcLzIwMjVcLzA2XC9pQ1NFQi0yMDIyLTUud2VicCIsInNsaWRlc2hvdyI6IjAzMWVkODEifQ%3D%3D\">\n\t\t\t\t\t<div class=\"e-gallery-image elementor-gallery-item__image\" data-thumbnail=\"https:\/\/institutchiaribcn.com\/wp-content\/uploads\/2025\/06\/iCSEB-2022-5.webp\" data-width=\"800\" data-height=\"533\" aria-label=\"iCSEB 2022-5\" role=\"img\" ><\/div>\n\t\t\t\t\t\t\t\t\t\t\t<div class=\"elementor-gallery-item__overlay\"><\/div>\n\t\t\t\t\t\t\t\t\t\t\t\t\t\t<\/a>\n\t\t\t\t\t\t\t<a class=\"e-gallery-item elementor-gallery-item elementor-animated-content\" href=\"https:\/\/institutchiaribcn.com\/wp-content\/uploads\/2025\/06\/ICSEB-2022-recpecion-por-dentro.webp\" data-elementor-open-lightbox=\"yes\" data-elementor-lightbox-slideshow=\"031ed81\" data-elementor-lightbox-title=\"ICSEB 2022 recpecion por dentro\" data-elementor-lightbox-description=\"ICSEB 2022 recpecion por dentro\" data-e-action-hash=\"#elementor-action%3Aaction%3Dlightbox%26settings%3DeyJpZCI6MTYxMjksInVybCI6Imh0dHBzOlwvXC9pbnN0aXR1dGNoaWFyaWJjbi5jb21cL3dwLWNvbnRlbnRcL3VwbG9hZHNcLzIwMjVcLzA2XC9JQ1NFQi0yMDIyLXJlY3BlY2lvbi1wb3ItZGVudHJvLndlYnAiLCJzbGlkZXNob3ciOiIwMzFlZDgxIn0%3D\">\n\t\t\t\t\t<div class=\"e-gallery-image elementor-gallery-item__image\" data-thumbnail=\"https:\/\/institutchiaribcn.com\/wp-content\/uploads\/2025\/06\/ICSEB-2022-recpecion-por-dentro.webp\" data-width=\"800\" data-height=\"533\" aria-label=\"ICSEB 2022 recpecion por dentro\" role=\"img\" ><\/div>\n\t\t\t\t\t\t\t\t\t\t\t<div class=\"elementor-gallery-item__overlay\"><\/div>\n\t\t\t\t\t\t\t\t\t\t\t\t\t\t<\/a>\n\t\t\t\t\t\t\t<a class=\"e-gallery-item elementor-gallery-item elementor-animated-content\" href=\"https:\/\/institutchiaribcn.com\/wp-content\/uploads\/2025\/06\/ICSEB-2022-9.webp\" data-elementor-open-lightbox=\"yes\" data-elementor-lightbox-slideshow=\"031ed81\" data-elementor-lightbox-title=\"ICSEB 2022-9\" data-elementor-lightbox-description=\"ICSEB 2022-9\" data-e-action-hash=\"#elementor-action%3Aaction%3Dlightbox%26settings%3DeyJpZCI6MTYxOTksInVybCI6Imh0dHBzOlwvXC9pbnN0aXR1dGNoaWFyaWJjbi5jb21cL3dwLWNvbnRlbnRcL3VwbG9hZHNcLzIwMjVcLzA2XC9JQ1NFQi0yMDIyLTkud2VicCIsInNsaWRlc2hvdyI6IjAzMWVkODEifQ%3D%3D\">\n\t\t\t\t\t<div class=\"e-gallery-image elementor-gallery-item__image\" data-thumbnail=\"https:\/\/institutchiaribcn.com\/wp-content\/uploads\/2025\/06\/ICSEB-2022-9.webp\" data-width=\"800\" data-height=\"533\" aria-label=\"ICSEB 2022-9\" role=\"img\" ><\/div>\n\t\t\t\t\t\t\t\t\t\t\t<div class=\"elementor-gallery-item__overlay\"><\/div>\n\t\t\t\t\t\t\t\t\t\t\t\t\t\t<\/a>\n\t\t\t\t\t\t\t<a class=\"e-gallery-item elementor-gallery-item elementor-animated-content\" href=\"https:\/\/institutchiaribcn.com\/wp-content\/uploads\/2025\/06\/ICSEB-2022-consulta.webp\" data-elementor-open-lightbox=\"yes\" data-elementor-lightbox-slideshow=\"031ed81\" data-elementor-lightbox-title=\"ICSEB 2022 consulta\" data-elementor-lightbox-description=\"ICSEB 2022 consulta\" data-e-action-hash=\"#elementor-action%3Aaction%3Dlightbox%26settings%3DeyJpZCI6MTYxNTAsInVybCI6Imh0dHBzOlwvXC9pbnN0aXR1dGNoaWFyaWJjbi5jb21cL3dwLWNvbnRlbnRcL3VwbG9hZHNcLzIwMjVcLzA2XC9JQ1NFQi0yMDIyLWNvbnN1bHRhLndlYnAiLCJzbGlkZXNob3ciOiIwMzFlZDgxIn0%3D\">\n\t\t\t\t\t<div class=\"e-gallery-image elementor-gallery-item__image\" data-thumbnail=\"https:\/\/institutchiaribcn.com\/wp-content\/uploads\/2025\/06\/ICSEB-2022-consulta.webp\" data-width=\"800\" data-height=\"533\" aria-label=\"ICSEB 2022 consulta\" role=\"img\" ><\/div>\n\t\t\t\t\t\t\t\t\t\t\t<div class=\"elementor-gallery-item__overlay\"><\/div>\n\t\t\t\t\t\t\t\t\t\t\t\t\t\t<\/a>\n\t\t\t\t\t\t\t<a class=\"e-gallery-item elementor-gallery-item elementor-animated-content\" href=\"https:\/\/institutchiaribcn.com\/wp-content\/uploads\/2025\/06\/ICSEB-2022-4.webp\" data-elementor-open-lightbox=\"yes\" data-elementor-lightbox-slideshow=\"031ed81\" data-elementor-lightbox-title=\"ICSEB 2022-4\" data-elementor-lightbox-description=\"ICSEB 2022-4\" data-e-action-hash=\"#elementor-action%3Aaction%3Dlightbox%26settings%3DeyJpZCI6MTYyMzAsInVybCI6Imh0dHBzOlwvXC9pbnN0aXR1dGNoaWFyaWJjbi5jb21cL3dwLWNvbnRlbnRcL3VwbG9hZHNcLzIwMjVcLzA2XC9JQ1NFQi0yMDIyLTQud2VicCIsInNsaWRlc2hvdyI6IjAzMWVkODEifQ%3D%3D\">\n\t\t\t\t\t<div class=\"e-gallery-image elementor-gallery-item__image\" data-thumbnail=\"https:\/\/institutchiaribcn.com\/wp-content\/uploads\/2025\/06\/ICSEB-2022-4.webp\" data-width=\"800\" data-height=\"533\" aria-label=\"ICSEB 2022-4\" role=\"img\" ><\/div>\n\t\t\t\t\t\t\t\t\t\t\t<div class=\"elementor-gallery-item__overlay\"><\/div>\n\t\t\t\t\t\t\t\t\t\t\t\t\t\t<\/a>\n\t\t\t\t\t\t\t<a class=\"e-gallery-item elementor-gallery-item elementor-animated-content\" href=\"https:\/\/institutchiaribcn.com\/wp-content\/uploads\/2025\/06\/ICSEB-por-fuera-2022-2.webp\" data-elementor-open-lightbox=\"yes\" data-elementor-lightbox-slideshow=\"031ed81\" data-elementor-lightbox-title=\"ICSEB por fuera 2022-2\" data-elementor-lightbox-description=\"ICSEB por fuera 2022-2\" data-e-action-hash=\"#elementor-action%3Aaction%3Dlightbox%26settings%3DeyJpZCI6MTYzMDEsInVybCI6Imh0dHBzOlwvXC9pbnN0aXR1dGNoaWFyaWJjbi5jb21cL3dwLWNvbnRlbnRcL3VwbG9hZHNcLzIwMjVcLzA2XC9JQ1NFQi1wb3ItZnVlcmEtMjAyMi0yLndlYnAiLCJzbGlkZXNob3ciOiIwMzFlZDgxIn0%3D\">\n\t\t\t\t\t<div class=\"e-gallery-image elementor-gallery-item__image\" data-thumbnail=\"https:\/\/institutchiaribcn.com\/wp-content\/uploads\/2025\/06\/ICSEB-por-fuera-2022-2.webp\" data-width=\"533\" data-height=\"800\" aria-label=\"ICSEB por fuera 2022-2\" role=\"img\" ><\/div>\n\t\t\t\t\t\t\t\t\t\t\t<div class=\"elementor-gallery-item__overlay\"><\/div>\n\t\t\t\t\t\t\t\t\t\t\t\t\t\t<\/a>\n\t\t\t\t\t\t\t<a class=\"e-gallery-item elementor-gallery-item elementor-animated-content\" href=\"https:\/\/institutchiaribcn.com\/wp-content\/uploads\/2025\/06\/ICSEB-por-fuera-2022-1.webp\" data-elementor-open-lightbox=\"yes\" data-elementor-lightbox-slideshow=\"031ed81\" data-elementor-lightbox-title=\"ICSEB por fuera 2022-1\" data-elementor-lightbox-description=\"ICSEB por fuera 2022-1\" data-e-action-hash=\"#elementor-action%3Aaction%3Dlightbox%26settings%3DeyJpZCI6MTYyODcsInVybCI6Imh0dHBzOlwvXC9pbnN0aXR1dGNoaWFyaWJjbi5jb21cL3dwLWNvbnRlbnRcL3VwbG9hZHNcLzIwMjVcLzA2XC9JQ1NFQi1wb3ItZnVlcmEtMjAyMi0xLndlYnAiLCJzbGlkZXNob3ciOiIwMzFlZDgxIn0%3D\">\n\t\t\t\t\t<div class=\"e-gallery-image elementor-gallery-item__image\" data-thumbnail=\"https:\/\/institutchiaribcn.com\/wp-content\/uploads\/2025\/06\/ICSEB-por-fuera-2022-1.webp\" data-width=\"533\" data-height=\"800\" aria-label=\"ICSEB por fuera 2022-1\" role=\"img\" ><\/div>\n\t\t\t\t\t\t\t\t\t\t\t<div class=\"elementor-gallery-item__overlay\"><\/div>\n\t\t\t\t\t\t\t\t\t\t\t\t\t\t<\/a>\n\t\t\t\t\t\t\t<a class=\"e-gallery-item elementor-gallery-item elementor-animated-content\" href=\"https:\/\/institutchiaribcn.com\/wp-content\/uploads\/2025\/06\/ICSEB-2022-6.webp\" data-elementor-open-lightbox=\"yes\" data-elementor-lightbox-slideshow=\"031ed81\" data-elementor-lightbox-title=\"ICSEB 2022-6\" data-elementor-lightbox-description=\"ICSEB 2022-6\" data-e-action-hash=\"#elementor-action%3Aaction%3Dlightbox%26settings%3DeyJpZCI6MTYyMTYsInVybCI6Imh0dHBzOlwvXC9pbnN0aXR1dGNoaWFyaWJjbi5jb21cL3dwLWNvbnRlbnRcL3VwbG9hZHNcLzIwMjVcLzA2XC9JQ1NFQi0yMDIyLTYud2VicCIsInNsaWRlc2hvdyI6IjAzMWVkODEifQ%3D%3D\">\n\t\t\t\t\t<div class=\"e-gallery-image elementor-gallery-item__image\" data-thumbnail=\"https:\/\/institutchiaribcn.com\/wp-content\/uploads\/2025\/06\/ICSEB-2022-6.webp\" data-width=\"800\" data-height=\"533\" aria-label=\"ICSEB 2022-6\" role=\"img\" ><\/div>\n\t\t\t\t\t\t\t\t\t\t\t<div class=\"elementor-gallery-item__overlay\"><\/div>\n\t\t\t\t\t\t\t\t\t\t\t\t\t\t<\/a>\n\t\t\t\t\t\t\t<a class=\"e-gallery-item elementor-gallery-item elementor-animated-content\" href=\"https:\/\/institutchiaribcn.com\/wp-content\/uploads\/2025\/06\/ICSEB-2022-7.webp\" data-elementor-open-lightbox=\"yes\" data-elementor-lightbox-slideshow=\"031ed81\" data-elementor-lightbox-title=\"ICSEB 2022-7\" data-elementor-lightbox-description=\"ICSEB 2022-7\" data-e-action-hash=\"#elementor-action%3Aaction%3Dlightbox%26settings%3DeyJpZCI6MTYyNDQsInVybCI6Imh0dHBzOlwvXC9pbnN0aXR1dGNoaWFyaWJjbi5jb21cL3dwLWNvbnRlbnRcL3VwbG9hZHNcLzIwMjVcLzA2XC9JQ1NFQi0yMDIyLTcud2VicCIsInNsaWRlc2hvdyI6IjAzMWVkODEifQ%3D%3D\">\n\t\t\t\t\t<div class=\"e-gallery-image elementor-gallery-item__image\" data-thumbnail=\"https:\/\/institutchiaribcn.com\/wp-content\/uploads\/2025\/06\/ICSEB-2022-7.webp\" data-width=\"800\" data-height=\"533\" aria-label=\"ICSEB 2022-7\" role=\"img\" ><\/div>\n\t\t\t\t\t\t\t\t\t\t\t<div class=\"elementor-gallery-item__overlay\"><\/div>\n\t\t\t\t\t\t\t\t\t\t\t\t\t\t<\/a>\n\t\t\t\t\t\t\t<a class=\"e-gallery-item elementor-gallery-item elementor-animated-content\" href=\"https:\/\/institutchiaribcn.com\/wp-content\/uploads\/2025\/06\/ICSEB-2022-8.webp\" data-elementor-open-lightbox=\"yes\" data-elementor-lightbox-slideshow=\"031ed81\" data-elementor-lightbox-title=\"ICSEB 2022-8\" data-elementor-lightbox-description=\"ICSEB 2022-8\" data-e-action-hash=\"#elementor-action%3Aaction%3Dlightbox%26settings%3DeyJpZCI6MTYyNTgsInVybCI6Imh0dHBzOlwvXC9pbnN0aXR1dGNoaWFyaWJjbi5jb21cL3dwLWNvbnRlbnRcL3VwbG9hZHNcLzIwMjVcLzA2XC9JQ1NFQi0yMDIyLTgud2VicCIsInNsaWRlc2hvdyI6IjAzMWVkODEifQ%3D%3D\">\n\t\t\t\t\t<div class=\"e-gallery-image elementor-gallery-item__image\" data-thumbnail=\"https:\/\/institutchiaribcn.com\/wp-content\/uploads\/2025\/06\/ICSEB-2022-8.webp\" data-width=\"800\" data-height=\"533\" aria-label=\"ICSEB 2022-8\" role=\"img\" ><\/div>\n\t\t\t\t\t\t\t\t\t\t\t<div class=\"elementor-gallery-item__overlay\"><\/div>\n\t\t\t\t\t\t\t\t\t\t\t\t\t\t<\/a>\n\t\t\t\t\t<\/div>\n\t\t\t\t\t<\/div>\n\t\t\t\t<\/div>\n\t\t\t\t\t<\/div>\n\t\t\t\t<\/div>\n\t\t\t\t<\/div>\n\t\t","protected":false},"excerpt":{"rendered":"<p>Instal\u00b7lacions La nostra activitat cl\u00ednica i ambulat\u00f2ria es duu a terme principalment a l\u2019Institut Chiari &amp; Siringomielia &amp; Escoliosis de Barcelona (ICSEB), situat al\u00a0Passeig Manuel Girona, n\u00famero 32 de Barcelona. Els ingressos, les proves complement\u00e0ries i els tractaments quir\u00fargics s\u2019efectuen a l\u2019Hospital CIMA, pr\u00f2xim al nostre centre.<\/p>\n","protected":false},"author":1,"featured_media":0,"parent":0,"menu_order":7,"comment_status":"closed","ping_status":"closed","template":"","meta":{"footnotes":""},"class_list":["post-59960","page","type-page","status-publish","hentry"],"yoast_head":"<!-- This site is optimized with the Yoast SEO plugin v27.4 - https:\/\/yoast.com\/product\/yoast-seo-wordpress\/ -->\n<title>Instal\u00b7lacions de l\u2019ICSEB a Barcelona | Institut Chiari<\/title>\n<meta name=\"description\" content=\"Descobreix les instal\u00b7lacions de l\u2019Institut Chiari a Barcelona, amb equipaments m\u00e8dics i \u00e0rees de tractament per a Chiari i siringomielia.\" \/>\n<meta name=\"robots\" content=\"index, follow, max-snippet:-1, max-image-preview:large, max-video-preview:-1\" \/>\n<link rel=\"canonical\" href=\"https:\/\/institutchiaribcn.com\/ca\/installacions\/\" \/>\n<meta property=\"og:locale\" content=\"ca_ES\" \/>\n<meta property=\"og:type\" content=\"article\" \/>\n<meta property=\"og:title\" content=\"Instal\u00b7lacions de l\u2019ICSEB a Barcelona | Institut Chiari\" \/>\n<meta property=\"og:description\" content=\"Descobreix les instal\u00b7lacions de l\u2019Institut Chiari a Barcelona, amb equipaments m\u00e8dics i \u00e0rees de tractament per a Chiari i siringomielia.\" \/>\n<meta property=\"og:url\" content=\"https:\/\/institutchiaribcn.com\/ca\/installacions\/\" \/>\n<meta property=\"og:site_name\" content=\"Institut Chiari Barcelona\" \/>\n<meta property=\"article:modified_time\" content=\"2026-03-03T11:57:07+00:00\" \/>\n<meta name=\"twitter:card\" content=\"summary_large_image\" \/>\n<meta name=\"twitter:label1\" content=\"Temps estimat de lectura\" \/>\n\t<meta name=\"twitter:data1\" content=\"1 minut\" \/>\n<script type=\"application\/ld+json\" class=\"yoast-schema-graph\">{\"@context\":\"https:\\\/\\\/schema.org\",\"@graph\":[{\"@type\":\"WebPage\",\"@id\":\"https:\\\/\\\/institutchiaribcn.com\\\/ca\\\/installacions\\\/\",\"url\":\"https:\\\/\\\/institutchiaribcn.com\\\/ca\\\/installacions\\\/\",\"name\":\"Instal\u00b7lacions de l\u2019ICSEB a Barcelona | Institut Chiari\",\"isPartOf\":{\"@id\":\"https:\\\/\\\/institutchiaribcn.com\\\/ca\\\/#website\"},\"datePublished\":\"2025-06-17T13:54:38+00:00\",\"dateModified\":\"2026-03-03T11:57:07+00:00\",\"description\":\"Descobreix les instal\u00b7lacions de l\u2019Institut Chiari a Barcelona, amb equipaments m\u00e8dics i \u00e0rees de tractament per a Chiari i siringomielia.\",\"breadcrumb\":{\"@id\":\"https:\\\/\\\/institutchiaribcn.com\\\/ca\\\/installacions\\\/#breadcrumb\"},\"inLanguage\":\"ca\",\"potentialAction\":[{\"@type\":\"ReadAction\",\"target\":[\"https:\\\/\\\/institutchiaribcn.com\\\/ca\\\/installacions\\\/\"]}]},{\"@type\":\"BreadcrumbList\",\"@id\":\"https:\\\/\\\/institutchiaribcn.com\\\/ca\\\/installacions\\\/#breadcrumb\",\"itemListElement\":[{\"@type\":\"ListItem\",\"position\":1,\"name\":\"Portada\",\"item\":\"https:\\\/\\\/institutchiaribcn.com\\\/ca\\\/\"},{\"@type\":\"ListItem\",\"position\":2,\"name\":\"Instal\u00b7lacions\"}]},{\"@type\":\"WebSite\",\"@id\":\"https:\\\/\\\/institutchiaribcn.com\\\/ca\\\/#website\",\"url\":\"https:\\\/\\\/institutchiaribcn.com\\\/ca\\\/\",\"name\":\"Institut Chiari de Barcelona\",\"description\":\"\",\"publisher\":{\"@id\":\"https:\\\/\\\/institutchiaribcn.com\\\/ca\\\/#organization\"},\"potentialAction\":[{\"@type\":\"SearchAction\",\"target\":{\"@type\":\"EntryPoint\",\"urlTemplate\":\"https:\\\/\\\/institutchiaribcn.com\\\/ca\\\/?s={search_term_string}\"},\"query-input\":{\"@type\":\"PropertyValueSpecification\",\"valueRequired\":true,\"valueName\":\"search_term_string\"}}],\"inLanguage\":\"ca\"},{\"@type\":\"Organization\",\"@id\":\"https:\\\/\\\/institutchiaribcn.com\\\/ca\\\/#organization\",\"name\":\"Institut Chiari de Barcelona\",\"url\":\"https:\\\/\\\/institutchiaribcn.com\\\/ca\\\/\",\"logo\":{\"@type\":\"ImageObject\",\"inLanguage\":\"ca\",\"@id\":\"https:\\\/\\\/institutchiaribcn.com\\\/ca\\\/#\\\/schema\\\/logo\\\/image\\\/\",\"url\":\"https:\\\/\\\/institutchiaribcn.com\\\/wp-content\\\/uploads\\\/2025\\\/10\\\/cropped-cropped-icsebNavLogo-1.png\",\"contentUrl\":\"https:\\\/\\\/institutchiaribcn.com\\\/wp-content\\\/uploads\\\/2025\\\/10\\\/cropped-cropped-icsebNavLogo-1.png\",\"width\":245,\"height\":99,\"caption\":\"Institut Chiari de Barcelona\"},\"image\":{\"@id\":\"https:\\\/\\\/institutchiaribcn.com\\\/ca\\\/#\\\/schema\\\/logo\\\/image\\\/\"}}]}<\/script>\n<!-- \/ Yoast SEO plugin. -->","yoast_head_json":{"title":"Instal\u00b7lacions de l\u2019ICSEB a Barcelona | Institut Chiari","description":"Descobreix les instal\u00b7lacions de l\u2019Institut Chiari a Barcelona, amb equipaments m\u00e8dics i \u00e0rees de tractament per a Chiari i siringomielia.","robots":{"index":"index","follow":"follow","max-snippet":"max-snippet:-1","max-image-preview":"max-image-preview:large","max-video-preview":"max-video-preview:-1"},"canonical":"https:\/\/institutchiaribcn.com\/ca\/installacions\/","og_locale":"ca_ES","og_type":"article","og_title":"Instal\u00b7lacions de l\u2019ICSEB a Barcelona | Institut Chiari","og_description":"Descobreix les instal\u00b7lacions de l\u2019Institut Chiari a Barcelona, amb equipaments m\u00e8dics i \u00e0rees de tractament per a Chiari i siringomielia.","og_url":"https:\/\/institutchiaribcn.com\/ca\/installacions\/","og_site_name":"Institut Chiari Barcelona","article_modified_time":"2026-03-03T11:57:07+00:00","twitter_card":"summary_large_image","twitter_misc":{"Temps estimat de lectura":"1 minut"},"schema":{"@context":"https:\/\/schema.org","@graph":[{"@type":"WebPage","@id":"https:\/\/institutchiaribcn.com\/ca\/installacions\/","url":"https:\/\/institutchiaribcn.com\/ca\/installacions\/","name":"Instal\u00b7lacions de l\u2019ICSEB a Barcelona | Institut Chiari","isPartOf":{"@id":"https:\/\/institutchiaribcn.com\/ca\/#website"},"datePublished":"2025-06-17T13:54:38+00:00","dateModified":"2026-03-03T11:57:07+00:00","description":"Descobreix les instal\u00b7lacions de l\u2019Institut Chiari a Barcelona, amb equipaments m\u00e8dics i \u00e0rees de tractament per a Chiari i siringomielia.","breadcrumb":{"@id":"https:\/\/institutchiaribcn.com\/ca\/installacions\/#breadcrumb"},"inLanguage":"ca","potentialAction":[{"@type":"ReadAction","target":["https:\/\/institutchiaribcn.com\/ca\/installacions\/"]}]},{"@type":"BreadcrumbList","@id":"https:\/\/institutchiaribcn.com\/ca\/installacions\/#breadcrumb","itemListElement":[{"@type":"ListItem","position":1,"name":"Portada","item":"https:\/\/institutchiaribcn.com\/ca\/"},{"@type":"ListItem","position":2,"name":"Instal\u00b7lacions"}]},{"@type":"WebSite","@id":"https:\/\/institutchiaribcn.com\/ca\/#website","url":"https:\/\/institutchiaribcn.com\/ca\/","name":"Institut Chiari de Barcelona","description":"","publisher":{"@id":"https:\/\/institutchiaribcn.com\/ca\/#organization"},"potentialAction":[{"@type":"SearchAction","target":{"@type":"EntryPoint","urlTemplate":"https:\/\/institutchiaribcn.com\/ca\/?s={search_term_string}"},"query-input":{"@type":"PropertyValueSpecification","valueRequired":true,"valueName":"search_term_string"}}],"inLanguage":"ca"},{"@type":"Organization","@id":"https:\/\/institutchiaribcn.com\/ca\/#organization","name":"Institut Chiari de Barcelona","url":"https:\/\/institutchiaribcn.com\/ca\/","logo":{"@type":"ImageObject","inLanguage":"ca","@id":"https:\/\/institutchiaribcn.com\/ca\/#\/schema\/logo\/image\/","url":"https:\/\/institutchiaribcn.com\/wp-content\/uploads\/2025\/10\/cropped-cropped-icsebNavLogo-1.png","contentUrl":"https:\/\/institutchiaribcn.com\/wp-content\/uploads\/2025\/10\/cropped-cropped-icsebNavLogo-1.png","width":245,"height":99,"caption":"Institut Chiari de Barcelona"},"image":{"@id":"https:\/\/institutchiaribcn.com\/ca\/#\/schema\/logo\/image\/"}}]}},"_links":{"self":[{"href":"https:\/\/institutchiaribcn.com\/ca\/wp-json\/wp\/v2\/pages\/59960","targetHints":{"allow":["GET"]}}],"collection":[{"href":"https:\/\/institutchiaribcn.com\/ca\/wp-json\/wp\/v2\/pages"}],"about":[{"href":"https:\/\/institutchiaribcn.com\/ca\/wp-json\/wp\/v2\/types\/page"}],"author":[{"embeddable":true,"href":"https:\/\/institutchiaribcn.com\/ca\/wp-json\/wp\/v2\/users\/1"}],"replies":[{"embeddable":true,"href":"https:\/\/institutchiaribcn.com\/ca\/wp-json\/wp\/v2\/comments?post=59960"}],"version-history":[{"count":1,"href":"https:\/\/institutchiaribcn.com\/ca\/wp-json\/wp\/v2\/pages\/59960\/revisions"}],"predecessor-version":[{"id":146671,"href":"https:\/\/institutchiaribcn.com\/ca\/wp-json\/wp\/v2\/pages\/59960\/revisions\/146671"}],"wp:attachment":[{"href":"https:\/\/institutchiaribcn.com\/ca\/wp-json\/wp\/v2\/media?parent=59960"}],"curies":[{"name":"wp","href":"https:\/\/api.w.org\/{rel}","templated":true}]}}