{"id":53402,"date":"2025-06-17T15:47:54","date_gmt":"2025-06-17T13:47:54","guid":{"rendered":"https:\/\/dev.institutchiaribcn.com\/mision-vision-y-valores\/"},"modified":"2026-02-26T12:01:24","modified_gmt":"2026-02-26T11:01:24","slug":"missio-visio-valors","status":"publish","type":"page","link":"https:\/\/institutchiaribcn.com\/ca\/missio-visio-valors\/","title":{"rendered":"Missi\u00f3, Visi\u00f3, Valors"},"content":{"rendered":"\t\t<div data-elementor-type=\"wp-page\" data-elementor-id=\"53402\" class=\"elementor elementor-53402 elementor-186\" data-elementor-post-type=\"page\">\n\t\t\t\t<div class=\"elementor-element elementor-element-9578eee e-flex e-con-boxed e-con e-parent\" data-id=\"9578eee\" data-element_type=\"container\" data-e-type=\"container\">\n\t\t\t\t\t<div class=\"e-con-inner\">\n\t\t\t\t<div class=\"elementor-element elementor-element-ebc5c1d elementor-widget elementor-widget-heading\" data-id=\"ebc5c1d\" data-element_type=\"widget\" data-e-type=\"widget\" data-widget_type=\"heading.default\">\n\t\t\t\t<div class=\"elementor-widget-container\">\n\t\t\t\t\t<h1 class=\"elementor-heading-title elementor-size-default\">Missi\u00f3, Visi\u00f3, Valors\n<\/h1>\t\t\t\t<\/div>\n\t\t\t\t<\/div>\n\t\t\t\t<div class=\"elementor-element elementor-element-f831391 elementor-widget elementor-widget-text-editor\" data-id=\"f831391\" data-element_type=\"widget\" data-e-type=\"widget\" data-widget_type=\"text-editor.default\">\n\t\t\t\t<div class=\"elementor-widget-container\">\n\t\t\t\t\t\t\t\t\t<p>L\u2019Institut Chiari &amp; Siringomielia &amp; Escoliosis de Barcelona (ICSEB) es va fundar l\u2019any 2008. \u00c9s un centre m\u00e8dic i neuroquir\u00fargic, acreditat pel Filum System<sup>\u00ae<\/sup>.<\/p><p>At\u00e9n a pacients amb malalties cerebrals i de la columna vertebral, i a m\u00e9s abasta una \u00e0rea d\u2019alt\u00edssima especialitzaci\u00f3; la de totes les patologies relacionades amb la\u00a0<strong>malaltia del Filum<\/strong>.<\/p>\t\t\t\t\t\t\t\t<\/div>\n\t\t\t\t<\/div>\n\t\t<div class=\"elementor-element elementor-element-2a224a3 e-con-full e-flex e-con e-child\" data-id=\"2a224a3\" data-element_type=\"container\" data-e-type=\"container\">\n\t\t<div class=\"elementor-element elementor-element-a029c5e e-con-full e-flex e-con e-child\" data-id=\"a029c5e\" data-element_type=\"container\" data-e-type=\"container\" data-settings=\"{&quot;background_background&quot;:&quot;classic&quot;}\">\n\t\t\t\t<div class=\"elementor-element elementor-element-80ef6ed elementor-widget elementor-widget-heading\" data-id=\"80ef6ed\" data-element_type=\"widget\" data-e-type=\"widget\" data-widget_type=\"heading.default\">\n\t\t\t\t<div class=\"elementor-widget-container\">\n\t\t\t\t\t<h3 class=\"elementor-heading-title elementor-size-default\">Missi\u00f3<\/h3>\t\t\t\t<\/div>\n\t\t\t\t<\/div>\n\t\t\t\t<div class=\"elementor-element elementor-element-3b129a7 elementor-widget elementor-widget-text-editor\" data-id=\"3b129a7\" data-element_type=\"widget\" data-e-type=\"widget\" data-widget_type=\"text-editor.default\">\n\t\t\t\t<div class=\"elementor-widget-container\">\n\t\t\t\t\t\t\t\t\t<p>Oferim un diagn\u00f2stic prec\u00eds i un tractament m\u00ednimament invasiu per a la malaltia del Filum, millorant la qualitat de vida del pacient amb \u00e8tica, innovaci\u00f3 i excel\u00b7l\u00e8ncia m\u00e8dica.<\/p>\t\t\t\t\t\t\t\t<\/div>\n\t\t\t\t<\/div>\n\t\t\t\t<div class=\"elementor-element elementor-element-6494c52 elementor-widget elementor-widget-button\" data-id=\"6494c52\" data-element_type=\"widget\" data-e-type=\"widget\" data-widget_type=\"button.default\">\n\t\t\t\t<div class=\"elementor-widget-container\">\n\t\t\t\t\t\t\t\t\t<div class=\"elementor-button-wrapper\">\n\t\t\t\t\t<a class=\"elementor-button elementor-button-link elementor-size-sm\" href=\"#mision\">\n\t\t\t\t\t\t<span class=\"elementor-button-content-wrapper\">\n\t\t\t\t\t\t\t\t\t<span class=\"elementor-button-text\">Llegeix m\u00e9s<\/span>\n\t\t\t\t\t<\/span>\n\t\t\t\t\t<\/a>\n\t\t\t\t<\/div>\n\t\t\t\t\t\t\t\t<\/div>\n\t\t\t\t<\/div>\n\t\t\t\t<\/div>\n\t\t<div class=\"elementor-element elementor-element-b0aa9b7 e-con-full e-flex e-con e-child\" data-id=\"b0aa9b7\" data-element_type=\"container\" data-e-type=\"container\" data-settings=\"{&quot;background_background&quot;:&quot;classic&quot;}\">\n\t\t\t\t<div class=\"elementor-element elementor-element-6c6f6e9 elementor-widget elementor-widget-heading\" data-id=\"6c6f6e9\" data-element_type=\"widget\" data-e-type=\"widget\" data-widget_type=\"heading.default\">\n\t\t\t\t<div class=\"elementor-widget-container\">\n\t\t\t\t\t<h3 class=\"elementor-heading-title elementor-size-default\">Visi\u00f3<\/h3>\t\t\t\t<\/div>\n\t\t\t\t<\/div>\n\t\t\t\t<div class=\"elementor-element elementor-element-d0cd181 elementor-widget elementor-widget-text-editor\" data-id=\"d0cd181\" data-element_type=\"widget\" data-e-type=\"widget\" data-widget_type=\"text-editor.default\">\n\t\t\t\t<div class=\"elementor-widget-container\">\n\t\t\t\t\t\t\t\t\t<p>Aspirem a una atenci\u00f3 centrada en el pacient, basada en l\u2019excel\u00b7l\u00e8ncia cl\u00ednica, la millora cont\u00ednua i la innovaci\u00f3 tecnol\u00f2gica, amb un ferm comprom\u00eds hum\u00e0 i assistencial.<\/p>\t\t\t\t\t\t\t\t<\/div>\n\t\t\t\t<\/div>\n\t\t\t\t<div class=\"elementor-element elementor-element-eb0d50a elementor-widget elementor-widget-button\" data-id=\"eb0d50a\" data-element_type=\"widget\" data-e-type=\"widget\" data-widget_type=\"button.default\">\n\t\t\t\t<div class=\"elementor-widget-container\">\n\t\t\t\t\t\t\t\t\t<div class=\"elementor-button-wrapper\">\n\t\t\t\t\t<a class=\"elementor-button elementor-button-link elementor-size-sm\" href=\"#vision\">\n\t\t\t\t\t\t<span class=\"elementor-button-content-wrapper\">\n\t\t\t\t\t\t\t\t\t<span class=\"elementor-button-text\">Llegeix m\u00e9s<\/span>\n\t\t\t\t\t<\/span>\n\t\t\t\t\t<\/a>\n\t\t\t\t<\/div>\n\t\t\t\t\t\t\t\t<\/div>\n\t\t\t\t<\/div>\n\t\t\t\t<\/div>\n\t\t<div class=\"elementor-element elementor-element-63dfc3f e-con-full e-flex e-con e-child\" data-id=\"63dfc3f\" data-element_type=\"container\" data-e-type=\"container\" data-settings=\"{&quot;background_background&quot;:&quot;classic&quot;}\">\n\t\t\t\t<div class=\"elementor-element elementor-element-c28756b elementor-widget elementor-widget-heading\" data-id=\"c28756b\" data-element_type=\"widget\" data-e-type=\"widget\" data-widget_type=\"heading.default\">\n\t\t\t\t<div class=\"elementor-widget-container\">\n\t\t\t\t\t<h3 class=\"elementor-heading-title elementor-size-default\">Valors<\/h3>\t\t\t\t<\/div>\n\t\t\t\t<\/div>\n\t\t\t\t<div class=\"elementor-element elementor-element-339a8b2 elementor-widget elementor-widget-text-editor\" data-id=\"339a8b2\" data-element_type=\"widget\" data-e-type=\"widget\" data-widget_type=\"text-editor.default\">\n\t\t\t\t<div class=\"elementor-widget-container\">\n\t\t\t\t\t\t\t\t\t<p>Actuem amb integritat, responsabilitat i empatia, promovent sempre la qualitat, l\u2019excel\u00b7l\u00e8ncia cl\u00ednica i la millora cont\u00ednua en cada pas del tractament.<\/p>\t\t\t\t\t\t\t\t<\/div>\n\t\t\t\t<\/div>\n\t\t\t\t<div class=\"elementor-element elementor-element-9c01b0d elementor-widget elementor-widget-button\" data-id=\"9c01b0d\" data-element_type=\"widget\" data-e-type=\"widget\" data-widget_type=\"button.default\">\n\t\t\t\t<div class=\"elementor-widget-container\">\n\t\t\t\t\t\t\t\t\t<div class=\"elementor-button-wrapper\">\n\t\t\t\t\t<a class=\"elementor-button elementor-button-link elementor-size-sm\" href=\"#valores\">\n\t\t\t\t\t\t<span class=\"elementor-button-content-wrapper\">\n\t\t\t\t\t\t\t\t\t<span class=\"elementor-button-text\">Llegeix m\u00e9s<\/span>\n\t\t\t\t\t<\/span>\n\t\t\t\t\t<\/a>\n\t\t\t\t<\/div>\n\t\t\t\t\t\t\t\t<\/div>\n\t\t\t\t<\/div>\n\t\t\t\t<\/div>\n\t\t\t\t<\/div>\n\t\t\t\t\t<\/div>\n\t\t\t\t<\/div>\n\t\t<div class=\"elementor-element elementor-element-52a2d2e e-flex e-con-boxed e-con e-parent\" data-id=\"52a2d2e\" data-element_type=\"container\" data-e-type=\"container\">\n\t\t\t\t\t<div class=\"e-con-inner\">\n\t\t<div class=\"elementor-element elementor-element-d7f226e e-con-full e-flex e-con e-child\" data-id=\"d7f226e\" data-element_type=\"container\" data-e-type=\"container\" id=\"mision\">\n\t\t\t\t<div class=\"elementor-element elementor-element-18739a7 elementor-widget elementor-widget-heading\" data-id=\"18739a7\" data-element_type=\"widget\" data-e-type=\"widget\" data-widget_type=\"heading.default\">\n\t\t\t\t<div class=\"elementor-widget-container\">\n\t\t\t\t\t<h3 class=\"elementor-heading-title elementor-size-default\">Missi\u00f3:\n<\/h3>\t\t\t\t<\/div>\n\t\t\t\t<\/div>\n\t\t\t\t<div class=\"elementor-element elementor-element-28cf8e8 elementor-widget elementor-widget-text-editor\" data-id=\"28cf8e8\" data-element_type=\"widget\" data-e-type=\"widget\" data-widget_type=\"text-editor.default\">\n\t\t\t\t<div class=\"elementor-widget-container\">\n\t\t\t\t\t\t\t\t\t<p>L\u2019ICSEB apunta a ser un Centre de Refer\u00e8ncia Internacional per a la Malaltia del Filum, difonent en l\u2019\u00e0mbit internacional el resultat de les nostres recerques en relaci\u00f3 amb la causa i el nou tractament per a les malalties que inclou: <strong>s\u00edndrome d\u2019Arnold Chiari I, siringomi\u00e8lia i escoliosi idiop\u00e0tiques, impressi\u00f3 basilar, platib\u00e0sia, reculada odontoidea, angulaci\u00f3 del tronc cerebral<\/strong> i altres malalties associades com poden ser <strong>h\u00e8rnies discals cervicals, dorsals i lumbars, estenosi del canal vertebral i diverses desviacions idiop\u00e0tiques<\/strong> de la columna vertebral.<\/p><p>La nostra missi\u00f3 \u00e9s guarir o alleujar la malaltia, trobant per al pacient la soluci\u00f3 de la seva afectaci\u00f3 cerebral o vertebral de la manera m\u00e9s efica\u00e7, amb la millor t\u00e8cnica, la menys invasiva, amb la recuperaci\u00f3 m\u00e9s r\u00e0pida i aplicant-la amb la m\u00e0xima promptitud.<\/p><p>Oferim un <strong>diagn\u00f2stic d\u2019alta precisi\u00f3<\/strong> i l\u2019aplicaci\u00f3 de <strong>t\u00e8cniques de tractament m\u00ednimament invasives<\/strong>, amb la m\u00e0xima efic\u00e0cia, per a la millora i el manteniment de la qualitat de vida dels pacients.<\/p><p>Aix\u00ed mateix, aspirem a fomentar el comportament \u00e8tic en la presa de decisions, en la pr\u00e0ctica cl\u00ednica i en la recerca, establint protocols d\u2019actuaci\u00f3 contrastats amb l\u2019evid\u00e8ncia cient\u00edfica, optimitzats i revisats de manera sistem\u00e0tica.<\/p>\t\t\t\t\t\t\t\t<\/div>\n\t\t\t\t<\/div>\n\t\t\t\t<\/div>\n\t\t<div class=\"elementor-element elementor-element-826211c e-con-full e-flex e-con e-child\" data-id=\"826211c\" data-element_type=\"container\" data-e-type=\"container\">\n\t\t<div class=\"elementor-element elementor-element-f2cf416 e-con-full e-flex e-con e-child\" data-id=\"f2cf416\" data-element_type=\"container\" data-e-type=\"container\" id=\"vision\">\n\t\t\t\t<div class=\"elementor-element elementor-element-d2cda5f elementor-widget elementor-widget-heading\" data-id=\"d2cda5f\" data-element_type=\"widget\" data-e-type=\"widget\" data-widget_type=\"heading.default\">\n\t\t\t\t<div class=\"elementor-widget-container\">\n\t\t\t\t\t<h3 class=\"elementor-heading-title elementor-size-default\">Visi\u00f3:\n<\/h3>\t\t\t\t<\/div>\n\t\t\t\t<\/div>\n\t\t\t\t<div class=\"elementor-element elementor-element-b53b104 elementor-widget elementor-widget-text-editor\" data-id=\"b53b104\" data-element_type=\"widget\" data-e-type=\"widget\" data-widget_type=\"text-editor.default\">\n\t\t\t\t<div class=\"elementor-widget-container\">\n\t\t\t\t\t\t\t\t\t<p>Oferim una atenci\u00f3 al pacient que tingui com a eix central la consideraci\u00f3 global de la seva salut, basada sempre en les necessitats i expectatives dels malalts, facilitant la mediaci\u00f3 i l\u2019alian\u00e7a terap\u00e8utica.<\/p><p>La nostra \u00e9s una orientaci\u00f3 als resultats, potenciant la\u00a0<strong>millora cont\u00ednua i l\u2019efici\u00e8ncia<\/strong>.<\/p><p>Fomentem la Recerca i el Desenvolupament de noves tecnologies i estrat\u00e8gies d\u2019intervenci\u00f3, en la cerca de l\u2019excel\u00b7l\u00e8ncia en el camp cl\u00ednic i assistencial.\u2028Esperem que aquesta visi\u00f3 creixi amb el nostre projecte de futur, augmentant en recursos tecnol\u00f2gics, humans i el comprom\u00eds amb tots els nostres usuaris.<\/p>\t\t\t\t\t\t\t\t<\/div>\n\t\t\t\t<\/div>\n\t\t\t\t<\/div>\n\t\t<div class=\"elementor-element elementor-element-e5b43ec e-con-full e-flex e-con e-child\" data-id=\"e5b43ec\" data-element_type=\"container\" data-e-type=\"container\" id=\"valores\">\n\t\t\t\t<div class=\"elementor-element elementor-element-221b749 elementor-widget elementor-widget-heading\" data-id=\"221b749\" data-element_type=\"widget\" data-e-type=\"widget\" data-widget_type=\"heading.default\">\n\t\t\t\t<div class=\"elementor-widget-container\">\n\t\t\t\t\t<h3 class=\"elementor-heading-title elementor-size-default\">Valors:\n<\/h3>\t\t\t\t<\/div>\n\t\t\t\t<\/div>\n\t\t\t\t<div class=\"elementor-element elementor-element-d5301ef elementor-widget elementor-widget-text-editor\" data-id=\"d5301ef\" data-element_type=\"widget\" data-e-type=\"widget\" data-widget_type=\"text-editor.default\">\n\t\t\t\t<div class=\"elementor-widget-container\">\n\t\t\t\t\t\t\t\t\t<p><strong>Integritat i honestedat:<\/strong> l\u2019inter\u00e8s i la millora de la salut del pacient per damunt de tot.<\/p>\n<p><strong>Responsabilitat:<\/strong> reflexi\u00f3 i valoraci\u00f3 de les conseq\u00fc\u00e8ncies de la nostra activitat professional.<\/p>\n<p><strong>Comprensi\u00f3 i empatia:<\/strong> ens impliquem i respectem el que sent el pacient, ens posem al seu lloc. Aix\u00ed mateix, facilitem que el pacient i els seus familiars rebin les explicacions oportunes sobre la malaltia, que els permetin prendre les seves decisions al respecte, havent estat informats en tots els aspectes.<\/p>\n<p><strong>Qualitat:<\/strong> promovem la millora constant de l\u2019aptitud i l\u2019actitud en l\u2019exercici de les nostres funcions i obligacions.<\/p>\n<p><strong>Innovaci\u00f3 terap\u00e8utica, excel\u00b7l\u00e8ncia cl\u00ednica i millora cont\u00ednua:<\/strong> el nostre equip professional especialitzat promou el grau m\u00e9s alt de qualitat humana, t\u00e8cnica i cient\u00edfica, i l\u2019efic\u00e0cia dels tractaments que proposa.<\/p>\t\t\t\t\t\t\t\t<\/div>\n\t\t\t\t<\/div>\n\t\t\t\t<\/div>\n\t\t\t\t<\/div>\n\t\t\t\t\t<\/div>\n\t\t\t\t<\/div>\n\t\t\t\t<\/div>\n\t\t","protected":false},"excerpt":{"rendered":"<p>Missi\u00f3, Visi\u00f3, Valors L\u2019Institut Chiari &amp; Siringomielia &amp; Escoliosis de Barcelona (ICSEB) es va fundar l\u2019any 2008. \u00c9s un centre m\u00e8dic i neuroquir\u00fargic, acreditat pel Filum System\u00ae. At\u00e9n a pacients amb malalties cerebrals i de la columna vertebral, i a m\u00e9s abasta una \u00e0rea d\u2019alt\u00edssima especialitzaci\u00f3; la de totes les patologies relacionades amb la\u00a0malaltia del [&hellip;]<\/p>\n","protected":false},"author":1,"featured_media":0,"parent":0,"menu_order":3,"comment_status":"closed","ping_status":"closed","template":"","meta":{"footnotes":""},"class_list":["post-53402","page","type-page","status-publish","hentry"],"yoast_head":"<!-- This site is optimized with the Yoast SEO plugin v27.1.1 - https:\/\/yoast.com\/product\/yoast-seo-wordpress\/ -->\n<title>Missi\u00f3, Visi\u00f3 i Valors | ICSEB<\/title>\n<meta name=\"description\" content=\"Missi\u00f3: diagn\u00f2stic acurat i tractaments m\u00ednimament invasius; visi\u00f3 centrada en el pacient i valors d\u2019\u00e8tica i excel\u00b7l\u00e8ncia.\" \/>\n<meta name=\"robots\" content=\"index, follow, max-snippet:-1, max-image-preview:large, max-video-preview:-1\" \/>\n<link rel=\"canonical\" href=\"https:\/\/institutchiaribcn.com\/ca\/missio-visio-valors\/\" \/>\n<meta property=\"og:locale\" content=\"ca_ES\" \/>\n<meta property=\"og:type\" content=\"article\" \/>\n<meta property=\"og:title\" content=\"Missi\u00f3, Visi\u00f3 i Valors | ICSEB\" \/>\n<meta property=\"og:description\" content=\"Missi\u00f3: diagn\u00f2stic acurat i tractaments m\u00ednimament invasius; visi\u00f3 centrada en el pacient i valors d\u2019\u00e8tica i excel\u00b7l\u00e8ncia.\" \/>\n<meta property=\"og:url\" content=\"https:\/\/institutchiaribcn.com\/ca\/missio-visio-valors\/\" \/>\n<meta property=\"og:site_name\" content=\"Institut Chiari\" \/>\n<meta property=\"article:modified_time\" content=\"2026-02-26T11:01:24+00:00\" \/>\n<meta name=\"twitter:card\" content=\"summary_large_image\" \/>\n<meta name=\"twitter:label1\" content=\"Temps estimat de lectura\" \/>\n\t<meta name=\"twitter:data1\" content=\"3 minuts\" \/>\n<script type=\"application\/ld+json\" class=\"yoast-schema-graph\">{\"@context\":\"https:\/\/schema.org\",\"@graph\":[{\"@type\":\"WebPage\",\"@id\":\"https:\/\/institutchiaribcn.com\/ca\/missio-visio-valors\/\",\"url\":\"https:\/\/institutchiaribcn.com\/ca\/missio-visio-valors\/\",\"name\":\"Missi\u00f3, Visi\u00f3 i Valors | ICSEB\",\"isPartOf\":{\"@id\":\"https:\/\/institutchiaribcn.com\/ca\/#website\"},\"datePublished\":\"2025-06-17T13:47:54+00:00\",\"dateModified\":\"2026-02-26T11:01:24+00:00\",\"description\":\"Missi\u00f3: diagn\u00f2stic acurat i tractaments m\u00ednimament invasius; visi\u00f3 centrada en el pacient i valors d\u2019\u00e8tica i excel\u00b7l\u00e8ncia.\",\"breadcrumb\":{\"@id\":\"https:\/\/institutchiaribcn.com\/ca\/missio-visio-valors\/#breadcrumb\"},\"inLanguage\":\"ca\",\"potentialAction\":[{\"@type\":\"ReadAction\",\"target\":[\"https:\/\/institutchiaribcn.com\/ca\/missio-visio-valors\/\"]}]},{\"@type\":\"BreadcrumbList\",\"@id\":\"https:\/\/institutchiaribcn.com\/ca\/missio-visio-valors\/#breadcrumb\",\"itemListElement\":[{\"@type\":\"ListItem\",\"position\":1,\"name\":\"Portada\",\"item\":\"https:\/\/institutchiaribcn.com\/ca\/\"},{\"@type\":\"ListItem\",\"position\":2,\"name\":\"Missi\u00f3, Visi\u00f3, Valors\"}]},{\"@type\":\"WebSite\",\"@id\":\"https:\/\/institutchiaribcn.com\/ca\/#website\",\"url\":\"https:\/\/institutchiaribcn.com\/ca\/\",\"name\":\"Institut Chiari de Barcelona\",\"description\":\"\",\"publisher\":{\"@id\":\"https:\/\/institutchiaribcn.com\/ca\/#organization\"},\"potentialAction\":[{\"@type\":\"SearchAction\",\"target\":{\"@type\":\"EntryPoint\",\"urlTemplate\":\"https:\/\/institutchiaribcn.com\/ca\/?s={search_term_string}\"},\"query-input\":{\"@type\":\"PropertyValueSpecification\",\"valueRequired\":true,\"valueName\":\"search_term_string\"}}],\"inLanguage\":\"ca\"},{\"@type\":\"Organization\",\"@id\":\"https:\/\/institutchiaribcn.com\/ca\/#organization\",\"name\":\"Institut Chiari de Barcelona\",\"url\":\"https:\/\/institutchiaribcn.com\/ca\/\",\"logo\":{\"@type\":\"ImageObject\",\"inLanguage\":\"ca\",\"@id\":\"https:\/\/institutchiaribcn.com\/ca\/#\/schema\/logo\/image\/\",\"url\":\"https:\/\/institutchiaribcn.com\/wp-content\/uploads\/2025\/10\/cropped-cropped-icsebNavLogo-1.png\",\"contentUrl\":\"https:\/\/institutchiaribcn.com\/wp-content\/uploads\/2025\/10\/cropped-cropped-icsebNavLogo-1.png\",\"width\":245,\"height\":99,\"caption\":\"Institut Chiari de Barcelona\"},\"image\":{\"@id\":\"https:\/\/institutchiaribcn.com\/ca\/#\/schema\/logo\/image\/\"}}]}<\/script>\n<!-- \/ Yoast SEO plugin. -->","yoast_head_json":{"title":"Missi\u00f3, Visi\u00f3 i Valors | ICSEB","description":"Missi\u00f3: diagn\u00f2stic acurat i tractaments m\u00ednimament invasius; visi\u00f3 centrada en el pacient i valors d\u2019\u00e8tica i excel\u00b7l\u00e8ncia.","robots":{"index":"index","follow":"follow","max-snippet":"max-snippet:-1","max-image-preview":"max-image-preview:large","max-video-preview":"max-video-preview:-1"},"canonical":"https:\/\/institutchiaribcn.com\/ca\/missio-visio-valors\/","og_locale":"ca_ES","og_type":"article","og_title":"Missi\u00f3, Visi\u00f3 i Valors | ICSEB","og_description":"Missi\u00f3: diagn\u00f2stic acurat i tractaments m\u00ednimament invasius; visi\u00f3 centrada en el pacient i valors d\u2019\u00e8tica i excel\u00b7l\u00e8ncia.","og_url":"https:\/\/institutchiaribcn.com\/ca\/missio-visio-valors\/","og_site_name":"Institut Chiari","article_modified_time":"2026-02-26T11:01:24+00:00","twitter_card":"summary_large_image","twitter_misc":{"Temps estimat de lectura":"3 minuts"},"schema":{"@context":"https:\/\/schema.org","@graph":[{"@type":"WebPage","@id":"https:\/\/institutchiaribcn.com\/ca\/missio-visio-valors\/","url":"https:\/\/institutchiaribcn.com\/ca\/missio-visio-valors\/","name":"Missi\u00f3, Visi\u00f3 i Valors | ICSEB","isPartOf":{"@id":"https:\/\/institutchiaribcn.com\/ca\/#website"},"datePublished":"2025-06-17T13:47:54+00:00","dateModified":"2026-02-26T11:01:24+00:00","description":"Missi\u00f3: diagn\u00f2stic acurat i tractaments m\u00ednimament invasius; visi\u00f3 centrada en el pacient i valors d\u2019\u00e8tica i excel\u00b7l\u00e8ncia.","breadcrumb":{"@id":"https:\/\/institutchiaribcn.com\/ca\/missio-visio-valors\/#breadcrumb"},"inLanguage":"ca","potentialAction":[{"@type":"ReadAction","target":["https:\/\/institutchiaribcn.com\/ca\/missio-visio-valors\/"]}]},{"@type":"BreadcrumbList","@id":"https:\/\/institutchiaribcn.com\/ca\/missio-visio-valors\/#breadcrumb","itemListElement":[{"@type":"ListItem","position":1,"name":"Portada","item":"https:\/\/institutchiaribcn.com\/ca\/"},{"@type":"ListItem","position":2,"name":"Missi\u00f3, Visi\u00f3, Valors"}]},{"@type":"WebSite","@id":"https:\/\/institutchiaribcn.com\/ca\/#website","url":"https:\/\/institutchiaribcn.com\/ca\/","name":"Institut Chiari de Barcelona","description":"","publisher":{"@id":"https:\/\/institutchiaribcn.com\/ca\/#organization"},"potentialAction":[{"@type":"SearchAction","target":{"@type":"EntryPoint","urlTemplate":"https:\/\/institutchiaribcn.com\/ca\/?s={search_term_string}"},"query-input":{"@type":"PropertyValueSpecification","valueRequired":true,"valueName":"search_term_string"}}],"inLanguage":"ca"},{"@type":"Organization","@id":"https:\/\/institutchiaribcn.com\/ca\/#organization","name":"Institut Chiari de Barcelona","url":"https:\/\/institutchiaribcn.com\/ca\/","logo":{"@type":"ImageObject","inLanguage":"ca","@id":"https:\/\/institutchiaribcn.com\/ca\/#\/schema\/logo\/image\/","url":"https:\/\/institutchiaribcn.com\/wp-content\/uploads\/2025\/10\/cropped-cropped-icsebNavLogo-1.png","contentUrl":"https:\/\/institutchiaribcn.com\/wp-content\/uploads\/2025\/10\/cropped-cropped-icsebNavLogo-1.png","width":245,"height":99,"caption":"Institut Chiari de Barcelona"},"image":{"@id":"https:\/\/institutchiaribcn.com\/ca\/#\/schema\/logo\/image\/"}}]}},"_links":{"self":[{"href":"https:\/\/institutchiaribcn.com\/ca\/wp-json\/wp\/v2\/pages\/53402","targetHints":{"allow":["GET"]}}],"collection":[{"href":"https:\/\/institutchiaribcn.com\/ca\/wp-json\/wp\/v2\/pages"}],"about":[{"href":"https:\/\/institutchiaribcn.com\/ca\/wp-json\/wp\/v2\/types\/page"}],"author":[{"embeddable":true,"href":"https:\/\/institutchiaribcn.com\/ca\/wp-json\/wp\/v2\/users\/1"}],"replies":[{"embeddable":true,"href":"https:\/\/institutchiaribcn.com\/ca\/wp-json\/wp\/v2\/comments?post=53402"}],"version-history":[{"count":1,"href":"https:\/\/institutchiaribcn.com\/ca\/wp-json\/wp\/v2\/pages\/53402\/revisions"}],"predecessor-version":[{"id":146447,"href":"https:\/\/institutchiaribcn.com\/ca\/wp-json\/wp\/v2\/pages\/53402\/revisions\/146447"}],"wp:attachment":[{"href":"https:\/\/institutchiaribcn.com\/ca\/wp-json\/wp\/v2\/media?parent=53402"}],"curies":[{"name":"wp","href":"https:\/\/api.w.org\/{rel}","templated":true}]}}