{"id":53106,"date":"2025-08-07T14:47:46","date_gmt":"2025-08-07T12:47:46","guid":{"rendered":"https:\/\/dev.institutchiaribcn.com\/blogs\/"},"modified":"2026-02-24T10:46:46","modified_gmt":"2026-02-24T09:46:46","slug":"blogs","status":"publish","type":"page","link":"https:\/\/institutchiaribcn.com\/ca\/blogs\/","title":{"rendered":"Blogs"},"content":{"rendered":"\t\t<div data-elementor-type=\"wp-page\" data-elementor-id=\"53106\" class=\"elementor elementor-53106 elementor-48490\" data-elementor-post-type=\"page\">\n\t\t\t\t<div class=\"elementor-element elementor-element-f5eca31 e-flex e-con-boxed e-con e-parent\" data-id=\"f5eca31\" data-element_type=\"container\" data-e-type=\"container\" data-settings=\"{&quot;background_background&quot;:&quot;classic&quot;}\">\n\t\t\t\t\t<div class=\"e-con-inner\">\n\t\t<div class=\"elementor-element elementor-element-07e2420 e-con-full e-flex e-con e-child\" data-id=\"07e2420\" data-element_type=\"container\" data-e-type=\"container\">\n\t\t\t\t<div class=\"elementor-element elementor-element-ec7bb43 elementor-widget elementor-widget-heading\" data-id=\"ec7bb43\" data-element_type=\"widget\" data-e-type=\"widget\" data-widget_type=\"heading.default\">\n\t\t\t\t<div class=\"elementor-widget-container\">\n\t\t\t\t\t<h1 class=\"elementor-heading-title elementor-size-default\">Blogs<\/h1>\t\t\t\t<\/div>\n\t\t\t\t<\/div>\n\t\t\t\t<div class=\"elementor-element elementor-element-e2e8901 elementor-widget elementor-widget-heading\" data-id=\"e2e8901\" data-element_type=\"widget\" data-e-type=\"widget\" data-widget_type=\"heading.default\">\n\t\t\t\t<div class=\"elementor-widget-container\">\n\t\t\t\t\t<h2 class=\"elementor-heading-title elementor-size-default\">Institut Chiari &amp; Siringomielia &amp; Escoliosis de Barcelona<\/h2>\t\t\t\t<\/div>\n\t\t\t\t<\/div>\n\t\t\t\t<\/div>\n\t\t\t\t\t<\/div>\n\t\t\t\t<\/div>\n\t\t<div class=\"elementor-element elementor-element-bfdf1bc e-flex e-con-boxed e-con e-parent\" data-id=\"bfdf1bc\" data-element_type=\"container\" data-e-type=\"container\">\n\t\t\t\t\t<div class=\"e-con-inner\">\n\t\t\t\t<div class=\"elementor-element elementor-element-80b191a elementor-widget elementor-widget-heading\" data-id=\"80b191a\" data-element_type=\"widget\" data-e-type=\"widget\" data-widget_type=\"heading.default\">\n\t\t\t\t<div class=\"elementor-widget-container\">\n\t\t\t\t\t<h2 class=\"elementor-heading-title elementor-size-default\">Blogs internacionals sobre la Malaltia del Filum i els diagn\u00f2stics associats<\/h2>\t\t\t\t<\/div>\n\t\t\t\t<\/div>\n\t\t\t\t<div class=\"elementor-element elementor-element-af53c46 elementor-widget elementor-widget-text-editor\" data-id=\"af53c46\" data-element_type=\"widget\" data-e-type=\"widget\" data-widget_type=\"text-editor.default\">\n\t\t\t\t<div class=\"elementor-widget-container\">\n\t\t\t\t\t\t\t\t\t<p>L\u2019Institut Chiari &amp; Siringomi\u00e8lia &amp; Escoliosi de Barcelona ha creat diferents blogs dels idiomes m\u00e9s utilitzats al m\u00f3n. Aix\u00ed els afectats de les diferents malalties que conformen la Malaltia del F\u00edlum com s\u00f3n, la S\u00edndrome d\u2019Arnold Chiari I, la Siringomi\u00e8lia Idiop\u00e0tica, l\u2019Escoliosi Idiop\u00e0tica, la Impressi\u00f3 Basilar, la Platib\u00e0sia, el Retroc\u00e9s Odontoide, el Kinking del tronc cerebral i patologies associades com l\u2019Enuresi i d\u2019altres malalties, puguin afavorir-se del coneixement, la informaci\u00f3 i tenir a l\u2019abast les darreres novetats a trav\u00e9s del blog corresponent al seu idioma, i d\u2019aquesta manera poden ser-los \u00fatils i beneficiar-se\u2019n.<\/p>\t\t\t\t\t\t\t\t<\/div>\n\t\t\t\t<\/div>\n\t\t<div class=\"elementor-element elementor-element-fc4c649 e-con-full e-flex e-con e-child\" data-id=\"fc4c649\" data-element_type=\"container\" data-e-type=\"container\">\n\t\t<div class=\"elementor-element elementor-element-2f0bf5a e-con-full e-flex e-con e-child\" data-id=\"2f0bf5a\" data-element_type=\"container\" data-e-type=\"container\">\n\t\t\t\t<div class=\"elementor-element elementor-element-775be1d elementor-widget elementor-widget-image\" data-id=\"775be1d\" data-element_type=\"widget\" data-e-type=\"widget\" data-widget_type=\"image.default\">\n\t\t\t\t<div class=\"elementor-widget-container\">\n\t\t\t\t\t\t\t\t\t\t\t\t\t\t\t<img decoding=\"async\" width=\"20\" height=\"13\" src=\"https:\/\/institutchiaribcn.com\/wp-content\/uploads\/2025\/08\/bandera-catala.png\" class=\"attachment-large size-large wp-image-48493\" alt=\"bandera catal\u00e0\" \/>\t\t\t\t\t\t\t\t\t\t\t\t\t\t\t<\/div>\n\t\t\t\t<\/div>\n\t\t\t\t<div class=\"elementor-element elementor-element-6912c48 elementor-widget elementor-widget-text-editor\" data-id=\"6912c48\" data-element_type=\"widget\" data-e-type=\"widget\" data-widget_type=\"text-editor.default\">\n\t\t\t\t<div class=\"elementor-widget-container\">\n\t\t\t\t\t\t\t\t\t<p><a href=\"https:\/\/institutchiaricat.blogspot.com\">https:\/\/institutchiaricat.blogspot.com<\/a><\/p>\t\t\t\t\t\t\t\t<\/div>\n\t\t\t\t<\/div>\n\t\t\t\t<\/div>\n\t\t<div class=\"elementor-element elementor-element-427c0c3 e-con-full e-flex e-con e-child\" data-id=\"427c0c3\" data-element_type=\"container\" data-e-type=\"container\">\n\t\t\t\t<div class=\"elementor-element elementor-element-bcfce20 elementor-widget elementor-widget-image\" data-id=\"bcfce20\" data-element_type=\"widget\" data-e-type=\"widget\" data-widget_type=\"image.default\">\n\t\t\t\t<div class=\"elementor-widget-container\">\n\t\t\t\t\t\t\t\t\t\t\t\t\t\t\t<img decoding=\"async\" width=\"26\" height=\"15\" src=\"https:\/\/institutchiaribcn.com\/wp-content\/uploads\/2025\/08\/bandera-rusia.gif\" class=\"attachment-large size-large wp-image-48507\" alt=\"bandera rusia\" \/>\t\t\t\t\t\t\t\t\t\t\t\t\t\t\t<\/div>\n\t\t\t\t<\/div>\n\t\t\t\t<div class=\"elementor-element elementor-element-3311419 elementor-widget elementor-widget-text-editor\" data-id=\"3311419\" data-element_type=\"widget\" data-e-type=\"widget\" data-widget_type=\"text-editor.default\">\n\t\t\t\t<div class=\"elementor-widget-container\">\n\t\t\t\t\t\t\t\t\t<p><a href=\"https:\/\/vk.com\/club37821551\">https:\/\/vk.com\/club37821551<\/a><\/p>\t\t\t\t\t\t\t\t<\/div>\n\t\t\t\t<\/div>\n\t\t\t\t<\/div>\n\t\t<div class=\"elementor-element elementor-element-5b6a02c e-con-full e-flex e-con e-child\" data-id=\"5b6a02c\" data-element_type=\"container\" data-e-type=\"container\">\n\t\t\t\t<div class=\"elementor-element elementor-element-a5586be elementor-widget elementor-widget-image\" data-id=\"a5586be\" data-element_type=\"widget\" data-e-type=\"widget\" data-widget_type=\"image.default\">\n\t\t\t\t<div class=\"elementor-widget-container\">\n\t\t\t\t\t\t\t\t\t\t\t\t\t\t\t<img decoding=\"async\" width=\"20\" height=\"12\" src=\"https:\/\/institutchiaribcn.com\/wp-content\/uploads\/2025\/08\/chino.gif\" class=\"attachment-large size-large wp-image-48552\" alt=\"chino\" \/>\t\t\t\t\t\t\t\t\t\t\t\t\t\t\t<\/div>\n\t\t\t\t<\/div>\n\t\t\t\t<div class=\"elementor-element elementor-element-fd97420 elementor-widget elementor-widget-text-editor\" data-id=\"fd97420\" data-element_type=\"widget\" data-e-type=\"widget\" data-widget_type=\"text-editor.default\">\n\t\t\t\t<div class=\"elementor-widget-container\">\n\t\t\t\t\t\t\t\t\t<p><a href=\"https:\/\/www.weibo.com\/u\/1937122161\">https:\/\/www.weibo.com\/u\/1937122161<\/a><\/p>\t\t\t\t\t\t\t\t<\/div>\n\t\t\t\t<\/div>\n\t\t\t\t<\/div>\n\t\t<div class=\"elementor-element elementor-element-10a4349 e-con-full e-flex e-con e-child\" data-id=\"10a4349\" data-element_type=\"container\" data-e-type=\"container\">\n\t\t\t\t<div class=\"elementor-element elementor-element-d2d7d27 elementor-widget elementor-widget-image\" data-id=\"d2d7d27\" data-element_type=\"widget\" data-e-type=\"widget\" data-widget_type=\"image.default\">\n\t\t\t\t<div class=\"elementor-widget-container\">\n\t\t\t\t\t\t\t\t\t\t\t\t\t\t\t<img loading=\"lazy\" decoding=\"async\" width=\"26\" height=\"15\" src=\"https:\/\/institutchiaribcn.com\/wp-content\/uploads\/2025\/08\/ar.gif\" class=\"attachment-large size-large wp-image-48594\" alt=\"ar\" \/>\t\t\t\t\t\t\t\t\t\t\t\t\t\t\t<\/div>\n\t\t\t\t<\/div>\n\t\t\t\t<div class=\"elementor-element elementor-element-89043e9 elementor-widget elementor-widget-text-editor\" data-id=\"89043e9\" data-element_type=\"widget\" data-e-type=\"widget\" data-widget_type=\"text-editor.default\">\n\t\t\t\t<div class=\"elementor-widget-container\">\n\t\t\t\t\t\t\t\t\t<p><a href=\"https:\/\/institutchiariarabic.blogspot.com\/\">https:\/\/institutchiariarabic.blogspot.com\/<\/a><\/p>\t\t\t\t\t\t\t\t<\/div>\n\t\t\t\t<\/div>\n\t\t\t\t<\/div>\n\t\t<div class=\"elementor-element elementor-element-5a109d2 e-con-full e-flex e-con e-child\" data-id=\"5a109d2\" data-element_type=\"container\" data-e-type=\"container\">\n\t\t\t\t<div class=\"elementor-element elementor-element-7926594 elementor-widget elementor-widget-image\" data-id=\"7926594\" data-element_type=\"widget\" data-e-type=\"widget\" data-widget_type=\"image.default\">\n\t\t\t\t<div class=\"elementor-widget-container\">\n\t\t\t\t\t\t\t\t\t\t\t\t\t\t\t<img loading=\"lazy\" decoding=\"async\" width=\"25\" height=\"16\" src=\"https:\/\/institutchiaribcn.com\/wp-content\/uploads\/2025\/08\/japon.jpg\" class=\"attachment-large size-large wp-image-48608\" alt=\"japon\" \/>\t\t\t\t\t\t\t\t\t\t\t\t\t\t\t<\/div>\n\t\t\t\t<\/div>\n\t\t\t\t<div class=\"elementor-element elementor-element-9ca2ff7 elementor-widget elementor-widget-text-editor\" data-id=\"9ca2ff7\" data-element_type=\"widget\" data-e-type=\"widget\" data-widget_type=\"text-editor.default\">\n\t\t\t\t<div class=\"elementor-widget-container\">\n\t\t\t\t\t\t\t\t\t<p><a href=\"https:\/\/ameblo.jp\/institutchiari\/\">https:\/\/ameblo.jp\/institutchiari\/<\/a><\/p>\t\t\t\t\t\t\t\t<\/div>\n\t\t\t\t<\/div>\n\t\t\t\t<\/div>\n\t\t<div class=\"elementor-element elementor-element-4c39534 e-con-full e-flex e-con e-child\" data-id=\"4c39534\" data-element_type=\"container\" data-e-type=\"container\">\n\t\t\t\t<div class=\"elementor-element elementor-element-e006117 elementor-widget elementor-widget-image\" data-id=\"e006117\" data-element_type=\"widget\" data-e-type=\"widget\" data-widget_type=\"image.default\">\n\t\t\t\t<div class=\"elementor-widget-container\">\n\t\t\t\t\t\t\t\t\t\t\t\t\t\t\t<img loading=\"lazy\" decoding=\"async\" width=\"26\" height=\"15\" src=\"https:\/\/institutchiaribcn.com\/wp-content\/uploads\/2025\/08\/por.png\" class=\"attachment-large size-large wp-image-48566\" alt=\"por\" \/>\t\t\t\t\t\t\t\t\t\t\t\t\t\t\t<\/div>\n\t\t\t\t<\/div>\n\t\t\t\t<div class=\"elementor-element elementor-element-b221323 elementor-widget elementor-widget-image\" data-id=\"b221323\" data-element_type=\"widget\" data-e-type=\"widget\" data-widget_type=\"image.default\">\n\t\t\t\t<div class=\"elementor-widget-container\">\n\t\t\t\t\t\t\t\t\t\t\t\t\t\t\t<img loading=\"lazy\" decoding=\"async\" width=\"25\" height=\"16\" src=\"https:\/\/institutchiaribcn.com\/wp-content\/uploads\/2025\/08\/brasil.jpg\" class=\"attachment-large size-large wp-image-48580\" alt=\"brasil\" \/>\t\t\t\t\t\t\t\t\t\t\t\t\t\t\t<\/div>\n\t\t\t\t<\/div>\n\t\t\t\t<div class=\"elementor-element elementor-element-58bd221 elementor-widget elementor-widget-text-editor\" data-id=\"58bd221\" data-element_type=\"widget\" data-e-type=\"widget\" data-widget_type=\"text-editor.default\">\n\t\t\t\t<div class=\"elementor-widget-container\">\n\t\t\t\t\t\t\t\t\t<p><a href=\"https:\/\/institutochiari.wordpress.com\/\">https:\/\/institutochiari.wordpress.com\/<\/a><\/p>\t\t\t\t\t\t\t\t<\/div>\n\t\t\t\t<\/div>\n\t\t\t\t<\/div>\n\t\t<div class=\"elementor-element elementor-element-551c5e8 e-con-full e-flex e-con e-child\" data-id=\"551c5e8\" data-element_type=\"container\" data-e-type=\"container\">\n\t\t\t\t<div class=\"elementor-element elementor-element-9bd14cf elementor-widget elementor-widget-image\" data-id=\"9bd14cf\" data-element_type=\"widget\" data-e-type=\"widget\" data-widget_type=\"image.default\">\n\t\t\t\t<div class=\"elementor-widget-container\">\n\t\t\t\t\t\t\t\t\t\t\t\t\t\t\t<img loading=\"lazy\" decoding=\"async\" width=\"360\" height=\"240\" src=\"https:\/\/institutchiaribcn.com\/wp-content\/uploads\/2025\/08\/inglesUSA.gif\" class=\"attachment-large size-large wp-image-48521\" alt=\"inglesUSA\" \/>\t\t\t\t\t\t\t\t\t\t\t\t\t\t\t<\/div>\n\t\t\t\t<\/div>\n\t\t\t\t<div class=\"elementor-element elementor-element-4101691 elementor-widget elementor-widget-image\" data-id=\"4101691\" data-element_type=\"widget\" data-e-type=\"widget\" data-widget_type=\"image.default\">\n\t\t\t\t<div class=\"elementor-widget-container\">\n\t\t\t\t\t\t\t\t\t\t\t\t\t\t\t<img loading=\"lazy\" decoding=\"async\" width=\"26\" height=\"15\" src=\"https:\/\/institutchiaribcn.com\/wp-content\/uploads\/2025\/08\/ingles.gif\" class=\"attachment-large size-large wp-image-48535\" alt=\"ingles\" \/>\t\t\t\t\t\t\t\t\t\t\t\t\t\t\t<\/div>\n\t\t\t\t<\/div>\n\t\t\t\t<div class=\"elementor-element elementor-element-4e2ab52 elementor-widget elementor-widget-text-editor\" data-id=\"4e2ab52\" data-element_type=\"widget\" data-e-type=\"widget\" data-widget_type=\"text-editor.default\">\n\t\t\t\t<div class=\"elementor-widget-container\">\n\t\t\t\t\t\t\t\t\t<p><a href=\"https:\/\/chiarisyringomyeliascoliosisinfo.blogspot.com\">https:\/\/chiarisyringomyeliascoliosisinfo.blogspot.com<\/a><\/p>\t\t\t\t\t\t\t\t<\/div>\n\t\t\t\t<\/div>\n\t\t\t\t<\/div>\n\t\t\t\t<\/div>\n\t\t\t\t\t<\/div>\n\t\t\t\t<\/div>\n\t\t\t\t<\/div>\n\t\t","protected":false},"excerpt":{"rendered":"<p>Blogs Institut Chiari &amp; Siringomielia &amp; Escoliosis de Barcelona Blogs internacionals sobre la Malaltia del Filum i els diagn\u00f2stics associats L\u2019Institut Chiari &amp; Siringomi\u00e8lia &amp; Escoliosi de Barcelona ha creat diferents blogs dels idiomes m\u00e9s utilitzats al m\u00f3n. Aix\u00ed els afectats de les diferents malalties que conformen la Malaltia del F\u00edlum com s\u00f3n, la S\u00edndrome [&hellip;]<\/p>\n","protected":false},"author":1,"featured_media":0,"parent":0,"menu_order":0,"comment_status":"closed","ping_status":"closed","template":"","meta":{"footnotes":""},"class_list":["post-53106","page","type-page","status-publish","hentry"],"yoast_head":"<!-- This site is optimized with the Yoast SEO plugin v27.1.1 - https:\/\/yoast.com\/product\/yoast-seo-wordpress\/ -->\n<title>Blogs ICSEB \u2013 investigaci\u00f3 i consells per a pacients | ICSEB<\/title>\n<meta name=\"description\" content=\"Articles i not\u00edcies sobre investigaci\u00f3, consells per a pacients, actualitzacions i informaci\u00f3 cl\u00ednica del ICSEB.\" \/>\n<meta name=\"robots\" content=\"index, follow, max-snippet:-1, max-image-preview:large, max-video-preview:-1\" \/>\n<link rel=\"canonical\" href=\"https:\/\/institutchiaribcn.com\/ca\/blogs\/\" \/>\n<meta property=\"og:locale\" content=\"ca_ES\" \/>\n<meta property=\"og:type\" content=\"article\" \/>\n<meta property=\"og:title\" content=\"Blogs ICSEB \u2013 investigaci\u00f3 i consells per a pacients | ICSEB\" \/>\n<meta property=\"og:description\" content=\"Articles i not\u00edcies sobre investigaci\u00f3, consells per a pacients, actualitzacions i informaci\u00f3 cl\u00ednica del ICSEB.\" \/>\n<meta property=\"og:url\" content=\"https:\/\/institutchiaribcn.com\/ca\/blogs\/\" \/>\n<meta property=\"og:site_name\" content=\"Institut Chiari\" \/>\n<meta property=\"article:modified_time\" content=\"2026-02-24T09:46:46+00:00\" \/>\n<meta property=\"og:image\" content=\"https:\/\/institutchiaribcn.com\/wp-content\/uploads\/2025\/08\/bandera-catala.png\" \/>\n<meta name=\"twitter:card\" content=\"summary_large_image\" \/>\n<meta name=\"twitter:label1\" content=\"Temps estimat de lectura\" \/>\n\t<meta name=\"twitter:data1\" content=\"3 minuts\" \/>\n<script type=\"application\/ld+json\" class=\"yoast-schema-graph\">{\"@context\":\"https:\/\/schema.org\",\"@graph\":[{\"@type\":\"WebPage\",\"@id\":\"https:\/\/institutchiaribcn.com\/ca\/blogs\/\",\"url\":\"https:\/\/institutchiaribcn.com\/ca\/blogs\/\",\"name\":\"Blogs ICSEB \u2013 investigaci\u00f3 i consells per a pacients | ICSEB\",\"isPartOf\":{\"@id\":\"https:\/\/institutchiaribcn.com\/ca\/#website\"},\"primaryImageOfPage\":{\"@id\":\"https:\/\/institutchiaribcn.com\/ca\/blogs\/#primaryimage\"},\"image\":{\"@id\":\"https:\/\/institutchiaribcn.com\/ca\/blogs\/#primaryimage\"},\"thumbnailUrl\":\"https:\/\/institutchiaribcn.com\/wp-content\/uploads\/2025\/08\/bandera-catala.png\",\"datePublished\":\"2025-08-07T12:47:46+00:00\",\"dateModified\":\"2026-02-24T09:46:46+00:00\",\"description\":\"Articles i not\u00edcies sobre investigaci\u00f3, consells per a pacients, actualitzacions i informaci\u00f3 cl\u00ednica del ICSEB.\",\"breadcrumb\":{\"@id\":\"https:\/\/institutchiaribcn.com\/ca\/blogs\/#breadcrumb\"},\"inLanguage\":\"ca\",\"potentialAction\":[{\"@type\":\"ReadAction\",\"target\":[\"https:\/\/institutchiaribcn.com\/ca\/blogs\/\"]}]},{\"@type\":\"ImageObject\",\"inLanguage\":\"ca\",\"@id\":\"https:\/\/institutchiaribcn.com\/ca\/blogs\/#primaryimage\",\"url\":\"https:\/\/institutchiaribcn.com\/wp-content\/uploads\/2025\/08\/bandera-catala.png\",\"contentUrl\":\"https:\/\/institutchiaribcn.com\/wp-content\/uploads\/2025\/08\/bandera-catala.png\"},{\"@type\":\"BreadcrumbList\",\"@id\":\"https:\/\/institutchiaribcn.com\/ca\/blogs\/#breadcrumb\",\"itemListElement\":[{\"@type\":\"ListItem\",\"position\":1,\"name\":\"Portada\",\"item\":\"https:\/\/institutchiaribcn.com\/ca\/\"},{\"@type\":\"ListItem\",\"position\":2,\"name\":\"Blogs\"}]},{\"@type\":\"WebSite\",\"@id\":\"https:\/\/institutchiaribcn.com\/ca\/#website\",\"url\":\"https:\/\/institutchiaribcn.com\/ca\/\",\"name\":\"Institut Chiari de Barcelona\",\"description\":\"\",\"publisher\":{\"@id\":\"https:\/\/institutchiaribcn.com\/ca\/#organization\"},\"potentialAction\":[{\"@type\":\"SearchAction\",\"target\":{\"@type\":\"EntryPoint\",\"urlTemplate\":\"https:\/\/institutchiaribcn.com\/ca\/?s={search_term_string}\"},\"query-input\":{\"@type\":\"PropertyValueSpecification\",\"valueRequired\":true,\"valueName\":\"search_term_string\"}}],\"inLanguage\":\"ca\"},{\"@type\":\"Organization\",\"@id\":\"https:\/\/institutchiaribcn.com\/ca\/#organization\",\"name\":\"Institut Chiari de Barcelona\",\"url\":\"https:\/\/institutchiaribcn.com\/ca\/\",\"logo\":{\"@type\":\"ImageObject\",\"inLanguage\":\"ca\",\"@id\":\"https:\/\/institutchiaribcn.com\/ca\/#\/schema\/logo\/image\/\",\"url\":\"https:\/\/institutchiaribcn.com\/wp-content\/uploads\/2025\/10\/cropped-cropped-icsebNavLogo-1.png\",\"contentUrl\":\"https:\/\/institutchiaribcn.com\/wp-content\/uploads\/2025\/10\/cropped-cropped-icsebNavLogo-1.png\",\"width\":245,\"height\":99,\"caption\":\"Institut Chiari de Barcelona\"},\"image\":{\"@id\":\"https:\/\/institutchiaribcn.com\/ca\/#\/schema\/logo\/image\/\"}}]}<\/script>\n<!-- \/ Yoast SEO plugin. -->","yoast_head_json":{"title":"Blogs ICSEB \u2013 investigaci\u00f3 i consells per a pacients | ICSEB","description":"Articles i not\u00edcies sobre investigaci\u00f3, consells per a pacients, actualitzacions i informaci\u00f3 cl\u00ednica del ICSEB.","robots":{"index":"index","follow":"follow","max-snippet":"max-snippet:-1","max-image-preview":"max-image-preview:large","max-video-preview":"max-video-preview:-1"},"canonical":"https:\/\/institutchiaribcn.com\/ca\/blogs\/","og_locale":"ca_ES","og_type":"article","og_title":"Blogs ICSEB \u2013 investigaci\u00f3 i consells per a pacients | ICSEB","og_description":"Articles i not\u00edcies sobre investigaci\u00f3, consells per a pacients, actualitzacions i informaci\u00f3 cl\u00ednica del ICSEB.","og_url":"https:\/\/institutchiaribcn.com\/ca\/blogs\/","og_site_name":"Institut Chiari","article_modified_time":"2026-02-24T09:46:46+00:00","og_image":[{"url":"https:\/\/institutchiaribcn.com\/wp-content\/uploads\/2025\/08\/bandera-catala.png","type":"","width":"","height":""}],"twitter_card":"summary_large_image","twitter_misc":{"Temps estimat de lectura":"3 minuts"},"schema":{"@context":"https:\/\/schema.org","@graph":[{"@type":"WebPage","@id":"https:\/\/institutchiaribcn.com\/ca\/blogs\/","url":"https:\/\/institutchiaribcn.com\/ca\/blogs\/","name":"Blogs ICSEB \u2013 investigaci\u00f3 i consells per a pacients | ICSEB","isPartOf":{"@id":"https:\/\/institutchiaribcn.com\/ca\/#website"},"primaryImageOfPage":{"@id":"https:\/\/institutchiaribcn.com\/ca\/blogs\/#primaryimage"},"image":{"@id":"https:\/\/institutchiaribcn.com\/ca\/blogs\/#primaryimage"},"thumbnailUrl":"https:\/\/institutchiaribcn.com\/wp-content\/uploads\/2025\/08\/bandera-catala.png","datePublished":"2025-08-07T12:47:46+00:00","dateModified":"2026-02-24T09:46:46+00:00","description":"Articles i not\u00edcies sobre investigaci\u00f3, consells per a pacients, actualitzacions i informaci\u00f3 cl\u00ednica del ICSEB.","breadcrumb":{"@id":"https:\/\/institutchiaribcn.com\/ca\/blogs\/#breadcrumb"},"inLanguage":"ca","potentialAction":[{"@type":"ReadAction","target":["https:\/\/institutchiaribcn.com\/ca\/blogs\/"]}]},{"@type":"ImageObject","inLanguage":"ca","@id":"https:\/\/institutchiaribcn.com\/ca\/blogs\/#primaryimage","url":"https:\/\/institutchiaribcn.com\/wp-content\/uploads\/2025\/08\/bandera-catala.png","contentUrl":"https:\/\/institutchiaribcn.com\/wp-content\/uploads\/2025\/08\/bandera-catala.png"},{"@type":"BreadcrumbList","@id":"https:\/\/institutchiaribcn.com\/ca\/blogs\/#breadcrumb","itemListElement":[{"@type":"ListItem","position":1,"name":"Portada","item":"https:\/\/institutchiaribcn.com\/ca\/"},{"@type":"ListItem","position":2,"name":"Blogs"}]},{"@type":"WebSite","@id":"https:\/\/institutchiaribcn.com\/ca\/#website","url":"https:\/\/institutchiaribcn.com\/ca\/","name":"Institut Chiari de Barcelona","description":"","publisher":{"@id":"https:\/\/institutchiaribcn.com\/ca\/#organization"},"potentialAction":[{"@type":"SearchAction","target":{"@type":"EntryPoint","urlTemplate":"https:\/\/institutchiaribcn.com\/ca\/?s={search_term_string}"},"query-input":{"@type":"PropertyValueSpecification","valueRequired":true,"valueName":"search_term_string"}}],"inLanguage":"ca"},{"@type":"Organization","@id":"https:\/\/institutchiaribcn.com\/ca\/#organization","name":"Institut Chiari de Barcelona","url":"https:\/\/institutchiaribcn.com\/ca\/","logo":{"@type":"ImageObject","inLanguage":"ca","@id":"https:\/\/institutchiaribcn.com\/ca\/#\/schema\/logo\/image\/","url":"https:\/\/institutchiaribcn.com\/wp-content\/uploads\/2025\/10\/cropped-cropped-icsebNavLogo-1.png","contentUrl":"https:\/\/institutchiaribcn.com\/wp-content\/uploads\/2025\/10\/cropped-cropped-icsebNavLogo-1.png","width":245,"height":99,"caption":"Institut Chiari de Barcelona"},"image":{"@id":"https:\/\/institutchiaribcn.com\/ca\/#\/schema\/logo\/image\/"}}]}},"_links":{"self":[{"href":"https:\/\/institutchiaribcn.com\/ca\/wp-json\/wp\/v2\/pages\/53106","targetHints":{"allow":["GET"]}}],"collection":[{"href":"https:\/\/institutchiaribcn.com\/ca\/wp-json\/wp\/v2\/pages"}],"about":[{"href":"https:\/\/institutchiaribcn.com\/ca\/wp-json\/wp\/v2\/types\/page"}],"author":[{"embeddable":true,"href":"https:\/\/institutchiaribcn.com\/ca\/wp-json\/wp\/v2\/users\/1"}],"replies":[{"embeddable":true,"href":"https:\/\/institutchiaribcn.com\/ca\/wp-json\/wp\/v2\/comments?post=53106"}],"version-history":[{"count":1,"href":"https:\/\/institutchiaribcn.com\/ca\/wp-json\/wp\/v2\/pages\/53106\/revisions"}],"predecessor-version":[{"id":145879,"href":"https:\/\/institutchiaribcn.com\/ca\/wp-json\/wp\/v2\/pages\/53106\/revisions\/145879"}],"wp:attachment":[{"href":"https:\/\/institutchiaribcn.com\/ca\/wp-json\/wp\/v2\/media?parent=53106"}],"curies":[{"name":"wp","href":"https:\/\/api.w.org\/{rel}","templated":true}]}}