{"id":29178,"date":"2025-06-18T08:54:45","date_gmt":"2025-06-18T06:54:45","guid":{"rendered":"https:\/\/dev.institutchiaribcn.com\/centros-acreditados\/"},"modified":"2026-04-02T10:10:31","modified_gmt":"2026-04-02T08:10:31","slug":"centres-acreditats","status":"publish","type":"page","link":"https:\/\/institutchiaribcn.com\/ca\/centres-acreditats\/","title":{"rendered":"Centres acreditats"},"content":{"rendered":"\t\t<div data-elementor-type=\"wp-page\" data-elementor-id=\"29178\" class=\"elementor elementor-29178 elementor-242\" data-elementor-post-type=\"page\">\n\t\t\t\t<div class=\"elementor-element elementor-element-1367932 e-flex e-con-boxed e-con e-parent\" data-id=\"1367932\" data-element_type=\"container\" data-e-type=\"container\">\n\t\t\t\t\t<div class=\"e-con-inner\">\n\t\t<div class=\"elementor-element elementor-element-07272b0 e-con-full e-flex e-con e-child\" data-id=\"07272b0\" data-element_type=\"container\" data-e-type=\"container\">\n\t\t\t\t<div class=\"elementor-element elementor-element-e1612a0 elementor-widget elementor-widget-heading\" data-id=\"e1612a0\" data-element_type=\"widget\" data-e-type=\"widget\" data-widget_type=\"heading.default\">\n\t\t\t\t<div class=\"elementor-widget-container\">\n\t\t\t\t\t<h1 class=\"elementor-heading-title elementor-size-default\">Centres Acreditats<\/h1>\t\t\t\t<\/div>\n\t\t\t\t<\/div>\n\t\t\t\t<div class=\"elementor-element elementor-element-70a7ae2 elementor-widget elementor-widget-text-editor\" data-id=\"70a7ae2\" data-element_type=\"widget\" data-e-type=\"widget\" data-widget_type=\"text-editor.default\">\n\t\t\t\t<div class=\"elementor-widget-container\">\n\t\t\t\t\t\t\t\t\t<div class=\"jumbotron\"><p><strong>Que significa ser un Centre Acreditat?<\/strong><\/p><p>L\u2019Acreditaci\u00f3 FS<strong><sup>\u00ae<\/sup><\/strong> \u00e9s un segell de qualitat que certifica que l\u2019organisme, centre o professional que opta a aquest reconeixement reuneix les condicions t\u00e8cniques, cient\u00edfiques i humanes que requereix el <strong><a href=\"https:\/\/institutchiaribcn.com\/ca\/presentacio-filum-academy-barcelona\/\">m\u00e8tode Filum System<\/a><sup>\u00ae<\/sup><\/strong>.<\/p><p>Aquest segell de garantia \u00e9s atorgat per la <strong><a href=\"https:\/\/institutchiaribcn.com\/ca\/presentacio-filum-academy-barcelona\/\">Filum Academy Barcelona<\/a><sup>\u00ae<\/sup><\/strong>, un centre dependent de l\u2019<strong>Institut Chiari &amp; Siringomielia &amp; Escoliosi de Barcelona (ICSEB)<\/strong>, la missi\u00f3 del qual \u00e9s la promoci\u00f3, la difusi\u00f3 i la capacitaci\u00f3 en la teoria i els tractaments de la Malaltia del Filum.<\/p><\/div>\t\t\t\t\t\t\t\t<\/div>\n\t\t\t\t<\/div>\n\t\t\t\t<\/div>\n\t\t<div class=\"elementor-element elementor-element-3459904 e-con-full e-flex e-con e-child\" data-id=\"3459904\" data-element_type=\"container\" data-e-type=\"container\">\n\t\t<div class=\"elementor-element elementor-element-919675b e-con-full e-flex e-con e-child\" data-id=\"919675b\" data-element_type=\"container\" data-e-type=\"container\" data-settings=\"{&quot;background_background&quot;:&quot;classic&quot;}\">\n\t\t\t\t<div class=\"elementor-element elementor-element-d4e763a elementor-widget elementor-widget-image\" data-id=\"d4e763a\" data-element_type=\"widget\" data-e-type=\"widget\" data-widget_type=\"image.default\">\n\t\t\t\t<div class=\"elementor-widget-container\">\n\t\t\t\t\t\t\t\t\t\t\t\t\t\t\t<img fetchpriority=\"high\" decoding=\"async\" width=\"237\" height=\"213\" src=\"https:\/\/institutchiaribcn.com\/wp-content\/uploads\/2025\/06\/logo-centrum-amg-finanse.jpg\" class=\"attachment-large size-large wp-image-2281\" alt=\"logo centrum amg finanse\" \/>\t\t\t\t\t\t\t\t\t\t\t\t\t\t\t<\/div>\n\t\t\t\t<\/div>\n\t\t\t\t<div class=\"elementor-element elementor-element-9365284 elementor-widget elementor-widget-heading\" data-id=\"9365284\" data-element_type=\"widget\" data-e-type=\"widget\" data-widget_type=\"heading.default\">\n\t\t\t\t<div class=\"elementor-widget-container\">\n\t\t\t\t\t<h3 class=\"elementor-heading-title elementor-size-default\">Centrum Medyczne AMG<\/h3>\t\t\t\t<\/div>\n\t\t\t\t<\/div>\n\t\t\t\t<div class=\"elementor-element elementor-element-1c6f6aa elementor-widget elementor-widget-text-editor\" data-id=\"1c6f6aa\" data-element_type=\"widget\" data-e-type=\"widget\" data-widget_type=\"text-editor.default\">\n\t\t\t\t<div class=\"elementor-widget-container\">\n\t\t\t\t\t\t\t\t\t<p>Cada centre acreditat compleix estrictes est\u00e0ndards cient\u00edfics i t\u00e8cnics, garantint un tractament segur i actualitzat sota el m\u00e8tode Filum System<sup>\u00ae<\/sup>.<\/p>\t\t\t\t\t\t\t\t<\/div>\n\t\t\t\t<\/div>\n\t\t\t\t<div class=\"elementor-element elementor-element-dcab314 elementor-widget elementor-widget-button\" data-id=\"dcab314\" data-element_type=\"widget\" data-e-type=\"widget\" data-widget_type=\"button.default\">\n\t\t\t\t<div class=\"elementor-widget-container\">\n\t\t\t\t\t\t\t\t\t<div class=\"elementor-button-wrapper\">\n\t\t\t\t\t<a class=\"elementor-button elementor-button-link elementor-size-sm\" href=\"#hospital\">\n\t\t\t\t\t\t<span class=\"elementor-button-content-wrapper\">\n\t\t\t\t\t\t\t\t\t<span class=\"elementor-button-text\">Veure m\u00e9s<\/span>\n\t\t\t\t\t<\/span>\n\t\t\t\t\t<\/a>\n\t\t\t\t<\/div>\n\t\t\t\t\t\t\t\t<\/div>\n\t\t\t\t<\/div>\n\t\t\t\t<\/div>\n\t\t\t\t<\/div>\n\t\t\t\t\t<\/div>\n\t\t\t\t<\/div>\n\t\t<div class=\"elementor-element elementor-element-a625abf e-flex e-con-boxed e-con e-parent\" data-id=\"a625abf\" data-element_type=\"container\" data-e-type=\"container\" id=\"hospital\" data-settings=\"{&quot;background_background&quot;:&quot;classic&quot;}\">\n\t\t\t\t\t<div class=\"e-con-inner\">\n\t\t<div class=\"elementor-element elementor-element-60c5662 e-con-full e-flex e-con e-child\" data-id=\"60c5662\" data-element_type=\"container\" data-e-type=\"container\">\n\t\t\t\t<div class=\"elementor-element elementor-element-5b7a131 elementor-widget elementor-widget-heading\" data-id=\"5b7a131\" data-element_type=\"widget\" data-e-type=\"widget\" data-widget_type=\"heading.default\">\n\t\t\t\t<div class=\"elementor-widget-container\">\n\t\t\t\t\t<h2 class=\"elementor-heading-title elementor-size-default\">Hospital regional AMG Centrum Medyczne, Ryki \u2013 Lublin-, Pol\u00f2nia\n<\/h2>\t\t\t\t<\/div>\n\t\t\t\t<\/div>\n\t\t\t\t<div class=\"elementor-element elementor-element-e335207 elementor-widget elementor-widget-text-editor\" data-id=\"e335207\" data-element_type=\"widget\" data-e-type=\"widget\" data-widget_type=\"text-editor.default\">\n\t\t\t\t<div class=\"elementor-widget-container\">\n\t\t\t\t\t\t\t\t\t<p><strong>Hist\u00f2ria de l\u2019AMG CENTRUM MEDYCZNE<\/strong><\/p><p>L&#8217;AMG Centrum Medyczne \u00e9s, des de l\u20191 de juny del 2013, l\u2019hospital general responsable de la ciutat de Ryki, situada a mig cam\u00ed entre la capital de Pol\u00f2nia, Vars\u00f2via (90km), i la capital de la prov\u00edncia de Lublin (60km). L\u2019AMG t\u00e9 una capacitat de 64 llits i continua la tradici\u00f3 i l\u2019activitat de l\u2019anterior hospital nacional (ZOZ Ryki) i l\u2019hospital auton\u00f2mic (SPZOZ Ryki), creat en aquest lloc el 1957.<\/p><p>A les quatre unitats (Medicina Interna, Ginecologia, Cirurgia General i Cirurgia per Laparosc\u00f2pia) es tracten una mitjana de 9.000 pacients l\u2019any i es realitzen una mitjana de 1.050 intervencions. Entre aquestes cirurgies, les de la columna per part del Prof. Krzysztof Turowski. El diagn\u00f2stic i tractament pre- i post- quir\u00fargic es porta a terme en consultes especialitzades i laboratoris de diagn\u00f2stic (endosc\u00f2pia, ultrasonografia, ecocardiografia, espirometria, RX, TC, etc) que formen l\u2019estructura integrada de l\u2019hospital amb 25.000 pacients atesos a l\u2019any.<\/p><p>L\u2019hospital, gr\u00e0cies a la col\u00b7laboraci\u00f3 constant amb especialistes de diverses especialitats de la medicina (Cardiologia, Neurocirurgia, Neurologia, Endocrinologia, Traumatologia, Ortop\u00e8dia, Urologia, Pneumologia, Cirurgia Oncol\u00f2gica, etc.) d\u00f3na serveis mes enll\u00e0 de les quatre especialitats b\u00e0siques mencionades en el primer apartat; satisfent les necessitats m\u00e8diques de la comunitat del comtat de Ryki, aix\u00ed com d\u2019altres regions i ciutats poloneses.<br \/>Els serveis es realitzen gr\u00e0cies al contracte amb la seguretat social (Narodowy Fundusz Zdrowia- NFZ), i en el cas que els serveis no estiguin inclosos en el contracte amb la NFZ, aquests es fan c\u00e0rrec del pacient.<\/p>\t\t\t\t\t\t\t\t<\/div>\n\t\t\t\t<\/div>\n\t\t\t\t<\/div>\n\t\t<div class=\"elementor-element elementor-element-152a7da e-con-full e-flex e-con e-child\" data-id=\"152a7da\" data-element_type=\"container\" data-e-type=\"container\">\n\t\t<div class=\"elementor-element elementor-element-c6307c9 e-con-full e-flex e-con e-child\" data-id=\"c6307c9\" data-element_type=\"container\" data-e-type=\"container\" data-settings=\"{&quot;sticky&quot;:&quot;top&quot;,&quot;sticky_on&quot;:[&quot;desktop&quot;,&quot;tablet&quot;],&quot;sticky_offset&quot;:140,&quot;sticky_parent&quot;:&quot;yes&quot;,&quot;sticky_effects_offset&quot;:0,&quot;sticky_anchor_link_offset&quot;:0}\">\n\t\t\t\t<div class=\"elementor-element elementor-element-50164a3 elementor-widget elementor-widget-image\" data-id=\"50164a3\" data-element_type=\"widget\" data-e-type=\"widget\" data-widget_type=\"image.default\">\n\t\t\t\t<div class=\"elementor-widget-container\">\n\t\t\t\t\t\t\t\t\t\t\t\t\t\t\t<img decoding=\"async\" width=\"200\" height=\"300\" src=\"https:\/\/institutchiaribcn.com\/wp-content\/uploads\/2025\/06\/Lek_med_Marek_Wojtowicz.png\" class=\"attachment-large size-large wp-image-2316\" alt=\"Lek med Marek Wojtowicz\" \/>\t\t\t\t\t\t\t\t\t\t\t\t\t\t\t<\/div>\n\t\t\t\t<\/div>\n\t\t\t\t<div class=\"elementor-element elementor-element-002c115 elementor-widget elementor-widget-heading\" data-id=\"002c115\" data-element_type=\"widget\" data-e-type=\"widget\" data-widget_type=\"heading.default\">\n\t\t\t\t<div class=\"elementor-widget-container\">\n\t\t\t\t\t<h3 class=\"elementor-heading-title elementor-size-default\">Dr. Marek W\u00f3jtowicz<\/h3>\t\t\t\t<\/div>\n\t\t\t\t<\/div>\n\t\t\t\t<div class=\"elementor-element elementor-element-89cde3b elementor-widget elementor-widget-text-editor\" data-id=\"89cde3b\" data-element_type=\"widget\" data-e-type=\"widget\" data-widget_type=\"text-editor.default\">\n\t\t\t\t<div class=\"elementor-widget-container\">\n\t\t\t\t\t\t\t\t\t<div class=\"col-sm-6 col-md-4\"><div class=\"thumbnail partnerBox\"><div class=\"caption\"><p>AMG CENTRUM MEDYCZNE<\/p><\/div><\/div><\/div>\t\t\t\t\t\t\t\t<\/div>\n\t\t\t\t<\/div>\n\t\t\t\t<div class=\"elementor-element elementor-element-0d3ec30 elementor-widget elementor-widget-button\" data-id=\"0d3ec30\" data-element_type=\"widget\" data-e-type=\"widget\" data-widget_type=\"button.default\">\n\t\t\t\t<div class=\"elementor-widget-container\">\n\t\t\t\t\t\t\t\t\t<div class=\"elementor-button-wrapper\">\n\t\t\t\t\t<a class=\"elementor-button elementor-button-link elementor-size-sm\" href=\"https:\/\/institutchiaribcn.com\/wp-content\/uploads\/2025\/06\/Marek_Wojtowicz_CV_en_Jan_2016.pdf\" target=\"_blank\">\n\t\t\t\t\t\t<span class=\"elementor-button-content-wrapper\">\n\t\t\t\t\t\t\t\t\t<span class=\"elementor-button-text\">Curr\u00edculum vitae<\/span>\n\t\t\t\t\t<\/span>\n\t\t\t\t\t<\/a>\n\t\t\t\t<\/div>\n\t\t\t\t\t\t\t\t<\/div>\n\t\t\t\t<\/div>\n\t\t\t\t<\/div>\n\t\t\t\t<\/div>\n\t\t\t\t\t<\/div>\n\t\t\t\t<\/div>\n\t\t<div class=\"elementor-element elementor-element-f02b35b e-con-full e-flex e-con e-parent\" data-id=\"f02b35b\" data-element_type=\"container\" data-e-type=\"container\">\n\t\t<div class=\"elementor-element elementor-element-35d9ce1 e-con-full e-flex e-con e-child\" data-id=\"35d9ce1\" data-element_type=\"container\" data-e-type=\"container\" data-settings=\"{&quot;background_background&quot;:&quot;classic&quot;}\">\n\t\t\t\t<div class=\"elementor-element elementor-element-c2c39de elementor-widget elementor-widget-heading\" data-id=\"c2c39de\" data-element_type=\"widget\" data-e-type=\"widget\" data-widget_type=\"heading.default\">\n\t\t\t\t<div class=\"elementor-widget-container\">\n\t\t\t\t\t<h2 class=\"elementor-heading-title elementor-size-default\"><span>Centre M\u00e8dic Acreditat<\/span> a Ryki<\/h2>\t\t\t\t<\/div>\n\t\t\t\t<\/div>\n\t\t\t\t<div class=\"elementor-element elementor-element-7e6b03a elementor-widget elementor-widget-text-editor\" data-id=\"7e6b03a\" data-element_type=\"widget\" data-e-type=\"widget\" data-widget_type=\"text-editor.default\">\n\t\t\t\t<div class=\"elementor-widget-container\">\n\t\t\t\t\t\t\t\t\t<p>Des del 2013, l\u2019AMG Centrum Medyczne gestiona l\u2019hospital de la ciutat, oferint atenci\u00f3 m\u00e8dica multidisciplin\u00e0ria amb tecnologia diagn\u00f2stica avan\u00e7ada.<\/p>\t\t\t\t\t\t\t\t<\/div>\n\t\t\t\t<\/div>\n\t\t\t\t<div class=\"elementor-element elementor-element-b7b36a1 elementor-icon-list--layout-traditional elementor-list-item-link-full_width elementor-widget elementor-widget-icon-list\" data-id=\"b7b36a1\" data-element_type=\"widget\" data-e-type=\"widget\" data-widget_type=\"icon-list.default\">\n\t\t\t\t<div class=\"elementor-widget-container\">\n\t\t\t\t\t\t\t<ul class=\"elementor-icon-list-items\">\n\t\t\t\t\t\t\t<li class=\"elementor-icon-list-item\">\n\t\t\t\t\t\t\t\t\t\t\t<span class=\"elementor-icon-list-icon\">\n\t\t\t\t\t\t\t<svg aria-hidden=\"true\" class=\"e-font-icon-svg e-far-hospital\" viewBox=\"0 0 448 512\" xmlns=\"http:\/\/www.w3.org\/2000\/svg\"><path d=\"M128 244v-40c0-6.627 5.373-12 12-12h40c6.627 0 12 5.373 12 12v40c0 6.627-5.373 12-12 12h-40c-6.627 0-12-5.373-12-12zm140 12h40c6.627 0 12-5.373 12-12v-40c0-6.627-5.373-12-12-12h-40c-6.627 0-12 5.373-12 12v40c0 6.627 5.373 12 12 12zm-76 84v-40c0-6.627-5.373-12-12-12h-40c-6.627 0-12 5.373-12 12v40c0 6.627 5.373 12 12 12h40c6.627 0 12-5.373 12-12zm76 12h40c6.627 0 12-5.373 12-12v-40c0-6.627-5.373-12-12-12h-40c-6.627 0-12 5.373-12 12v40c0 6.627 5.373 12 12 12zm180 124v36H0v-36c0-6.627 5.373-12 12-12h19.5V85.035C31.5 73.418 42.245 64 55.5 64H144V24c0-13.255 10.745-24 24-24h112c13.255 0 24 10.745 24 24v40h88.5c13.255 0 24 9.418 24 21.035V464H436c6.627 0 12 5.373 12 12zM79.5 463H192v-67c0-6.627 5.373-12 12-12h40c6.627 0 12 5.373 12 12v67h112.5V112H304v24c0 13.255-10.745 24-24 24H168c-13.255 0-24-10.745-24-24v-24H79.5v351zM266 64h-26V38a6 6 0 0 0-6-6h-20a6 6 0 0 0-6 6v26h-26a6 6 0 0 0-6 6v20a6 6 0 0 0 6 6h26v26a6 6 0 0 0 6 6h20a6 6 0 0 0 6-6V96h26a6 6 0 0 0 6-6V70a6 6 0 0 0-6-6z\"><\/path><\/svg>\t\t\t\t\t\t<\/span>\n\t\t\t\t\t\t\t\t\t\t<span class=\"elementor-icon-list-text\">Szpital Powiatowy AMG Centrum Medyczne<\/span>\n\t\t\t\t\t\t\t\t\t<\/li>\n\t\t\t\t\t\t\t\t<li class=\"elementor-icon-list-item\">\n\t\t\t\t\t\t\t\t\t\t\t<a href=\"https:\/\/www.google.com\/maps\/place\/Amg+Centrum+Medyczne+Sp.+Z+O.o.\/@51.766104,20.259456,1357m\/data=!3m1!1e3!4m6!3m5!1s0x47197051f9f1ecc1:0xfafe080455845174!8m2!3d51.7661035!4d20.2594557!16s%2Fg%2F11hzwbqfsb?hl=es&#038;entry=ttu&#038;g_ep=EgoyMDI1MDYxNi4wIKXMDSoASAFQAw%3D%3D\">\n\n\t\t\t\t\t\t\t\t\t\t\t\t<span class=\"elementor-icon-list-icon\">\n\t\t\t\t\t\t\t<svg aria-hidden=\"true\" class=\"e-font-icon-svg e-fas-map-marker-alt\" viewBox=\"0 0 384 512\" xmlns=\"http:\/\/www.w3.org\/2000\/svg\"><path d=\"M172.268 501.67C26.97 291.031 0 269.413 0 192 0 85.961 85.961 0 192 0s192 85.961 192 192c0 77.413-26.97 99.031-172.268 309.67-9.535 13.774-29.93 13.773-39.464 0zM192 272c44.183 0 80-35.817 80-80s-35.817-80-80-80-80 35.817-80 80 35.817 80 80 80z\"><\/path><\/svg>\t\t\t\t\t\t<\/span>\n\t\t\t\t\t\t\t\t\t\t<span class=\"elementor-icon-list-text\">Ryki 08-500 ul. \u017bytnia 23, Polska<\/span>\n\t\t\t\t\t\t\t\t\t\t\t<\/a>\n\t\t\t\t\t\t\t\t\t<\/li>\n\t\t\t\t\t\t<\/ul>\n\t\t\t\t\t\t<\/div>\n\t\t\t\t<\/div>\n\t\t\t\t<\/div>\n\t\t<div class=\"elementor-element elementor-element-17c367a e-con-full e-flex e-con e-child\" data-id=\"17c367a\" data-element_type=\"container\" data-e-type=\"container\">\n\t\t\t\t<div class=\"elementor-element elementor-element-9ad9239 elementor-widget elementor-widget-google_maps\" data-id=\"9ad9239\" data-element_type=\"widget\" data-e-type=\"widget\" data-widget_type=\"google_maps.default\">\n\t\t\t\t<div class=\"elementor-widget-container\">\n\t\t\t\t\t\t\t<div class=\"elementor-custom-embed\">\n\t\t\t<iframe loading=\"lazy\"\n\t\t\t\t\tsrc=\"https:\/\/maps.google.com\/maps?q=Ryki%2008-500%20ul.%20%C5%BBytnia%2023%2C%20Polska&#038;t=m&#038;z=15&#038;output=embed&#038;iwloc=near\"\n\t\t\t\t\ttitle=\"Ryki 08-500 ul. \u017bytnia 23, Polska\"\n\t\t\t\t\taria-label=\"Ryki 08-500 ul. \u017bytnia 23, Polska\"\n\t\t\t><\/iframe>\n\t\t<\/div>\n\t\t\t\t\t\t<\/div>\n\t\t\t\t<\/div>\n\t\t\t\t<\/div>\n\t\t\t\t<\/div>\n\t\t\t\t<\/div>\n\t\t","protected":false},"excerpt":{"rendered":"<p>Centres Acreditats Que significa ser un Centre Acreditat? L\u2019Acreditaci\u00f3 FS\u00ae \u00e9s un segell de qualitat que certifica que l\u2019organisme, centre o professional que opta a aquest reconeixement reuneix les condicions t\u00e8cniques, cient\u00edfiques i humanes que requereix el m\u00e8tode Filum System\u00ae. Aquest segell de garantia \u00e9s atorgat per la Filum Academy Barcelona\u00ae, un centre dependent de [&hellip;]<\/p>\n","protected":false},"author":1,"featured_media":0,"parent":0,"menu_order":24,"comment_status":"closed","ping_status":"closed","template":"","meta":{"footnotes":""},"class_list":["post-29178","page","type-page","status-publish","hentry"],"yoast_head":"<!-- This site is optimized with the Yoast SEO plugin v27.1.1 - https:\/\/yoast.com\/product\/yoast-seo-wordpress\/ -->\n<title>Centres acreditats a Barcelona | Institut Chiari Barcelona<\/title>\n<meta name=\"description\" content=\"Consulta els centres acreditats de l\u2019ICSEB especialitzats en diagn\u00f2stic i tractament de Chiari, Siringomielia, Filum i escoliosi.\" \/>\n<meta name=\"robots\" content=\"index, follow, max-snippet:-1, max-image-preview:large, max-video-preview:-1\" \/>\n<link rel=\"canonical\" href=\"https:\/\/institutchiaribcn.com\/ca\/centres-acreditats\/\" \/>\n<meta property=\"og:locale\" content=\"ca_ES\" \/>\n<meta property=\"og:type\" content=\"article\" \/>\n<meta property=\"og:title\" content=\"Centres acreditats a Barcelona | Institut Chiari Barcelona\" \/>\n<meta property=\"og:description\" content=\"Consulta els centres acreditats de l\u2019ICSEB especialitzats en diagn\u00f2stic i tractament de Chiari, Siringomielia, Filum i escoliosi.\" \/>\n<meta property=\"og:url\" content=\"https:\/\/institutchiaribcn.com\/ca\/centres-acreditats\/\" \/>\n<meta property=\"og:site_name\" content=\"Institut Chiari\" \/>\n<meta property=\"article:modified_time\" content=\"2026-04-02T08:10:31+00:00\" \/>\n<meta property=\"og:image\" content=\"https:\/\/institutchiaribcn.com\/wp-content\/uploads\/2025\/06\/logo-centrum-amg-finanse.jpg\" \/>\n<meta name=\"twitter:card\" content=\"summary_large_image\" \/>\n<meta name=\"twitter:label1\" content=\"Temps estimat de lectura\" \/>\n\t<meta name=\"twitter:data1\" content=\"3 minuts\" \/>\n<script type=\"application\/ld+json\" class=\"yoast-schema-graph\">{\"@context\":\"https:\/\/schema.org\",\"@graph\":[{\"@type\":\"WebPage\",\"@id\":\"https:\/\/institutchiaribcn.com\/ca\/centres-acreditats\/\",\"url\":\"https:\/\/institutchiaribcn.com\/ca\/centres-acreditats\/\",\"name\":\"Centres acreditats a Barcelona | Institut Chiari Barcelona\",\"isPartOf\":{\"@id\":\"https:\/\/institutchiaribcn.com\/ca\/#website\"},\"primaryImageOfPage\":{\"@id\":\"https:\/\/institutchiaribcn.com\/ca\/centres-acreditats\/#primaryimage\"},\"image\":{\"@id\":\"https:\/\/institutchiaribcn.com\/ca\/centres-acreditats\/#primaryimage\"},\"thumbnailUrl\":\"https:\/\/institutchiaribcn.com\/wp-content\/uploads\/2025\/06\/logo-centrum-amg-finanse.jpg\",\"datePublished\":\"2025-06-18T06:54:45+00:00\",\"dateModified\":\"2026-04-02T08:10:31+00:00\",\"description\":\"Consulta els centres acreditats de l\u2019ICSEB especialitzats en diagn\u00f2stic i tractament de Chiari, Siringomielia, Filum i escoliosi.\",\"breadcrumb\":{\"@id\":\"https:\/\/institutchiaribcn.com\/ca\/centres-acreditats\/#breadcrumb\"},\"inLanguage\":\"ca\",\"potentialAction\":[{\"@type\":\"ReadAction\",\"target\":[\"https:\/\/institutchiaribcn.com\/ca\/centres-acreditats\/\"]}]},{\"@type\":\"ImageObject\",\"inLanguage\":\"ca\",\"@id\":\"https:\/\/institutchiaribcn.com\/ca\/centres-acreditats\/#primaryimage\",\"url\":\"https:\/\/institutchiaribcn.com\/wp-content\/uploads\/2025\/06\/logo-centrum-amg-finanse.jpg\",\"contentUrl\":\"https:\/\/institutchiaribcn.com\/wp-content\/uploads\/2025\/06\/logo-centrum-amg-finanse.jpg\"},{\"@type\":\"BreadcrumbList\",\"@id\":\"https:\/\/institutchiaribcn.com\/ca\/centres-acreditats\/#breadcrumb\",\"itemListElement\":[{\"@type\":\"ListItem\",\"position\":1,\"name\":\"Portada\",\"item\":\"https:\/\/institutchiaribcn.com\/ca\/\"},{\"@type\":\"ListItem\",\"position\":2,\"name\":\"Centres acreditats\"}]},{\"@type\":\"WebSite\",\"@id\":\"https:\/\/institutchiaribcn.com\/ca\/#website\",\"url\":\"https:\/\/institutchiaribcn.com\/ca\/\",\"name\":\"Institut Chiari de Barcelona\",\"description\":\"\",\"publisher\":{\"@id\":\"https:\/\/institutchiaribcn.com\/ca\/#organization\"},\"potentialAction\":[{\"@type\":\"SearchAction\",\"target\":{\"@type\":\"EntryPoint\",\"urlTemplate\":\"https:\/\/institutchiaribcn.com\/ca\/?s={search_term_string}\"},\"query-input\":{\"@type\":\"PropertyValueSpecification\",\"valueRequired\":true,\"valueName\":\"search_term_string\"}}],\"inLanguage\":\"ca\"},{\"@type\":\"Organization\",\"@id\":\"https:\/\/institutchiaribcn.com\/ca\/#organization\",\"name\":\"Institut Chiari de Barcelona\",\"url\":\"https:\/\/institutchiaribcn.com\/ca\/\",\"logo\":{\"@type\":\"ImageObject\",\"inLanguage\":\"ca\",\"@id\":\"https:\/\/institutchiaribcn.com\/ca\/#\/schema\/logo\/image\/\",\"url\":\"https:\/\/institutchiaribcn.com\/wp-content\/uploads\/2025\/10\/cropped-cropped-icsebNavLogo-1.png\",\"contentUrl\":\"https:\/\/institutchiaribcn.com\/wp-content\/uploads\/2025\/10\/cropped-cropped-icsebNavLogo-1.png\",\"width\":245,\"height\":99,\"caption\":\"Institut Chiari de Barcelona\"},\"image\":{\"@id\":\"https:\/\/institutchiaribcn.com\/ca\/#\/schema\/logo\/image\/\"}}]}<\/script>\n<!-- \/ Yoast SEO plugin. -->","yoast_head_json":{"title":"Centres acreditats a Barcelona | Institut Chiari Barcelona","description":"Consulta els centres acreditats de l\u2019ICSEB especialitzats en diagn\u00f2stic i tractament de Chiari, Siringomielia, Filum i escoliosi.","robots":{"index":"index","follow":"follow","max-snippet":"max-snippet:-1","max-image-preview":"max-image-preview:large","max-video-preview":"max-video-preview:-1"},"canonical":"https:\/\/institutchiaribcn.com\/ca\/centres-acreditats\/","og_locale":"ca_ES","og_type":"article","og_title":"Centres acreditats a Barcelona | Institut Chiari Barcelona","og_description":"Consulta els centres acreditats de l\u2019ICSEB especialitzats en diagn\u00f2stic i tractament de Chiari, Siringomielia, Filum i escoliosi.","og_url":"https:\/\/institutchiaribcn.com\/ca\/centres-acreditats\/","og_site_name":"Institut Chiari","article_modified_time":"2026-04-02T08:10:31+00:00","og_image":[{"url":"https:\/\/institutchiaribcn.com\/wp-content\/uploads\/2025\/06\/logo-centrum-amg-finanse.jpg","type":"","width":"","height":""}],"twitter_card":"summary_large_image","twitter_misc":{"Temps estimat de lectura":"3 minuts"},"schema":{"@context":"https:\/\/schema.org","@graph":[{"@type":"WebPage","@id":"https:\/\/institutchiaribcn.com\/ca\/centres-acreditats\/","url":"https:\/\/institutchiaribcn.com\/ca\/centres-acreditats\/","name":"Centres acreditats a Barcelona | Institut Chiari Barcelona","isPartOf":{"@id":"https:\/\/institutchiaribcn.com\/ca\/#website"},"primaryImageOfPage":{"@id":"https:\/\/institutchiaribcn.com\/ca\/centres-acreditats\/#primaryimage"},"image":{"@id":"https:\/\/institutchiaribcn.com\/ca\/centres-acreditats\/#primaryimage"},"thumbnailUrl":"https:\/\/institutchiaribcn.com\/wp-content\/uploads\/2025\/06\/logo-centrum-amg-finanse.jpg","datePublished":"2025-06-18T06:54:45+00:00","dateModified":"2026-04-02T08:10:31+00:00","description":"Consulta els centres acreditats de l\u2019ICSEB especialitzats en diagn\u00f2stic i tractament de Chiari, Siringomielia, Filum i escoliosi.","breadcrumb":{"@id":"https:\/\/institutchiaribcn.com\/ca\/centres-acreditats\/#breadcrumb"},"inLanguage":"ca","potentialAction":[{"@type":"ReadAction","target":["https:\/\/institutchiaribcn.com\/ca\/centres-acreditats\/"]}]},{"@type":"ImageObject","inLanguage":"ca","@id":"https:\/\/institutchiaribcn.com\/ca\/centres-acreditats\/#primaryimage","url":"https:\/\/institutchiaribcn.com\/wp-content\/uploads\/2025\/06\/logo-centrum-amg-finanse.jpg","contentUrl":"https:\/\/institutchiaribcn.com\/wp-content\/uploads\/2025\/06\/logo-centrum-amg-finanse.jpg"},{"@type":"BreadcrumbList","@id":"https:\/\/institutchiaribcn.com\/ca\/centres-acreditats\/#breadcrumb","itemListElement":[{"@type":"ListItem","position":1,"name":"Portada","item":"https:\/\/institutchiaribcn.com\/ca\/"},{"@type":"ListItem","position":2,"name":"Centres acreditats"}]},{"@type":"WebSite","@id":"https:\/\/institutchiaribcn.com\/ca\/#website","url":"https:\/\/institutchiaribcn.com\/ca\/","name":"Institut Chiari de Barcelona","description":"","publisher":{"@id":"https:\/\/institutchiaribcn.com\/ca\/#organization"},"potentialAction":[{"@type":"SearchAction","target":{"@type":"EntryPoint","urlTemplate":"https:\/\/institutchiaribcn.com\/ca\/?s={search_term_string}"},"query-input":{"@type":"PropertyValueSpecification","valueRequired":true,"valueName":"search_term_string"}}],"inLanguage":"ca"},{"@type":"Organization","@id":"https:\/\/institutchiaribcn.com\/ca\/#organization","name":"Institut Chiari de Barcelona","url":"https:\/\/institutchiaribcn.com\/ca\/","logo":{"@type":"ImageObject","inLanguage":"ca","@id":"https:\/\/institutchiaribcn.com\/ca\/#\/schema\/logo\/image\/","url":"https:\/\/institutchiaribcn.com\/wp-content\/uploads\/2025\/10\/cropped-cropped-icsebNavLogo-1.png","contentUrl":"https:\/\/institutchiaribcn.com\/wp-content\/uploads\/2025\/10\/cropped-cropped-icsebNavLogo-1.png","width":245,"height":99,"caption":"Institut Chiari de Barcelona"},"image":{"@id":"https:\/\/institutchiaribcn.com\/ca\/#\/schema\/logo\/image\/"}}]}},"_links":{"self":[{"href":"https:\/\/institutchiaribcn.com\/ca\/wp-json\/wp\/v2\/pages\/29178","targetHints":{"allow":["GET"]}}],"collection":[{"href":"https:\/\/institutchiaribcn.com\/ca\/wp-json\/wp\/v2\/pages"}],"about":[{"href":"https:\/\/institutchiaribcn.com\/ca\/wp-json\/wp\/v2\/types\/page"}],"author":[{"embeddable":true,"href":"https:\/\/institutchiaribcn.com\/ca\/wp-json\/wp\/v2\/users\/1"}],"replies":[{"embeddable":true,"href":"https:\/\/institutchiaribcn.com\/ca\/wp-json\/wp\/v2\/comments?post=29178"}],"version-history":[{"count":1,"href":"https:\/\/institutchiaribcn.com\/ca\/wp-json\/wp\/v2\/pages\/29178\/revisions"}],"predecessor-version":[{"id":145809,"href":"https:\/\/institutchiaribcn.com\/ca\/wp-json\/wp\/v2\/pages\/29178\/revisions\/145809"}],"wp:attachment":[{"href":"https:\/\/institutchiaribcn.com\/ca\/wp-json\/wp\/v2\/media?parent=29178"}],"curies":[{"name":"wp","href":"https:\/\/api.w.org\/{rel}","templated":true}]}}