{"id":144528,"date":"2026-02-03T15:35:25","date_gmt":"2026-02-03T14:35:25","guid":{"rendered":"https:\/\/institutchiaribcn.com\/convenis-i-avantatges\/convenio-de-cooperacion-educativa-practicas-academicas-ub-icseb\/"},"modified":"2026-03-10T09:48:29","modified_gmt":"2026-03-10T08:48:29","slug":"conveni-de-cooperacio-educativa-practiques-ub-i-icseb","status":"publish","type":"page","link":"https:\/\/institutchiaribcn.com\/ca\/convenis-i-avantatges\/conveni-de-cooperacio-educativa-practiques-ub-i-icseb\/","title":{"rendered":"Conveni de cooperaci\u00f3 educativa de pr\u00e0ctiques acad\u00e8miques externes entre la Universitat de Barcelona (UB) i Institut Chiari &#038; Siringomielia &#038; Escoliosis de Barcelona (ICSEB)"},"content":{"rendered":"\t\t<div data-elementor-type=\"wp-page\" data-elementor-id=\"144528\" class=\"elementor elementor-144528 elementor-144408\" data-elementor-post-type=\"page\">\n\t\t\t\t<div class=\"elementor-element elementor-element-a790450 e-flex e-con-boxed e-con e-parent\" data-id=\"a790450\" data-element_type=\"container\" data-e-type=\"container\" data-settings=\"{&quot;background_background&quot;:&quot;classic&quot;}\">\n\t\t\t\t\t<div class=\"e-con-inner\">\n\t\t<div class=\"elementor-element elementor-element-d124f4e e-con-full e-flex e-con e-child\" data-id=\"d124f4e\" data-element_type=\"container\" data-e-type=\"container\">\n\t\t\t\t<\/div>\n\t\t<div class=\"elementor-element elementor-element-4df7838 e-con-full e-flex e-con e-child\" data-id=\"4df7838\" data-element_type=\"container\" data-e-type=\"container\">\n\t\t\t\t<div class=\"elementor-element elementor-element-27d48d9 elementor-widget elementor-widget-heading\" data-id=\"27d48d9\" data-element_type=\"widget\" data-e-type=\"widget\" data-widget_type=\"heading.default\">\n\t\t\t\t<div class=\"elementor-widget-container\">\n\t\t\t\t\t<h1 class=\"elementor-heading-title elementor-size-default\">Conveni de cooperaci\u00f3 educativa de pr\u00e0ctiques acad\u00e8miques externes entre la Universitat de Barcelona (UB) i Institut Chiari &amp; Siringomielia &amp; Escoliosis de Barcelona (ICSEB)<\/h1>\t\t\t\t<\/div>\n\t\t\t\t<\/div>\n\t\t\t\t<div class=\"elementor-element elementor-element-d72c0a0 elementor-widget elementor-widget-text-editor\" data-id=\"d72c0a0\" data-element_type=\"widget\" data-e-type=\"widget\" data-widget_type=\"text-editor.default\">\n\t\t\t\t<div class=\"elementor-widget-container\">\n\t\t\t\t\t\t\t\t\t<p>El nostre centre sanitari (ICSEB) \u00e9s una entitat col\u00b7laboradora externa de la Facultat de Biologia de la UB, des de l\u2019any 2018, mitjan\u00e7ant un conveni que t\u00e9 per objecte oferir pr\u00e0ctiques acad\u00e8miques externes als estudiants.<\/p><p>En aquest marc, el Departament d\u2019R+D+i de l\u2019ICSEB acull cada any acad\u00e8mic estudiants o graduats de les facultats de Biologia, Biomedicina i Biotecnologia, i els ofereix l\u2019oportunitat d\u2019integrar-se a l\u2019equip investigador del Dr. M. B. Royo Salvador, per formar-los en la millora de les seves capacitats cient\u00edfiques i de recerca, juntament amb els professionals de l\u2019Institut.<\/p><p>El projecte com\u00fa comporta diverses finalitats: formatives, dotant-los de coneixements b\u00e0sics i especialitzats; preparat\u00f2ries, accedint a les nostres l\u00ednies de recerca; executives, en l\u2019elaboraci\u00f3 dels treballs assignats, i divulgatives, participant en la difusi\u00f3 dels resultats en forma de publicacions, confer\u00e8ncies i\/o simposis.<\/p><p>D\u2019una banda, aquesta experi\u00e8ncia d\u2019estreta col\u00b7laboraci\u00f3 ens aporta la creativitat, la compet\u00e8ncia i els coneixements de joves ments brillants, que continuen contribuint amb noves idees i eines als nostres estudis d\u2019R+D+i.<\/p><p>D\u2019altra banda, l\u2019ICSEB ofereix avantatges i condicions que poden ser d\u2019inter\u00e8s per als universitaris que vulguin realitzar les seves primeres pr\u00e0ctiques en un centre m\u00e8dic d\u2019excel\u00b7l\u00e8ncia, iniciant la seva carrera professional amb un equip investigador altament especialitzat.<\/p><p>Si hi estan interessats, poden trobar les nostres ofertes a la <a href=\"https:\/\/www.ub.edu\/practicumbiologia\/content\/acc%C3%A9s-gipe\">plataforma GIPE de la Facultat de Biologia de la UB<\/a> i tamb\u00e9 adre\u00e7ar-se a Convenis i PF per consultar qualsevol dubte.<\/p>\t\t\t\t\t\t\t\t<\/div>\n\t\t\t\t<\/div>\n\t\t\t\t<\/div>\n\t\t\t\t\t<\/div>\n\t\t\t\t<\/div>\n\t\t\t\t<\/div>\n\t\t","protected":false},"excerpt":{"rendered":"<p>Conveni de cooperaci\u00f3 educativa de pr\u00e0ctiques acad\u00e8miques externes entre la Universitat de Barcelona (UB) i Institut Chiari &amp; Siringomielia &amp; Escoliosis de Barcelona (ICSEB) El nostre centre sanitari (ICSEB) \u00e9s una entitat col\u00b7laboradora externa de la Facultat de Biologia de la UB, des de l\u2019any 2018, mitjan\u00e7ant un conveni que t\u00e9 per objecte oferir pr\u00e0ctiques [&hellip;]<\/p>\n","protected":false},"author":1,"featured_media":0,"parent":74530,"menu_order":14,"comment_status":"closed","ping_status":"closed","template":"","meta":{"footnotes":""},"class_list":["post-144528","page","type-page","status-publish","hentry"],"yoast_head":"<!-- This site is optimized with the Yoast SEO plugin v27.4 - https:\/\/yoast.com\/product\/yoast-seo-wordpress\/ -->\n<title>Conveni UB-ICSEB de pr\u00e0ctiques acad\u00e8miques | ICSEB<\/title>\n<meta name=\"description\" content=\"Conveni entre la UB i l\u2019ICSEB per a pr\u00e0ctiques externes en recerca en biologia, biomedicina i biotecnologia.\" \/>\n<meta name=\"robots\" content=\"index, follow, max-snippet:-1, max-image-preview:large, max-video-preview:-1\" \/>\n<link rel=\"canonical\" href=\"https:\/\/institutchiaribcn.com\/ca\/convenis-i-avantatges\/conveni-de-cooperacio-educativa-practiques-ub-i-icseb\/\" \/>\n<meta property=\"og:locale\" content=\"ca_ES\" \/>\n<meta property=\"og:type\" content=\"article\" \/>\n<meta property=\"og:title\" content=\"Conveni UB-ICSEB de pr\u00e0ctiques acad\u00e8miques | ICSEB\" \/>\n<meta property=\"og:description\" content=\"Conveni entre la UB i l\u2019ICSEB per a pr\u00e0ctiques externes en recerca en biologia, biomedicina i biotecnologia.\" \/>\n<meta property=\"og:url\" content=\"https:\/\/institutchiaribcn.com\/ca\/convenis-i-avantatges\/conveni-de-cooperacio-educativa-practiques-ub-i-icseb\/\" \/>\n<meta property=\"og:site_name\" content=\"Institut Chiari Barcelona\" \/>\n<meta property=\"article:modified_time\" content=\"2026-03-10T08:48:29+00:00\" \/>\n<meta name=\"twitter:card\" content=\"summary_large_image\" \/>\n<meta name=\"twitter:label1\" content=\"Temps estimat de lectura\" \/>\n\t<meta name=\"twitter:data1\" content=\"2 minuts\" \/>\n<script type=\"application\/ld+json\" class=\"yoast-schema-graph\">{\"@context\":\"https:\\\/\\\/schema.org\",\"@graph\":[{\"@type\":\"WebPage\",\"@id\":\"https:\\\/\\\/institutchiaribcn.com\\\/ca\\\/convenis-i-avantatges\\\/conveni-de-cooperacio-educativa-practiques-ub-i-icseb\\\/\",\"url\":\"https:\\\/\\\/institutchiaribcn.com\\\/ca\\\/convenis-i-avantatges\\\/conveni-de-cooperacio-educativa-practiques-ub-i-icseb\\\/\",\"name\":\"Conveni UB-ICSEB de pr\u00e0ctiques acad\u00e8miques | ICSEB\",\"isPartOf\":{\"@id\":\"https:\\\/\\\/institutchiaribcn.com\\\/ca\\\/#website\"},\"datePublished\":\"2026-02-03T14:35:25+00:00\",\"dateModified\":\"2026-03-10T08:48:29+00:00\",\"description\":\"Conveni entre la UB i l\u2019ICSEB per a pr\u00e0ctiques externes en recerca en biologia, biomedicina i biotecnologia.\",\"breadcrumb\":{\"@id\":\"https:\\\/\\\/institutchiaribcn.com\\\/ca\\\/convenis-i-avantatges\\\/conveni-de-cooperacio-educativa-practiques-ub-i-icseb\\\/#breadcrumb\"},\"inLanguage\":\"ca\",\"potentialAction\":[{\"@type\":\"ReadAction\",\"target\":[\"https:\\\/\\\/institutchiaribcn.com\\\/ca\\\/convenis-i-avantatges\\\/conveni-de-cooperacio-educativa-practiques-ub-i-icseb\\\/\"]}]},{\"@type\":\"BreadcrumbList\",\"@id\":\"https:\\\/\\\/institutchiaribcn.com\\\/ca\\\/convenis-i-avantatges\\\/conveni-de-cooperacio-educativa-practiques-ub-i-icseb\\\/#breadcrumb\",\"itemListElement\":[{\"@type\":\"ListItem\",\"position\":1,\"name\":\"Portada\",\"item\":\"https:\\\/\\\/institutchiaribcn.com\\\/ca\\\/\"},{\"@type\":\"ListItem\",\"position\":2,\"name\":\"Convenis i Avantatges\",\"item\":\"https:\\\/\\\/institutchiaribcn.com\\\/ca\\\/convenis-i-avantatges\\\/\"},{\"@type\":\"ListItem\",\"position\":3,\"name\":\"Conveni de cooperaci\u00f3 educativa de pr\u00e0ctiques acad\u00e8miques externes entre la Universitat de Barcelona (UB) i Institut Chiari &#038; Siringomielia &#038; Escoliosis de Barcelona (ICSEB)\"}]},{\"@type\":\"WebSite\",\"@id\":\"https:\\\/\\\/institutchiaribcn.com\\\/ca\\\/#website\",\"url\":\"https:\\\/\\\/institutchiaribcn.com\\\/ca\\\/\",\"name\":\"Institut Chiari de Barcelona\",\"description\":\"\",\"publisher\":{\"@id\":\"https:\\\/\\\/institutchiaribcn.com\\\/ca\\\/#organization\"},\"potentialAction\":[{\"@type\":\"SearchAction\",\"target\":{\"@type\":\"EntryPoint\",\"urlTemplate\":\"https:\\\/\\\/institutchiaribcn.com\\\/ca\\\/?s={search_term_string}\"},\"query-input\":{\"@type\":\"PropertyValueSpecification\",\"valueRequired\":true,\"valueName\":\"search_term_string\"}}],\"inLanguage\":\"ca\"},{\"@type\":\"Organization\",\"@id\":\"https:\\\/\\\/institutchiaribcn.com\\\/ca\\\/#organization\",\"name\":\"Institut Chiari de Barcelona\",\"url\":\"https:\\\/\\\/institutchiaribcn.com\\\/ca\\\/\",\"logo\":{\"@type\":\"ImageObject\",\"inLanguage\":\"ca\",\"@id\":\"https:\\\/\\\/institutchiaribcn.com\\\/ca\\\/#\\\/schema\\\/logo\\\/image\\\/\",\"url\":\"https:\\\/\\\/institutchiaribcn.com\\\/wp-content\\\/uploads\\\/2025\\\/10\\\/cropped-cropped-icsebNavLogo-1.png\",\"contentUrl\":\"https:\\\/\\\/institutchiaribcn.com\\\/wp-content\\\/uploads\\\/2025\\\/10\\\/cropped-cropped-icsebNavLogo-1.png\",\"width\":245,\"height\":99,\"caption\":\"Institut Chiari de Barcelona\"},\"image\":{\"@id\":\"https:\\\/\\\/institutchiaribcn.com\\\/ca\\\/#\\\/schema\\\/logo\\\/image\\\/\"}}]}<\/script>\n<!-- \/ Yoast SEO plugin. -->","yoast_head_json":{"title":"Conveni UB-ICSEB de pr\u00e0ctiques acad\u00e8miques | ICSEB","description":"Conveni entre la UB i l\u2019ICSEB per a pr\u00e0ctiques externes en recerca en biologia, biomedicina i biotecnologia.","robots":{"index":"index","follow":"follow","max-snippet":"max-snippet:-1","max-image-preview":"max-image-preview:large","max-video-preview":"max-video-preview:-1"},"canonical":"https:\/\/institutchiaribcn.com\/ca\/convenis-i-avantatges\/conveni-de-cooperacio-educativa-practiques-ub-i-icseb\/","og_locale":"ca_ES","og_type":"article","og_title":"Conveni UB-ICSEB de pr\u00e0ctiques acad\u00e8miques | ICSEB","og_description":"Conveni entre la UB i l\u2019ICSEB per a pr\u00e0ctiques externes en recerca en biologia, biomedicina i biotecnologia.","og_url":"https:\/\/institutchiaribcn.com\/ca\/convenis-i-avantatges\/conveni-de-cooperacio-educativa-practiques-ub-i-icseb\/","og_site_name":"Institut Chiari Barcelona","article_modified_time":"2026-03-10T08:48:29+00:00","twitter_card":"summary_large_image","twitter_misc":{"Temps estimat de lectura":"2 minuts"},"schema":{"@context":"https:\/\/schema.org","@graph":[{"@type":"WebPage","@id":"https:\/\/institutchiaribcn.com\/ca\/convenis-i-avantatges\/conveni-de-cooperacio-educativa-practiques-ub-i-icseb\/","url":"https:\/\/institutchiaribcn.com\/ca\/convenis-i-avantatges\/conveni-de-cooperacio-educativa-practiques-ub-i-icseb\/","name":"Conveni UB-ICSEB de pr\u00e0ctiques acad\u00e8miques | ICSEB","isPartOf":{"@id":"https:\/\/institutchiaribcn.com\/ca\/#website"},"datePublished":"2026-02-03T14:35:25+00:00","dateModified":"2026-03-10T08:48:29+00:00","description":"Conveni entre la UB i l\u2019ICSEB per a pr\u00e0ctiques externes en recerca en biologia, biomedicina i biotecnologia.","breadcrumb":{"@id":"https:\/\/institutchiaribcn.com\/ca\/convenis-i-avantatges\/conveni-de-cooperacio-educativa-practiques-ub-i-icseb\/#breadcrumb"},"inLanguage":"ca","potentialAction":[{"@type":"ReadAction","target":["https:\/\/institutchiaribcn.com\/ca\/convenis-i-avantatges\/conveni-de-cooperacio-educativa-practiques-ub-i-icseb\/"]}]},{"@type":"BreadcrumbList","@id":"https:\/\/institutchiaribcn.com\/ca\/convenis-i-avantatges\/conveni-de-cooperacio-educativa-practiques-ub-i-icseb\/#breadcrumb","itemListElement":[{"@type":"ListItem","position":1,"name":"Portada","item":"https:\/\/institutchiaribcn.com\/ca\/"},{"@type":"ListItem","position":2,"name":"Convenis i Avantatges","item":"https:\/\/institutchiaribcn.com\/ca\/convenis-i-avantatges\/"},{"@type":"ListItem","position":3,"name":"Conveni de cooperaci\u00f3 educativa de pr\u00e0ctiques acad\u00e8miques externes entre la Universitat de Barcelona (UB) i Institut Chiari &#038; Siringomielia &#038; Escoliosis de Barcelona (ICSEB)"}]},{"@type":"WebSite","@id":"https:\/\/institutchiaribcn.com\/ca\/#website","url":"https:\/\/institutchiaribcn.com\/ca\/","name":"Institut Chiari de Barcelona","description":"","publisher":{"@id":"https:\/\/institutchiaribcn.com\/ca\/#organization"},"potentialAction":[{"@type":"SearchAction","target":{"@type":"EntryPoint","urlTemplate":"https:\/\/institutchiaribcn.com\/ca\/?s={search_term_string}"},"query-input":{"@type":"PropertyValueSpecification","valueRequired":true,"valueName":"search_term_string"}}],"inLanguage":"ca"},{"@type":"Organization","@id":"https:\/\/institutchiaribcn.com\/ca\/#organization","name":"Institut Chiari de Barcelona","url":"https:\/\/institutchiaribcn.com\/ca\/","logo":{"@type":"ImageObject","inLanguage":"ca","@id":"https:\/\/institutchiaribcn.com\/ca\/#\/schema\/logo\/image\/","url":"https:\/\/institutchiaribcn.com\/wp-content\/uploads\/2025\/10\/cropped-cropped-icsebNavLogo-1.png","contentUrl":"https:\/\/institutchiaribcn.com\/wp-content\/uploads\/2025\/10\/cropped-cropped-icsebNavLogo-1.png","width":245,"height":99,"caption":"Institut Chiari de Barcelona"},"image":{"@id":"https:\/\/institutchiaribcn.com\/ca\/#\/schema\/logo\/image\/"}}]}},"_links":{"self":[{"href":"https:\/\/institutchiaribcn.com\/ca\/wp-json\/wp\/v2\/pages\/144528","targetHints":{"allow":["GET"]}}],"collection":[{"href":"https:\/\/institutchiaribcn.com\/ca\/wp-json\/wp\/v2\/pages"}],"about":[{"href":"https:\/\/institutchiaribcn.com\/ca\/wp-json\/wp\/v2\/types\/page"}],"author":[{"embeddable":true,"href":"https:\/\/institutchiaribcn.com\/ca\/wp-json\/wp\/v2\/users\/1"}],"replies":[{"embeddable":true,"href":"https:\/\/institutchiaribcn.com\/ca\/wp-json\/wp\/v2\/comments?post=144528"}],"version-history":[{"count":5,"href":"https:\/\/institutchiaribcn.com\/ca\/wp-json\/wp\/v2\/pages\/144528\/revisions"}],"predecessor-version":[{"id":147107,"href":"https:\/\/institutchiaribcn.com\/ca\/wp-json\/wp\/v2\/pages\/144528\/revisions\/147107"}],"up":[{"embeddable":true,"href":"https:\/\/institutchiaribcn.com\/ca\/wp-json\/wp\/v2\/pages\/74530"}],"wp:attachment":[{"href":"https:\/\/institutchiaribcn.com\/ca\/wp-json\/wp\/v2\/media?parent=144528"}],"curies":[{"name":"wp","href":"https:\/\/api.w.org\/{rel}","templated":true}]}}