{"id":144439,"date":"2019-02-11T00:00:29","date_gmt":"2019-02-10T23:00:29","guid":{"rendered":"https:\/\/institutchiaribcn.com\/convenio-institut-chiari-barcelona-asociacion-internacional-ai-sac-sco-onlus\/"},"modified":"2026-04-02T10:15:58","modified_gmt":"2026-04-02T08:15:58","slug":"conveni-institut-chiari-barcelona-associacio-internacional-ai-sac-sco-onlus","status":"publish","type":"page","link":"https:\/\/institutchiaribcn.com\/ca\/conveni-institut-chiari-barcelona-associacio-internacional-ai-sac-sco-onlus\/","title":{"rendered":"Conveni de l\u2019Institut Chiari de Barcelona \u2013 Associaci\u00f3 Internacional AI.SAC.SI.SCO ODV"},"content":{"rendered":"\t\t<div data-elementor-type=\"wp-page\" data-elementor-id=\"144439\" class=\"elementor elementor-144439\" data-elementor-post-type=\"page\">\n\t\t\t\t<div class=\"elementor-element elementor-element-a790450 e-flex e-con-boxed e-con e-parent\" data-id=\"a790450\" data-element_type=\"container\" data-e-type=\"container\" data-settings=\"{&quot;background_background&quot;:&quot;classic&quot;}\">\n\t\t\t\t\t<div class=\"e-con-inner\">\n\t\t<div class=\"elementor-element elementor-element-d124f4e e-con-full e-flex e-con e-child\" data-id=\"d124f4e\" data-element_type=\"container\" data-e-type=\"container\">\n\t\t<div class=\"elementor-element elementor-element-40ee222 e-con-full e-flex e-con e-child\" data-id=\"40ee222\" data-element_type=\"container\" data-e-type=\"container\" data-settings=\"{&quot;sticky&quot;:&quot;top&quot;,&quot;sticky_on&quot;:[&quot;desktop&quot;,&quot;tablet&quot;],&quot;sticky_offset&quot;:140,&quot;sticky_parent&quot;:&quot;yes&quot;,&quot;sticky_effects_offset&quot;:0,&quot;sticky_anchor_link_offset&quot;:0}\">\n\t\t\t\t<div class=\"elementor-element elementor-element-a5d2806 elementor-widget elementor-widget-image\" data-id=\"a5d2806\" data-element_type=\"widget\" data-e-type=\"widget\" data-widget_type=\"image.default\">\n\t\t\t\t<div class=\"elementor-widget-container\">\n\t\t\t\t\t\t\t\t\t\t\t\t\t\t\t<img fetchpriority=\"high\" decoding=\"async\" width=\"500\" height=\"144\" src=\"https:\/\/institutchiaribcn.com\/wp-content\/uploads\/2025\/07\/ai-sac-si-sco.jpg\" class=\"attachment-large size-large wp-image-46741\" alt=\"ai-sac-si-sco\" srcset=\"https:\/\/institutchiaribcn.com\/wp-content\/uploads\/2025\/07\/ai-sac-si-sco.jpg 500w, https:\/\/institutchiaribcn.com\/wp-content\/uploads\/2025\/07\/ai-sac-si-sco-300x86.jpg 300w\" sizes=\"(max-width: 500px) 100vw, 500px\" \/>\t\t\t\t\t\t\t\t\t\t\t\t\t\t\t<\/div>\n\t\t\t\t<\/div>\n\t\t\t\t<div class=\"elementor-element elementor-element-fd52723 elementor-widget elementor-widget-heading\" data-id=\"fd52723\" data-element_type=\"widget\" data-e-type=\"widget\" data-widget_type=\"heading.default\">\n\t\t\t\t<div class=\"elementor-widget-container\">\n\t\t\t\t\t<h3 class=\"elementor-heading-title elementor-size-default\">Associaci\u00f3 Internacional AI.SAC.SI.SCO ODV<\/h3>\t\t\t\t<\/div>\n\t\t\t\t<\/div>\n\t\t\t\t<div class=\"elementor-element elementor-element-33d11a2 elementor-widget elementor-widget-button\" data-id=\"33d11a2\" data-element_type=\"widget\" data-e-type=\"widget\" data-widget_type=\"button.default\">\n\t\t\t\t<div class=\"elementor-widget-container\">\n\t\t\t\t\t\t\t\t\t<div class=\"elementor-button-wrapper\">\n\t\t\t\t\t<a class=\"elementor-button elementor-button-link elementor-size-sm\" href=\"http:\/\/aisacsisco.eu\/index.php\/contact\" target=\"_blank\">\n\t\t\t\t\t\t<span class=\"elementor-button-content-wrapper\">\n\t\t\t\t\t\t\t\t\t<span class=\"elementor-button-text\">Contacta<\/span>\n\t\t\t\t\t<\/span>\n\t\t\t\t\t<\/a>\n\t\t\t\t<\/div>\n\t\t\t\t\t\t\t\t<\/div>\n\t\t\t\t<\/div>\n\t\t\t\t<\/div>\n\t\t\t\t<\/div>\n\t\t<div class=\"elementor-element elementor-element-4df7838 e-con-full e-flex e-con e-child\" data-id=\"4df7838\" data-element_type=\"container\" data-e-type=\"container\">\n\t\t\t\t<div class=\"elementor-element elementor-element-27d48d9 elementor-widget elementor-widget-heading\" data-id=\"27d48d9\" data-element_type=\"widget\" data-e-type=\"widget\" data-widget_type=\"heading.default\">\n\t\t\t\t<div class=\"elementor-widget-container\">\n\t\t\t\t\t<h1 class=\"elementor-heading-title elementor-size-default\">Conveni de l\u2019Institut Chiari de Barcelona \u2013 Associaci\u00f3 Internacional AI.SAC.SI.SCO ODV<\/h1>\t\t\t\t<\/div>\n\t\t\t\t<\/div>\n\t\t\t\t<div class=\"elementor-element elementor-element-17ca49c elementor-widget elementor-widget-heading\" data-id=\"17ca49c\" data-element_type=\"widget\" data-e-type=\"widget\" data-widget_type=\"heading.default\">\n\t\t\t\t<div class=\"elementor-widget-container\">\n\t\t\t\t\t<h3 class=\"elementor-heading-title elementor-size-default\">Qui \u00e9s AI.SAC.SI.SCO ODV?<\/h3>\t\t\t\t<\/div>\n\t\t\t\t<\/div>\n\t\t\t\t<div class=\"elementor-element elementor-element-d72c0a0 elementor-widget elementor-widget-text-editor\" data-id=\"d72c0a0\" data-element_type=\"widget\" data-e-type=\"widget\" data-widget_type=\"text-editor.default\">\n\t\t\t\t<div class=\"elementor-widget-container\">\n\t\t\t\t\t\t\t\t\t<p>L\u2019Associaci\u00f3 Internacional AI.SAC.SI.SCO ODV va n\u00e9ixer el novembre de 2009, quan un grup de pacients operats pel Dr. Royo Salvador, reunits en un esdeveniment organitzat per la Chiari &amp; Scoliosis &amp; Syringomyelia Foundation (CSSf), va decidir oferir suport a altres malalts afectats pel S\u00edndrome d\u2019Arnold-Chiari I, Siringomi\u00e8lia i Escoliosi idiop\u00e0tiques i a les seves fam\u00edlies.<\/p>\t\t\t\t\t\t\t\t<\/div>\n\t\t\t\t<\/div>\n\t\t\t\t<div class=\"elementor-element elementor-element-42795f9 elementor-widget elementor-widget-heading\" data-id=\"42795f9\" data-element_type=\"widget\" data-e-type=\"widget\" data-widget_type=\"heading.default\">\n\t\t\t\t<div class=\"elementor-widget-container\">\n\t\t\t\t\t<h3 class=\"elementor-heading-title elementor-size-default\">La col\u00b7laboraci\u00f3 entre l\u2019Institut, la Fundaci\u00f3 i l\u2019Associaci\u00f3<\/h3>\t\t\t\t<\/div>\n\t\t\t\t<\/div>\n\t\t\t\t<div class=\"elementor-element elementor-element-9b260af elementor-widget elementor-widget-text-editor\" data-id=\"9b260af\" data-element_type=\"widget\" data-e-type=\"widget\" data-widget_type=\"text-editor.default\">\n\t\t\t\t<div class=\"elementor-widget-container\">\n\t\t\t\t\t\t\t\t\t<p>La col\u00b7laboraci\u00f3 entre l\u2019Institut, la Fundaci\u00f3 i l\u2019Associaci\u00f3<br \/>Des d\u2019aquell moment, es va iniciar una estreta col\u00b7laboraci\u00f3 entre l\u2019Institut Chiari &amp; Siringomi\u00e8lia &amp; Escoliosi de Barcelona (ICSEB), la CSSf i AI.SAC.SI.SCO, amb la finalitat de divulgar el nou concepte de malaltia del Filum i proporcionar la informaci\u00f3 necess\u00e0ria perqu\u00e8 l\u2019excel\u00b7l\u00e8ncia i els tractaments del m\u00e8tode sanitari Filum System\u00ae estiguin a l\u2019abast de tothom.<\/p><p>L\u2019any 2019, amb motiu del des\u00e8 aniversari de l\u2019Associaci\u00f3 AI.SAC.SI.SCO, l\u2019ICSEB i l\u2019Associaci\u00f3 van signar un conveni de col\u00b7laboraci\u00f3, gr\u00e0cies al qual els seus socis poden gaudir d\u2019una s\u00e8rie de beneficis en les prestacions i serveis que ofereix l\u2019Institut als seus pacients.<\/p>\t\t\t\t\t\t\t\t<\/div>\n\t\t\t\t<\/div>\n\t\t\t\t<div class=\"elementor-element elementor-element-8b6bd97 elementor-widget elementor-widget-heading\" data-id=\"8b6bd97\" data-element_type=\"widget\" data-e-type=\"widget\" data-widget_type=\"heading.default\">\n\t\t\t\t<div class=\"elementor-widget-container\">\n\t\t\t\t\t<h3 class=\"elementor-heading-title elementor-size-default\">Les condicions especials del conveni\n<\/h3>\t\t\t\t<\/div>\n\t\t\t\t<\/div>\n\t\t\t\t<div class=\"elementor-element elementor-element-e1894e4 elementor-widget elementor-widget-text-editor\" data-id=\"e1894e4\" data-element_type=\"widget\" data-e-type=\"widget\" data-widget_type=\"text-editor.default\">\n\t\t\t\t<div class=\"elementor-widget-container\">\n\t\t\t\t\t\t\t\t\t<p>L\u2019inscripci\u00f3 d\u2019una persona a l\u2019Associaci\u00f3 AI.SAC.SI.SCO li permet accedir a descomptes sobre les tarifes vigents de les prestacions de l\u2019ICSEB. Per a m\u00e9s informaci\u00f3, poden contactar amb l\u2019Associaci\u00f3.<br \/><br \/><\/p><p>Contactar amb AI.SAC.SI.SCO:\u00a0<a href=\"http:\/\/aisacsisco.eu\/index.php\/contact\">http:\/\/aisacsisco.eu\/index.php\/contact<\/a><\/p><p>Idiomes de contacte preferents: franc\u00e8s i itali\u00e0.<br \/>Altres: angl\u00e8s (nom\u00e9s per correu electr\u00f2nic).<\/p>\t\t\t\t\t\t\t\t<\/div>\n\t\t\t\t<\/div>\n\t\t\t\t<\/div>\n\t\t\t\t\t<\/div>\n\t\t\t\t<\/div>\n\t\t\t\t<\/div>\n\t\t","protected":false},"excerpt":{"rendered":"<p>Associaci\u00f3 Internacional AI.SAC.SI.SCO ODV Contacta Conveni de l\u2019Institut Chiari de Barcelona \u2013 Associaci\u00f3 Internacional AI.SAC.SI.SCO ODV Qui \u00e9s AI.SAC.SI.SCO ODV? L\u2019Associaci\u00f3 Internacional AI.SAC.SI.SCO ODV va n\u00e9ixer el novembre de 2009, quan un grup de pacients operats pel Dr. Royo Salvador, reunits en un esdeveniment organitzat per la Chiari &amp; Scoliosis &amp; Syringomyelia Foundation (CSSf), va [&hellip;]<\/p>\n","protected":false},"author":1,"featured_media":0,"parent":0,"menu_order":14,"comment_status":"closed","ping_status":"closed","template":"","meta":{"footnotes":""},"class_list":["post-144439","page","type-page","status-publish","hentry"],"yoast_head":"<!-- This site is optimized with the Yoast SEO plugin v27.4 - https:\/\/yoast.com\/product\/yoast-seo-wordpress\/ -->\n<title>Conv. AI-SAC-SCO ONLUS | Institut Chiari Barcelona<\/title>\n<meta name=\"description\" content=\"Acord de col\u00b7laboraci\u00f3 internacional amb associacions per a impulsar recerca, formaci\u00f3 i suport a pacients amb Chiari i patologies relacionades.\" \/>\n<meta name=\"robots\" content=\"index, follow, max-snippet:-1, max-image-preview:large, max-video-preview:-1\" \/>\n<link rel=\"canonical\" href=\"https:\/\/institutchiaribcn.com\/ca\/conveni-institut-chiari-barcelona-associacio-internacional-ai-sac-sco-onlus\/\" \/>\n<meta property=\"og:locale\" content=\"ca_ES\" \/>\n<meta property=\"og:type\" content=\"article\" \/>\n<meta property=\"og:title\" content=\"Conv. AI-SAC-SCO ONLUS | Institut Chiari Barcelona\" \/>\n<meta property=\"og:description\" content=\"Acord de col\u00b7laboraci\u00f3 internacional amb associacions per a impulsar recerca, formaci\u00f3 i suport a pacients amb Chiari i patologies relacionades.\" \/>\n<meta property=\"og:url\" content=\"https:\/\/institutchiaribcn.com\/ca\/conveni-institut-chiari-barcelona-associacio-internacional-ai-sac-sco-onlus\/\" \/>\n<meta property=\"og:site_name\" content=\"Institut Chiari Barcelona\" \/>\n<meta property=\"article:modified_time\" content=\"2026-04-02T08:15:58+00:00\" \/>\n<meta property=\"og:image\" content=\"https:\/\/institutchiaribcn.com\/wp-content\/uploads\/2025\/07\/ai-sac-si-sco.jpg\" \/>\n<meta name=\"twitter:card\" content=\"summary_large_image\" \/>\n<meta name=\"twitter:label1\" content=\"Temps estimat de lectura\" \/>\n\t<meta name=\"twitter:data1\" content=\"2 minuts\" \/>\n<script type=\"application\/ld+json\" class=\"yoast-schema-graph\">{\"@context\":\"https:\\\/\\\/schema.org\",\"@graph\":[{\"@type\":\"WebPage\",\"@id\":\"https:\\\/\\\/institutchiaribcn.com\\\/ca\\\/conveni-institut-chiari-barcelona-associacio-internacional-ai-sac-sco-onlus\\\/\",\"url\":\"https:\\\/\\\/institutchiaribcn.com\\\/ca\\\/conveni-institut-chiari-barcelona-associacio-internacional-ai-sac-sco-onlus\\\/\",\"name\":\"Conv. AI-SAC-SCO ONLUS | Institut Chiari Barcelona\",\"isPartOf\":{\"@id\":\"https:\\\/\\\/institutchiaribcn.com\\\/ca\\\/#website\"},\"primaryImageOfPage\":{\"@id\":\"https:\\\/\\\/institutchiaribcn.com\\\/ca\\\/conveni-institut-chiari-barcelona-associacio-internacional-ai-sac-sco-onlus\\\/#primaryimage\"},\"image\":{\"@id\":\"https:\\\/\\\/institutchiaribcn.com\\\/ca\\\/conveni-institut-chiari-barcelona-associacio-internacional-ai-sac-sco-onlus\\\/#primaryimage\"},\"thumbnailUrl\":\"https:\\\/\\\/institutchiaribcn.com\\\/wp-content\\\/uploads\\\/2025\\\/07\\\/ai-sac-si-sco.jpg\",\"datePublished\":\"2019-02-10T23:00:29+00:00\",\"dateModified\":\"2026-04-02T08:15:58+00:00\",\"description\":\"Acord de col\u00b7laboraci\u00f3 internacional amb associacions per a impulsar recerca, formaci\u00f3 i suport a pacients amb Chiari i patologies relacionades.\",\"breadcrumb\":{\"@id\":\"https:\\\/\\\/institutchiaribcn.com\\\/ca\\\/conveni-institut-chiari-barcelona-associacio-internacional-ai-sac-sco-onlus\\\/#breadcrumb\"},\"inLanguage\":\"ca\",\"potentialAction\":[{\"@type\":\"ReadAction\",\"target\":[\"https:\\\/\\\/institutchiaribcn.com\\\/ca\\\/conveni-institut-chiari-barcelona-associacio-internacional-ai-sac-sco-onlus\\\/\"]}]},{\"@type\":\"ImageObject\",\"inLanguage\":\"ca\",\"@id\":\"https:\\\/\\\/institutchiaribcn.com\\\/ca\\\/conveni-institut-chiari-barcelona-associacio-internacional-ai-sac-sco-onlus\\\/#primaryimage\",\"url\":\"https:\\\/\\\/institutchiaribcn.com\\\/wp-content\\\/uploads\\\/2025\\\/07\\\/ai-sac-si-sco.jpg\",\"contentUrl\":\"https:\\\/\\\/institutchiaribcn.com\\\/wp-content\\\/uploads\\\/2025\\\/07\\\/ai-sac-si-sco.jpg\"},{\"@type\":\"BreadcrumbList\",\"@id\":\"https:\\\/\\\/institutchiaribcn.com\\\/ca\\\/conveni-institut-chiari-barcelona-associacio-internacional-ai-sac-sco-onlus\\\/#breadcrumb\",\"itemListElement\":[{\"@type\":\"ListItem\",\"position\":1,\"name\":\"Portada\",\"item\":\"https:\\\/\\\/institutchiaribcn.com\\\/ca\\\/\"},{\"@type\":\"ListItem\",\"position\":2,\"name\":\"Conveni de l\u2019Institut Chiari de Barcelona \u2013 Associaci\u00f3 Internacional AI.SAC.SI.SCO ODV\"}]},{\"@type\":\"WebSite\",\"@id\":\"https:\\\/\\\/institutchiaribcn.com\\\/ca\\\/#website\",\"url\":\"https:\\\/\\\/institutchiaribcn.com\\\/ca\\\/\",\"name\":\"Institut Chiari de Barcelona\",\"description\":\"\",\"publisher\":{\"@id\":\"https:\\\/\\\/institutchiaribcn.com\\\/ca\\\/#organization\"},\"potentialAction\":[{\"@type\":\"SearchAction\",\"target\":{\"@type\":\"EntryPoint\",\"urlTemplate\":\"https:\\\/\\\/institutchiaribcn.com\\\/ca\\\/?s={search_term_string}\"},\"query-input\":{\"@type\":\"PropertyValueSpecification\",\"valueRequired\":true,\"valueName\":\"search_term_string\"}}],\"inLanguage\":\"ca\"},{\"@type\":\"Organization\",\"@id\":\"https:\\\/\\\/institutchiaribcn.com\\\/ca\\\/#organization\",\"name\":\"Institut Chiari de Barcelona\",\"url\":\"https:\\\/\\\/institutchiaribcn.com\\\/ca\\\/\",\"logo\":{\"@type\":\"ImageObject\",\"inLanguage\":\"ca\",\"@id\":\"https:\\\/\\\/institutchiaribcn.com\\\/ca\\\/#\\\/schema\\\/logo\\\/image\\\/\",\"url\":\"https:\\\/\\\/institutchiaribcn.com\\\/wp-content\\\/uploads\\\/2025\\\/10\\\/cropped-cropped-icsebNavLogo-1.png\",\"contentUrl\":\"https:\\\/\\\/institutchiaribcn.com\\\/wp-content\\\/uploads\\\/2025\\\/10\\\/cropped-cropped-icsebNavLogo-1.png\",\"width\":245,\"height\":99,\"caption\":\"Institut Chiari de Barcelona\"},\"image\":{\"@id\":\"https:\\\/\\\/institutchiaribcn.com\\\/ca\\\/#\\\/schema\\\/logo\\\/image\\\/\"}}]}<\/script>\n<!-- \/ Yoast SEO plugin. -->","yoast_head_json":{"title":"Conv. AI-SAC-SCO ONLUS | Institut Chiari Barcelona","description":"Acord de col\u00b7laboraci\u00f3 internacional amb associacions per a impulsar recerca, formaci\u00f3 i suport a pacients amb Chiari i patologies relacionades.","robots":{"index":"index","follow":"follow","max-snippet":"max-snippet:-1","max-image-preview":"max-image-preview:large","max-video-preview":"max-video-preview:-1"},"canonical":"https:\/\/institutchiaribcn.com\/ca\/conveni-institut-chiari-barcelona-associacio-internacional-ai-sac-sco-onlus\/","og_locale":"ca_ES","og_type":"article","og_title":"Conv. AI-SAC-SCO ONLUS | Institut Chiari Barcelona","og_description":"Acord de col\u00b7laboraci\u00f3 internacional amb associacions per a impulsar recerca, formaci\u00f3 i suport a pacients amb Chiari i patologies relacionades.","og_url":"https:\/\/institutchiaribcn.com\/ca\/conveni-institut-chiari-barcelona-associacio-internacional-ai-sac-sco-onlus\/","og_site_name":"Institut Chiari Barcelona","article_modified_time":"2026-04-02T08:15:58+00:00","og_image":[{"url":"https:\/\/institutchiaribcn.com\/wp-content\/uploads\/2025\/07\/ai-sac-si-sco.jpg","type":"","width":"","height":""}],"twitter_card":"summary_large_image","twitter_misc":{"Temps estimat de lectura":"2 minuts"},"schema":{"@context":"https:\/\/schema.org","@graph":[{"@type":"WebPage","@id":"https:\/\/institutchiaribcn.com\/ca\/conveni-institut-chiari-barcelona-associacio-internacional-ai-sac-sco-onlus\/","url":"https:\/\/institutchiaribcn.com\/ca\/conveni-institut-chiari-barcelona-associacio-internacional-ai-sac-sco-onlus\/","name":"Conv. AI-SAC-SCO ONLUS | Institut Chiari Barcelona","isPartOf":{"@id":"https:\/\/institutchiaribcn.com\/ca\/#website"},"primaryImageOfPage":{"@id":"https:\/\/institutchiaribcn.com\/ca\/conveni-institut-chiari-barcelona-associacio-internacional-ai-sac-sco-onlus\/#primaryimage"},"image":{"@id":"https:\/\/institutchiaribcn.com\/ca\/conveni-institut-chiari-barcelona-associacio-internacional-ai-sac-sco-onlus\/#primaryimage"},"thumbnailUrl":"https:\/\/institutchiaribcn.com\/wp-content\/uploads\/2025\/07\/ai-sac-si-sco.jpg","datePublished":"2019-02-10T23:00:29+00:00","dateModified":"2026-04-02T08:15:58+00:00","description":"Acord de col\u00b7laboraci\u00f3 internacional amb associacions per a impulsar recerca, formaci\u00f3 i suport a pacients amb Chiari i patologies relacionades.","breadcrumb":{"@id":"https:\/\/institutchiaribcn.com\/ca\/conveni-institut-chiari-barcelona-associacio-internacional-ai-sac-sco-onlus\/#breadcrumb"},"inLanguage":"ca","potentialAction":[{"@type":"ReadAction","target":["https:\/\/institutchiaribcn.com\/ca\/conveni-institut-chiari-barcelona-associacio-internacional-ai-sac-sco-onlus\/"]}]},{"@type":"ImageObject","inLanguage":"ca","@id":"https:\/\/institutchiaribcn.com\/ca\/conveni-institut-chiari-barcelona-associacio-internacional-ai-sac-sco-onlus\/#primaryimage","url":"https:\/\/institutchiaribcn.com\/wp-content\/uploads\/2025\/07\/ai-sac-si-sco.jpg","contentUrl":"https:\/\/institutchiaribcn.com\/wp-content\/uploads\/2025\/07\/ai-sac-si-sco.jpg"},{"@type":"BreadcrumbList","@id":"https:\/\/institutchiaribcn.com\/ca\/conveni-institut-chiari-barcelona-associacio-internacional-ai-sac-sco-onlus\/#breadcrumb","itemListElement":[{"@type":"ListItem","position":1,"name":"Portada","item":"https:\/\/institutchiaribcn.com\/ca\/"},{"@type":"ListItem","position":2,"name":"Conveni de l\u2019Institut Chiari de Barcelona \u2013 Associaci\u00f3 Internacional AI.SAC.SI.SCO ODV"}]},{"@type":"WebSite","@id":"https:\/\/institutchiaribcn.com\/ca\/#website","url":"https:\/\/institutchiaribcn.com\/ca\/","name":"Institut Chiari de Barcelona","description":"","publisher":{"@id":"https:\/\/institutchiaribcn.com\/ca\/#organization"},"potentialAction":[{"@type":"SearchAction","target":{"@type":"EntryPoint","urlTemplate":"https:\/\/institutchiaribcn.com\/ca\/?s={search_term_string}"},"query-input":{"@type":"PropertyValueSpecification","valueRequired":true,"valueName":"search_term_string"}}],"inLanguage":"ca"},{"@type":"Organization","@id":"https:\/\/institutchiaribcn.com\/ca\/#organization","name":"Institut Chiari de Barcelona","url":"https:\/\/institutchiaribcn.com\/ca\/","logo":{"@type":"ImageObject","inLanguage":"ca","@id":"https:\/\/institutchiaribcn.com\/ca\/#\/schema\/logo\/image\/","url":"https:\/\/institutchiaribcn.com\/wp-content\/uploads\/2025\/10\/cropped-cropped-icsebNavLogo-1.png","contentUrl":"https:\/\/institutchiaribcn.com\/wp-content\/uploads\/2025\/10\/cropped-cropped-icsebNavLogo-1.png","width":245,"height":99,"caption":"Institut Chiari de Barcelona"},"image":{"@id":"https:\/\/institutchiaribcn.com\/ca\/#\/schema\/logo\/image\/"}}]}},"_links":{"self":[{"href":"https:\/\/institutchiaribcn.com\/ca\/wp-json\/wp\/v2\/pages\/144439","targetHints":{"allow":["GET"]}}],"collection":[{"href":"https:\/\/institutchiaribcn.com\/ca\/wp-json\/wp\/v2\/pages"}],"about":[{"href":"https:\/\/institutchiaribcn.com\/ca\/wp-json\/wp\/v2\/types\/page"}],"author":[{"embeddable":true,"href":"https:\/\/institutchiaribcn.com\/ca\/wp-json\/wp\/v2\/users\/1"}],"replies":[{"embeddable":true,"href":"https:\/\/institutchiaribcn.com\/ca\/wp-json\/wp\/v2\/comments?post=144439"}],"version-history":[{"count":5,"href":"https:\/\/institutchiaribcn.com\/ca\/wp-json\/wp\/v2\/pages\/144439\/revisions"}],"predecessor-version":[{"id":148155,"href":"https:\/\/institutchiaribcn.com\/ca\/wp-json\/wp\/v2\/pages\/144439\/revisions\/148155"}],"wp:attachment":[{"href":"https:\/\/institutchiaribcn.com\/ca\/wp-json\/wp\/v2\/media?parent=144439"}],"curies":[{"name":"wp","href":"https:\/\/api.w.org\/{rel}","templated":true}]}}