{"id":142484,"date":"2025-12-10T08:46:36","date_gmt":"2025-12-10T07:46:36","guid":{"rendered":"https:\/\/institutchiaribcn.com\/resultados-test-automatico-de-la-enfermedad-del-filum\/"},"modified":"2026-02-09T10:58:57","modified_gmt":"2026-02-09T09:58:57","slug":"resultats-test-automatic-de-la-malaltia-del-filum","status":"publish","type":"page","link":"https:\/\/institutchiaribcn.com\/ca\/resultats-test-automatic-de-la-malaltia-del-filum\/","title":{"rendered":"Resultats Test autom\u00e0tic de la Malaltia del F\u00edlum"},"content":{"rendered":"\t\t<div data-elementor-type=\"wp-page\" data-elementor-id=\"142484\" class=\"elementor elementor-142484 elementor-142472\" data-elementor-post-type=\"page\">\n\t\t\t\t<div class=\"elementor-element elementor-element-ca9c607 e-flex e-con-boxed e-con e-parent\" data-id=\"ca9c607\" data-element_type=\"container\" data-e-type=\"container\">\n\t\t\t\t\t<div class=\"e-con-inner\">\n\t\t\t\t<div class=\"elementor-element elementor-element-ccc4349 elementor-widget elementor-widget-shortcode\" data-id=\"ccc4349\" data-element_type=\"widget\" data-e-type=\"widget\" data-widget_type=\"shortcode.default\">\n\t\t\t\t<div class=\"elementor-widget-container\">\n\t\t\t\t\t\t\t<div class=\"elementor-shortcode\"><div class=\"alert alert-warning\">No se ha recibido ning\u00fan resultado.<\/div><\/div>\n\t\t\t\t\t\t<\/div>\n\t\t\t\t<\/div>\n\t\t\t\t<div class=\"elementor-element elementor-element-d9d3f98 elementor-widget elementor-widget-text-editor\" data-id=\"d9d3f98\" data-element_type=\"widget\" data-e-type=\"widget\" data-widget_type=\"text-editor.default\">\n\t\t\t\t<div class=\"elementor-widget-container\">\n\t\t\t\t\t\t\t\t\t<p style=\"font-size: 18px; font-style: italic;\">Segons les investigacions de l\u2019ICSEB, el nou concepte de la Malaltia del Filum (MF) implica  que es deu a una tracci\u00f3 caudal anormal de tot el sistema nervi\u00f3s, afecta tots els humans en diferents graus d`intensitat, i inclou malalties de causa desconeguda com ara l\u2019Escoliosi idiop\u00e0tica, la Cifosi, la Hiperlordosi, la rectificaci\u00f3 de la columna vertebral, la Siringomi\u00e8lia idiop\u00e0tica, la S\u00edndrome d\u2019Arnold Chiari I, la Platib\u00e0sia, la Impressi\u00f3 basilar, el Retroc\u00e9s odontoide, l\u2019Angulaci\u00f3 del tronc cerebral, l\u2019Enuresi nocturna o prolongada, alguns casos de fibromi\u00e0lgia i la s\u00edndrome de fatiga cr\u00f2nica, i d\u2019altres. La MF tamb\u00e9 interv\u00e9 en alguns casos de microinfarts cerebrals, h\u00e8rnies discals vertebrals, s\u00edndrome de Baastrup, S\u00edndrome de la faceta articular, algunes alteracions hormonals, s\u00edndromes depressius i d\u2019altres.<\/p>\t\t\t\t\t\t\t\t<\/div>\n\t\t\t\t<\/div>\n\t\t<div class=\"elementor-element elementor-element-109c9c1 e-con-full e-flex e-con e-child\" data-id=\"109c9c1\" data-element_type=\"container\" data-e-type=\"container\">\n\t\t\t\t<div class=\"elementor-element elementor-element-82bcc8a elementor-widget elementor-widget-heading\" data-id=\"82bcc8a\" data-element_type=\"widget\" data-e-type=\"widget\" data-widget_type=\"heading.default\">\n\t\t\t\t<div class=\"elementor-widget-container\">\n\t\t\t\t\t<h2 class=\"elementor-heading-title elementor-size-default\"><span>Necessites ajuda?<\/span> Som aqu\u00ed per atendre\u2019t.<\/h2>\t\t\t\t<\/div>\n\t\t\t\t<\/div>\n\t\t\t\t<div class=\"elementor-element elementor-element-cab1f0b elementor-widget elementor-widget-text-editor\" data-id=\"cab1f0b\" data-element_type=\"widget\" data-e-type=\"widget\" data-widget_type=\"text-editor.default\">\n\t\t\t\t<div class=\"elementor-widget-container\">\n\t\t\t\t\t\t\t\t\t<p data-start=\"283\" data-end=\"477\">Totes les consultes que rebem, ja sigui mitjan\u00e7ant aquest formulari o per correu electr\u00f2nic, s\u00f3n avaluades directament pel nostre equip m\u00e8dic, sota la supervisi\u00f3 del Dr. Miguel B. Royo Salvador.<\/p>\n<p data-start=\"479\" data-end=\"544\">La resposta \u00e9s gratu\u00efta i la rebr\u00e0s en el teu idioma o en angl\u00e8s.<\/p>\t\t\t\t\t\t\t\t<\/div>\n\t\t\t\t<\/div>\n\t\t\t\t<div class=\"elementor-element elementor-element-3b203a9 elementor-widget__width-initial elementor-widget elementor-widget-shortcode\" data-id=\"3b203a9\" data-element_type=\"widget\" data-e-type=\"widget\" data-widget_type=\"shortcode.default\">\n\t\t\t\t<div class=\"elementor-widget-container\">\n\t\t\t\t\t\t\t<div class=\"elementor-shortcode\">\t\t<div data-elementor-type=\"container\" data-elementor-id=\"114803\" class=\"elementor elementor-114803 elementor-114786 elementor-114786\" data-elementor-post-type=\"elementor_library\">\n\t\t\t\t<div class=\"elementor-element elementor-element-4fdff23 e-con-full e-flex e-con e-child\" data-id=\"4fdff23\" data-element_type=\"container\" data-e-type=\"container\">\n\t\t\t\t<div class=\"elementor-element elementor-element-28f0279 elementor-button-align-center elementor-widget__width-initial elementor-tablet-button-align-stretch elementor-mobile-button-align-stretch elementor-widget elementor-widget-form\" data-id=\"28f0279\" data-element_type=\"widget\" data-e-type=\"widget\" data-settings=\"{&quot;step_next_label&quot;:&quot;Next&quot;,&quot;step_previous_label&quot;:&quot;Previous&quot;,&quot;step_type&quot;:&quot;number_text&quot;,&quot;step_icon_shape&quot;:&quot;circle&quot;}\" data-widget_type=\"form.default\">\n\t\t\t\t<div class=\"elementor-widget-container\">\n\t\t\t\t\t\t\t<form class=\"elementor-form\" method=\"post\" name=\"New Form\" aria-label=\"New Form\">\n\t\t\t<input type=\"hidden\" name=\"post_id\" value=\"114803\"\/>\n\t\t\t<input type=\"hidden\" name=\"form_id\" value=\"28f0279\"\/>\n\t\t\t<input type=\"hidden\" name=\"referer_title\" value=\"Institut Chiari\" \/>\n\n\t\t\t\n\t\t\t<div class=\"elementor-form-fields-wrapper elementor-labels-\">\n\t\t\t\t\t\t\t\t<div class=\"elementor-field-type-text elementor-field-group elementor-column elementor-field-group-name elementor-col-50\">\n\t\t\t\t\t\t\t\t\t\t\t\t<label for=\"form-field-name\" class=\"elementor-field-label elementor-screen-only\">\n\t\t\t\t\t\t\t\tNom del pacient\t\t\t\t\t\t\t<\/label>\n\t\t\t\t\t\t\t\t\t\t\t\t\t\t<input size=\"1\" type=\"text\" name=\"form_fields[name]\" id=\"form-field-name\" class=\"elementor-field elementor-size-sm  elementor-field-textual\" placeholder=\"Nom del pacient\">\n\t\t\t\t\t\t\t\t\t\t\t<\/div>\n\t\t\t\t\t\t\t\t<div class=\"elementor-field-type-text elementor-field-group elementor-column elementor-field-group-consultor elementor-col-50\">\n\t\t\t\t\t\t\t\t\t\t\t\t<label for=\"form-field-consultor\" class=\"elementor-field-label elementor-screen-only\">\n\t\t\t\t\t\t\t\tNom del consultor\t\t\t\t\t\t\t<\/label>\n\t\t\t\t\t\t\t\t\t\t\t\t\t\t<input size=\"1\" type=\"text\" name=\"form_fields[consultor]\" id=\"form-field-consultor\" class=\"elementor-field elementor-size-sm  elementor-field-textual\" placeholder=\"Nom de la persona que consulta\">\n\t\t\t\t\t\t\t\t\t\t\t<\/div>\n\t\t\t\t\t\t\t\t<div class=\"elementor-field-type-tel elementor-field-group elementor-column elementor-field-group-message elementor-col-50\">\n\t\t\t\t\t\t\t\t\t\t\t\t<label for=\"form-field-message\" class=\"elementor-field-label elementor-screen-only\">\n\t\t\t\t\t\t\t\tTel\u00e8fon\t\t\t\t\t\t\t<\/label>\n\t\t\t\t\t\t\t\t<input size=\"1\" type=\"tel\" name=\"form_fields[message]\" id=\"form-field-message\" class=\"elementor-field elementor-size-sm  elementor-field-textual\" placeholder=\"Tel\u00e8fon\" pattern=\"[0-9()#&amp;+*-=.]+\" title=\"Only numbers and phone characters (#, -, *, etc) are accepted.\">\n\n\t\t\t\t\t\t<\/div>\n\t\t\t\t\t\t\t\t<div class=\"elementor-field-type-email elementor-field-group elementor-column elementor-field-group-field_856733b elementor-col-50 elementor-field-required\">\n\t\t\t\t\t\t\t\t\t\t\t\t<label for=\"form-field-field_856733b\" class=\"elementor-field-label elementor-screen-only\">\n\t\t\t\t\t\t\t\tCorreu electr\u00f2nic\t\t\t\t\t\t\t<\/label>\n\t\t\t\t\t\t\t\t\t\t\t\t\t\t<input size=\"1\" type=\"email\" name=\"form_fields[field_856733b]\" id=\"form-field-field_856733b\" class=\"elementor-field elementor-size-sm  elementor-field-textual\" placeholder=\"E-mail\" required=\"required\">\n\t\t\t\t\t\t\t\t\t\t\t<\/div>\n\t\t\t\t\t\t\t\t<div class=\"elementor-field-type-select elementor-field-group elementor-column elementor-field-group-field_a251d38 elementor-col-100\">\n\t\t\t\t\t\t\t\t\t\t\t\t<label for=\"form-field-field_a251d38\" class=\"elementor-field-label elementor-screen-only\">\n\t\t\t\t\t\t\t\tIdioma\t\t\t\t\t\t\t<\/label>\n\t\t\t\t\t\t\t\t<div class=\"elementor-field elementor-select-wrapper remove-before \">\n\t\t\t<div class=\"select-caret-down-wrapper\">\n\t\t\t\t<svg aria-hidden=\"true\" class=\"e-font-icon-svg e-eicon-caret-down\" viewBox=\"0 0 571.4 571.4\" xmlns=\"http:\/\/www.w3.org\/2000\/svg\"><path d=\"M571 393Q571 407 561 418L311 668Q300 679 286 679T261 668L11 418Q0 407 0 393T11 368 36 357H536Q550 357 561 368T571 393Z\"><\/path><\/svg>\t\t\t<\/div>\n\t\t\t<select name=\"form_fields[field_a251d38]\" id=\"form-field-field_a251d38\" class=\"elementor-field-textual elementor-size-sm\">\n\t\t\t\t\t\t\t\t\t<option value=\"catala\" selected=\"selected\">Catal\u00e0<\/option>\n\t\t\t\t\t\t\t\t\t<option value=\"espa\u00f1ol\">Espa\u00f1ol<\/option>\n\t\t\t\t\t\t\t\t\t<option value=\"Fran\u00e7ais\">Fran\u00e7ais<\/option>\n\t\t\t\t\t\t\t\t\t<option value=\" \u0627\u0644\u0639\u0631\u0628\u064a\u0629\"> \u0627\u0644\u0639\u0631\u0628\u064a\u0629<\/option>\n\t\t\t\t\t\t\t\t\t<option value=\"english\">English<\/option>\n\t\t\t\t\t\t\t\t\t<option value=\"italiano\">Italiano<\/option>\n\t\t\t\t\t\t\t\t\t<option value=\"\u0420\u0443\u0441\u0441\u043a\u0438\u0439\">\u0420\u0443\u0441\u0441\u043a\u0438\u0439<\/option>\n\t\t\t\t\t\t\t\t\t<option value=\"deutsch\">Deutsch<\/option>\n\t\t\t\t\t\t\t\t\t<option value=\"\u4e2d\u6587 (\u7e41\u9ad4)\">\u4e2d\u6587 (\u7e41\u9ad4)<\/option>\n\t\t\t\t\t\t\t\t\t<option value=\"\u4e2d\u6587 (\u7b80\u4f53)\">\u4e2d\u6587 (\u7b80\u4f53)<\/option>\n\t\t\t\t\t\t\t\t\t<option value=\"Polski\">Polski<\/option>\n\t\t\t\t\t\t\t\t\t<option value=\"Portugu\u00eas\">Portugu\u00eas<\/option>\n\t\t\t\t\t\t\t\t\t<option value=\"\u65e5\u672c\u8a9e\">\u65e5\u672c\u8a9e<\/option>\n\t\t\t\t\t\t\t\t\t<option value=\"\ud55c\uad6d\uc5b4\">\ud55c\uad6d\uc5b4<\/option>\n\t\t\t\t\t\t\t\t\t<option value=\"\"><\/option>\n\t\t\t\t\t\t\t<\/select>\n\t\t<\/div>\n\t\t\t\t\t\t<\/div>\n\t\t\t\t\t\t\t\t<div class=\"elementor-field-type-text elementor-field-group elementor-column elementor-field-group-field_fdb645f elementor-col-50\">\n\t\t\t\t\t\t\t\t\t\t\t\t<label for=\"form-field-field_fdb645f\" class=\"elementor-field-label elementor-screen-only\">\n\t\t\t\t\t\t\t\tPa\u00eds i ciutat\t\t\t\t\t\t\t<\/label>\n\t\t\t\t\t\t\t\t\t\t\t\t\t\t<input size=\"1\" type=\"text\" name=\"form_fields[field_fdb645f]\" id=\"form-field-field_fdb645f\" class=\"elementor-field elementor-size-sm  elementor-field-textual\" placeholder=\"Pa\u00eds i ciutat\">\n\t\t\t\t\t\t\t\t\t\t\t<\/div>\n\t\t\t\t\t\t\t\t<div class=\"elementor-field-type-text elementor-field-group elementor-column elementor-field-group-field_1e2241c elementor-col-50\">\n\t\t\t\t\t\t\t\t\t\t\t\t<label for=\"form-field-field_1e2241c\" class=\"elementor-field-label elementor-screen-only\">\n\t\t\t\t\t\t\t\tEdat\t\t\t\t\t\t\t<\/label>\n\t\t\t\t\t\t\t\t\t\t\t\t\t\t<input size=\"1\" type=\"text\" name=\"form_fields[field_1e2241c]\" id=\"form-field-field_1e2241c\" class=\"elementor-field elementor-size-sm  elementor-field-textual\" placeholder=\"Edat\">\n\t\t\t\t\t\t\t\t\t\t\t<\/div>\n\t\t\t\t\t\t\t\t<div class=\"elementor-field-type-text elementor-field-group elementor-column elementor-field-group-field_d641f26 elementor-col-100\">\n\t\t\t\t\t\t\t\t\t\t\t\t<label for=\"form-field-field_d641f26\" class=\"elementor-field-label elementor-screen-only\">\n\t\t\t\t\t\t\t\tDiagn\u00f2stic\t\t\t\t\t\t\t<\/label>\n\t\t\t\t\t\t\t\t\t\t\t\t\t\t<input size=\"1\" type=\"text\" name=\"form_fields[field_d641f26]\" id=\"form-field-field_d641f26\" class=\"elementor-field elementor-size-sm  elementor-field-textual\" placeholder=\"Diagn\u00f2stic\">\n\t\t\t\t\t\t\t\t\t\t\t<\/div>\n\t\t\t\t\t\t\t\t<div class=\"elementor-field-type-textarea elementor-field-group elementor-column elementor-field-group-field_517ccd3 elementor-col-100\">\n\t\t\t\t\t\t\t\t\t\t\t\t<label for=\"form-field-field_517ccd3\" class=\"elementor-field-label elementor-screen-only\">\n\t\t\t\t\t\t\t\tConsulta\t\t\t\t\t\t\t<\/label>\n\t\t\t\t\t\t<textarea class=\"elementor-field-textual elementor-field  elementor-size-sm\" name=\"form_fields[field_517ccd3]\" id=\"form-field-field_517ccd3\" rows=\"4\" placeholder=\"Consulta\"><\/textarea>\t\t\t\t<\/div>\n\t\t\t\t\t\t\t\t<div class=\"elementor-field-type-acceptance elementor-field-group elementor-column elementor-field-group-field_1d6fb15 elementor-col-100 elementor-field-required\">\n\t\t\t\t\t\t\t\t\t\t\t\t<label for=\"form-field-field_1d6fb15\" class=\"elementor-field-label elementor-screen-only\">\n\t\t\t\t\t\t\t\tPol\u00edtica de privadesa\t\t\t\t\t\t\t<\/label>\n\t\t\t\t\t\t\t\t<div class=\"elementor-field-subgroup\">\n\t\t\t<span class=\"elementor-field-option\">\n\t\t\t\t<input type=\"checkbox\" name=\"form_fields[field_1d6fb15]\" id=\"form-field-field_1d6fb15\" class=\"elementor-field elementor-size-sm  elementor-acceptance-field\" required=\"required\">\n\t\t\t\t<label for=\"form-field-field_1d6fb15\"><a href=\"https:\/\/institutchiaribcn.com\/ca\/avis-legal\/\">Accepto les condicions legals i consenteixo expressament el tractament<br>dades personals d'acord amb el Reglament UE 2016\/679.<br>\nObjectiu: respondre a la vostra sol\u00b7licitud.<\/a><\/label>\t\t\t<\/span>\n\t\t<\/div>\n\t\t\t\t\t\t<\/div>\n\t\t\t\t\t\t\t\t<div class=\"elementor-field-type-recaptcha_v3 elementor-field-group elementor-column elementor-field-group-field_8f3e6a1 elementor-col-100 recaptcha_v3-bottomright\">\n\t\t\t\t\t<div class=\"elementor-field\" id=\"form-field-field_8f3e6a1\"><div class=\"elementor-g-recaptcha\" data-sitekey=\"6LfKPPwrAAAAADQG2azuG7c6dwP67noUhSeWb4wS\" data-type=\"v3\" data-action=\"Form\" data-badge=\"bottomright\" data-size=\"invisible\"><\/div><\/div>\t\t\t\t<\/div>\n\t\t\t\t\t\t\t\t<div class=\"elementor-field-type-text\">\n\t\t\t\t\t<input size=\"1\" type=\"text\" name=\"form_fields[field_2c9e7e8]\" id=\"form-field-field_2c9e7e8\" class=\"elementor-field elementor-size-sm \" style=\"display:none !important;\">\t\t\t\t<\/div>\n\t\t\t\t\t\t\t\t<div class=\"elementor-field-type-hidden elementor-field-group elementor-column elementor-field-group-page_title elementor-col-100\">\n\t\t\t\t\t\t\t\t\t\t\t\t\t<input size=\"1\" type=\"hidden\" name=\"form_fields[page_title]\" id=\"form-field-page_title\" class=\"elementor-field elementor-size-sm  elementor-field-textual\">\n\t\t\t\t\t\t\t\t\t\t\t<\/div>\n\t\t\t\t\t\t\t\t<div class=\"elementor-field-type-hidden elementor-field-group elementor-column elementor-field-group-gclid elementor-col-100\">\n\t\t\t\t\t\t\t\t\t\t\t\t\t<input size=\"1\" type=\"hidden\" name=\"form_fields[gclid]\" id=\"form-field-gclid\" class=\"elementor-field elementor-size-sm  elementor-field-textual\">\n\t\t\t\t\t\t\t\t\t\t\t<\/div>\n\t\t\t\t\t\t\t\t<div class=\"elementor-field-type-hidden elementor-field-group elementor-column elementor-field-group-gad_source elementor-col-100\">\n\t\t\t\t\t\t\t\t\t\t\t\t\t<input size=\"1\" type=\"hidden\" name=\"form_fields[gad_source]\" id=\"form-field-gad_source\" class=\"elementor-field elementor-size-sm  elementor-field-textual\">\n\t\t\t\t\t\t\t\t\t\t\t<\/div>\n\t\t\t\t\t\t\t\t<div class=\"elementor-field-type-hidden elementor-field-group elementor-column elementor-field-group-gad_campaignid elementor-col-100\">\n\t\t\t\t\t\t\t\t\t\t\t\t\t<input size=\"1\" type=\"hidden\" name=\"form_fields[gad_campaignid]\" id=\"form-field-gad_campaignid\" class=\"elementor-field elementor-size-sm  elementor-field-textual\">\n\t\t\t\t\t\t\t\t\t\t\t<\/div>\n\t\t\t\t\t\t\t\t<div class=\"elementor-field-group elementor-column elementor-field-type-submit elementor-col-100 e-form__buttons\">\n\t\t\t\t\t<button class=\"elementor-button elementor-size-xs\" type=\"submit\">\n\t\t\t\t\t\t<span class=\"elementor-button-content-wrapper\">\n\t\t\t\t\t\t\t\t\t\t\t\t\t\t\t<span class=\"elementor-button-icon\">\n\t\t\t\t\t\t\t\t\t<svg aria-hidden=\"true\" class=\"e-font-icon-svg e-fas-paper-plane\" viewBox=\"0 0 512 512\" xmlns=\"http:\/\/www.w3.org\/2000\/svg\"><path d=\"M476 3.2L12.5 270.6c-18.1 10.4-15.8 35.6 2.2 43.2L121 358.4l287.3-253.2c5.5-4.9 13.3 2.6 8.6 8.3L176 407v80.5c0 23.6 28.5 32.9 42.5 15.8L282 426l124.6 52.2c14.2 6 30.4-2.9 33-18.2l72-432C515 7.8 493.3-6.8 476 3.2z\"><\/path><\/svg>\t\t\t\t\t\t\t\t\t\t\t\t\t\t\t\t\t<\/span>\n\t\t\t\t\t\t\t\t\t\t\t\t\t\t\t\t\t\t\t\t\t\t<span class=\"elementor-button-text\">Enviar<\/span>\n\t\t\t\t\t\t\t\t\t\t\t\t\t<\/span>\n\t\t\t\t\t<\/button>\n\t\t\t\t<\/div>\n\t\t\t<\/div>\n\t\t<\/form>\n\t\t\t\t\t\t<\/div>\n\t\t\t\t<\/div>\n\t\t\t\t<\/div>\n\t\t\t\t<\/div>\n\t\t<\/div>\n\t\t\t\t\t\t<\/div>\n\t\t\t\t<\/div>\n\t\t\t\t<\/div>\n\t\t\t\t\t<\/div>\n\t\t\t\t<\/div>\n\t\t\t\t<\/div>\n\t\t","protected":false},"excerpt":{"rendered":"<p>Segons les investigacions de l\u2019ICSEB, el nou concepte de la Malaltia del Filum (MF) implica que es deu a una tracci\u00f3 caudal anormal de tot el sistema nervi\u00f3s, afecta tots els humans en diferents graus d`intensitat, i inclou malalties de causa desconeguda com ara l\u2019Escoliosi idiop\u00e0tica, la Cifosi, la Hiperlordosi, la rectificaci\u00f3 de la columna [&hellip;]<\/p>\n","protected":false},"author":1,"featured_media":0,"parent":0,"menu_order":0,"comment_status":"closed","ping_status":"closed","template":"","meta":{"footnotes":""},"class_list":["post-142484","page","type-page","status-publish","hentry"],"yoast_head":"<!-- This site is optimized with the Yoast SEO plugin v27.1.1 - https:\/\/yoast.com\/product\/yoast-seo-wordpress\/ -->\n<title>Resultats del test de la Malaltia del Filum | ICSEB<\/title>\n<meta name=\"description\" content=\"Consulta els resultats del test autom\u00e0tic orientatiu sobre la Malaltia del Filum i els seus s\u00edmptomes. Eina informativa d\u2019avaluaci\u00f3 a ICSEB.\" \/>\n<meta name=\"robots\" content=\"index, follow, max-snippet:-1, max-image-preview:large, max-video-preview:-1\" \/>\n<link rel=\"canonical\" href=\"https:\/\/institutchiaribcn.com\/ca\/resultats-test-automatic-de-la-malaltia-del-filum\/\" \/>\n<meta property=\"og:locale\" content=\"ca_ES\" \/>\n<meta property=\"og:type\" content=\"article\" \/>\n<meta property=\"og:title\" content=\"Resultats del test de la Malaltia del Filum | ICSEB\" \/>\n<meta property=\"og:description\" content=\"Consulta els resultats del test autom\u00e0tic orientatiu sobre la Malaltia del Filum i els seus s\u00edmptomes. Eina informativa d\u2019avaluaci\u00f3 a ICSEB.\" \/>\n<meta property=\"og:url\" content=\"https:\/\/institutchiaribcn.com\/ca\/resultats-test-automatic-de-la-malaltia-del-filum\/\" \/>\n<meta property=\"og:site_name\" content=\"Institut Chiari\" \/>\n<meta property=\"article:modified_time\" content=\"2026-02-09T09:58:57+00:00\" \/>\n<meta name=\"twitter:card\" content=\"summary_large_image\" \/>\n<meta name=\"twitter:label1\" content=\"Temps estimat de lectura\" \/>\n\t<meta name=\"twitter:data1\" content=\"1 minut\" \/>\n<script type=\"application\/ld+json\" class=\"yoast-schema-graph\">{\"@context\":\"https:\/\/schema.org\",\"@graph\":[{\"@type\":\"WebPage\",\"@id\":\"https:\/\/institutchiaribcn.com\/ca\/resultats-test-automatic-de-la-malaltia-del-filum\/\",\"url\":\"https:\/\/institutchiaribcn.com\/ca\/resultats-test-automatic-de-la-malaltia-del-filum\/\",\"name\":\"Resultats del test de la Malaltia del Filum | ICSEB\",\"isPartOf\":{\"@id\":\"https:\/\/institutchiaribcn.com\/ca\/#website\"},\"datePublished\":\"2025-12-10T07:46:36+00:00\",\"dateModified\":\"2026-02-09T09:58:57+00:00\",\"description\":\"Consulta els resultats del test autom\u00e0tic orientatiu sobre la Malaltia del Filum i els seus s\u00edmptomes. Eina informativa d\u2019avaluaci\u00f3 a ICSEB.\",\"breadcrumb\":{\"@id\":\"https:\/\/institutchiaribcn.com\/ca\/resultats-test-automatic-de-la-malaltia-del-filum\/#breadcrumb\"},\"inLanguage\":\"ca\",\"potentialAction\":[{\"@type\":\"ReadAction\",\"target\":[\"https:\/\/institutchiaribcn.com\/ca\/resultats-test-automatic-de-la-malaltia-del-filum\/\"]}]},{\"@type\":\"BreadcrumbList\",\"@id\":\"https:\/\/institutchiaribcn.com\/ca\/resultats-test-automatic-de-la-malaltia-del-filum\/#breadcrumb\",\"itemListElement\":[{\"@type\":\"ListItem\",\"position\":1,\"name\":\"Portada\",\"item\":\"https:\/\/institutchiaribcn.com\/ca\/\"},{\"@type\":\"ListItem\",\"position\":2,\"name\":\"Resultats Test autom\u00e0tic de la Malaltia del F\u00edlum\"}]},{\"@type\":\"WebSite\",\"@id\":\"https:\/\/institutchiaribcn.com\/ca\/#website\",\"url\":\"https:\/\/institutchiaribcn.com\/ca\/\",\"name\":\"Institut Chiari de Barcelona\",\"description\":\"\",\"publisher\":{\"@id\":\"https:\/\/institutchiaribcn.com\/ca\/#organization\"},\"potentialAction\":[{\"@type\":\"SearchAction\",\"target\":{\"@type\":\"EntryPoint\",\"urlTemplate\":\"https:\/\/institutchiaribcn.com\/ca\/?s={search_term_string}\"},\"query-input\":{\"@type\":\"PropertyValueSpecification\",\"valueRequired\":true,\"valueName\":\"search_term_string\"}}],\"inLanguage\":\"ca\"},{\"@type\":\"Organization\",\"@id\":\"https:\/\/institutchiaribcn.com\/ca\/#organization\",\"name\":\"Institut Chiari de Barcelona\",\"url\":\"https:\/\/institutchiaribcn.com\/ca\/\",\"logo\":{\"@type\":\"ImageObject\",\"inLanguage\":\"ca\",\"@id\":\"https:\/\/institutchiaribcn.com\/ca\/#\/schema\/logo\/image\/\",\"url\":\"https:\/\/institutchiaribcn.com\/wp-content\/uploads\/2025\/10\/cropped-cropped-icsebNavLogo-1.png\",\"contentUrl\":\"https:\/\/institutchiaribcn.com\/wp-content\/uploads\/2025\/10\/cropped-cropped-icsebNavLogo-1.png\",\"width\":245,\"height\":99,\"caption\":\"Institut Chiari de Barcelona\"},\"image\":{\"@id\":\"https:\/\/institutchiaribcn.com\/ca\/#\/schema\/logo\/image\/\"}}]}<\/script>\n<!-- \/ Yoast SEO plugin. -->","yoast_head_json":{"title":"Resultats del test de la Malaltia del Filum | ICSEB","description":"Consulta els resultats del test autom\u00e0tic orientatiu sobre la Malaltia del Filum i els seus s\u00edmptomes. Eina informativa d\u2019avaluaci\u00f3 a ICSEB.","robots":{"index":"index","follow":"follow","max-snippet":"max-snippet:-1","max-image-preview":"max-image-preview:large","max-video-preview":"max-video-preview:-1"},"canonical":"https:\/\/institutchiaribcn.com\/ca\/resultats-test-automatic-de-la-malaltia-del-filum\/","og_locale":"ca_ES","og_type":"article","og_title":"Resultats del test de la Malaltia del Filum | ICSEB","og_description":"Consulta els resultats del test autom\u00e0tic orientatiu sobre la Malaltia del Filum i els seus s\u00edmptomes. Eina informativa d\u2019avaluaci\u00f3 a ICSEB.","og_url":"https:\/\/institutchiaribcn.com\/ca\/resultats-test-automatic-de-la-malaltia-del-filum\/","og_site_name":"Institut Chiari","article_modified_time":"2026-02-09T09:58:57+00:00","twitter_card":"summary_large_image","twitter_misc":{"Temps estimat de lectura":"1 minut"},"schema":{"@context":"https:\/\/schema.org","@graph":[{"@type":"WebPage","@id":"https:\/\/institutchiaribcn.com\/ca\/resultats-test-automatic-de-la-malaltia-del-filum\/","url":"https:\/\/institutchiaribcn.com\/ca\/resultats-test-automatic-de-la-malaltia-del-filum\/","name":"Resultats del test de la Malaltia del Filum | ICSEB","isPartOf":{"@id":"https:\/\/institutchiaribcn.com\/ca\/#website"},"datePublished":"2025-12-10T07:46:36+00:00","dateModified":"2026-02-09T09:58:57+00:00","description":"Consulta els resultats del test autom\u00e0tic orientatiu sobre la Malaltia del Filum i els seus s\u00edmptomes. Eina informativa d\u2019avaluaci\u00f3 a ICSEB.","breadcrumb":{"@id":"https:\/\/institutchiaribcn.com\/ca\/resultats-test-automatic-de-la-malaltia-del-filum\/#breadcrumb"},"inLanguage":"ca","potentialAction":[{"@type":"ReadAction","target":["https:\/\/institutchiaribcn.com\/ca\/resultats-test-automatic-de-la-malaltia-del-filum\/"]}]},{"@type":"BreadcrumbList","@id":"https:\/\/institutchiaribcn.com\/ca\/resultats-test-automatic-de-la-malaltia-del-filum\/#breadcrumb","itemListElement":[{"@type":"ListItem","position":1,"name":"Portada","item":"https:\/\/institutchiaribcn.com\/ca\/"},{"@type":"ListItem","position":2,"name":"Resultats Test autom\u00e0tic de la Malaltia del F\u00edlum"}]},{"@type":"WebSite","@id":"https:\/\/institutchiaribcn.com\/ca\/#website","url":"https:\/\/institutchiaribcn.com\/ca\/","name":"Institut Chiari de Barcelona","description":"","publisher":{"@id":"https:\/\/institutchiaribcn.com\/ca\/#organization"},"potentialAction":[{"@type":"SearchAction","target":{"@type":"EntryPoint","urlTemplate":"https:\/\/institutchiaribcn.com\/ca\/?s={search_term_string}"},"query-input":{"@type":"PropertyValueSpecification","valueRequired":true,"valueName":"search_term_string"}}],"inLanguage":"ca"},{"@type":"Organization","@id":"https:\/\/institutchiaribcn.com\/ca\/#organization","name":"Institut Chiari de Barcelona","url":"https:\/\/institutchiaribcn.com\/ca\/","logo":{"@type":"ImageObject","inLanguage":"ca","@id":"https:\/\/institutchiaribcn.com\/ca\/#\/schema\/logo\/image\/","url":"https:\/\/institutchiaribcn.com\/wp-content\/uploads\/2025\/10\/cropped-cropped-icsebNavLogo-1.png","contentUrl":"https:\/\/institutchiaribcn.com\/wp-content\/uploads\/2025\/10\/cropped-cropped-icsebNavLogo-1.png","width":245,"height":99,"caption":"Institut Chiari de Barcelona"},"image":{"@id":"https:\/\/institutchiaribcn.com\/ca\/#\/schema\/logo\/image\/"}}]}},"_links":{"self":[{"href":"https:\/\/institutchiaribcn.com\/ca\/wp-json\/wp\/v2\/pages\/142484","targetHints":{"allow":["GET"]}}],"collection":[{"href":"https:\/\/institutchiaribcn.com\/ca\/wp-json\/wp\/v2\/pages"}],"about":[{"href":"https:\/\/institutchiaribcn.com\/ca\/wp-json\/wp\/v2\/types\/page"}],"author":[{"embeddable":true,"href":"https:\/\/institutchiaribcn.com\/ca\/wp-json\/wp\/v2\/users\/1"}],"replies":[{"embeddable":true,"href":"https:\/\/institutchiaribcn.com\/ca\/wp-json\/wp\/v2\/comments?post=142484"}],"version-history":[{"count":8,"href":"https:\/\/institutchiaribcn.com\/ca\/wp-json\/wp\/v2\/pages\/142484\/revisions"}],"predecessor-version":[{"id":145078,"href":"https:\/\/institutchiaribcn.com\/ca\/wp-json\/wp\/v2\/pages\/142484\/revisions\/145078"}],"wp:attachment":[{"href":"https:\/\/institutchiaribcn.com\/ca\/wp-json\/wp\/v2\/media?parent=142484"}],"curies":[{"name":"wp","href":"https:\/\/api.w.org\/{rel}","templated":true}]}}