{"id":130246,"date":"2025-10-31T13:11:00","date_gmt":"2025-10-31T12:11:00","guid":{"rendered":"https:\/\/dev.institutchiaribcn.com\/?page_id=130246"},"modified":"2026-03-06T10:05:26","modified_gmt":"2026-03-06T09:05:26","slug":"altres-instruments","status":"publish","type":"page","link":"https:\/\/institutchiaribcn.com\/ca\/altres-instruments\/","title":{"rendered":"Altres instruments"},"content":{"rendered":"\t\t<div data-elementor-type=\"wp-page\" data-elementor-id=\"130246\" class=\"elementor elementor-130246 elementor-130164\" data-elementor-post-type=\"page\">\n\t\t\t\t<div class=\"elementor-element elementor-element-ead9dd5 e-flex e-con-boxed e-con e-parent\" data-id=\"ead9dd5\" data-element_type=\"container\" data-e-type=\"container\">\n\t\t\t\t\t<div class=\"e-con-inner\">\n\t\t\t\t<div class=\"elementor-element elementor-element-ffc210c elementor-widget elementor-widget-heading\" data-id=\"ffc210c\" data-element_type=\"widget\" data-e-type=\"widget\" data-widget_type=\"heading.default\">\n\t\t\t\t<div class=\"elementor-widget-container\">\n\t\t\t\t\t<h1 class=\"elementor-heading-title elementor-size-default\">Altres instruments<\/h1>\t\t\t\t<\/div>\n\t\t\t\t<\/div>\n\t\t\t\t<div class=\"elementor-element elementor-element-1673a00 elementor-widget elementor-widget-text-editor\" data-id=\"1673a00\" data-element_type=\"widget\" data-e-type=\"widget\" data-widget_type=\"text-editor.default\">\n\t\t\t\t<div class=\"elementor-widget-container\">\n\t\t\t\t\t\t\t\t\t<p class=\"text-muted aniview centerTXT\">Publicat per\u00a0<a title=\"Entrades de ICSEB\" href=\"https:\/\/institutchiaribcn.com\/ca\/author\/chiari\/\" rel=\"author\">ICSEB<\/a>\u00a0el 18 juny, 2015<\/p><p><strong>\u2013 Declaraci\u00f3n de Helsinki de la AMM \u2013 Principios \u00e9ticos para las investigaciones m\u00e9dicas en seres humanos. \u00daltima actualizaci\u00f3n 64\u00aa Asamblea General, Fortaleza, Brasil, octubre 2013.<\/strong><\/p><p><a href=\"https:\/\/www.wma.net\/es\/30publications\/10policies\/b3\/\">https:\/\/www.wma.net\/es\/30publications\/10policies\/b3\/<\/a><\/p>\t\t\t\t\t\t\t\t<\/div>\n\t\t\t\t<\/div>\n\t\t\t\t\t<\/div>\n\t\t\t\t<\/div>\n\t\t\t\t<\/div>\n\t\t","protected":false},"excerpt":{"rendered":"<p>Altres instruments Publicat per\u00a0ICSEB\u00a0el 18 juny, 2015 \u2013 Declaraci\u00f3n de Helsinki de la AMM \u2013 Principios \u00e9ticos para las investigaciones m\u00e9dicas en seres humanos. \u00daltima actualizaci\u00f3n 64\u00aa Asamblea General, Fortaleza, Brasil, octubre 2013. https:\/\/www.wma.net\/es\/30publications\/10policies\/b3\/<\/p>\n","protected":false},"author":1,"featured_media":0,"parent":0,"menu_order":0,"comment_status":"closed","ping_status":"closed","template":"","meta":{"footnotes":""},"class_list":["post-130246","page","type-page","status-publish","hentry"],"yoast_head":"<!-- This site is optimized with the Yoast SEO plugin v27.1.1 - https:\/\/yoast.com\/product\/yoast-seo-wordpress\/ -->\n<title>Altres instruments jur\u00eddics | ICSEB<\/title>\n<meta name=\"description\" content=\"Altres instruments jur\u00eddics i principis \u00e8tics per a la investigaci\u00f3 m\u00e8dica, inclosa la Declaraci\u00f3 d\u2019H\u00e8lsinki de l\u2019Associaci\u00f3 M\u00e8dica Mundial.\" \/>\n<meta name=\"robots\" content=\"index, follow, max-snippet:-1, max-image-preview:large, max-video-preview:-1\" \/>\n<link rel=\"canonical\" href=\"https:\/\/institutchiaribcn.com\/ca\/altres-instruments\/\" \/>\n<meta property=\"og:locale\" content=\"ca_ES\" \/>\n<meta property=\"og:type\" content=\"article\" \/>\n<meta property=\"og:title\" content=\"Altres instruments jur\u00eddics | ICSEB\" \/>\n<meta property=\"og:description\" content=\"Altres instruments jur\u00eddics i principis \u00e8tics per a la investigaci\u00f3 m\u00e8dica, inclosa la Declaraci\u00f3 d\u2019H\u00e8lsinki de l\u2019Associaci\u00f3 M\u00e8dica Mundial.\" \/>\n<meta property=\"og:url\" content=\"https:\/\/institutchiaribcn.com\/ca\/altres-instruments\/\" \/>\n<meta property=\"og:site_name\" content=\"Institut Chiari\" \/>\n<meta property=\"article:modified_time\" content=\"2026-03-06T09:05:26+00:00\" \/>\n<meta name=\"twitter:card\" content=\"summary_large_image\" \/>\n<meta name=\"twitter:label1\" content=\"Temps estimat de lectura\" \/>\n\t<meta name=\"twitter:data1\" content=\"1 minut\" \/>\n<script type=\"application\/ld+json\" class=\"yoast-schema-graph\">{\"@context\":\"https:\/\/schema.org\",\"@graph\":[{\"@type\":\"WebPage\",\"@id\":\"https:\/\/institutchiaribcn.com\/ca\/altres-instruments\/\",\"url\":\"https:\/\/institutchiaribcn.com\/ca\/altres-instruments\/\",\"name\":\"Altres instruments jur\u00eddics | ICSEB\",\"isPartOf\":{\"@id\":\"https:\/\/institutchiaribcn.com\/ca\/#website\"},\"datePublished\":\"2025-10-31T12:11:00+00:00\",\"dateModified\":\"2026-03-06T09:05:26+00:00\",\"description\":\"Altres instruments jur\u00eddics i principis \u00e8tics per a la investigaci\u00f3 m\u00e8dica, inclosa la Declaraci\u00f3 d\u2019H\u00e8lsinki de l\u2019Associaci\u00f3 M\u00e8dica Mundial.\",\"breadcrumb\":{\"@id\":\"https:\/\/institutchiaribcn.com\/ca\/altres-instruments\/#breadcrumb\"},\"inLanguage\":\"ca\",\"potentialAction\":[{\"@type\":\"ReadAction\",\"target\":[\"https:\/\/institutchiaribcn.com\/ca\/altres-instruments\/\"]}]},{\"@type\":\"BreadcrumbList\",\"@id\":\"https:\/\/institutchiaribcn.com\/ca\/altres-instruments\/#breadcrumb\",\"itemListElement\":[{\"@type\":\"ListItem\",\"position\":1,\"name\":\"Portada\",\"item\":\"https:\/\/institutchiaribcn.com\/ca\/\"},{\"@type\":\"ListItem\",\"position\":2,\"name\":\"Altres instruments\"}]},{\"@type\":\"WebSite\",\"@id\":\"https:\/\/institutchiaribcn.com\/ca\/#website\",\"url\":\"https:\/\/institutchiaribcn.com\/ca\/\",\"name\":\"Institut Chiari de Barcelona\",\"description\":\"\",\"publisher\":{\"@id\":\"https:\/\/institutchiaribcn.com\/ca\/#organization\"},\"potentialAction\":[{\"@type\":\"SearchAction\",\"target\":{\"@type\":\"EntryPoint\",\"urlTemplate\":\"https:\/\/institutchiaribcn.com\/ca\/?s={search_term_string}\"},\"query-input\":{\"@type\":\"PropertyValueSpecification\",\"valueRequired\":true,\"valueName\":\"search_term_string\"}}],\"inLanguage\":\"ca\"},{\"@type\":\"Organization\",\"@id\":\"https:\/\/institutchiaribcn.com\/ca\/#organization\",\"name\":\"Institut Chiari de Barcelona\",\"url\":\"https:\/\/institutchiaribcn.com\/ca\/\",\"logo\":{\"@type\":\"ImageObject\",\"inLanguage\":\"ca\",\"@id\":\"https:\/\/institutchiaribcn.com\/ca\/#\/schema\/logo\/image\/\",\"url\":\"https:\/\/institutchiaribcn.com\/wp-content\/uploads\/2025\/10\/cropped-cropped-icsebNavLogo-1.png\",\"contentUrl\":\"https:\/\/institutchiaribcn.com\/wp-content\/uploads\/2025\/10\/cropped-cropped-icsebNavLogo-1.png\",\"width\":245,\"height\":99,\"caption\":\"Institut Chiari de Barcelona\"},\"image\":{\"@id\":\"https:\/\/institutchiaribcn.com\/ca\/#\/schema\/logo\/image\/\"}}]}<\/script>\n<!-- \/ Yoast SEO plugin. -->","yoast_head_json":{"title":"Altres instruments jur\u00eddics | ICSEB","description":"Altres instruments jur\u00eddics i principis \u00e8tics per a la investigaci\u00f3 m\u00e8dica, inclosa la Declaraci\u00f3 d\u2019H\u00e8lsinki de l\u2019Associaci\u00f3 M\u00e8dica Mundial.","robots":{"index":"index","follow":"follow","max-snippet":"max-snippet:-1","max-image-preview":"max-image-preview:large","max-video-preview":"max-video-preview:-1"},"canonical":"https:\/\/institutchiaribcn.com\/ca\/altres-instruments\/","og_locale":"ca_ES","og_type":"article","og_title":"Altres instruments jur\u00eddics | ICSEB","og_description":"Altres instruments jur\u00eddics i principis \u00e8tics per a la investigaci\u00f3 m\u00e8dica, inclosa la Declaraci\u00f3 d\u2019H\u00e8lsinki de l\u2019Associaci\u00f3 M\u00e8dica Mundial.","og_url":"https:\/\/institutchiaribcn.com\/ca\/altres-instruments\/","og_site_name":"Institut Chiari","article_modified_time":"2026-03-06T09:05:26+00:00","twitter_card":"summary_large_image","twitter_misc":{"Temps estimat de lectura":"1 minut"},"schema":{"@context":"https:\/\/schema.org","@graph":[{"@type":"WebPage","@id":"https:\/\/institutchiaribcn.com\/ca\/altres-instruments\/","url":"https:\/\/institutchiaribcn.com\/ca\/altres-instruments\/","name":"Altres instruments jur\u00eddics | ICSEB","isPartOf":{"@id":"https:\/\/institutchiaribcn.com\/ca\/#website"},"datePublished":"2025-10-31T12:11:00+00:00","dateModified":"2026-03-06T09:05:26+00:00","description":"Altres instruments jur\u00eddics i principis \u00e8tics per a la investigaci\u00f3 m\u00e8dica, inclosa la Declaraci\u00f3 d\u2019H\u00e8lsinki de l\u2019Associaci\u00f3 M\u00e8dica Mundial.","breadcrumb":{"@id":"https:\/\/institutchiaribcn.com\/ca\/altres-instruments\/#breadcrumb"},"inLanguage":"ca","potentialAction":[{"@type":"ReadAction","target":["https:\/\/institutchiaribcn.com\/ca\/altres-instruments\/"]}]},{"@type":"BreadcrumbList","@id":"https:\/\/institutchiaribcn.com\/ca\/altres-instruments\/#breadcrumb","itemListElement":[{"@type":"ListItem","position":1,"name":"Portada","item":"https:\/\/institutchiaribcn.com\/ca\/"},{"@type":"ListItem","position":2,"name":"Altres instruments"}]},{"@type":"WebSite","@id":"https:\/\/institutchiaribcn.com\/ca\/#website","url":"https:\/\/institutchiaribcn.com\/ca\/","name":"Institut Chiari de Barcelona","description":"","publisher":{"@id":"https:\/\/institutchiaribcn.com\/ca\/#organization"},"potentialAction":[{"@type":"SearchAction","target":{"@type":"EntryPoint","urlTemplate":"https:\/\/institutchiaribcn.com\/ca\/?s={search_term_string}"},"query-input":{"@type":"PropertyValueSpecification","valueRequired":true,"valueName":"search_term_string"}}],"inLanguage":"ca"},{"@type":"Organization","@id":"https:\/\/institutchiaribcn.com\/ca\/#organization","name":"Institut Chiari de Barcelona","url":"https:\/\/institutchiaribcn.com\/ca\/","logo":{"@type":"ImageObject","inLanguage":"ca","@id":"https:\/\/institutchiaribcn.com\/ca\/#\/schema\/logo\/image\/","url":"https:\/\/institutchiaribcn.com\/wp-content\/uploads\/2025\/10\/cropped-cropped-icsebNavLogo-1.png","contentUrl":"https:\/\/institutchiaribcn.com\/wp-content\/uploads\/2025\/10\/cropped-cropped-icsebNavLogo-1.png","width":245,"height":99,"caption":"Institut Chiari de Barcelona"},"image":{"@id":"https:\/\/institutchiaribcn.com\/ca\/#\/schema\/logo\/image\/"}}]}},"_links":{"self":[{"href":"https:\/\/institutchiaribcn.com\/ca\/wp-json\/wp\/v2\/pages\/130246","targetHints":{"allow":["GET"]}}],"collection":[{"href":"https:\/\/institutchiaribcn.com\/ca\/wp-json\/wp\/v2\/pages"}],"about":[{"href":"https:\/\/institutchiaribcn.com\/ca\/wp-json\/wp\/v2\/types\/page"}],"author":[{"embeddable":true,"href":"https:\/\/institutchiaribcn.com\/ca\/wp-json\/wp\/v2\/users\/1"}],"replies":[{"embeddable":true,"href":"https:\/\/institutchiaribcn.com\/ca\/wp-json\/wp\/v2\/comments?post=130246"}],"version-history":[{"count":1,"href":"https:\/\/institutchiaribcn.com\/ca\/wp-json\/wp\/v2\/pages\/130246\/revisions"}],"predecessor-version":[{"id":147053,"href":"https:\/\/institutchiaribcn.com\/ca\/wp-json\/wp\/v2\/pages\/130246\/revisions\/147053"}],"wp:attachment":[{"href":"https:\/\/institutchiaribcn.com\/ca\/wp-json\/wp\/v2\/media?parent=130246"}],"curies":[{"name":"wp","href":"https:\/\/api.w.org\/{rel}","templated":true}]}}