{"id":115510,"date":"2025-10-10T21:43:55","date_gmt":"2025-10-10T19:43:55","guid":{"rendered":"https:\/\/dev.institutchiaribcn.com\/videos-familiares\/"},"modified":"2026-03-26T10:58:48","modified_gmt":"2026-03-26T09:58:48","slug":"videos-familiars","status":"publish","type":"page","link":"https:\/\/institutchiaribcn.com\/ca\/videos-familiars\/","title":{"rendered":"Videos familiars"},"content":{"rendered":"\t\t<div data-elementor-type=\"wp-page\" data-elementor-id=\"115510\" class=\"elementor elementor-115510 elementor-115437\" data-elementor-post-type=\"page\">\n\t\t\t\t<div class=\"elementor-element elementor-element-7084e76 e-flex e-con-boxed e-con e-parent\" data-id=\"7084e76\" data-element_type=\"container\" data-e-type=\"container\" data-settings=\"{&quot;background_background&quot;:&quot;classic&quot;}\">\n\t\t\t\t\t<div class=\"e-con-inner\">\n\t\t<div class=\"elementor-element elementor-element-7ea8552 e-con-full e-flex e-con e-child\" data-id=\"7ea8552\" data-element_type=\"container\" data-e-type=\"container\">\n\t\t\t\t<div class=\"elementor-element elementor-element-5fb58ca elementor-widget elementor-widget-heading\" data-id=\"5fb58ca\" data-element_type=\"widget\" data-e-type=\"widget\" data-widget_type=\"heading.default\">\n\t\t\t\t<div class=\"elementor-widget-container\">\n\t\t\t\t\t<h1 class=\"elementor-heading-title elementor-size-default\">Videos familiars<\/h1>\t\t\t\t<\/div>\n\t\t\t\t<\/div>\n\t\t\t\t<div class=\"elementor-element elementor-element-c504bfc elementor-widget elementor-widget-heading\" data-id=\"c504bfc\" data-element_type=\"widget\" data-e-type=\"widget\" data-widget_type=\"heading.default\">\n\t\t\t\t<div class=\"elementor-widget-container\">\n\t\t\t\t\t<h2 class=\"elementor-heading-title elementor-size-default\">Institut Chiari &amp; Siringomielia &amp; Escoliosis de Barcelona<\/h2>\t\t\t\t<\/div>\n\t\t\t\t<\/div>\n\t\t\t\t<\/div>\n\t\t\t\t\t<\/div>\n\t\t\t\t<\/div>\n\t\t<div class=\"elementor-element elementor-element-5c20407 e-flex e-con-boxed e-con e-parent\" data-id=\"5c20407\" data-element_type=\"container\" data-e-type=\"container\">\n\t\t\t\t\t<div class=\"e-con-inner\">\n\t\t\t\t<div class=\"elementor-element elementor-element-5df11ab elementor-widget elementor-widget-text-editor\" data-id=\"5df11ab\" data-element_type=\"widget\" data-e-type=\"widget\" data-widget_type=\"text-editor.default\">\n\t\t\t\t<div class=\"elementor-widget-container\">\n\t\t\t\t\t\t\t\t\t<p>Des de l\u2019octubre del 1993 fins a l\u2019actualitat s\u2019ha tractat i intervingut, segons els protocols del\u00a0<strong>FILUM-SYSTEM<sup>\u00ae<\/sup><\/strong>, a m\u00e9s de 2100 pacients afectats de la S\u00edndrome Neuro-Cranio-vertebral i\/o Malaltia del Filum amb Arnold Chiari I, Siringomi\u00e8lia i Escoliosi, en diferents combinacions diagn\u00f2stiques entre elles. En la majoria dels casos, s\u2019han obtingut evolucions favorables amb un elevat \u00edndex de satisfacci\u00f3 dels pacients.<\/p><p>Des de ja fa uns anys es convida als pacients en fase postoperat\u00f2ria de seguiment a relatar en un v\u00eddeo el seu testimoni sobre la seva hist\u00f2ria cl\u00ednica. Els agra\u00efm molt la seva franca i desinteressada implicaci\u00f3 per expressar les seves opinions respecte als nostres tractaments exclusius.<\/p><p><strong>NOTA:\u00a0<\/strong><i>Les opinions expressades en els testimonis aqu\u00ed publicats s\u00f3n de responsabilitat exclusiva dels autors i no reflecteixen, necess\u00e0riament, els punts de vista de l\u2019Institut Chiari &amp; Siringomielia &amp; Escoliosis de Barcelona (ICSEB).<\/i><\/p>\t\t\t\t\t\t\t\t<\/div>\n\t\t\t\t<\/div>\n\t\t\t\t\t<\/div>\n\t\t\t\t<\/div>\n\t\t\t\t<\/div>\n\t\t","protected":false},"excerpt":{"rendered":"<p>Videos familiars Institut Chiari &amp; Siringomielia &amp; Escoliosis de Barcelona Des de l\u2019octubre del 1993 fins a l\u2019actualitat s\u2019ha tractat i intervingut, segons els protocols del\u00a0FILUM-SYSTEM\u00ae, a m\u00e9s de 2100 pacients afectats de la S\u00edndrome Neuro-Cranio-vertebral i\/o Malaltia del Filum amb Arnold Chiari I, Siringomi\u00e8lia i Escoliosi, en diferents combinacions diagn\u00f2stiques entre elles. En la [&hellip;]<\/p>\n","protected":false},"author":1,"featured_media":0,"parent":0,"menu_order":0,"comment_status":"closed","ping_status":"closed","template":"","meta":{"footnotes":""},"class_list":["post-115510","page","type-page","status-publish","hentry"],"yoast_head":"<!-- This site is optimized with the Yoast SEO plugin v27.1.1 - https:\/\/yoast.com\/product\/yoast-seo-wordpress\/ -->\n<title>V\u00eddeos de testimonis de familiars i acompanyants | ICSEB<\/title>\n<meta name=\"description\" content=\"Des de l\u2019octubre del 1993 fins a l\u2019actualitat s\u2019ha tractat i intervingut, segons els protocols del\u00a0FILUM-SYSTEM\u00ae, a m\u00e9s de... \u00a0 Llegir m\u00e9s \u2192\" \/>\n<meta name=\"robots\" content=\"index, follow, max-snippet:-1, max-image-preview:large, max-video-preview:-1\" \/>\n<link rel=\"canonical\" href=\"https:\/\/institutchiaribcn.com\/ca\/videos-familiars\/\" \/>\n<meta property=\"og:locale\" content=\"ca_ES\" \/>\n<meta property=\"og:type\" content=\"article\" \/>\n<meta property=\"og:title\" content=\"V\u00eddeos de testimonis de familiars i acompanyants | ICSEB\" \/>\n<meta property=\"og:description\" content=\"Des de l\u2019octubre del 1993 fins a l\u2019actualitat s\u2019ha tractat i intervingut, segons els protocols del\u00a0FILUM-SYSTEM\u00ae, a m\u00e9s de... \u00a0 Llegir m\u00e9s \u2192\" \/>\n<meta property=\"og:url\" content=\"https:\/\/institutchiaribcn.com\/ca\/videos-familiars\/\" \/>\n<meta property=\"og:site_name\" content=\"Institut Chiari\" \/>\n<meta property=\"article:modified_time\" content=\"2026-03-26T09:58:48+00:00\" \/>\n<meta name=\"twitter:card\" content=\"summary_large_image\" \/>\n<meta name=\"twitter:label1\" content=\"Temps estimat de lectura\" \/>\n\t<meta name=\"twitter:data1\" content=\"1 minut\" \/>\n<script type=\"application\/ld+json\" class=\"yoast-schema-graph\">{\"@context\":\"https:\/\/schema.org\",\"@graph\":[{\"@type\":\"WebPage\",\"@id\":\"https:\/\/institutchiaribcn.com\/ca\/videos-familiars\/\",\"url\":\"https:\/\/institutchiaribcn.com\/ca\/videos-familiars\/\",\"name\":\"V\u00eddeos de testimonis de familiars i acompanyants | ICSEB\",\"isPartOf\":{\"@id\":\"https:\/\/institutchiaribcn.com\/ca\/#website\"},\"datePublished\":\"2025-10-10T19:43:55+00:00\",\"dateModified\":\"2026-03-26T09:58:48+00:00\",\"description\":\"Des de l\u2019octubre del 1993 fins a l\u2019actualitat s\u2019ha tractat i intervingut, segons els protocols del\u00a0FILUM-SYSTEM\u00ae, a m\u00e9s de... \u00a0 Llegir m\u00e9s \u2192\",\"breadcrumb\":{\"@id\":\"https:\/\/institutchiaribcn.com\/ca\/videos-familiars\/#breadcrumb\"},\"inLanguage\":\"ca\",\"potentialAction\":[{\"@type\":\"ReadAction\",\"target\":[\"https:\/\/institutchiaribcn.com\/ca\/videos-familiars\/\"]}]},{\"@type\":\"BreadcrumbList\",\"@id\":\"https:\/\/institutchiaribcn.com\/ca\/videos-familiars\/#breadcrumb\",\"itemListElement\":[{\"@type\":\"ListItem\",\"position\":1,\"name\":\"Portada\",\"item\":\"https:\/\/institutchiaribcn.com\/ca\/\"},{\"@type\":\"ListItem\",\"position\":2,\"name\":\"Videos familiars\"}]},{\"@type\":\"WebSite\",\"@id\":\"https:\/\/institutchiaribcn.com\/ca\/#website\",\"url\":\"https:\/\/institutchiaribcn.com\/ca\/\",\"name\":\"Institut Chiari de Barcelona\",\"description\":\"\",\"publisher\":{\"@id\":\"https:\/\/institutchiaribcn.com\/ca\/#organization\"},\"potentialAction\":[{\"@type\":\"SearchAction\",\"target\":{\"@type\":\"EntryPoint\",\"urlTemplate\":\"https:\/\/institutchiaribcn.com\/ca\/?s={search_term_string}\"},\"query-input\":{\"@type\":\"PropertyValueSpecification\",\"valueRequired\":true,\"valueName\":\"search_term_string\"}}],\"inLanguage\":\"ca\"},{\"@type\":\"Organization\",\"@id\":\"https:\/\/institutchiaribcn.com\/ca\/#organization\",\"name\":\"Institut Chiari de Barcelona\",\"url\":\"https:\/\/institutchiaribcn.com\/ca\/\",\"logo\":{\"@type\":\"ImageObject\",\"inLanguage\":\"ca\",\"@id\":\"https:\/\/institutchiaribcn.com\/ca\/#\/schema\/logo\/image\/\",\"url\":\"https:\/\/institutchiaribcn.com\/wp-content\/uploads\/2025\/10\/cropped-cropped-icsebNavLogo-1.png\",\"contentUrl\":\"https:\/\/institutchiaribcn.com\/wp-content\/uploads\/2025\/10\/cropped-cropped-icsebNavLogo-1.png\",\"width\":245,\"height\":99,\"caption\":\"Institut Chiari de Barcelona\"},\"image\":{\"@id\":\"https:\/\/institutchiaribcn.com\/ca\/#\/schema\/logo\/image\/\"}}]}<\/script>\n<!-- \/ Yoast SEO plugin. -->","yoast_head_json":{"title":"V\u00eddeos de testimonis de familiars i acompanyants | ICSEB","description":"Des de l\u2019octubre del 1993 fins a l\u2019actualitat s\u2019ha tractat i intervingut, segons els protocols del\u00a0FILUM-SYSTEM\u00ae, a m\u00e9s de... \u00a0 Llegir m\u00e9s \u2192","robots":{"index":"index","follow":"follow","max-snippet":"max-snippet:-1","max-image-preview":"max-image-preview:large","max-video-preview":"max-video-preview:-1"},"canonical":"https:\/\/institutchiaribcn.com\/ca\/videos-familiars\/","og_locale":"ca_ES","og_type":"article","og_title":"V\u00eddeos de testimonis de familiars i acompanyants | ICSEB","og_description":"Des de l\u2019octubre del 1993 fins a l\u2019actualitat s\u2019ha tractat i intervingut, segons els protocols del\u00a0FILUM-SYSTEM\u00ae, a m\u00e9s de... \u00a0 Llegir m\u00e9s \u2192","og_url":"https:\/\/institutchiaribcn.com\/ca\/videos-familiars\/","og_site_name":"Institut Chiari","article_modified_time":"2026-03-26T09:58:48+00:00","twitter_card":"summary_large_image","twitter_misc":{"Temps estimat de lectura":"1 minut"},"schema":{"@context":"https:\/\/schema.org","@graph":[{"@type":"WebPage","@id":"https:\/\/institutchiaribcn.com\/ca\/videos-familiars\/","url":"https:\/\/institutchiaribcn.com\/ca\/videos-familiars\/","name":"V\u00eddeos de testimonis de familiars i acompanyants | ICSEB","isPartOf":{"@id":"https:\/\/institutchiaribcn.com\/ca\/#website"},"datePublished":"2025-10-10T19:43:55+00:00","dateModified":"2026-03-26T09:58:48+00:00","description":"Des de l\u2019octubre del 1993 fins a l\u2019actualitat s\u2019ha tractat i intervingut, segons els protocols del\u00a0FILUM-SYSTEM\u00ae, a m\u00e9s de... \u00a0 Llegir m\u00e9s \u2192","breadcrumb":{"@id":"https:\/\/institutchiaribcn.com\/ca\/videos-familiars\/#breadcrumb"},"inLanguage":"ca","potentialAction":[{"@type":"ReadAction","target":["https:\/\/institutchiaribcn.com\/ca\/videos-familiars\/"]}]},{"@type":"BreadcrumbList","@id":"https:\/\/institutchiaribcn.com\/ca\/videos-familiars\/#breadcrumb","itemListElement":[{"@type":"ListItem","position":1,"name":"Portada","item":"https:\/\/institutchiaribcn.com\/ca\/"},{"@type":"ListItem","position":2,"name":"Videos familiars"}]},{"@type":"WebSite","@id":"https:\/\/institutchiaribcn.com\/ca\/#website","url":"https:\/\/institutchiaribcn.com\/ca\/","name":"Institut Chiari de Barcelona","description":"","publisher":{"@id":"https:\/\/institutchiaribcn.com\/ca\/#organization"},"potentialAction":[{"@type":"SearchAction","target":{"@type":"EntryPoint","urlTemplate":"https:\/\/institutchiaribcn.com\/ca\/?s={search_term_string}"},"query-input":{"@type":"PropertyValueSpecification","valueRequired":true,"valueName":"search_term_string"}}],"inLanguage":"ca"},{"@type":"Organization","@id":"https:\/\/institutchiaribcn.com\/ca\/#organization","name":"Institut Chiari de Barcelona","url":"https:\/\/institutchiaribcn.com\/ca\/","logo":{"@type":"ImageObject","inLanguage":"ca","@id":"https:\/\/institutchiaribcn.com\/ca\/#\/schema\/logo\/image\/","url":"https:\/\/institutchiaribcn.com\/wp-content\/uploads\/2025\/10\/cropped-cropped-icsebNavLogo-1.png","contentUrl":"https:\/\/institutchiaribcn.com\/wp-content\/uploads\/2025\/10\/cropped-cropped-icsebNavLogo-1.png","width":245,"height":99,"caption":"Institut Chiari de Barcelona"},"image":{"@id":"https:\/\/institutchiaribcn.com\/ca\/#\/schema\/logo\/image\/"}}]}},"_links":{"self":[{"href":"https:\/\/institutchiaribcn.com\/ca\/wp-json\/wp\/v2\/pages\/115510","targetHints":{"allow":["GET"]}}],"collection":[{"href":"https:\/\/institutchiaribcn.com\/ca\/wp-json\/wp\/v2\/pages"}],"about":[{"href":"https:\/\/institutchiaribcn.com\/ca\/wp-json\/wp\/v2\/types\/page"}],"author":[{"embeddable":true,"href":"https:\/\/institutchiaribcn.com\/ca\/wp-json\/wp\/v2\/users\/1"}],"replies":[{"embeddable":true,"href":"https:\/\/institutchiaribcn.com\/ca\/wp-json\/wp\/v2\/comments?post=115510"}],"version-history":[{"count":1,"href":"https:\/\/institutchiaribcn.com\/ca\/wp-json\/wp\/v2\/pages\/115510\/revisions"}],"predecessor-version":[{"id":145240,"href":"https:\/\/institutchiaribcn.com\/ca\/wp-json\/wp\/v2\/pages\/115510\/revisions\/145240"}],"wp:attachment":[{"href":"https:\/\/institutchiaribcn.com\/ca\/wp-json\/wp\/v2\/media?parent=115510"}],"curies":[{"name":"wp","href":"https:\/\/api.w.org\/{rel}","templated":true}]}}