{"id":115496,"date":"2025-10-10T21:38:21","date_gmt":"2025-10-10T19:38:21","guid":{"rendered":"https:\/\/dev.institutchiaribcn.com\/icseb-testimonios-de-familiares\/"},"modified":"2026-02-11T11:35:25","modified_gmt":"2026-02-11T10:35:25","slug":"testimonis-familiars","status":"publish","type":"page","link":"https:\/\/institutchiaribcn.com\/ca\/testimonis-familiars\/","title":{"rendered":"Testimonis familiars"},"content":{"rendered":"\t\t<div data-elementor-type=\"wp-page\" data-elementor-id=\"115496\" class=\"elementor elementor-115496 elementor-115425\" data-elementor-post-type=\"page\">\n\t\t\t\t<div class=\"elementor-element elementor-element-fec4afd e-flex e-con-boxed e-con e-parent\" data-id=\"fec4afd\" data-element_type=\"container\" data-e-type=\"container\" data-settings=\"{&quot;background_background&quot;:&quot;classic&quot;}\">\n\t\t\t\t\t<div class=\"e-con-inner\">\n\t\t<div class=\"elementor-element elementor-element-21225b9 e-con-full e-flex e-con e-child\" data-id=\"21225b9\" data-element_type=\"container\" data-e-type=\"container\">\n\t\t\t\t<div class=\"elementor-element elementor-element-449b353 elementor-widget elementor-widget-heading\" data-id=\"449b353\" data-element_type=\"widget\" data-e-type=\"widget\" data-widget_type=\"heading.default\">\n\t\t\t\t<div class=\"elementor-widget-container\">\n\t\t\t\t\t<h1 class=\"elementor-heading-title elementor-size-default\">Testimonis familiars<\/h1>\t\t\t\t<\/div>\n\t\t\t\t<\/div>\n\t\t\t\t<div class=\"elementor-element elementor-element-b10107a elementor-widget elementor-widget-heading\" data-id=\"b10107a\" data-element_type=\"widget\" data-e-type=\"widget\" data-widget_type=\"heading.default\">\n\t\t\t\t<div class=\"elementor-widget-container\">\n\t\t\t\t\t<h2 class=\"elementor-heading-title elementor-size-default\">Institut Chiari &amp; Siringomielia &amp; Escoliosis de Barcelona<\/h2>\t\t\t\t<\/div>\n\t\t\t\t<\/div>\n\t\t\t\t<\/div>\n\t\t\t\t\t<\/div>\n\t\t\t\t<\/div>\n\t\t<div class=\"elementor-element elementor-element-7c31aa0 e-flex e-con-boxed e-con e-parent\" data-id=\"7c31aa0\" data-element_type=\"container\" data-e-type=\"container\">\n\t\t\t\t\t<div class=\"e-con-inner\">\n\t\t\t\t<div class=\"elementor-element elementor-element-63e8a19 elementor-widget elementor-widget-text-editor\" data-id=\"63e8a19\" data-element_type=\"widget\" data-e-type=\"widget\" data-widget_type=\"text-editor.default\">\n\t\t\t\t<div class=\"elementor-widget-container\">\n\t\t\t\t\t\t\t\t\t<div class=\"jumbotron\"><p>Des de l\u2019octubre del 1993 fins al juliol del 2017 s\u2019ha tractat i intervingut, segons els protocols del\u00a0<strong>FILUM-SYSTEM<sup>\u00ae<\/sup><\/strong>, a m\u00e9s de 1000 pacients afectats de la S\u00edndrome Neuro-Cranio-vertebral i\/o Malaltia del Filum amb Arnold Chiari I, Siringomi\u00e8lia i Escoliosi, en diferents combinacions diagn\u00f2stiques entre elles. En la majoria dels casos, s\u2019han obtingut evolucions favorables amb un elevat \u00edndex de satisfacci\u00f3 dels pacients.<\/p><p>No existeixen, fins a dia d\u2019avui, estudis publicats sobre la Malaltia del Filum en relaci\u00f3 a l\u2019her\u00e8ncia gen\u00e8tica. No obstant, per les patologies anteriorment mencionades que la componen i els nostres propis estudis en via de publicaci\u00f3 sobre la nostra experi\u00e8ncia cl\u00ednica, sabem que existeix un clar component hereditari. Si afegim l\u2019extremada freq\u00fc\u00e8ncia de la malaltia, el 20% de la poblaci\u00f3 mundial, s\u2019ent\u00e9n que en moltes fam\u00edlies hi hagi m\u00e9s d\u2019un afectat.<\/p><p>Des de l\u2019ICSEB donem als familiars dels pacients diagnosticats pautes, consells i recomanacions per a que puguin detecta, de forma preco\u00e7, la Malaltia del Filum i aix\u00ed poder aplicar quan abans millor el\u00a0<strong>FILUM-SYSTEM<sup>\u00ae<\/sup><\/strong>.<\/p><p>En aquest apartat de testimonis familiars, els pacients operats han donat la seva disponibilitat per relatar el conjunt d\u2019experi\u00e8ncies, i aix\u00ed poder oferir un exemple de com la malaltia pot afectar a diferents membres d\u2019una mateixa fam\u00edlia. Els agra\u00efm molt la seva franca, i desinteressada, implicaci\u00f3 en voler expressar les seves opinions respecte al nostre exclusiu tractament.<\/p>\u00a0<p><strong>NOTA:\u00a0<\/strong><i>Les opinions expressades en els testimonis aqu\u00ed publicats s\u00f3n de responsabilitat exclusiva dels autors i no reflecteixen, necess\u00e0riament, els punts de vista de l\u2019Institut Chiari &amp; Siringomielia &amp; Escoliosis de Barcelona (ICSEB).<\/i><\/p><\/div>\t\t\t\t\t\t\t\t<\/div>\n\t\t\t\t<\/div>\n\t\t\t\t\t<\/div>\n\t\t\t\t<\/div>\n\t\t\t\t<\/div>\n\t\t","protected":false},"excerpt":{"rendered":"<p>Testimonis familiars Institut Chiari &amp; Siringomielia &amp; Escoliosis de Barcelona Des de l\u2019octubre del 1993 fins al juliol del 2017 s\u2019ha tractat i intervingut, segons els protocols del\u00a0FILUM-SYSTEM\u00ae, a m\u00e9s de 1000 pacients afectats de la S\u00edndrome Neuro-Cranio-vertebral i\/o Malaltia del Filum amb Arnold Chiari I, Siringomi\u00e8lia i Escoliosi, en diferents combinacions diagn\u00f2stiques entre elles. [&hellip;]<\/p>\n","protected":false},"author":1,"featured_media":0,"parent":0,"menu_order":0,"comment_status":"closed","ping_status":"closed","template":"","meta":{"footnotes":""},"class_list":["post-115496","page","type-page","status-publish","hentry"],"yoast_head":"<!-- This site is optimized with the Yoast SEO plugin v27.4 - https:\/\/yoast.com\/product\/yoast-seo-wordpress\/ -->\n<title>Testimonis de familiars de pacients | ICSEB<\/title>\n<meta name=\"description\" content=\"Familiars de pacients comparteixen l\u2019evoluci\u00f3, el tractament i la recuperaci\u00f3 en casos de patologies neurol\u00f2giques i de la columna a l\u2019ICSEB.\" \/>\n<meta name=\"robots\" content=\"index, follow, max-snippet:-1, max-image-preview:large, max-video-preview:-1\" \/>\n<link rel=\"canonical\" href=\"https:\/\/institutchiaribcn.com\/ca\/testimonis-familiars\/\" \/>\n<meta property=\"og:locale\" content=\"ca_ES\" \/>\n<meta property=\"og:type\" content=\"article\" \/>\n<meta property=\"og:title\" content=\"Testimonis de familiars de pacients | ICSEB\" \/>\n<meta property=\"og:description\" content=\"Familiars de pacients comparteixen l\u2019evoluci\u00f3, el tractament i la recuperaci\u00f3 en casos de patologies neurol\u00f2giques i de la columna a l\u2019ICSEB.\" \/>\n<meta property=\"og:url\" content=\"https:\/\/institutchiaribcn.com\/ca\/testimonis-familiars\/\" \/>\n<meta property=\"og:site_name\" content=\"Institut Chiari Barcelona\" \/>\n<meta property=\"article:modified_time\" content=\"2026-02-11T10:35:25+00:00\" \/>\n<meta name=\"twitter:card\" content=\"summary_large_image\" \/>\n<meta name=\"twitter:label1\" content=\"Temps estimat de lectura\" \/>\n\t<meta name=\"twitter:data1\" content=\"2 minuts\" \/>\n<script type=\"application\/ld+json\" class=\"yoast-schema-graph\">{\"@context\":\"https:\\\/\\\/schema.org\",\"@graph\":[{\"@type\":\"WebPage\",\"@id\":\"https:\\\/\\\/institutchiaribcn.com\\\/ca\\\/testimonis-familiars\\\/\",\"url\":\"https:\\\/\\\/institutchiaribcn.com\\\/ca\\\/testimonis-familiars\\\/\",\"name\":\"Testimonis de familiars de pacients | ICSEB\",\"isPartOf\":{\"@id\":\"https:\\\/\\\/institutchiaribcn.com\\\/ca\\\/#website\"},\"datePublished\":\"2025-10-10T19:38:21+00:00\",\"dateModified\":\"2026-02-11T10:35:25+00:00\",\"description\":\"Familiars de pacients comparteixen l\u2019evoluci\u00f3, el tractament i la recuperaci\u00f3 en casos de patologies neurol\u00f2giques i de la columna a l\u2019ICSEB.\",\"breadcrumb\":{\"@id\":\"https:\\\/\\\/institutchiaribcn.com\\\/ca\\\/testimonis-familiars\\\/#breadcrumb\"},\"inLanguage\":\"ca\",\"potentialAction\":[{\"@type\":\"ReadAction\",\"target\":[\"https:\\\/\\\/institutchiaribcn.com\\\/ca\\\/testimonis-familiars\\\/\"]}]},{\"@type\":\"BreadcrumbList\",\"@id\":\"https:\\\/\\\/institutchiaribcn.com\\\/ca\\\/testimonis-familiars\\\/#breadcrumb\",\"itemListElement\":[{\"@type\":\"ListItem\",\"position\":1,\"name\":\"Portada\",\"item\":\"https:\\\/\\\/institutchiaribcn.com\\\/ca\\\/\"},{\"@type\":\"ListItem\",\"position\":2,\"name\":\"Testimonis familiars\"}]},{\"@type\":\"WebSite\",\"@id\":\"https:\\\/\\\/institutchiaribcn.com\\\/ca\\\/#website\",\"url\":\"https:\\\/\\\/institutchiaribcn.com\\\/ca\\\/\",\"name\":\"Institut Chiari de Barcelona\",\"description\":\"\",\"publisher\":{\"@id\":\"https:\\\/\\\/institutchiaribcn.com\\\/ca\\\/#organization\"},\"potentialAction\":[{\"@type\":\"SearchAction\",\"target\":{\"@type\":\"EntryPoint\",\"urlTemplate\":\"https:\\\/\\\/institutchiaribcn.com\\\/ca\\\/?s={search_term_string}\"},\"query-input\":{\"@type\":\"PropertyValueSpecification\",\"valueRequired\":true,\"valueName\":\"search_term_string\"}}],\"inLanguage\":\"ca\"},{\"@type\":\"Organization\",\"@id\":\"https:\\\/\\\/institutchiaribcn.com\\\/ca\\\/#organization\",\"name\":\"Institut Chiari de Barcelona\",\"url\":\"https:\\\/\\\/institutchiaribcn.com\\\/ca\\\/\",\"logo\":{\"@type\":\"ImageObject\",\"inLanguage\":\"ca\",\"@id\":\"https:\\\/\\\/institutchiaribcn.com\\\/ca\\\/#\\\/schema\\\/logo\\\/image\\\/\",\"url\":\"https:\\\/\\\/institutchiaribcn.com\\\/wp-content\\\/uploads\\\/2025\\\/10\\\/cropped-cropped-icsebNavLogo-1.png\",\"contentUrl\":\"https:\\\/\\\/institutchiaribcn.com\\\/wp-content\\\/uploads\\\/2025\\\/10\\\/cropped-cropped-icsebNavLogo-1.png\",\"width\":245,\"height\":99,\"caption\":\"Institut Chiari de Barcelona\"},\"image\":{\"@id\":\"https:\\\/\\\/institutchiaribcn.com\\\/ca\\\/#\\\/schema\\\/logo\\\/image\\\/\"}}]}<\/script>\n<!-- \/ Yoast SEO plugin. -->","yoast_head_json":{"title":"Testimonis de familiars de pacients | ICSEB","description":"Familiars de pacients comparteixen l\u2019evoluci\u00f3, el tractament i la recuperaci\u00f3 en casos de patologies neurol\u00f2giques i de la columna a l\u2019ICSEB.","robots":{"index":"index","follow":"follow","max-snippet":"max-snippet:-1","max-image-preview":"max-image-preview:large","max-video-preview":"max-video-preview:-1"},"canonical":"https:\/\/institutchiaribcn.com\/ca\/testimonis-familiars\/","og_locale":"ca_ES","og_type":"article","og_title":"Testimonis de familiars de pacients | ICSEB","og_description":"Familiars de pacients comparteixen l\u2019evoluci\u00f3, el tractament i la recuperaci\u00f3 en casos de patologies neurol\u00f2giques i de la columna a l\u2019ICSEB.","og_url":"https:\/\/institutchiaribcn.com\/ca\/testimonis-familiars\/","og_site_name":"Institut Chiari Barcelona","article_modified_time":"2026-02-11T10:35:25+00:00","twitter_card":"summary_large_image","twitter_misc":{"Temps estimat de lectura":"2 minuts"},"schema":{"@context":"https:\/\/schema.org","@graph":[{"@type":"WebPage","@id":"https:\/\/institutchiaribcn.com\/ca\/testimonis-familiars\/","url":"https:\/\/institutchiaribcn.com\/ca\/testimonis-familiars\/","name":"Testimonis de familiars de pacients | ICSEB","isPartOf":{"@id":"https:\/\/institutchiaribcn.com\/ca\/#website"},"datePublished":"2025-10-10T19:38:21+00:00","dateModified":"2026-02-11T10:35:25+00:00","description":"Familiars de pacients comparteixen l\u2019evoluci\u00f3, el tractament i la recuperaci\u00f3 en casos de patologies neurol\u00f2giques i de la columna a l\u2019ICSEB.","breadcrumb":{"@id":"https:\/\/institutchiaribcn.com\/ca\/testimonis-familiars\/#breadcrumb"},"inLanguage":"ca","potentialAction":[{"@type":"ReadAction","target":["https:\/\/institutchiaribcn.com\/ca\/testimonis-familiars\/"]}]},{"@type":"BreadcrumbList","@id":"https:\/\/institutchiaribcn.com\/ca\/testimonis-familiars\/#breadcrumb","itemListElement":[{"@type":"ListItem","position":1,"name":"Portada","item":"https:\/\/institutchiaribcn.com\/ca\/"},{"@type":"ListItem","position":2,"name":"Testimonis familiars"}]},{"@type":"WebSite","@id":"https:\/\/institutchiaribcn.com\/ca\/#website","url":"https:\/\/institutchiaribcn.com\/ca\/","name":"Institut Chiari de Barcelona","description":"","publisher":{"@id":"https:\/\/institutchiaribcn.com\/ca\/#organization"},"potentialAction":[{"@type":"SearchAction","target":{"@type":"EntryPoint","urlTemplate":"https:\/\/institutchiaribcn.com\/ca\/?s={search_term_string}"},"query-input":{"@type":"PropertyValueSpecification","valueRequired":true,"valueName":"search_term_string"}}],"inLanguage":"ca"},{"@type":"Organization","@id":"https:\/\/institutchiaribcn.com\/ca\/#organization","name":"Institut Chiari de Barcelona","url":"https:\/\/institutchiaribcn.com\/ca\/","logo":{"@type":"ImageObject","inLanguage":"ca","@id":"https:\/\/institutchiaribcn.com\/ca\/#\/schema\/logo\/image\/","url":"https:\/\/institutchiaribcn.com\/wp-content\/uploads\/2025\/10\/cropped-cropped-icsebNavLogo-1.png","contentUrl":"https:\/\/institutchiaribcn.com\/wp-content\/uploads\/2025\/10\/cropped-cropped-icsebNavLogo-1.png","width":245,"height":99,"caption":"Institut Chiari de Barcelona"},"image":{"@id":"https:\/\/institutchiaribcn.com\/ca\/#\/schema\/logo\/image\/"}}]}},"_links":{"self":[{"href":"https:\/\/institutchiaribcn.com\/ca\/wp-json\/wp\/v2\/pages\/115496","targetHints":{"allow":["GET"]}}],"collection":[{"href":"https:\/\/institutchiaribcn.com\/ca\/wp-json\/wp\/v2\/pages"}],"about":[{"href":"https:\/\/institutchiaribcn.com\/ca\/wp-json\/wp\/v2\/types\/page"}],"author":[{"embeddable":true,"href":"https:\/\/institutchiaribcn.com\/ca\/wp-json\/wp\/v2\/users\/1"}],"replies":[{"embeddable":true,"href":"https:\/\/institutchiaribcn.com\/ca\/wp-json\/wp\/v2\/comments?post=115496"}],"version-history":[{"count":1,"href":"https:\/\/institutchiaribcn.com\/ca\/wp-json\/wp\/v2\/pages\/115496\/revisions"}],"predecessor-version":[{"id":145192,"href":"https:\/\/institutchiaribcn.com\/ca\/wp-json\/wp\/v2\/pages\/115496\/revisions\/145192"}],"wp:attachment":[{"href":"https:\/\/institutchiaribcn.com\/ca\/wp-json\/wp\/v2\/media?parent=115496"}],"curies":[{"name":"wp","href":"https:\/\/api.w.org\/{rel}","templated":true}]}}