{"id":115489,"date":"2025-10-10T21:37:01","date_gmt":"2025-10-10T19:37:01","guid":{"rendered":"https:\/\/dev.institutchiaribcn.com\/intervenidos-de-columna-vertebral-testimonios\/"},"modified":"2026-03-17T11:05:16","modified_gmt":"2026-03-17T10:05:16","slug":"testimonis-intervinguts-de-columna-vertebral","status":"publish","type":"page","link":"https:\/\/institutchiaribcn.com\/ca\/testimonis-intervinguts-de-columna-vertebral\/","title":{"rendered":"Testimonis Intervinguts de Columna Vertebral"},"content":{"rendered":"\t\t<div data-elementor-type=\"wp-page\" data-elementor-id=\"115489\" class=\"elementor elementor-115489 elementor-115419\" data-elementor-post-type=\"page\">\n\t\t\t\t<div class=\"elementor-element elementor-element-0439f45 e-flex e-con-boxed e-con e-parent\" data-id=\"0439f45\" data-element_type=\"container\" data-e-type=\"container\" data-settings=\"{&quot;background_background&quot;:&quot;classic&quot;}\">\n\t\t\t\t\t<div class=\"e-con-inner\">\n\t\t<div class=\"elementor-element elementor-element-dbbd51c e-con-full e-flex e-con e-child\" data-id=\"dbbd51c\" data-element_type=\"container\" data-e-type=\"container\">\n\t\t\t\t<div class=\"elementor-element elementor-element-157d279 elementor-widget elementor-widget-heading\" data-id=\"157d279\" data-element_type=\"widget\" data-e-type=\"widget\" data-widget_type=\"heading.default\">\n\t\t\t\t<div class=\"elementor-widget-container\">\n\t\t\t\t\t<h1 class=\"elementor-heading-title elementor-size-default\">Testimonis Intervinguts de Columna Vertebral<\/h1>\t\t\t\t<\/div>\n\t\t\t\t<\/div>\n\t\t\t\t<div class=\"elementor-element elementor-element-843b269 elementor-widget elementor-widget-heading\" data-id=\"843b269\" data-element_type=\"widget\" data-e-type=\"widget\" data-widget_type=\"heading.default\">\n\t\t\t\t<div class=\"elementor-widget-container\">\n\t\t\t\t\t<h2 class=\"elementor-heading-title elementor-size-default\">Institut Chiari &amp; Siringomielia &amp; Escoliosis de Barcelona<\/h2>\t\t\t\t<\/div>\n\t\t\t\t<\/div>\n\t\t\t\t<\/div>\n\t\t\t\t\t<\/div>\n\t\t\t\t<\/div>\n\t\t<div class=\"elementor-element elementor-element-d97c481 e-flex e-con-boxed e-con e-parent\" data-id=\"d97c481\" data-element_type=\"container\" data-e-type=\"container\">\n\t\t\t\t\t<div class=\"e-con-inner\">\n\t\t\t\t<div class=\"elementor-element elementor-element-ecc8ddb elementor-widget elementor-widget-text-editor\" data-id=\"ecc8ddb\" data-element_type=\"widget\" data-e-type=\"widget\" data-widget_type=\"text-editor.default\">\n\t\t\t\t<div class=\"elementor-widget-container\">\n\t\t\t\t\t\t\t\t\t<p><strong>NOTA:\u00a0<\/strong><i>Les opinions expressades en els testimonis aqu\u00ed publicats s\u00f3n d&#8217;exclusiva responsabilitat dels autors i no reflecteixen, necess\u00e0riament, els punts de vista de l&#8217;Institut Chiari &amp; Siringomi\u00e8lia &amp; Escoliosi de Barcelona.<\/i><\/p>\t\t\t\t\t\t\t\t<\/div>\n\t\t\t\t<\/div>\n\t\t\t\t\t<\/div>\n\t\t\t\t<\/div>\n\t\t\t\t<\/div>\n\t\t","protected":false},"excerpt":{"rendered":"<p>Testimonis Intervinguts de Columna Vertebral Institut Chiari &amp; Siringomielia &amp; Escoliosis de Barcelona NOTA:\u00a0Les opinions expressades en els testimonis aqu\u00ed publicats s\u00f3n d&#8217;exclusiva responsabilitat dels autors i no reflecteixen, necess\u00e0riament, els punts de vista de l&#8217;Institut Chiari &amp; Siringomi\u00e8lia &amp; Escoliosi de Barcelona.<\/p>\n","protected":false},"author":1,"featured_media":0,"parent":0,"menu_order":0,"comment_status":"closed","ping_status":"closed","template":"","meta":{"footnotes":""},"class_list":["post-115489","page","type-page","status-publish","hentry"],"yoast_head":"<!-- This site is optimized with the Yoast SEO plugin v27.1.1 - https:\/\/yoast.com\/product\/yoast-seo-wordpress\/ -->\n<title>Testimonis de pacients intervinguts de columna | ICSEB<\/title>\n<meta name=\"description\" content=\"Testimonis de pacients intervinguts de columna vertebral a l\u2019ICSEB. Experi\u00e8ncies reals despr\u00e9s de cirurgia i valoraci\u00f3 del tractament rebut.\" \/>\n<meta name=\"robots\" content=\"index, follow, max-snippet:-1, max-image-preview:large, max-video-preview:-1\" \/>\n<link rel=\"canonical\" href=\"https:\/\/institutchiaribcn.com\/ca\/testimonis-intervinguts-de-columna-vertebral\/\" \/>\n<meta property=\"og:locale\" content=\"ca_ES\" \/>\n<meta property=\"og:type\" content=\"article\" \/>\n<meta property=\"og:title\" content=\"Testimonis de pacients intervinguts de columna | ICSEB\" \/>\n<meta property=\"og:description\" content=\"Testimonis de pacients intervinguts de columna vertebral a l\u2019ICSEB. Experi\u00e8ncies reals despr\u00e9s de cirurgia i valoraci\u00f3 del tractament rebut.\" \/>\n<meta property=\"og:url\" content=\"https:\/\/institutchiaribcn.com\/ca\/testimonis-intervinguts-de-columna-vertebral\/\" \/>\n<meta property=\"og:site_name\" content=\"Institut Chiari\" \/>\n<meta property=\"article:modified_time\" content=\"2026-03-17T10:05:16+00:00\" \/>\n<meta name=\"twitter:card\" content=\"summary_large_image\" \/>\n<meta name=\"twitter:label1\" content=\"Temps estimat de lectura\" \/>\n\t<meta name=\"twitter:data1\" content=\"1 minut\" \/>\n<script type=\"application\/ld+json\" class=\"yoast-schema-graph\">{\"@context\":\"https:\/\/schema.org\",\"@graph\":[{\"@type\":\"WebPage\",\"@id\":\"https:\/\/institutchiaribcn.com\/ca\/testimonis-intervinguts-de-columna-vertebral\/\",\"url\":\"https:\/\/institutchiaribcn.com\/ca\/testimonis-intervinguts-de-columna-vertebral\/\",\"name\":\"Testimonis de pacients intervinguts de columna | ICSEB\",\"isPartOf\":{\"@id\":\"https:\/\/institutchiaribcn.com\/ca\/#website\"},\"datePublished\":\"2025-10-10T19:37:01+00:00\",\"dateModified\":\"2026-03-17T10:05:16+00:00\",\"description\":\"Testimonis de pacients intervinguts de columna vertebral a l\u2019ICSEB. Experi\u00e8ncies reals despr\u00e9s de cirurgia i valoraci\u00f3 del tractament rebut.\",\"breadcrumb\":{\"@id\":\"https:\/\/institutchiaribcn.com\/ca\/testimonis-intervinguts-de-columna-vertebral\/#breadcrumb\"},\"inLanguage\":\"ca\",\"potentialAction\":[{\"@type\":\"ReadAction\",\"target\":[\"https:\/\/institutchiaribcn.com\/ca\/testimonis-intervinguts-de-columna-vertebral\/\"]}]},{\"@type\":\"BreadcrumbList\",\"@id\":\"https:\/\/institutchiaribcn.com\/ca\/testimonis-intervinguts-de-columna-vertebral\/#breadcrumb\",\"itemListElement\":[{\"@type\":\"ListItem\",\"position\":1,\"name\":\"Portada\",\"item\":\"https:\/\/institutchiaribcn.com\/ca\/\"},{\"@type\":\"ListItem\",\"position\":2,\"name\":\"Testimonis Intervinguts de Columna Vertebral\"}]},{\"@type\":\"WebSite\",\"@id\":\"https:\/\/institutchiaribcn.com\/ca\/#website\",\"url\":\"https:\/\/institutchiaribcn.com\/ca\/\",\"name\":\"Institut Chiari de Barcelona\",\"description\":\"\",\"publisher\":{\"@id\":\"https:\/\/institutchiaribcn.com\/ca\/#organization\"},\"potentialAction\":[{\"@type\":\"SearchAction\",\"target\":{\"@type\":\"EntryPoint\",\"urlTemplate\":\"https:\/\/institutchiaribcn.com\/ca\/?s={search_term_string}\"},\"query-input\":{\"@type\":\"PropertyValueSpecification\",\"valueRequired\":true,\"valueName\":\"search_term_string\"}}],\"inLanguage\":\"ca\"},{\"@type\":\"Organization\",\"@id\":\"https:\/\/institutchiaribcn.com\/ca\/#organization\",\"name\":\"Institut Chiari de Barcelona\",\"url\":\"https:\/\/institutchiaribcn.com\/ca\/\",\"logo\":{\"@type\":\"ImageObject\",\"inLanguage\":\"ca\",\"@id\":\"https:\/\/institutchiaribcn.com\/ca\/#\/schema\/logo\/image\/\",\"url\":\"https:\/\/institutchiaribcn.com\/wp-content\/uploads\/2025\/10\/cropped-cropped-icsebNavLogo-1.png\",\"contentUrl\":\"https:\/\/institutchiaribcn.com\/wp-content\/uploads\/2025\/10\/cropped-cropped-icsebNavLogo-1.png\",\"width\":245,\"height\":99,\"caption\":\"Institut Chiari de Barcelona\"},\"image\":{\"@id\":\"https:\/\/institutchiaribcn.com\/ca\/#\/schema\/logo\/image\/\"}}]}<\/script>\n<!-- \/ Yoast SEO plugin. -->","yoast_head_json":{"title":"Testimonis de pacients intervinguts de columna | ICSEB","description":"Testimonis de pacients intervinguts de columna vertebral a l\u2019ICSEB. Experi\u00e8ncies reals despr\u00e9s de cirurgia i valoraci\u00f3 del tractament rebut.","robots":{"index":"index","follow":"follow","max-snippet":"max-snippet:-1","max-image-preview":"max-image-preview:large","max-video-preview":"max-video-preview:-1"},"canonical":"https:\/\/institutchiaribcn.com\/ca\/testimonis-intervinguts-de-columna-vertebral\/","og_locale":"ca_ES","og_type":"article","og_title":"Testimonis de pacients intervinguts de columna | ICSEB","og_description":"Testimonis de pacients intervinguts de columna vertebral a l\u2019ICSEB. Experi\u00e8ncies reals despr\u00e9s de cirurgia i valoraci\u00f3 del tractament rebut.","og_url":"https:\/\/institutchiaribcn.com\/ca\/testimonis-intervinguts-de-columna-vertebral\/","og_site_name":"Institut Chiari","article_modified_time":"2026-03-17T10:05:16+00:00","twitter_card":"summary_large_image","twitter_misc":{"Temps estimat de lectura":"1 minut"},"schema":{"@context":"https:\/\/schema.org","@graph":[{"@type":"WebPage","@id":"https:\/\/institutchiaribcn.com\/ca\/testimonis-intervinguts-de-columna-vertebral\/","url":"https:\/\/institutchiaribcn.com\/ca\/testimonis-intervinguts-de-columna-vertebral\/","name":"Testimonis de pacients intervinguts de columna | ICSEB","isPartOf":{"@id":"https:\/\/institutchiaribcn.com\/ca\/#website"},"datePublished":"2025-10-10T19:37:01+00:00","dateModified":"2026-03-17T10:05:16+00:00","description":"Testimonis de pacients intervinguts de columna vertebral a l\u2019ICSEB. Experi\u00e8ncies reals despr\u00e9s de cirurgia i valoraci\u00f3 del tractament rebut.","breadcrumb":{"@id":"https:\/\/institutchiaribcn.com\/ca\/testimonis-intervinguts-de-columna-vertebral\/#breadcrumb"},"inLanguage":"ca","potentialAction":[{"@type":"ReadAction","target":["https:\/\/institutchiaribcn.com\/ca\/testimonis-intervinguts-de-columna-vertebral\/"]}]},{"@type":"BreadcrumbList","@id":"https:\/\/institutchiaribcn.com\/ca\/testimonis-intervinguts-de-columna-vertebral\/#breadcrumb","itemListElement":[{"@type":"ListItem","position":1,"name":"Portada","item":"https:\/\/institutchiaribcn.com\/ca\/"},{"@type":"ListItem","position":2,"name":"Testimonis Intervinguts de Columna Vertebral"}]},{"@type":"WebSite","@id":"https:\/\/institutchiaribcn.com\/ca\/#website","url":"https:\/\/institutchiaribcn.com\/ca\/","name":"Institut Chiari de Barcelona","description":"","publisher":{"@id":"https:\/\/institutchiaribcn.com\/ca\/#organization"},"potentialAction":[{"@type":"SearchAction","target":{"@type":"EntryPoint","urlTemplate":"https:\/\/institutchiaribcn.com\/ca\/?s={search_term_string}"},"query-input":{"@type":"PropertyValueSpecification","valueRequired":true,"valueName":"search_term_string"}}],"inLanguage":"ca"},{"@type":"Organization","@id":"https:\/\/institutchiaribcn.com\/ca\/#organization","name":"Institut Chiari de Barcelona","url":"https:\/\/institutchiaribcn.com\/ca\/","logo":{"@type":"ImageObject","inLanguage":"ca","@id":"https:\/\/institutchiaribcn.com\/ca\/#\/schema\/logo\/image\/","url":"https:\/\/institutchiaribcn.com\/wp-content\/uploads\/2025\/10\/cropped-cropped-icsebNavLogo-1.png","contentUrl":"https:\/\/institutchiaribcn.com\/wp-content\/uploads\/2025\/10\/cropped-cropped-icsebNavLogo-1.png","width":245,"height":99,"caption":"Institut Chiari de Barcelona"},"image":{"@id":"https:\/\/institutchiaribcn.com\/ca\/#\/schema\/logo\/image\/"}}]}},"_links":{"self":[{"href":"https:\/\/institutchiaribcn.com\/ca\/wp-json\/wp\/v2\/pages\/115489","targetHints":{"allow":["GET"]}}],"collection":[{"href":"https:\/\/institutchiaribcn.com\/ca\/wp-json\/wp\/v2\/pages"}],"about":[{"href":"https:\/\/institutchiaribcn.com\/ca\/wp-json\/wp\/v2\/types\/page"}],"author":[{"embeddable":true,"href":"https:\/\/institutchiaribcn.com\/ca\/wp-json\/wp\/v2\/users\/1"}],"replies":[{"embeddable":true,"href":"https:\/\/institutchiaribcn.com\/ca\/wp-json\/wp\/v2\/comments?post=115489"}],"version-history":[{"count":1,"href":"https:\/\/institutchiaribcn.com\/ca\/wp-json\/wp\/v2\/pages\/115489\/revisions"}],"predecessor-version":[{"id":145026,"href":"https:\/\/institutchiaribcn.com\/ca\/wp-json\/wp\/v2\/pages\/115489\/revisions\/145026"}],"wp:attachment":[{"href":"https:\/\/institutchiaribcn.com\/ca\/wp-json\/wp\/v2\/media?parent=115489"}],"curies":[{"name":"wp","href":"https:\/\/api.w.org\/{rel}","templated":true}]}}