{"id":115468,"date":"2025-10-10T21:25:24","date_gmt":"2025-10-10T19:25:24","guid":{"rendered":"https:\/\/dev.institutchiaribcn.com\/testimonios-siringomielia-idiopatica\/"},"modified":"2026-02-19T09:28:57","modified_gmt":"2026-02-19T08:28:57","slug":"testimonis-siringomelia-idiopatica","status":"publish","type":"page","link":"https:\/\/institutchiaribcn.com\/ca\/testimonis-siringomelia-idiopatica\/","title":{"rendered":"Testimonis Siringomelia Idiop\u00e0tica"},"content":{"rendered":"\t\t<div data-elementor-type=\"wp-page\" data-elementor-id=\"115468\" class=\"elementor elementor-115468 elementor-115400\" data-elementor-post-type=\"page\">\n\t\t\t\t<div class=\"elementor-element elementor-element-919043c e-flex e-con-boxed e-con e-parent\" data-id=\"919043c\" data-element_type=\"container\" data-e-type=\"container\" data-settings=\"{&quot;background_background&quot;:&quot;classic&quot;}\">\n\t\t\t\t\t<div class=\"e-con-inner\">\n\t\t<div class=\"elementor-element elementor-element-e472b57 e-con-full e-flex e-con e-child\" data-id=\"e472b57\" data-element_type=\"container\" data-e-type=\"container\">\n\t\t\t\t<div class=\"elementor-element elementor-element-4b561c7 elementor-widget elementor-widget-heading\" data-id=\"4b561c7\" data-element_type=\"widget\" data-e-type=\"widget\" data-widget_type=\"heading.default\">\n\t\t\t\t<div class=\"elementor-widget-container\">\n\t\t\t\t\t<h1 class=\"elementor-heading-title elementor-size-default\">Testimonis Siringomelia Idiop\u00e0tica<\/h1>\t\t\t\t<\/div>\n\t\t\t\t<\/div>\n\t\t\t\t<div class=\"elementor-element elementor-element-d4bdf6f elementor-widget elementor-widget-heading\" data-id=\"d4bdf6f\" data-element_type=\"widget\" data-e-type=\"widget\" data-widget_type=\"heading.default\">\n\t\t\t\t<div class=\"elementor-widget-container\">\n\t\t\t\t\t<h2 class=\"elementor-heading-title elementor-size-default\">Institut Chiari &amp; Siringomielia &amp; Escoliosis de Barcelona<\/h2>\t\t\t\t<\/div>\n\t\t\t\t<\/div>\n\t\t\t\t<\/div>\n\t\t\t\t\t<\/div>\n\t\t\t\t<\/div>\n\t\t<div class=\"elementor-element elementor-element-91c362f e-flex e-con-boxed e-con e-parent\" data-id=\"91c362f\" data-element_type=\"container\" data-e-type=\"container\">\n\t\t\t\t\t<div class=\"e-con-inner\">\n\t\t\t\t<div class=\"elementor-element elementor-element-de6266f elementor-widget elementor-widget-text-editor\" data-id=\"de6266f\" data-element_type=\"widget\" data-e-type=\"widget\" data-widget_type=\"text-editor.default\">\n\t\t\t\t<div class=\"elementor-widget-container\">\n\t\t\t\t\t\t\t\t\t<p>Des de l\u2019octubre del 1993 fins al juliol del 2017 s\u2019ha tractat i intervingut, segons els protocols del\u00a0<strong>FILUM-SYSTEM<sup>\u00ae<\/sup><\/strong>, a m\u00e9s de 1000 pacients afectats de la S\u00edndrome Neuro-Cranio-vertebral i\/o Malaltia del Filum amb Arnold Chiari I, Siringomi\u00e8lia i Escoliosi, en diferents combinacions diagn\u00f2stiques entre elles. En la majoria dels casos, s\u2019han obtingut evolucions favorables amb un elevat \u00edndex de satisfacci\u00f3 dels pacients.<\/p><p>Des de fa ja uns anys que es convida als pacients, en fase de seguiment post-operat\u00f2ria, a escriure un testimoni sobre la seva hist\u00f2ria cl\u00ednica per a la nostra web. Els agra\u00efm molt la seva honesta i desinteressada implicaci\u00f3 per expressar les seves opinions respecte als nostres tractaments exclusius.<\/p><p>\u00a0<\/p><p><strong>NOTA:\u00a0<\/strong><i>Les opinions expressades en els testimonis aqu\u00ed publicats s\u00f3n de responsabilitat exclusiva dels autors i no reflecteixen, necess\u00e0riament, els punts de vista de l\u2019Institut Chiari &amp; Siringomielia &amp; Escoliosis de Barcelona (ICSEB).<\/i><\/p>\t\t\t\t\t\t\t\t<\/div>\n\t\t\t\t<\/div>\n\t\t\t\t\t<\/div>\n\t\t\t\t<\/div>\n\t\t\t\t<\/div>\n\t\t","protected":false},"excerpt":{"rendered":"<p>Testimonis Siringomelia Idiop\u00e0tica Institut Chiari &amp; Siringomielia &amp; Escoliosis de Barcelona Des de l\u2019octubre del 1993 fins al juliol del 2017 s\u2019ha tractat i intervingut, segons els protocols del\u00a0FILUM-SYSTEM\u00ae, a m\u00e9s de 1000 pacients afectats de la S\u00edndrome Neuro-Cranio-vertebral i\/o Malaltia del Filum amb Arnold Chiari I, Siringomi\u00e8lia i Escoliosi, en diferents combinacions diagn\u00f2stiques entre [&hellip;]<\/p>\n","protected":false},"author":1,"featured_media":0,"parent":0,"menu_order":0,"comment_status":"closed","ping_status":"closed","template":"","meta":{"footnotes":""},"class_list":["post-115468","page","type-page","status-publish","hentry"],"yoast_head":"<!-- This site is optimized with the Yoast SEO plugin v26.9 - https:\/\/yoast.com\/product\/yoast-seo-wordpress\/ -->\n<title>Testimonis de siringomi\u00e8lia idiop\u00e0tica | ICSEB<\/title>\n<meta name=\"description\" content=\"Testimonis de pacients amb siringomi\u00e8lia idiop\u00e0tica sobre diagn\u00f2stic, tractament i evoluci\u00f3 despr\u00e9s de l\u2019atenci\u00f3 especialitzada a l\u2019ICSEB.\" \/>\n<meta name=\"robots\" content=\"index, follow, max-snippet:-1, max-image-preview:large, max-video-preview:-1\" \/>\n<link rel=\"canonical\" href=\"https:\/\/institutchiaribcn.com\/ca\/testimonis-siringomelia-idiopatica\/\" \/>\n<meta property=\"og:locale\" content=\"ca_ES\" \/>\n<meta property=\"og:type\" content=\"article\" \/>\n<meta property=\"og:title\" content=\"Testimonis de siringomi\u00e8lia idiop\u00e0tica | ICSEB\" \/>\n<meta property=\"og:description\" content=\"Testimonis de pacients amb siringomi\u00e8lia idiop\u00e0tica sobre diagn\u00f2stic, tractament i evoluci\u00f3 despr\u00e9s de l\u2019atenci\u00f3 especialitzada a l\u2019ICSEB.\" \/>\n<meta property=\"og:url\" content=\"https:\/\/institutchiaribcn.com\/ca\/testimonis-siringomelia-idiopatica\/\" \/>\n<meta property=\"og:site_name\" content=\"institutchiaribcn\" \/>\n<meta property=\"article:modified_time\" content=\"2026-02-19T08:28:57+00:00\" \/>\n<meta name=\"twitter:card\" content=\"summary_large_image\" \/>\n<meta name=\"twitter:label1\" content=\"Temps estimat de lectura\" \/>\n\t<meta name=\"twitter:data1\" content=\"1 minut\" \/>\n<script type=\"application\/ld+json\" class=\"yoast-schema-graph\">{\"@context\":\"https:\/\/schema.org\",\"@graph\":[{\"@type\":\"WebPage\",\"@id\":\"https:\/\/institutchiaribcn.com\/ca\/testimonis-siringomelia-idiopatica\/\",\"url\":\"https:\/\/institutchiaribcn.com\/ca\/testimonis-siringomelia-idiopatica\/\",\"name\":\"Testimonis de siringomi\u00e8lia idiop\u00e0tica | ICSEB\",\"isPartOf\":{\"@id\":\"https:\/\/institutchiaribcn.com\/ca\/#website\"},\"datePublished\":\"2025-10-10T19:25:24+00:00\",\"dateModified\":\"2026-02-19T08:28:57+00:00\",\"description\":\"Testimonis de pacients amb siringomi\u00e8lia idiop\u00e0tica sobre diagn\u00f2stic, tractament i evoluci\u00f3 despr\u00e9s de l\u2019atenci\u00f3 especialitzada a l\u2019ICSEB.\",\"breadcrumb\":{\"@id\":\"https:\/\/institutchiaribcn.com\/ca\/testimonis-siringomelia-idiopatica\/#breadcrumb\"},\"inLanguage\":\"ca\",\"potentialAction\":[{\"@type\":\"ReadAction\",\"target\":[\"https:\/\/institutchiaribcn.com\/ca\/testimonis-siringomelia-idiopatica\/\"]}]},{\"@type\":\"BreadcrumbList\",\"@id\":\"https:\/\/institutchiaribcn.com\/ca\/testimonis-siringomelia-idiopatica\/#breadcrumb\",\"itemListElement\":[{\"@type\":\"ListItem\",\"position\":1,\"name\":\"Portada\",\"item\":\"https:\/\/institutchiaribcn.com\/ca\/\"},{\"@type\":\"ListItem\",\"position\":2,\"name\":\"Testimonis Siringomelia Idiop\u00e0tica\"}]},{\"@type\":\"WebSite\",\"@id\":\"https:\/\/institutchiaribcn.com\/ca\/#website\",\"url\":\"https:\/\/institutchiaribcn.com\/ca\/\",\"name\":\"Institut Chiari de Barcelona\",\"description\":\"\",\"publisher\":{\"@id\":\"https:\/\/institutchiaribcn.com\/ca\/#organization\"},\"potentialAction\":[{\"@type\":\"SearchAction\",\"target\":{\"@type\":\"EntryPoint\",\"urlTemplate\":\"https:\/\/institutchiaribcn.com\/ca\/?s={search_term_string}\"},\"query-input\":{\"@type\":\"PropertyValueSpecification\",\"valueRequired\":true,\"valueName\":\"search_term_string\"}}],\"inLanguage\":\"ca\"},{\"@type\":\"Organization\",\"@id\":\"https:\/\/institutchiaribcn.com\/ca\/#organization\",\"name\":\"Institut Chiari de Barcelona\",\"url\":\"https:\/\/institutchiaribcn.com\/ca\/\",\"logo\":{\"@type\":\"ImageObject\",\"inLanguage\":\"ca\",\"@id\":\"https:\/\/institutchiaribcn.com\/ca\/#\/schema\/logo\/image\/\",\"url\":\"https:\/\/institutchiaribcn.com\/wp-content\/uploads\/2025\/10\/cropped-cropped-icsebNavLogo-1.png\",\"contentUrl\":\"https:\/\/institutchiaribcn.com\/wp-content\/uploads\/2025\/10\/cropped-cropped-icsebNavLogo-1.png\",\"width\":245,\"height\":99,\"caption\":\"Institut Chiari de Barcelona\"},\"image\":{\"@id\":\"https:\/\/institutchiaribcn.com\/ca\/#\/schema\/logo\/image\/\"}}]}<\/script>\n<!-- \/ Yoast SEO plugin. -->","yoast_head_json":{"title":"Testimonis de siringomi\u00e8lia idiop\u00e0tica | ICSEB","description":"Testimonis de pacients amb siringomi\u00e8lia idiop\u00e0tica sobre diagn\u00f2stic, tractament i evoluci\u00f3 despr\u00e9s de l\u2019atenci\u00f3 especialitzada a l\u2019ICSEB.","robots":{"index":"index","follow":"follow","max-snippet":"max-snippet:-1","max-image-preview":"max-image-preview:large","max-video-preview":"max-video-preview:-1"},"canonical":"https:\/\/institutchiaribcn.com\/ca\/testimonis-siringomelia-idiopatica\/","og_locale":"ca_ES","og_type":"article","og_title":"Testimonis de siringomi\u00e8lia idiop\u00e0tica | ICSEB","og_description":"Testimonis de pacients amb siringomi\u00e8lia idiop\u00e0tica sobre diagn\u00f2stic, tractament i evoluci\u00f3 despr\u00e9s de l\u2019atenci\u00f3 especialitzada a l\u2019ICSEB.","og_url":"https:\/\/institutchiaribcn.com\/ca\/testimonis-siringomelia-idiopatica\/","og_site_name":"institutchiaribcn","article_modified_time":"2026-02-19T08:28:57+00:00","twitter_card":"summary_large_image","twitter_misc":{"Temps estimat de lectura":"1 minut"},"schema":{"@context":"https:\/\/schema.org","@graph":[{"@type":"WebPage","@id":"https:\/\/institutchiaribcn.com\/ca\/testimonis-siringomelia-idiopatica\/","url":"https:\/\/institutchiaribcn.com\/ca\/testimonis-siringomelia-idiopatica\/","name":"Testimonis de siringomi\u00e8lia idiop\u00e0tica | ICSEB","isPartOf":{"@id":"https:\/\/institutchiaribcn.com\/ca\/#website"},"datePublished":"2025-10-10T19:25:24+00:00","dateModified":"2026-02-19T08:28:57+00:00","description":"Testimonis de pacients amb siringomi\u00e8lia idiop\u00e0tica sobre diagn\u00f2stic, tractament i evoluci\u00f3 despr\u00e9s de l\u2019atenci\u00f3 especialitzada a l\u2019ICSEB.","breadcrumb":{"@id":"https:\/\/institutchiaribcn.com\/ca\/testimonis-siringomelia-idiopatica\/#breadcrumb"},"inLanguage":"ca","potentialAction":[{"@type":"ReadAction","target":["https:\/\/institutchiaribcn.com\/ca\/testimonis-siringomelia-idiopatica\/"]}]},{"@type":"BreadcrumbList","@id":"https:\/\/institutchiaribcn.com\/ca\/testimonis-siringomelia-idiopatica\/#breadcrumb","itemListElement":[{"@type":"ListItem","position":1,"name":"Portada","item":"https:\/\/institutchiaribcn.com\/ca\/"},{"@type":"ListItem","position":2,"name":"Testimonis Siringomelia Idiop\u00e0tica"}]},{"@type":"WebSite","@id":"https:\/\/institutchiaribcn.com\/ca\/#website","url":"https:\/\/institutchiaribcn.com\/ca\/","name":"Institut Chiari de Barcelona","description":"","publisher":{"@id":"https:\/\/institutchiaribcn.com\/ca\/#organization"},"potentialAction":[{"@type":"SearchAction","target":{"@type":"EntryPoint","urlTemplate":"https:\/\/institutchiaribcn.com\/ca\/?s={search_term_string}"},"query-input":{"@type":"PropertyValueSpecification","valueRequired":true,"valueName":"search_term_string"}}],"inLanguage":"ca"},{"@type":"Organization","@id":"https:\/\/institutchiaribcn.com\/ca\/#organization","name":"Institut Chiari de Barcelona","url":"https:\/\/institutchiaribcn.com\/ca\/","logo":{"@type":"ImageObject","inLanguage":"ca","@id":"https:\/\/institutchiaribcn.com\/ca\/#\/schema\/logo\/image\/","url":"https:\/\/institutchiaribcn.com\/wp-content\/uploads\/2025\/10\/cropped-cropped-icsebNavLogo-1.png","contentUrl":"https:\/\/institutchiaribcn.com\/wp-content\/uploads\/2025\/10\/cropped-cropped-icsebNavLogo-1.png","width":245,"height":99,"caption":"Institut Chiari de Barcelona"},"image":{"@id":"https:\/\/institutchiaribcn.com\/ca\/#\/schema\/logo\/image\/"}}]}},"_links":{"self":[{"href":"https:\/\/institutchiaribcn.com\/ca\/wp-json\/wp\/v2\/pages\/115468","targetHints":{"allow":["GET"]}}],"collection":[{"href":"https:\/\/institutchiaribcn.com\/ca\/wp-json\/wp\/v2\/pages"}],"about":[{"href":"https:\/\/institutchiaribcn.com\/ca\/wp-json\/wp\/v2\/types\/page"}],"author":[{"embeddable":true,"href":"https:\/\/institutchiaribcn.com\/ca\/wp-json\/wp\/v2\/users\/1"}],"replies":[{"embeddable":true,"href":"https:\/\/institutchiaribcn.com\/ca\/wp-json\/wp\/v2\/comments?post=115468"}],"version-history":[{"count":1,"href":"https:\/\/institutchiaribcn.com\/ca\/wp-json\/wp\/v2\/pages\/115468\/revisions"}],"predecessor-version":[{"id":145138,"href":"https:\/\/institutchiaribcn.com\/ca\/wp-json\/wp\/v2\/pages\/115468\/revisions\/145138"}],"wp:attachment":[{"href":"https:\/\/institutchiaribcn.com\/ca\/wp-json\/wp\/v2\/media?parent=115468"}],"curies":[{"name":"wp","href":"https:\/\/api.w.org\/{rel}","templated":true}]}}