{"id":115453,"date":"2025-10-10T21:20:08","date_gmt":"2025-10-10T19:20:08","guid":{"rendered":"https:\/\/dev.institutchiaribcn.com\/testimonios-arnold-chiari\/"},"modified":"2026-02-03T11:12:53","modified_gmt":"2026-02-03T10:12:53","slug":"testimonis-arnold-chiari","status":"publish","type":"page","link":"https:\/\/institutchiaribcn.com\/ca\/testimonis-arnold-chiari\/","title":{"rendered":"Testimonis S\u00edndrome d\u2019Arnold Chiair I"},"content":{"rendered":"\t\t<div data-elementor-type=\"wp-page\" data-elementor-id=\"115453\" class=\"elementor elementor-115453 elementor-115384\" data-elementor-post-type=\"page\">\n\t\t\t\t<div class=\"elementor-element elementor-element-0b1385e e-flex e-con-boxed e-con e-parent\" data-id=\"0b1385e\" data-element_type=\"container\" data-e-type=\"container\" data-settings=\"{&quot;background_background&quot;:&quot;classic&quot;}\">\n\t\t\t\t\t<div class=\"e-con-inner\">\n\t\t<div class=\"elementor-element elementor-element-335a24d e-con-full e-flex e-con e-child\" data-id=\"335a24d\" data-element_type=\"container\" data-e-type=\"container\">\n\t\t\t\t<div class=\"elementor-element elementor-element-d5e6f5d elementor-widget elementor-widget-heading\" data-id=\"d5e6f5d\" data-element_type=\"widget\" data-e-type=\"widget\" data-widget_type=\"heading.default\">\n\t\t\t\t<div class=\"elementor-widget-container\">\n\t\t\t\t\t<h1 class=\"elementor-heading-title elementor-size-default\">Testimonis S\u00edndrome d\u2019Arnold Chiair I\n\n<\/h1>\t\t\t\t<\/div>\n\t\t\t\t<\/div>\n\t\t\t\t<div class=\"elementor-element elementor-element-548de36 elementor-widget elementor-widget-heading\" data-id=\"548de36\" data-element_type=\"widget\" data-e-type=\"widget\" data-widget_type=\"heading.default\">\n\t\t\t\t<div class=\"elementor-widget-container\">\n\t\t\t\t\t<h2 class=\"elementor-heading-title elementor-size-default\">Institut Chiari &amp; Siringomielia &amp; Escoliosis de Barcelona<\/h2>\t\t\t\t<\/div>\n\t\t\t\t<\/div>\n\t\t\t\t<\/div>\n\t\t\t\t\t<\/div>\n\t\t\t\t<\/div>\n\t\t<div class=\"elementor-element elementor-element-ba9db48 e-flex e-con-boxed e-con e-parent\" data-id=\"ba9db48\" data-element_type=\"container\" data-e-type=\"container\">\n\t\t\t\t\t<div class=\"e-con-inner\">\n\t\t\t\t<div class=\"elementor-element elementor-element-fdbed99 elementor-widget elementor-widget-text-editor\" data-id=\"fdbed99\" data-element_type=\"widget\" data-e-type=\"widget\" data-widget_type=\"text-editor.default\">\n\t\t\t\t<div class=\"elementor-widget-container\">\n\t\t\t\t\t\t\t\t\t<p>Des de l\u2019octubre del 1993 fins al juliol del 2017 s\u2019ha tractat i intervingut, segons els protocols del\u00a0<strong>FILUM-SYSTEM<sup>\u00ae<\/sup><\/strong>, a m\u00e9s de 1000 pacients afectats de la S\u00edndrome Neuro-Cranio-vertebral i\/o Malaltia del Filum amb Arnold Chiari I, Siringomi\u00e8lia i Escoliosi, en diferents combinacions diagn\u00f2stiques entre elles. En la majoria dels casos, s\u2019han obtingut evolucions favorables amb un elevat \u00edndex de satisfacci\u00f3 dels pacients.<\/p><p>Des de fa ja uns anys que es convida als pacients, en fase de seguiment post-operat\u00f2ria, a escriure un testimoni sobre la seva hist\u00f2ria cl\u00ednica per a la nostra web. Els agra\u00efm molt la seva honesta i desinteressada implicaci\u00f3 per expressar les seves opinions respecte als nostres tractaments exclusius.<\/p><p>\u00a0<\/p><p><strong>NOTA:\u00a0<\/strong><i>Les opinions expressades en els testimonis aqu\u00ed publicats s\u00f3n de responsabilitat exclusiva dels autors i no reflecteixen, necess\u00e0riament, els punts de vista de l\u2019Institut Chiari &amp; Siringomielia &amp; Escoliosis de Barcelona (ICSEB).<\/i><\/p>\t\t\t\t\t\t\t\t<\/div>\n\t\t\t\t<\/div>\n\t\t\t\t\t<\/div>\n\t\t\t\t<\/div>\n\t\t\t\t<\/div>\n\t\t","protected":false},"excerpt":{"rendered":"<p>Testimonis S\u00edndrome d\u2019Arnold Chiair I Institut Chiari &amp; Siringomielia &amp; Escoliosis de Barcelona Des de l\u2019octubre del 1993 fins al juliol del 2017 s\u2019ha tractat i intervingut, segons els protocols del\u00a0FILUM-SYSTEM\u00ae, a m\u00e9s de 1000 pacients afectats de la S\u00edndrome Neuro-Cranio-vertebral i\/o Malaltia del Filum amb Arnold Chiari I, Siringomi\u00e8lia i Escoliosi, en diferents combinacions [&hellip;]<\/p>\n","protected":false},"author":1,"featured_media":0,"parent":0,"menu_order":0,"comment_status":"closed","ping_status":"closed","template":"","meta":{"footnotes":""},"class_list":["post-115453","page","type-page","status-publish","hentry"],"yoast_head":"<!-- This site is optimized with the Yoast SEO plugin v27.1.1 - https:\/\/yoast.com\/product\/yoast-seo-wordpress\/ -->\n<title>Testimonis S\u00edndrome d&#039;Arnold Chiair I | ICSEB<\/title>\n<meta name=\"description\" content=\"P\u00e0gina dels testimonis de pacients amb s\u00edndrome d\u2019Arnold Chiari I tractats a l\u2019Institut Chiari &amp; Siringomielia &amp; Escoliosis de Barcelona.\" \/>\n<meta name=\"robots\" content=\"index, follow, max-snippet:-1, max-image-preview:large, max-video-preview:-1\" \/>\n<link rel=\"canonical\" href=\"https:\/\/institutchiaribcn.com\/ca\/testimonis-arnold-chiari\/\" \/>\n<meta property=\"og:locale\" content=\"ca_ES\" \/>\n<meta property=\"og:type\" content=\"article\" \/>\n<meta property=\"og:title\" content=\"Testimonis S\u00edndrome d&#039;Arnold Chiair I | ICSEB\" \/>\n<meta property=\"og:description\" content=\"P\u00e0gina dels testimonis de pacients amb s\u00edndrome d\u2019Arnold Chiari I tractats a l\u2019Institut Chiari &amp; Siringomielia &amp; Escoliosis de Barcelona.\" \/>\n<meta property=\"og:url\" content=\"https:\/\/institutchiaribcn.com\/ca\/testimonis-arnold-chiari\/\" \/>\n<meta property=\"og:site_name\" content=\"Institut Chiari\" \/>\n<meta property=\"article:modified_time\" content=\"2026-02-03T10:12:53+00:00\" \/>\n<meta name=\"twitter:card\" content=\"summary_large_image\" \/>\n<meta name=\"twitter:label1\" content=\"Temps estimat de lectura\" \/>\n\t<meta name=\"twitter:data1\" content=\"1 minut\" \/>\n<script type=\"application\/ld+json\" class=\"yoast-schema-graph\">{\"@context\":\"https:\/\/schema.org\",\"@graph\":[{\"@type\":\"WebPage\",\"@id\":\"https:\/\/institutchiaribcn.com\/ca\/testimonis-arnold-chiari\/\",\"url\":\"https:\/\/institutchiaribcn.com\/ca\/testimonis-arnold-chiari\/\",\"name\":\"Testimonis S\u00edndrome d'Arnold Chiair I | ICSEB\",\"isPartOf\":{\"@id\":\"https:\/\/institutchiaribcn.com\/ca\/#website\"},\"datePublished\":\"2025-10-10T19:20:08+00:00\",\"dateModified\":\"2026-02-03T10:12:53+00:00\",\"description\":\"P\u00e0gina dels testimonis de pacients amb s\u00edndrome d\u2019Arnold Chiari I tractats a l\u2019Institut Chiari & Siringomielia & Escoliosis de Barcelona.\",\"breadcrumb\":{\"@id\":\"https:\/\/institutchiaribcn.com\/ca\/testimonis-arnold-chiari\/#breadcrumb\"},\"inLanguage\":\"ca\",\"potentialAction\":[{\"@type\":\"ReadAction\",\"target\":[\"https:\/\/institutchiaribcn.com\/ca\/testimonis-arnold-chiari\/\"]}]},{\"@type\":\"BreadcrumbList\",\"@id\":\"https:\/\/institutchiaribcn.com\/ca\/testimonis-arnold-chiari\/#breadcrumb\",\"itemListElement\":[{\"@type\":\"ListItem\",\"position\":1,\"name\":\"Portada\",\"item\":\"https:\/\/institutchiaribcn.com\/ca\/\"},{\"@type\":\"ListItem\",\"position\":2,\"name\":\"Testimonis S\u00edndrome d\u2019Arnold Chiair I\"}]},{\"@type\":\"WebSite\",\"@id\":\"https:\/\/institutchiaribcn.com\/ca\/#website\",\"url\":\"https:\/\/institutchiaribcn.com\/ca\/\",\"name\":\"Institut Chiari de Barcelona\",\"description\":\"\",\"publisher\":{\"@id\":\"https:\/\/institutchiaribcn.com\/ca\/#organization\"},\"potentialAction\":[{\"@type\":\"SearchAction\",\"target\":{\"@type\":\"EntryPoint\",\"urlTemplate\":\"https:\/\/institutchiaribcn.com\/ca\/?s={search_term_string}\"},\"query-input\":{\"@type\":\"PropertyValueSpecification\",\"valueRequired\":true,\"valueName\":\"search_term_string\"}}],\"inLanguage\":\"ca\"},{\"@type\":\"Organization\",\"@id\":\"https:\/\/institutchiaribcn.com\/ca\/#organization\",\"name\":\"Institut Chiari de Barcelona\",\"url\":\"https:\/\/institutchiaribcn.com\/ca\/\",\"logo\":{\"@type\":\"ImageObject\",\"inLanguage\":\"ca\",\"@id\":\"https:\/\/institutchiaribcn.com\/ca\/#\/schema\/logo\/image\/\",\"url\":\"https:\/\/institutchiaribcn.com\/wp-content\/uploads\/2025\/10\/cropped-cropped-icsebNavLogo-1.png\",\"contentUrl\":\"https:\/\/institutchiaribcn.com\/wp-content\/uploads\/2025\/10\/cropped-cropped-icsebNavLogo-1.png\",\"width\":245,\"height\":99,\"caption\":\"Institut Chiari de Barcelona\"},\"image\":{\"@id\":\"https:\/\/institutchiaribcn.com\/ca\/#\/schema\/logo\/image\/\"}}]}<\/script>\n<!-- \/ Yoast SEO plugin. -->","yoast_head_json":{"title":"Testimonis S\u00edndrome d'Arnold Chiair I | ICSEB","description":"P\u00e0gina dels testimonis de pacients amb s\u00edndrome d\u2019Arnold Chiari I tractats a l\u2019Institut Chiari & Siringomielia & Escoliosis de Barcelona.","robots":{"index":"index","follow":"follow","max-snippet":"max-snippet:-1","max-image-preview":"max-image-preview:large","max-video-preview":"max-video-preview:-1"},"canonical":"https:\/\/institutchiaribcn.com\/ca\/testimonis-arnold-chiari\/","og_locale":"ca_ES","og_type":"article","og_title":"Testimonis S\u00edndrome d'Arnold Chiair I | ICSEB","og_description":"P\u00e0gina dels testimonis de pacients amb s\u00edndrome d\u2019Arnold Chiari I tractats a l\u2019Institut Chiari & Siringomielia & Escoliosis de Barcelona.","og_url":"https:\/\/institutchiaribcn.com\/ca\/testimonis-arnold-chiari\/","og_site_name":"Institut Chiari","article_modified_time":"2026-02-03T10:12:53+00:00","twitter_card":"summary_large_image","twitter_misc":{"Temps estimat de lectura":"1 minut"},"schema":{"@context":"https:\/\/schema.org","@graph":[{"@type":"WebPage","@id":"https:\/\/institutchiaribcn.com\/ca\/testimonis-arnold-chiari\/","url":"https:\/\/institutchiaribcn.com\/ca\/testimonis-arnold-chiari\/","name":"Testimonis S\u00edndrome d'Arnold Chiair I | ICSEB","isPartOf":{"@id":"https:\/\/institutchiaribcn.com\/ca\/#website"},"datePublished":"2025-10-10T19:20:08+00:00","dateModified":"2026-02-03T10:12:53+00:00","description":"P\u00e0gina dels testimonis de pacients amb s\u00edndrome d\u2019Arnold Chiari I tractats a l\u2019Institut Chiari & Siringomielia & Escoliosis de Barcelona.","breadcrumb":{"@id":"https:\/\/institutchiaribcn.com\/ca\/testimonis-arnold-chiari\/#breadcrumb"},"inLanguage":"ca","potentialAction":[{"@type":"ReadAction","target":["https:\/\/institutchiaribcn.com\/ca\/testimonis-arnold-chiari\/"]}]},{"@type":"BreadcrumbList","@id":"https:\/\/institutchiaribcn.com\/ca\/testimonis-arnold-chiari\/#breadcrumb","itemListElement":[{"@type":"ListItem","position":1,"name":"Portada","item":"https:\/\/institutchiaribcn.com\/ca\/"},{"@type":"ListItem","position":2,"name":"Testimonis S\u00edndrome d\u2019Arnold Chiair I"}]},{"@type":"WebSite","@id":"https:\/\/institutchiaribcn.com\/ca\/#website","url":"https:\/\/institutchiaribcn.com\/ca\/","name":"Institut Chiari de Barcelona","description":"","publisher":{"@id":"https:\/\/institutchiaribcn.com\/ca\/#organization"},"potentialAction":[{"@type":"SearchAction","target":{"@type":"EntryPoint","urlTemplate":"https:\/\/institutchiaribcn.com\/ca\/?s={search_term_string}"},"query-input":{"@type":"PropertyValueSpecification","valueRequired":true,"valueName":"search_term_string"}}],"inLanguage":"ca"},{"@type":"Organization","@id":"https:\/\/institutchiaribcn.com\/ca\/#organization","name":"Institut Chiari de Barcelona","url":"https:\/\/institutchiaribcn.com\/ca\/","logo":{"@type":"ImageObject","inLanguage":"ca","@id":"https:\/\/institutchiaribcn.com\/ca\/#\/schema\/logo\/image\/","url":"https:\/\/institutchiaribcn.com\/wp-content\/uploads\/2025\/10\/cropped-cropped-icsebNavLogo-1.png","contentUrl":"https:\/\/institutchiaribcn.com\/wp-content\/uploads\/2025\/10\/cropped-cropped-icsebNavLogo-1.png","width":245,"height":99,"caption":"Institut Chiari de Barcelona"},"image":{"@id":"https:\/\/institutchiaribcn.com\/ca\/#\/schema\/logo\/image\/"}}]}},"_links":{"self":[{"href":"https:\/\/institutchiaribcn.com\/ca\/wp-json\/wp\/v2\/pages\/115453","targetHints":{"allow":["GET"]}}],"collection":[{"href":"https:\/\/institutchiaribcn.com\/ca\/wp-json\/wp\/v2\/pages"}],"about":[{"href":"https:\/\/institutchiaribcn.com\/ca\/wp-json\/wp\/v2\/types\/page"}],"author":[{"embeddable":true,"href":"https:\/\/institutchiaribcn.com\/ca\/wp-json\/wp\/v2\/users\/1"}],"replies":[{"embeddable":true,"href":"https:\/\/institutchiaribcn.com\/ca\/wp-json\/wp\/v2\/comments?post=115453"}],"version-history":[{"count":1,"href":"https:\/\/institutchiaribcn.com\/ca\/wp-json\/wp\/v2\/pages\/115453\/revisions"}],"predecessor-version":[{"id":144377,"href":"https:\/\/institutchiaribcn.com\/ca\/wp-json\/wp\/v2\/pages\/115453\/revisions\/144377"}],"wp:attachment":[{"href":"https:\/\/institutchiaribcn.com\/ca\/wp-json\/wp\/v2\/media?parent=115453"}],"curies":[{"name":"wp","href":"https:\/\/api.w.org\/{rel}","templated":true}]}}